{"id":11983,"date":"2023-03-09T02:31:10","date_gmt":"2023-03-09T01:31:10","guid":{"rendered":"https:\/\/www.upm.es\/recursosidi\/offers-resources\/sin%20categor\u00eda\/dispositivo-de-monitorizacion-de-la-respiracion\/"},"modified":"2023-09-09T02:58:28","modified_gmt":"2023-09-09T00:58:28","slug":"dispositivo-de-monitorizacion-de-la-respiracion","status":"publish","type":"product","link":"https:\/\/www.upm.es\/recursosidi\/offers-resources\/patentes\/dispositivo-de-monitorizacion-de-la-respiracion\/","title":{"rendered":"Dispositivo de monitorizaci\u00f3n de la respiraci\u00f3n"},"content":{"rendered":"<h5>Descripci\u00f3n de la patente <\/h5>\n<p>Resumen:<br \/>Dispositivo de monitorizaci&oacute;n de la respiraci&oacute;n para<br \/>monitorizar la respiraci&oacute;n de un usuario, que<br \/>comprende un elemento sensor de deformaci&oacute;n<br \/>configurado para producir una se&ntilde;al el&eacute;ctrica ante las<br \/>deformaciones producidas en el tejido (o material<br \/>textil) de una mascarilla por la respiraci&oacute;n del usuario.<br \/>El dispositivo de monitorizaci&oacute;n est&aacute; configurado para<br \/>transmitir dicha se&ntilde;al el&eacute;ctrica a un centro de<br \/>monitorizaci&oacute;n remoto.<\/p>\n<h5>Situaci\u00f3n <\/h5>\n<p>Concedida<\/p>\n<h5>N\u00famero de solicitud<\/h5>\n<p>P202230830<\/p>\n<h5>N\u00famero de publicaci\u00f3n<\/h5>\n<p>ES2935558<\/p>\n<h5>Fecha de presentaci\u00f3n <\/h5>\n<p>27\/09\/2022<\/p>\n<h5>Fecha de publicaci\u00f3n <\/h5>\n<p>07\/03\/2023<\/p>\n<h5>Fecha de concesi\u00f3n <\/h5>\n<p>01\/09\/2023<\/p>\n<div class=\"pdfprnt-buttons pdfprnt-buttons-product pdfprnt-bottom-left\"><a href=\"https:\/\/www.upm.es\/recursosidi\/wp-json\/wp\/v2\/product\/11983?print=pdf\" class=\"pdfprnt-button pdfprnt-button-pdf\" target=\"_blank\"><span class=\"pdfprnt-button-title pdfprnt-button-pdf-title\">Descargar ficha<\/span><\/a><\/div>","protected":false},"excerpt":{"rendered":"<p>Descripci\u00f3n de la patente Resumen:Dispositivo de monitorizaci&oacute;n de la respiraci&oacute;n paramonitorizar la respiraci&oacute;n de un usuario, quecomprende un elemento sensor de deformaci&oacute;nconfigurado para producir una&hellip;<\/p>\n","protected":false},"featured_media":0,"template":"","meta":{"_acf_changed":false},"product_cat":[3946],"product_tag":[4332],"comunidades-upm":[],"quien":[],"mapa":[{"term_id":122,"name":"Salud y bienestar","slug":"salud-y-bienestar","term_group":0,"term_taxonomy_id":122,"taxonomy":"mapa","description":"","parent":0,"count":105,"filter":"raw","term_order":"17"}],"disponibilidad":[],"donde":[{"term_id":342,"name":"Materiales Estructurales Avanzados y Nanomateriales","slug":"materiales-estructurales-avanzados-y-nanomateriales","term_group":0,"term_taxonomy_id":342,"taxonomy":"donde","description":"Llevamos m&aacute;s de 20 a&ntilde;os desarrollando numerosas t&eacute;cnicas experimentales con las que podemos estudiar y caracterizar casi cualquier tipo de material y geometr&iacute;a en una variedad muy amplia de condiciones de servicio.\n&nbsp;\nNuestras l&iacute;neas de investigaci&oacute;n se pueden resumir en:\n&nbsp;\n\nMateriales compuestos\nMateriales para la seguridad\nBiomateriales estructurales\nIntegridad y seguridad estructural\nMateriales para la construcci&oacute;n\nNanomateriales\n","parent":0,"count":32,"filter":"raw","term_order":"0"}],"infraestructura":[],"ods":[],"origen":[{"term_id":180,"name":"Patente","slug":"patente","term_group":0,"term_taxonomy_id":180,"taxonomy":"origen","description":"","parent":0,"count":614,"filter":"raw","term_order":"0"}],"familia_tax":false,"quien_tax":false,"donde_tax":false,"year":"","contacto":"<strong>Principales: <\/strong><ul><li>JOSE SANCHEZ DEL RIO SAEZ <blockquote><strong>jose.sanchezdelrio@upm.es<\/strong><\/blockquote><\/li><\/ul><strong>Otros investigadores UPM: <\/strong><ul><li>David Patrizi E.T.S. de Ingenier\u00eda y Dise\u00f1o Industrial<\/li><\/ul><strong>Otros inventores: <\/strong><ul><li>De-Yi Wang FUNDACION IMDEA MATERIALES<\/li> <li>Alejandro Ure\u00f1a Fern\u00e1ndez Universidad Rey Juan Carlos (URJC)<\/li> <li>Antonio Del Bosque Garc\u00eda Universidad Rey Juan Carlos (URJC)<\/li> <li>Xiang-Ao FUNDACION IMDEA MATERIALES<\/li> <li>Mar\u00eda S\u00e1nchez Mart\u00ednez Universidad Rey Juan Carlos (URJC)<\/li> <li>Xoan Xos\u00e9 Fern\u00e1ndez S\u00e1nchez-Romate Universidad Rey Juan Carlos (URJC)<\/li> <\/ul>","telefono":"","pagina_web":"","email":"","id_ficha_portal":"1849","video":"","adjuntos":false,"adjuntos_portal":"https:\/\/www.upm.es\/S2i\/Acuse\/recuperarArchivo.jsp?id=1849&id_archivo=13876&tipo=patente&extension=fichero","inf":false,"departamento":"","acf":[],"lang":"es","translation":{"es":11983},"_links":{"self":[{"href":"https:\/\/www.upm.es\/recursosidi\/wp-json\/wp\/v2\/product\/11983"}],"collection":[{"href":"https:\/\/www.upm.es\/recursosidi\/wp-json\/wp\/v2\/product"}],"about":[{"href":"https:\/\/www.upm.es\/recursosidi\/wp-json\/wp\/v2\/types\/product"}],"wp:attachment":[{"href":"https:\/\/www.upm.es\/recursosidi\/wp-json\/wp\/v2\/media?parent=11983"}],"wp:term":[{"taxonomy":"product_cat","embeddable":true,"href":"https:\/\/www.upm.es\/recursosidi\/wp-json\/wp\/v2\/product_cat?post=11983"},{"taxonomy":"product_tag","embeddable":true,"href":"https:\/\/www.upm.es\/recursosidi\/wp-json\/wp\/v2\/product_tag?post=11983"},{"taxonomy":"comunidad_upm","embeddable":true,"href":"https:\/\/www.upm.es\/recursosidi\/wp-json\/wp\/v2\/comunidades-upm?post=11983"},{"taxonomy":"quien","embeddable":true,"href":"https:\/\/www.upm.es\/recursosidi\/wp-json\/wp\/v2\/quien?post=11983"},{"taxonomy":"mapa","embeddable":true,"href":"https:\/\/www.upm.es\/recursosidi\/wp-json\/wp\/v2\/mapa?post=11983"},{"taxonomy":"disponibilidad","embeddable":true,"href":"https:\/\/www.upm.es\/recursosidi\/wp-json\/wp\/v2\/disponibilidad?post=11983"},{"taxonomy":"donde","embeddable":true,"href":"https:\/\/www.upm.es\/recursosidi\/wp-json\/wp\/v2\/donde?post=11983"},{"taxonomy":"infraestructura","embeddable":true,"href":"https:\/\/www.upm.es\/recursosidi\/wp-json\/wp\/v2\/infraestructura?post=11983"},{"taxonomy":"ods","embeddable":true,"href":"https:\/\/www.upm.es\/recursosidi\/wp-json\/wp\/v2\/ods?post=11983"},{"taxonomy":"origen","embeddable":true,"href":"https:\/\/www.upm.es\/recursosidi\/wp-json\/wp\/v2\/origen?post=11983"}],"curies":[{"name":"wp","href":"https:\/\/api.w.org\/{rel}","templated":true}]}}