{"id":11999,"date":"2023-03-18T02:32:23","date_gmt":"2023-03-18T01:32:23","guid":{"rendered":"https:\/\/www.upm.es\/recursosidi\/offers-resources\/sin%20categor\u00eda\/dispositivo-de-ciclo-termo-mecanico-de-conversion-de-flujos-de-calor-enenergia-cinetica-de-rotacion\/"},"modified":"2023-05-20T02:58:03","modified_gmt":"2023-05-20T00:58:03","slug":"dispositivo-de-ciclo-termo-mecanico-de-conversion-de-flujos-de-calor-enenergia-cinetica-de-rotacion","status":"publish","type":"product","link":"https:\/\/www.upm.es\/recursosidi\/offers-resources\/patentes\/dispositivo-de-ciclo-termo-mecanico-de-conversion-de-flujos-de-calor-enenergia-cinetica-de-rotacion\/","title":{"rendered":"Dispositivo de ciclo termo-mec\u00e1nico de conversi\u00f3n de flujos de calor en\r\nenerg\u00eda cin\u00e9tica de rotaci\u00f3n"},"content":{"rendered":"<h5>Descripci\u00f3n de la patente <\/h5>\n<p>Resumen:<br \/>Dispositivo de ciclo termo-mec&aacute;nico de conversi&oacute;n de<br \/>flujos de calor en energ&iacute;a cin&eacute;tica de rotaci&oacute;n, que<br \/>funciona con un gas no condensable como fluido de<br \/>trabajo, y consiste en una m&aacute;quina impulsora, que<br \/>proporciona toda la altura manom&eacute;trica que requiere<br \/>el circuito para el gasto m&aacute;sico de dicho fluido con el<br \/>que se desea trabajar, seguida de un conducto de<br \/>calentamiento y aceleraci&oacute;n del fluido de trabajo, de<br \/>secci&oacute;n recta de paso decreciente, estando dicho<br \/>conducto calentado por una fuente externa de calor,<br \/>llegando dicho conducto a la corona de &aacute;labes de la<br \/>turbina sin necesidad de toberas, cediendo el fluido<br \/>parte de su energ&iacute;a cin&eacute;tica a la rotaci&oacute;n de los<br \/>&aacute;labes, desde cuya salida entra en un conducto de<br \/>enfriamiento y deceleraci&oacute;n, que lo conduce a la<br \/>aspiraci&oacute;n de la m&aacute;quina impulsora.<\/p>\n<h5>Situaci\u00f3n <\/h5>\n<p>Concedida<\/p>\n<h5>N\u00famero de solicitud<\/h5>\n<p>P202230945<\/p>\n<h5>N\u00famero de publicaci\u00f3n<\/h5>\n<p>ES2936298<\/p>\n<h5>Fecha de presentaci\u00f3n <\/h5>\n<p>31\/10\/2022<\/p>\n<h5>Fecha de publicaci\u00f3n <\/h5>\n<p>15\/03\/2023<\/p>\n<h5>Fecha de concesi\u00f3n <\/h5>\n<p>08\/05\/2023<\/p>\n<div class=\"pdfprnt-buttons pdfprnt-buttons-product pdfprnt-bottom-left\"><a href=\"https:\/\/www.upm.es\/recursosidi\/wp-json\/wp\/v2\/product\/11999?print=pdf\" class=\"pdfprnt-button pdfprnt-button-pdf\" target=\"_blank\"><span class=\"pdfprnt-button-title pdfprnt-button-pdf-title\">Descargar ficha<\/span><\/a><\/div>","protected":false},"excerpt":{"rendered":"<p>Descripci\u00f3n de la patente Resumen:Dispositivo de ciclo termo-mec&aacute;nico de conversi&oacute;n deflujos de calor en energ&iacute;a cin&eacute;tica de rotaci&oacute;n, quefunciona con un gas no condensable como&hellip;<\/p>\n","protected":false},"featured_media":0,"template":"","meta":{"_acf_changed":false},"product_cat":[3946],"product_tag":[4192],"comunidades-upm":[],"quien":[],"mapa":[{"term_id":2405,"name":"Ciencia para la ingenier\u00eda y la arquitectura","slug":"ciencia-para-ingenieria-y-arquitectura","term_group":0,"term_taxonomy_id":2405,"taxonomy":"mapa","description":"","parent":0,"count":127,"filter":"raw","term_order":"7"},{"term_id":133,"name":"Clima, Energ\u00eda y Movilidad","slug":"clima-energia-movilidad","term_group":0,"term_taxonomy_id":133,"taxonomy":"mapa","description":"","parent":0,"count":129,"filter":"raw","term_order":"9"},{"term_id":135,"name":"Industria, materiales y econom\u00eda circular","slug":"industria-materiales-economia_circular","term_group":0,"term_taxonomy_id":135,"taxonomy":"mapa","description":"","parent":0,"count":165,"filter":"raw","term_order":"13"}],"disponibilidad":[],"donde":[{"term_id":238,"name":"Instituto de Fusi\u00f3n Nuclear \"Guillermo Velarde\" (IFN-GV)","slug":"instituto-de-fusion-nuclear-guillermo-velarde-ifn-gv","term_group":0,"term_taxonomy_id":238,"taxonomy":"donde","description":"","parent":0,"count":57,"filter":"raw","term_order":"0"},{"term_id":3813,"name":"Termodin\u00e1mica de la Sostenibilidad","slug":"termodinamica-de-la-sostenibilidad","term_group":0,"term_taxonomy_id":3813,"taxonomy":"donde","description":"","parent":0,"count":4,"filter":"raw","term_order":"0"},{"term_id":390,"name":"Thermal Energy for Sustainability","slug":"thermal-energy-for-sustainability","term_group":0,"term_taxonomy_id":390,"taxonomy":"donde","description":"","parent":0,"count":57,"filter":"raw","term_order":"0"}],"infraestructura":[],"ods":[],"origen":[{"term_id":180,"name":"Patente","slug":"patente","term_group":0,"term_taxonomy_id":180,"taxonomy":"origen","description":"","parent":0,"count":614,"filter":"raw","term_order":"0"}],"familia_tax":false,"quien_tax":false,"donde_tax":false,"year":"","contacto":"<strong>Principales: <\/strong><ul><li>JOSE MARIA MARTINEZ-VAL PE\u00d1ALOSA <blockquote><strong>josemaria.martinezval@upm.es<\/strong><\/blockquote><\/li><li>JAVIER MU\u00d1OZ ANTON <blockquote><strong>javier.munoz.anton@upm.es<\/strong><\/blockquote><\/li><li>IGNACIO LOPEZ PANIAGUA <blockquote><strong>ignacio.lopez@upm.es<\/strong><\/blockquote><\/li><\/ul>","telefono":"","pagina_web":"","email":"","id_ficha_portal":"1863","video":"","adjuntos":false,"adjuntos_portal":"https:\/\/www.upm.es\/S2i\/Acuse\/recuperarArchivo.jsp?id=1863&id_archivo=13715&tipo=patente&extension=fichero","inf":false,"departamento":"","acf":[],"lang":"es","translation":{"es":11999},"_links":{"self":[{"href":"https:\/\/www.upm.es\/recursosidi\/wp-json\/wp\/v2\/product\/11999"}],"collection":[{"href":"https:\/\/www.upm.es\/recursosidi\/wp-json\/wp\/v2\/product"}],"about":[{"href":"https:\/\/www.upm.es\/recursosidi\/wp-json\/wp\/v2\/types\/product"}],"wp:attachment":[{"href":"https:\/\/www.upm.es\/recursosidi\/wp-json\/wp\/v2\/media?parent=11999"}],"wp:term":[{"taxonomy":"product_cat","embeddable":true,"href":"https:\/\/www.upm.es\/recursosidi\/wp-json\/wp\/v2\/product_cat?post=11999"},{"taxonomy":"product_tag","embeddable":true,"href":"https:\/\/www.upm.es\/recursosidi\/wp-json\/wp\/v2\/product_tag?post=11999"},{"taxonomy":"comunidad_upm","embeddable":true,"href":"https:\/\/www.upm.es\/recursosidi\/wp-json\/wp\/v2\/comunidades-upm?post=11999"},{"taxonomy":"quien","embeddable":true,"href":"https:\/\/www.upm.es\/recursosidi\/wp-json\/wp\/v2\/quien?post=11999"},{"taxonomy":"mapa","embeddable":true,"href":"https:\/\/www.upm.es\/recursosidi\/wp-json\/wp\/v2\/mapa?post=11999"},{"taxonomy":"disponibilidad","embeddable":true,"href":"https:\/\/www.upm.es\/recursosidi\/wp-json\/wp\/v2\/disponibilidad?post=11999"},{"taxonomy":"donde","embeddable":true,"href":"https:\/\/www.upm.es\/recursosidi\/wp-json\/wp\/v2\/donde?post=11999"},{"taxonomy":"infraestructura","embeddable":true,"href":"https:\/\/www.upm.es\/recursosidi\/wp-json\/wp\/v2\/infraestructura?post=11999"},{"taxonomy":"ods","embeddable":true,"href":"https:\/\/www.upm.es\/recursosidi\/wp-json\/wp\/v2\/ods?post=11999"},{"taxonomy":"origen","embeddable":true,"href":"https:\/\/www.upm.es\/recursosidi\/wp-json\/wp\/v2\/origen?post=11999"}],"curies":[{"name":"wp","href":"https:\/\/api.w.org\/{rel}","templated":true}]}}