{"id":12003,"date":"2023-03-22T10:54:34","date_gmt":"2023-03-22T09:54:34","guid":{"rendered":"https:\/\/www.upm.es\/recursosidi\/offers-resources\/sin categor\u00eda\/smart-cards\/"},"modified":"2023-03-22T10:54:40","modified_gmt":"2023-03-22T09:54:40","slug":"smart-cards","status":"publish","type":"product","link":"https:\/\/www.upm.es\/recursosidi\/offers-resources\/soluciones-tecnologicas\/smart-cards\/","title":{"rendered":"SMART CARDS"},"content":{"rendered":"<h4 style=\"text-align: left\"><strong>Descripci&oacute;n breve conjunta de la soluci&oacute;n y valor a&ntilde;adido que aporta <\/strong><\/h4>\n<p style=\"text-align: justify\">El grupo <a title=\"LST\" href=\"http:\/\/www.lst.tfo.upm.es\">Life Supporting Technologies<\/a> de la <a title=\"UPM\" href=\"\/institucional\">UPM<\/a> ha desarrollado una soluci&oacute;n basada en la tecnolog&iacute;a NFC orientada a usuarios con diferentes discapacidades (autismo, par&aacute;lisis cerebral, etc.),&nbsp; con dificultades en la lectoescritura y personas mayores o en general perfiles sin habilidades t&eacute;cnicas. El objetivo de esta soluci&oacute;n es la de proporcionar un producto de apoyo para ofrecer una forma efectiva de comunicarse adaptada a las necesidades de cada usuario. La soluci&oacute;n utiliza la tecnolog&iacute;a NFC unida a las tarjetas pictogr&aacute;ficas Smart Cards, las cuales contienen un mensaje o funcionalidad predefinidas. El usuario tan s&oacute;lo tiene que aproximar su terminal m&oacute;vil a la Smart Card para que &eacute;ste int&eacute;rprete un mensaje que ser&aacute; reproducido mediante s&iacute;ntesis de voz, o realice una funci&oacute;n determinada. Las principales ventajas de Smart Cards son su gran versatilidad, sencillez y amplias posibilidades de personalizaci&oacute;n para cubrir las diferentes necesidades de los usuarios. Todo ello alcanzado mediante una soluci&oacute;n de bajo coste.&nbsp;<\/p>\n<h4 style=\"text-align: left\"><strong>Descripci&oacute;n de la base tecnol&oacute;gica<\/strong><\/h4>\n<p style=\"text-align: justify\">La soluci&oacute;n Smart Cards y su app para smartphones, abre un nuevo paradigma en la utilizaci&oacute;n de la tecnolog&iacute;a NFC en el importante campo de la comunicaci&oacute;n aumentativa y alternativa, uno de los pilares de los productos de apoyo. Esta soluci&oacute;n ofrece a los usuarios un nuevo interfaz que revoluciona la forma de interactuar con las personas. El producto es natural, sencillo y seguro;&nbsp; no requiere de aprendizaje y por ello es apto para personas mayores o con discapacidad intelectual o cognitiva entre otras. La tecnolog&iacute;a NFC permite automatizar diferentes funciones en el terminal m&oacute;vil de manera transparente y fiable para el usuario. Actualmente no existen otros sistemas que hayan aplicado esta tecnolog&iacute;a al campo de la comunicaci&oacute;n aumentativa y alternativa. Adem&aacute;s, Smart Cards permite gestionar la dom&oacute;tica del hogar de una manera sencilla e intuitiva.<\/p>\n<p style=\"text-align: center\"><em>&ldquo;Smart Cards aplica de forma novedosa y &uacute;til la tecnolog&iacute;a NFC al mercado de los productos de apoyo y principalmente al de la comunicaci&oacute;n aumentativa y alternativa mediante un producto universal de bajo coste, que supone un ahorro de m&aacute;s de un 70% sobre las soluciones dedicadas existentes.&rdquo;&nbsp;<\/em><\/p>\n<p style=\"text-align: center\">&nbsp;<\/p>\n<h4 style=\"text-align: left\"><strong>Necesidades de negocio \/ aplicaci&oacute;n<\/strong><\/h4>\n<ul>\n<li>\n<p style=\"text-align: justify\">Existen personas con discapacidad cognitiva y limitaci&oacute;n en la lectoescritura y del habla que limitan su competencia personal y profesional.<\/p>\n<\/li>\n<li style=\"text-align: justify\">\n<p>En muchos casos, las personas con discapacidad cognitiva tienen dificultad en el aprendizaje. Los juegos did&aacute;cticos suponen una importante ayuda debido a su potencial terap&eacute;utico.<\/p>\n<\/li>\n<li style=\"text-align: justify\">\n<p>Las soluciones existentes actualmente sobre comunicaci&oacute;n aumentativa y alternativa son soluciones dedicadas con un alto precio (por ejemplo, TOBI C15 alrededor de 7.000 &euro;). Para que el precio no suponga una barrera, es necesario proporcionar soluciones de bajo coste.<\/p>\n<\/li>\n<li style=\"text-align: justify\">\n<p>Actualmente los smartphones y tablets son dispositivos&nbsp; complejos para la poblaci&oacute;n de mayor edad u otras personas sin experiencia tecnol&oacute;gica.<\/p>\n<\/li>\n<li style=\"text-align: justify\">\n<p>Las personas con discapacidades severas y profundas pueden ser especialmente vulnerables a la separaci&oacute;n de la sociedad. Las tecnolog&iacute;as pueden ayudar a minimizar esta brecha social.<\/p>\n<\/li>\n<\/ul>\n<p style=\"text-align: center\"><em>&ldquo;Las personas con discapacidad cognitiva a veces encuentran dificultades en el aprendizaje. Gracias a sus diferentes aplicaciones como juegos did&aacute;cticos, Smart Cards permite su uso educativo para favorecer el &ldquo;aprender jugando&rdquo;<\/em><\/p>\n<p style=\"text-align: center\">&nbsp;<\/p>\n<h4 style=\"text-align: left\"><strong>Ventajas competitivas<\/strong><\/h4>\n<ul>\n<li>\n<p style=\"text-align: justify\">Ofrece un interfaz intuitivo y natural que acerca&nbsp; la tecnolog&iacute;a a las personas mayores o sin experiencia tecnol&oacute;gica, simplificando las interacciones.<\/p>\n<\/li>\n<li style=\"text-align: justify\">\n<p>Es personalizable seg&uacute;n necesidades de cada usuario.<\/p>\n<\/li>\n<li style=\"text-align: justify\">\n<p>Permite su uso educativo como juego did&aacute;ctico terap&eacute;utico, mediante diferentes aplicaciones para ayudar al aprendizaje orientadas a usuarios con retraso en el mismo&nbsp; (ej. S&iacute;ndrome de Down) o d&eacute;ficit de atenci&oacute;n con hiperactividad (TDAH), y, por otro lado, aplicaciones para fomentar la comunicaci&oacute;n y autorregulaci&oacute;n de&nbsp; usuarios con autismo.<\/p>\n<\/li>\n<li style=\"text-align: justify\">\n<p>Reduce los costes. Por ejemplo, Smart Cards supone un ahorro aproximado de m&aacute;s del 70% con respecto a una soluci&oacute;n dedicada.<\/p>\n<\/li>\n<li>\n<p style=\"text-align: justify\">Utiliza una tecnolog&iacute;a madura, comparado con algunas soluciones existentes que est&aacute;n basadas en tecnolog&iacute;as no maduras, obsoletas o insuficientes a nivel asistivo (como los c&oacute;digos QR).<\/p>\n<\/li>\n<\/ul>\n<h4 style=\"text-align: left\"><strong>Referencias<\/strong><\/h4>\n<ul>\n<li>\n<p style=\"text-align: justify\">M&aacute;s de 15 a&ntilde;os de experiencia en el campo de la accesibilidad; y 12 a&ntilde;os de experiencia en I+D de este tipo de soluciones.<\/p>\n<\/li>\n<li style=\"text-align: justify\">\n<p>Dominio de tecnolog&iacute;as punteras que actualmente no se emplean en el sector de accesibilidad siendo pioneros en este campo.<\/p>\n<\/li>\n<li>\n<p style=\"text-align: justify\">Finalista en la categor&iacute;a de Independent Living de la 1&ordf; edici&oacute;n de los Smart Accessibility Awards de la Fundaci&oacute;n Vodafone, con un prototipo de la soluci&oacute;n, BOARD, validado tecnol&oacute;gicamente y probado por 3 perfiles de usuarios diferentes (personas con par&aacute;lisis cerebral, parkinson y s&iacute;ndrome de down).<\/p>\n<\/li>\n<\/ul>\n<p><!--EndFragment--><\/p>\n<h4 style=\"text-align: left\"><strong>Grado de desarrollo<\/strong><\/h4>\n<ul>\n<li><span style=\"font-size: small\">Concepto<\/span><\/li>\n<li><span style=\"font-size: small\">Investigaci&oacute;n<\/span><\/li>\n<li><span style=\"font-size: small\">Prototipo-Lab<\/span><\/li>\n<li><strong><span style=\"text-decoration: underline\"><span style=\"font-size: small\">Prototipo Industrial<\/span><\/span><\/strong><\/li>\n<li><span style=\"font-size: small\">Producci&oacute;n<\/span><\/li>\n<\/ul>\n<h4><strong>Contacto<\/strong><\/h4>\n<p><strong>Contacto&nbsp; Smart Cards<\/strong><\/p>\n<p style=\"text-align: justify\">Mar&iacute;a Fernanda Cabrera<\/p>\n<p style=\"text-align: justify\">e: <span rel=\"66312230983126319d313631ae3132317b313531b731353184313831a13127317f313331bc31303162310e31b431\" class=\"cryptex \" style=\"\"><span class=\"CryptexImg ctxFp3pBMDMWHyrXlCo4vu0xxAF9pu7-kta3CdZYnviNQE\"><\/span><\/span><\/p>\n<p style=\"text-align: justify\"><strong>Contacto UPM<\/strong><\/p>\n<p style=\"text-align: justify\">Programas de Innovaci&oacute;n y Emprendimiento<\/p>\n<p style=\"text-align: justify\">Centro de Apoyo a la Innovaci&oacute;n Tecnol&oacute;gica &#8211; UPM<\/p>\n<p style=\"text-align: justify\">e: <span rel=\"663122309e312c31a2313431af312a319e313231b3312f3184313831a0311b31bf312d31b83132319b311231a431203182312b31ad3131315e312e31bd31\" class=\"cryptex \" style=\"\"><span class=\"CryptexImg ctxR7neImVV1tJoTSyttUGBAuiESKXKLLyzTwJSN1lk9Z0\"><\/span><\/span><\/p>\n<p><!--EndFragment--><\/p>\n<div class=\"pdfprnt-buttons pdfprnt-buttons-product pdfprnt-bottom-left\"><a href=\"https:\/\/www.upm.es\/recursosidi\/wp-json\/wp\/v2\/product\/12003?print=pdf\" class=\"pdfprnt-button pdfprnt-button-pdf\" target=\"_blank\"><span class=\"pdfprnt-button-title pdfprnt-button-pdf-title\">Descargar ficha<\/span><\/a><\/div>","protected":false},"excerpt":{"rendered":"<p>Comunicaci\u00f3n m\u00f3vil sin barreras.<\/p>\n<p>Soluci\u00f3n de comunicaci\u00f3n aumentativa y alternativa para personas con discapacidad cognitiva y\/o personas mayores basada en el uso de la tecnolog\u00eda m\u00f3vil y tarjetas pictogr\u00e1ficas NFC.<\/p>\n","protected":false},"featured_media":12002,"template":"","meta":{"_acf_changed":false},"product_cat":[2384],"product_tag":[2558,2568,2559],"comunidades-upm":[],"quien":[],"mapa":[{"term_id":122,"name":"Salud y bienestar","slug":"salud-y-bienestar","term_group":0,"term_taxonomy_id":122,"taxonomy":"mapa","description":"","parent":0,"count":105,"filter":"raw","term_order":"17"},{"term_id":126,"name":"Tecnolog\u00edas digitales, Inteligencia Artificial, ciberseguridad, 5G, rob\u00f3tica","slug":"tecnologias_digitales-ai-ciberseguridad-5g-robotica","term_group":0,"term_taxonomy_id":126,"taxonomy":"mapa","description":"","parent":0,"count":194,"filter":"raw","term_order":"23"}],"disponibilidad":[{"term_id":205,"name":"Consultar disponibilidad","slug":"consultar","term_group":0,"term_taxonomy_id":205,"taxonomy":"disponibilidad","description":"","parent":0,"count":290,"filter":"raw","term_order":"0"}],"donde":[{"term_id":1700,"name":"Life Support Technologies","slug":"en_life-support-technologies","term_group":0,"term_taxonomy_id":1700,"taxonomy":"donde","description":"Somos uno de los principales grupos europeos de investigaci\u00f3n e innovaci\u00f3n en el sector de la eSalud y la eInclusion social y mantenemos colaboraciones estables con el sector privado y p\u00fablico en diversas \u00e1reas de I+D+i.\r\nTenemos una larga trayectoria en el dise\u00f1o, desarrollo y evaluaci\u00f3n de servicios y aplicaciones basados en las Tecnolog\u00edas de la Informaci\u00f3n y la Comunicaci\u00f3n para la creaci\u00f3n y promoci\u00f3n de nuevas ideas, m\u00e9todos y soluciones tecnol\u00f3gicas en todos los aspectos de la cadena de valor de las organizaciones.\r\n\r\nNuestros principales ejes de investigaci\u00f3n son:\r\n\r\nTIC en sanidad y servicios sociales (e-salud y e-inclusi\u00f3n)\r\nNeurofot\u00f3nica\r\nRedes y Sensores Fot\u00f3nicos","parent":0,"count":16,"filter":"raw","term_order":"0"},{"term_id":476,"name":"Tecnolog\u00edas de Apoyo a la Vida","slug":"tecnologias-de-apoyo-a-la-vida","term_group":0,"term_taxonomy_id":476,"taxonomy":"donde","description":"Somos uno de los principales grupos europeos de investigaci\u00f3n e innovaci\u00f3n en el sector de la eSalud y la eInclusion social y mantenemos colaboraciones estables con el sector privado y p\u00fablico en diversas \u00e1reas de I+D+i.\r\nTenemos una larga trayectoria en el dise\u00f1o, desarrollo y evaluaci\u00f3n de servicios y aplicaciones basados en las Tecnolog\u00edas de la Informaci\u00f3n y la Comunicaci\u00f3n para la creaci\u00f3n y promoci\u00f3n de nuevas ideas, m\u00e9todos y soluciones tecnol\u00f3gicas en todos los aspectos de la cadena de valor de las organizaciones.\r\n\r\nNuestros principales ejes de investigaci\u00f3n son:\r\n\r\nTIC en sanidad y servicios sociales (e-salud y e-inclusi\u00f3n)\r\nNeurofot\u00f3nica\r\nRedes y Sensores Fot\u00f3nicos","parent":0,"count":23,"filter":"raw","term_order":"0"}],"infraestructura":[],"ods":[{"term_id":2243,"name":"Reducci\u00f3n de las Desigualdades","slug":"reduccion-de-las-desigualdades","term_group":0,"term_taxonomy_id":2243,"taxonomy":"ods","description":"","parent":0,"count":17,"filter":"raw","term_order":"0"},{"term_id":2271,"name":"Salud y Bienestar","slug":"salud-y-bienestar","term_group":0,"term_taxonomy_id":2271,"taxonomy":"ods","description":"","parent":0,"count":59,"filter":"raw","term_order":"0"}],"origen":[{"term_id":192,"name":"Soluciones tecnol\u00f3gicas","slug":"soluciones-tecnologicas","term_group":0,"term_taxonomy_id":192,"taxonomy":"origen","description":"","parent":0,"count":278,"filter":"raw","term_order":"0"}],"familia_tax":false,"quien_tax":false,"donde_tax":false,"year":"2020-01-01","contacto":"ETSI de Telecomunicaci\u00f3n - UPM, Avenida  Complutense, 30, Ciudad Universitaria, 28040, Madrid","telefono":"910671900","pagina_web":"https:\/\/www.etsit.upm.es\/","email":"mf.cabrera@upm.es","id_ficha_portal":"123","video":"","adjuntos":false,"adjuntos_portal":"","inf":false,"departamento":"","acf":[],"lang":"es","translation":{"es":12003,"en":12005},"_links":{"self":[{"href":"https:\/\/www.upm.es\/recursosidi\/wp-json\/wp\/v2\/product\/12003"}],"collection":[{"href":"https:\/\/www.upm.es\/recursosidi\/wp-json\/wp\/v2\/product"}],"about":[{"href":"https:\/\/www.upm.es\/recursosidi\/wp-json\/wp\/v2\/types\/product"}],"wp:featuredmedia":[{"embeddable":true,"href":"https:\/\/www.upm.es\/recursosidi\/wp-json\/wp\/v2\/media\/12002"}],"wp:attachment":[{"href":"https:\/\/www.upm.es\/recursosidi\/wp-json\/wp\/v2\/media?parent=12003"}],"wp:term":[{"taxonomy":"product_cat","embeddable":true,"href":"https:\/\/www.upm.es\/recursosidi\/wp-json\/wp\/v2\/product_cat?post=12003"},{"taxonomy":"product_tag","embeddable":true,"href":"https:\/\/www.upm.es\/recursosidi\/wp-json\/wp\/v2\/product_tag?post=12003"},{"taxonomy":"comunidad_upm","embeddable":true,"href":"https:\/\/www.upm.es\/recursosidi\/wp-json\/wp\/v2\/comunidades-upm?post=12003"},{"taxonomy":"quien","embeddable":true,"href":"https:\/\/www.upm.es\/recursosidi\/wp-json\/wp\/v2\/quien?post=12003"},{"taxonomy":"mapa","embeddable":true,"href":"https:\/\/www.upm.es\/recursosidi\/wp-json\/wp\/v2\/mapa?post=12003"},{"taxonomy":"disponibilidad","embeddable":true,"href":"https:\/\/www.upm.es\/recursosidi\/wp-json\/wp\/v2\/disponibilidad?post=12003"},{"taxonomy":"donde","embeddable":true,"href":"https:\/\/www.upm.es\/recursosidi\/wp-json\/wp\/v2\/donde?post=12003"},{"taxonomy":"infraestructura","embeddable":true,"href":"https:\/\/www.upm.es\/recursosidi\/wp-json\/wp\/v2\/infraestructura?post=12003"},{"taxonomy":"ods","embeddable":true,"href":"https:\/\/www.upm.es\/recursosidi\/wp-json\/wp\/v2\/ods?post=12003"},{"taxonomy":"origen","embeddable":true,"href":"https:\/\/www.upm.es\/recursosidi\/wp-json\/wp\/v2\/origen?post=12003"}],"curies":[{"name":"wp","href":"https:\/\/api.w.org\/{rel}","templated":true}]}}