{"id":12005,"date":"2023-03-22T10:54:37","date_gmt":"2023-03-22T09:54:37","guid":{"rendered":"https:\/\/www.upm.es\/recursosidi\/offers-resources\/sin categor\u00eda\/smart-cards-barrier-free-mobile-communication\/"},"modified":"2023-03-22T10:54:39","modified_gmt":"2023-03-22T09:54:39","slug":"smart-cards-barrier-free-mobile-communication","status":"publish","type":"product","link":"https:\/\/www.upm.es\/recursosidi\/en\/offers-resources\/technological-solutions\/smart-cards-barrier-free-mobile-communication\/","title":{"rendered":"Smart Cards: barrier-free mobile communication"},"content":{"rendered":"<h4><strong>Brief description of the technology solution and the added value it provides <\/strong><\/h4>\n<p class=\"MsoNormal\"><span style=\"font-size: small\">Life Supporting Technologies Group at UPM has developed a solution based on NFC technology aimed at users with different disabilities (autism, cerebral palsy, etc..), &nbsp;literacy difficulties, older people in general or no technical skills profiles. The aim of this solution is to provide an assistive product that facilitates an effective form of communication adapted to the needs of each user. The solution uses NFC technology on the pictographic cards Smart Cards, which contain a message or predefined functionality. The user only has to bring its mobile terminal close to the Smart Card so that the device interprets a message that will be played by text-to-speech synthesizer, or perform a specific function. The main advantages of Smart Cards are its versatility, simplicity and customization options to meet the different needs of users with a low-cost solution.<\/span><\/p>\n<h4><strong>Description of the technological base<\/strong><\/h4>\n<p style=\"text-align: justify\"><span style=\"font-size: small\">Smart Cards solution and its smartphone app open a new paradigm in the use of NFC technology in the important field of augmentative and alternative communication. This solution provides users with a new interface that revolutionizes the way they interact with people. The product is natural, safe and easy. It does not require learning and therefore is suitable for elderly, and users with intellectual or cognitive disabilities among others. NFC technology allows to perform automatically different functions of the mobile terminal in a transparent and reliable way for the user. Currently, there are no other technological frameworks that have applied this technology to the field of augmentative and alternative communication. In addition, Smart Cards can manage home automation in a simple and intuitive fashion.<\/span><\/p>\n<p style=\"text-align: center\"><strong><em><span style=\"font-size: small\">&#8220;Smart Cards applies NFC technology to assistive products market in a new and useful way, and&nbsp; mainly to augmentative and alternative communication sector. Smart Cards uses&nbsp; a low cost universal product that saves more than 70% over existing solutions&#8221;<\/span><\/em><\/strong><\/p>\n<p><span style=\"font-size: small\"><img fetchpriority=\"high\" decoding=\"async\" style=\"margin-left: auto;margin-right: auto\" src=\"http:\/\/www.upm.es\/observatorio\/vi\/gestor_general\/recuperar_archivo.jsp?id=1157\" alt=\"\" width=\"300\" height=\"220\" \/><\/span><\/p>\n<h4><strong>Market demands<\/strong><\/h4>\n<ul>\n<li>There are people with cognitive disabilities, limited literacy and speech skills that limit their personal and professional competence.<\/li>\n<li>In many cases, people with cognitive disabilities have learning problems. The educational games are a major helpful tool due to their therapeutic potential.<\/li>\n<li>Currently existing solutions on augmentative and alternative communication are dedicated solutions with a high price (e.g. TOBI C15 price around 7,000 &euro;). It would be desirable that the price of these solutions was not a barrier, and therefore it is necessary to provide low cost solutions.<\/li>\n<li>Currently, smartphones and tablets are complex devices for older people or others without technological expertise.<br \/>People with severe and profound disabilities may be particularly vulnerable to social exclusion. Technologies can help to minimize this social gap.<\/li>\n<\/ul>\n<h4><strong>Competitive advantages<\/strong><\/h4>\n<ul>\n<li>To offer an intuitive and natural interface that brings technology closer to the elderly or technology inexperienced people.<\/li>\n<li>To be customizable according to user needs.<\/li>\n<li>To allow educational use as therapeutic educational game, using different learning applications to help users with learning difficulties (e.g., Down syndrome) or attention deficit hyperactivity disorder (ADHD); and secondly, applications to encourage communication and user self-regulation with autism.<\/li>\n<li>To reduce costs. For example, Smart Cards saves approximately over 70% compared to a dedicated solution.<\/li>\n<li>To use a mature technology compared to some existing solutions which are based on immature technologies, obsolete or insufficient to assistive level (such as QR codes).<\/li>\n<\/ul>\n<h4><strong>Previous references<\/strong><\/h4>\n<ul>\n<li>Over 15 years of experience in the field of accessibility, and 12 years experience in R &amp; D of these solutions.<\/li>\n<li>Mastery of advanced technologies that are not currently used in the field of accessibility.<\/li>\n<li>Finalist in the category of Independent Living of the 1st edition of the Smart Accessibility Awards Vodafone Foundation (http:\/\/developer.vodafone.com\/smartaccess2012\/2011winners\/), with a prototype of the solution, BOARD, validated technologically and tested for 3 profiles different users (people with cerebral palsy, Parkinson&#8217;s disease and Down syndrome).<\/li>\n<\/ul>\n<h4><strong>Intellectual property<\/strong><\/h4>\n<p><span style=\"font-size: small\">Software registration in process.<\/span><\/p>\n<h4><strong>Development stage<\/strong><\/h4>\n<ul>\n<li><span style=\"font-size: small\">Concept<\/span><\/li>\n<li><span style=\"font-size: small\">R&amp;D<\/span><\/li>\n<li><span style=\"font-size: small\">Lab Prototype<\/span><\/li>\n<li><strong><span style=\"text-decoration: underline\"><span style=\"font-size: small\">Industrial Prototype<\/span><\/span><\/strong><\/li>\n<li><span style=\"font-size: small\">Production<\/span><\/li>\n<\/ul>\n<h4><strong>Contact<\/strong><\/h4>\n<p><strong>Contacto&nbsp; Smart Cards<\/strong><\/p>\n<p>Mar&iacute;a Fernanda Cabrera<\/p>\n<p>e: <span rel=\"7f311330aa311f31a7312f31c83132318a312131a931233183314031b431203168313f31b631373172311331ca31\" class=\"cryptex \" style=\"\"><span class=\"CryptexImg ctxFp3pBMDMWHyrXlCo4vu0xxAF9pu7-kta3CdZYnviNQE\"><\/span><\/span><\/p>\n<p class=\"MsoNormal\"><strong><span style=\"font-size: small\">Contacto UPM<\/span><\/strong><\/p>\n<p class=\"MsoNormal\"><span style=\"font-size: small\">&Aacute;rea de Innovaci&oacute;n, Comercializaci&oacute;n y Creaci&oacute;n de Empresas<\/span><\/p>\n<p class=\"MsoNormal\"><span style=\"font-size: small\">Centro de Apoyo a la Innovaci&oacute;n Tecnol&oacute;gica &#8211; UPM<\/span><\/p>\n<p class=\"MsoNormal\"><span style=\"font-size: small\">e: <span rel=\"7f311330b0312531ac312d31c9312a31ad311e31a5311d3183314031b3311431a8313931b2313931ab311731ba310a3188312831a6312a3160311231ad31\" class=\"cryptex \" style=\"\"><span class=\"CryptexImg ctxR7neImVV1tJoTSyttUGBAuiESKXKLLyzTwJSN1lk9Z0\"><\/span><\/span><\/span><\/p>\n<p><!--EndFragment--><\/p>\n<div class=\"pdfprnt-buttons pdfprnt-buttons-product pdfprnt-bottom-left\"><a href=\"https:\/\/www.upm.es\/recursosidi\/wp-json\/wp\/v2\/product\/12005?print=pdf\" class=\"pdfprnt-button pdfprnt-button-pdf\" target=\"_blank\"><span class=\"pdfprnt-button-title pdfprnt-button-pdf-title\">Descargar ficha<\/span><\/a><\/div>","protected":false},"excerpt":{"rendered":"<p>Augmentative and alternative communication solution for people with cognitive disabilities and \/ or older people based on the use of mobile technology and NFC pictographic cards.<\/p>\n","protected":false},"featured_media":12004,"template":"","meta":{"_acf_changed":false},"product_cat":[2386],"product_tag":[8622,2568,8624],"comunidades-upm":[],"quien":[],"mapa":[{"term_id":37,"name":"Digital Technologies, Artificial Intelligence, Cybersecurity, 5G, Robotics","slug":"digital_technologies-ai-cybersecurity-5g-robotics","term_group":0,"term_taxonomy_id":37,"taxonomy":"mapa","description":"","parent":0,"count":83,"filter":"raw","term_order":"24"},{"term_id":38,"name":"Health and Wellbeing","slug":"health-and-wellbeing","term_group":0,"term_taxonomy_id":38,"taxonomy":"mapa","description":"","parent":0,"count":51,"filter":"raw","term_order":"18"}],"disponibilidad":[{"term_id":205,"name":"Consultar disponibilidad","slug":"consultar","term_group":0,"term_taxonomy_id":205,"taxonomy":"disponibilidad","description":"","parent":0,"count":290,"filter":"raw","term_order":"0"}],"donde":[{"term_id":1700,"name":"Life Support Technologies","slug":"en_life-support-technologies","term_group":0,"term_taxonomy_id":1700,"taxonomy":"donde","description":"Somos uno de los principales grupos europeos de investigaci\u00f3n e innovaci\u00f3n en el sector de la eSalud y la eInclusion social y mantenemos colaboraciones estables con el sector privado y p\u00fablico en diversas \u00e1reas de I+D+i.\r\nTenemos una larga trayectoria en el dise\u00f1o, desarrollo y evaluaci\u00f3n de servicios y aplicaciones basados en las Tecnolog\u00edas de la Informaci\u00f3n y la Comunicaci\u00f3n para la creaci\u00f3n y promoci\u00f3n de nuevas ideas, m\u00e9todos y soluciones tecnol\u00f3gicas en todos los aspectos de la cadena de valor de las organizaciones.\r\n\r\nNuestros principales ejes de investigaci\u00f3n son:\r\n\r\nTIC en sanidad y servicios sociales (e-salud y e-inclusi\u00f3n)\r\nNeurofot\u00f3nica\r\nRedes y Sensores Fot\u00f3nicos","parent":0,"count":16,"filter":"raw","term_order":"0"},{"term_id":476,"name":"Tecnolog\u00edas de Apoyo a la Vida","slug":"tecnologias-de-apoyo-a-la-vida","term_group":0,"term_taxonomy_id":476,"taxonomy":"donde","description":"Somos uno de los principales grupos europeos de investigaci\u00f3n e innovaci\u00f3n en el sector de la eSalud y la eInclusion social y mantenemos colaboraciones estables con el sector privado y p\u00fablico en diversas \u00e1reas de I+D+i.\r\nTenemos una larga trayectoria en el dise\u00f1o, desarrollo y evaluaci\u00f3n de servicios y aplicaciones basados en las Tecnolog\u00edas de la Informaci\u00f3n y la Comunicaci\u00f3n para la creaci\u00f3n y promoci\u00f3n de nuevas ideas, m\u00e9todos y soluciones tecnol\u00f3gicas en todos los aspectos de la cadena de valor de las organizaciones.\r\n\r\nNuestros principales ejes de investigaci\u00f3n son:\r\n\r\nTIC en sanidad y servicios sociales (e-salud y e-inclusi\u00f3n)\r\nNeurofot\u00f3nica\r\nRedes y Sensores Fot\u00f3nicos","parent":0,"count":23,"filter":"raw","term_order":"0"}],"infraestructura":[],"ods":[{"term_id":2273,"name":"Good Health and Well-Being","slug":"good-health-and-well-being","term_group":0,"term_taxonomy_id":2273,"taxonomy":"ods","description":"","parent":0,"count":54,"filter":"raw","term_order":"0"},{"term_id":2245,"name":"Reduced Inequalities","slug":"reduced-inequalities","term_group":0,"term_taxonomy_id":2245,"taxonomy":"ods","description":"","parent":0,"count":17,"filter":"raw","term_order":"0"}],"origen":[{"term_id":192,"name":"Soluciones tecnol\u00f3gicas","slug":"soluciones-tecnologicas","term_group":0,"term_taxonomy_id":192,"taxonomy":"origen","description":"","parent":0,"count":278,"filter":"raw","term_order":"0"}],"familia_tax":false,"quien_tax":false,"donde_tax":false,"year":"2020-01-01","contacto":"ETSI de Telecomunicaci\u00f3n - UPM, Avenida  Complutense, 30, Ciudad Universitaria, 28040, Madrid","telefono":"910671900","pagina_web":"https:\/\/www.etsit.upm.es\/","email":"mf.cabrera@upm.es","id_ficha_portal":"123","video":"","adjuntos":false,"adjuntos_portal":"","inf":false,"departamento":"","acf":[],"lang":"en","translation":{"en":12005,"es":12003},"_links":{"self":[{"href":"https:\/\/www.upm.es\/recursosidi\/wp-json\/wp\/v2\/product\/12005"}],"collection":[{"href":"https:\/\/www.upm.es\/recursosidi\/wp-json\/wp\/v2\/product"}],"about":[{"href":"https:\/\/www.upm.es\/recursosidi\/wp-json\/wp\/v2\/types\/product"}],"wp:featuredmedia":[{"embeddable":true,"href":"https:\/\/www.upm.es\/recursosidi\/wp-json\/wp\/v2\/media\/12004"}],"wp:attachment":[{"href":"https:\/\/www.upm.es\/recursosidi\/wp-json\/wp\/v2\/media?parent=12005"}],"wp:term":[{"taxonomy":"product_cat","embeddable":true,"href":"https:\/\/www.upm.es\/recursosidi\/wp-json\/wp\/v2\/product_cat?post=12005"},{"taxonomy":"product_tag","embeddable":true,"href":"https:\/\/www.upm.es\/recursosidi\/wp-json\/wp\/v2\/product_tag?post=12005"},{"taxonomy":"comunidad_upm","embeddable":true,"href":"https:\/\/www.upm.es\/recursosidi\/wp-json\/wp\/v2\/comunidades-upm?post=12005"},{"taxonomy":"quien","embeddable":true,"href":"https:\/\/www.upm.es\/recursosidi\/wp-json\/wp\/v2\/quien?post=12005"},{"taxonomy":"mapa","embeddable":true,"href":"https:\/\/www.upm.es\/recursosidi\/wp-json\/wp\/v2\/mapa?post=12005"},{"taxonomy":"disponibilidad","embeddable":true,"href":"https:\/\/www.upm.es\/recursosidi\/wp-json\/wp\/v2\/disponibilidad?post=12005"},{"taxonomy":"donde","embeddable":true,"href":"https:\/\/www.upm.es\/recursosidi\/wp-json\/wp\/v2\/donde?post=12005"},{"taxonomy":"infraestructura","embeddable":true,"href":"https:\/\/www.upm.es\/recursosidi\/wp-json\/wp\/v2\/infraestructura?post=12005"},{"taxonomy":"ods","embeddable":true,"href":"https:\/\/www.upm.es\/recursosidi\/wp-json\/wp\/v2\/ods?post=12005"},{"taxonomy":"origen","embeddable":true,"href":"https:\/\/www.upm.es\/recursosidi\/wp-json\/wp\/v2\/origen?post=12005"}],"curies":[{"name":"wp","href":"https:\/\/api.w.org\/{rel}","templated":true}]}}