{"id":12007,"date":"2023-03-22T11:29:06","date_gmt":"2023-03-22T10:29:06","guid":{"rendered":"https:\/\/www.upm.es\/recursosidi\/offers-resources\/sin categor\u00eda\/hoop\/"},"modified":"2023-03-22T11:29:12","modified_gmt":"2023-03-22T10:29:12","slug":"hoop","status":"publish","type":"product","link":"https:\/\/www.upm.es\/recursosidi\/offers-resources\/soluciones-tecnologicas\/hoop\/","title":{"rendered":"HOOP"},"content":{"rendered":"<h4><strong>Descripci&oacute;n breve conjunta de la soluci&oacute;n y valor a&ntilde;adido que aporta <\/strong><\/h4>\n<p style=\"text-align: justify\">A diferencia del resto de las aplicaciones m&oacute;viles y soluciones, HOOP no solo cuenta, con ejercicios f&iacute;sicos, senso-motores y cognitivos sino que adem&aacute;s los ejercicios se adaptan a las necesidades de los usuarios, quienes pueden tambi&eacute;n elegir sus canciones favoritas para ejercitarse haciendo la rehabilitaci&oacute;n m&aacute;s entretenido; de suma importancia tambi&eacute;n son nuestros sensores (usados como pulseras o tobilleras) y la p&aacute;gina web para que el o los profesionales m&eacute;dicos puedan analizar la evoluci&oacute;n y sugerir los pr&oacute;ximos ejercicios a realizar.<\/p>\n<h4><strong>Descripci&oacute;n de la base tecnol&oacute;gica<\/strong><\/h4>\n<p style=\"text-align: justify\">HOOP es una soluci&oacute;n integral entorno al concepto de aplicaci&oacute;n mHealth. La soluci&oacute;n se compone de una aplicaci&oacute;n para tel&eacute;fonos m&oacute;vil Android, un par de sensores inerciales de seis ejes con conexi&oacute;n BLE y un portal web para terapeutas y pacientes.<\/p>\n<p style=\"text-align: justify\">La aplicaci&oacute;n es la interfaz para diferentes actividades de rehabilitaci&oacute;n propuestas al paciente. Estas aplicaciones se monitorizan a partir de algoritmos de reconocimiento de acciones integrados en la app a partir de los datos transmitidos por los sensores inerciales. Estos datos son volcados y procesados en la aplicaci&oacute;n web para el seguimiento continuo y la autogesti&oacute;n del propio paciente. La integraci&oacute;n de los algoritmos con los ejercicios y las m&eacute;tricas musicales que sirven de est&iacute;mulo para el paciente suponen un avance en la terapia de rehabilitaci&oacute;n.<\/p>\n<h4><strong>Necesidades de negocio \/ aplicaci&oacute;n<\/strong><\/h4>\n<ul>\n<li>\n<p style=\"text-align: justify\">Escaso acceso a la rehabilitaci&oacute;n por parte de los pacientes, debido a su costo.<\/p>\n<\/li>\n<li>\n<p style=\"text-align: justify\">Posibilidad de seguimiento por parte del rehabilitador a pacientes que viven lejos de las Asociaciones de Parkinson, Centros de d&iacute;a y de rehabilitaci&oacute;n.<span style=\"font-size: small\"><br \/><\/span><\/p>\n<\/li>\n<\/ul>\n<p style=\"text-align: center\"><span style=\"font-size: small\">&nbsp; &nbsp; &nbsp; &nbsp; &nbsp; &nbsp;<\/span><em>&ldquo;Aplicaci&oacute;n m&oacute;vil con ejercicios de Rehabilitaci&oacute;n en casa, con m&uacute;sica, para pacientes con Parkinson con seguimiento remoto por parte del rehabilitador&rdquo;<\/em><\/p>\n<h4>&nbsp;<\/h4>\n<h4><strong>Ventajas competitivas<\/strong><\/h4>\n<ul>\n<li>\n<p style=\"text-align: justify\">Estimulaci&oacute;n RAS (Estimulaci&oacute;n R&iacute;tmica Sonora), desbloquea el caminar.<\/p>\n<\/li>\n<li style=\"text-align: justify\">\n<p>Monitorizaci&oacute;n y seguimiento del paciente de un modo no obstrusivo y objetivo.<\/p>\n<\/li>\n<li style=\"text-align: justify\">\n<p>Mejora de la terapia convencional actual y puente de acceso temprano a la rehabilitaci&oacute;n.<\/p>\n<\/li>\n<li>\n<p style=\"text-align: justify\">Hemos aprendido de los usuarios y desarrollado la tecnolog&iacute;a de acuerdo a sus necesidades. La especializaci&oacute;n necesaria supone una curva de aprendizaje fuerte respecto a otros competidores que quieran imitar nuestra soluci&oacute;n.<\/p>\n<\/li>\n<\/ul>\n<h4><strong>Referencias&nbsp;<\/strong><\/h4>\n<p style=\"text-align: justify\">Life Supporting Technologies (LifeSTech) es un grupo de investigaci&oacute;n, desarrollo e innovaci&oacute;n, de la UPM. Sus actividades est&aacute;n dedicadas al dise&ntilde;o, desarrollo, evaluaci&oacute;n y capacitaci&oacute;n de servicios y aplicaciones basados en las TIC, para la creaci&oacute;n y promoci&oacute;n de nuevas ideas, m&eacute;todos y soluciones tecnol&oacute;gicas en toda la cadena de valor de las organizaciones relacionadas con la salud y la inclusi&oacute;n digital.<\/p>\n<h4><strong>Grado de desarrollo<\/strong><\/h4>\n<ul>\n<li>\n<p style=\"text-align: justify\">Concepto<\/p>\n<\/li>\n<li style=\"text-align: justify\">\n<p>Investigaci&oacute;n<\/p>\n<\/li>\n<li style=\"text-align: justify\">\n<p>Prototipo-Lab<\/p>\n<\/li>\n<li style=\"text-align: justify\">\n<p><span style=\"text-decoration: underline\"><strong>Prototipo Industrial<\/strong><\/span><\/p>\n<\/li>\n<li>\n<p style=\"text-align: justify\">Producci&oacute;n<\/p>\n<\/li>\n<\/ul>\n<h4><strong>Contacto<\/strong><\/h4>\n<p style=\"text-align: justify\"><strong>Contacto HOOP<\/strong><\/p>\n<p style=\"text-align: justify\">Mar&iacute;a Fernanda Cabrera<\/p>\n<p style=\"text-align: justify\">e: <a href=\"mailto:<span rel=\"6b311730af31303176310d31a4311831c4311831af310e318e313131c13125316d313531cc31\" class=\"cryptex \" style=\"\"><span class=\"CryptexImg ctxd0JBc3gdZwQL16sOCkJoz7ET0h3LIUUHsjR4SKe0yzk\"><\/span><\/span>\"><span rel=\"6b311730af31303176310d31a4311831c4311831af310e318e313131c13125316d313531cc31\" class=\"cryptex \" style=\"\"><span class=\"CryptexImg ctxd0JBc3gdZwQL16sOCkJoz7ET0h3LIUUHsjR4SKe0yzk\"><\/span><\/span><\/a><\/p>\n<p style=\"text-align: justify\">&nbsp;<\/p>\n<p style=\"text-align: justify\"><strong>Contacto UPM<\/strong><\/p>\n<p style=\"text-align: justify\">Programas de Innovaci&oacute;n y Emprendimiento<\/p>\n<p style=\"text-align: justify\">Centro de Apoyo a la Innovaci&oacute;n Tecnol&oacute;gica &ndash; UPM<\/p>\n<p style=\"text-align: justify\">e: <span rel=\"6b311730ab313831b6311931b9311731b5311c31ac311b317c313031b6311b31ad313f31c5313f31b1311731b8312d3170312d31a731213171311e31bb31\" class=\"cryptex \" style=\"\"><span class=\"CryptexImg ctxR7neImVV1tJoTSyttUGBAuiESKXKLLyzTwJSN1lk9Z0\"><\/span><\/span><\/p>\n<div class=\"pdfprnt-buttons pdfprnt-buttons-product pdfprnt-bottom-left\"><a href=\"https:\/\/www.upm.es\/recursosidi\/wp-json\/wp\/v2\/product\/12007?print=pdf\" class=\"pdfprnt-button pdfprnt-button-pdf\" target=\"_blank\"><span class=\"pdfprnt-button-title pdfprnt-button-pdf-title\">Descargar ficha<\/span><\/a><\/div>","protected":false},"excerpt":{"rendered":"<p>C\u00e1mbiate el ritmo a tu Parkinson.<\/p>\n<p>Una aplicaci\u00f3n m\u00f3vil &amp; sensores inerciales para los pacientes con Parkinson, y una web para el terapeuta, con el objetivo de una rehabilitaci\u00f3n remota, comunicaci\u00f3n y seguimiento entre ambos.<\/p>\n","protected":false},"featured_media":12006,"template":"","meta":{"_acf_changed":false},"product_cat":[2384],"product_tag":[2520],"comunidades-upm":[],"quien":[],"mapa":[{"term_id":122,"name":"Salud y bienestar","slug":"salud-y-bienestar","term_group":0,"term_taxonomy_id":122,"taxonomy":"mapa","description":"","parent":0,"count":105,"filter":"raw","term_order":"17"},{"term_id":126,"name":"Tecnolog\u00edas digitales, Inteligencia Artificial, ciberseguridad, 5G, rob\u00f3tica","slug":"tecnologias_digitales-ai-ciberseguridad-5g-robotica","term_group":0,"term_taxonomy_id":126,"taxonomy":"mapa","description":"","parent":0,"count":194,"filter":"raw","term_order":"23"}],"disponibilidad":[{"term_id":205,"name":"Consultar disponibilidad","slug":"consultar","term_group":0,"term_taxonomy_id":205,"taxonomy":"disponibilidad","description":"","parent":0,"count":290,"filter":"raw","term_order":"0"}],"donde":[{"term_id":1700,"name":"Life Support Technologies","slug":"en_life-support-technologies","term_group":0,"term_taxonomy_id":1700,"taxonomy":"donde","description":"Somos uno de los principales grupos europeos de investigaci\u00f3n e innovaci\u00f3n en el sector de la eSalud y la eInclusion social y mantenemos colaboraciones estables con el sector privado y p\u00fablico en diversas \u00e1reas de I+D+i.\r\nTenemos una larga trayectoria en el dise\u00f1o, desarrollo y evaluaci\u00f3n de servicios y aplicaciones basados en las Tecnolog\u00edas de la Informaci\u00f3n y la Comunicaci\u00f3n para la creaci\u00f3n y promoci\u00f3n de nuevas ideas, m\u00e9todos y soluciones tecnol\u00f3gicas en todos los aspectos de la cadena de valor de las organizaciones.\r\n\r\nNuestros principales ejes de investigaci\u00f3n son:\r\n\r\nTIC en sanidad y servicios sociales (e-salud y e-inclusi\u00f3n)\r\nNeurofot\u00f3nica\r\nRedes y Sensores Fot\u00f3nicos","parent":0,"count":16,"filter":"raw","term_order":"0"},{"term_id":476,"name":"Tecnolog\u00edas de Apoyo a la Vida","slug":"tecnologias-de-apoyo-a-la-vida","term_group":0,"term_taxonomy_id":476,"taxonomy":"donde","description":"Somos uno de los principales grupos europeos de investigaci\u00f3n e innovaci\u00f3n en el sector de la eSalud y la eInclusion social y mantenemos colaboraciones estables con el sector privado y p\u00fablico en diversas \u00e1reas de I+D+i.\r\nTenemos una larga trayectoria en el dise\u00f1o, desarrollo y evaluaci\u00f3n de servicios y aplicaciones basados en las Tecnolog\u00edas de la Informaci\u00f3n y la Comunicaci\u00f3n para la creaci\u00f3n y promoci\u00f3n de nuevas ideas, m\u00e9todos y soluciones tecnol\u00f3gicas en todos los aspectos de la cadena de valor de las organizaciones.\r\n\r\nNuestros principales ejes de investigaci\u00f3n son:\r\n\r\nTIC en sanidad y servicios sociales (e-salud y e-inclusi\u00f3n)\r\nNeurofot\u00f3nica\r\nRedes y Sensores Fot\u00f3nicos","parent":0,"count":23,"filter":"raw","term_order":"0"}],"infraestructura":[],"ods":[{"term_id":2243,"name":"Reducci\u00f3n de las Desigualdades","slug":"reduccion-de-las-desigualdades","term_group":0,"term_taxonomy_id":2243,"taxonomy":"ods","description":"","parent":0,"count":17,"filter":"raw","term_order":"0"},{"term_id":2271,"name":"Salud y Bienestar","slug":"salud-y-bienestar","term_group":0,"term_taxonomy_id":2271,"taxonomy":"ods","description":"","parent":0,"count":59,"filter":"raw","term_order":"0"}],"origen":[{"term_id":192,"name":"Soluciones tecnol\u00f3gicas","slug":"soluciones-tecnologicas","term_group":0,"term_taxonomy_id":192,"taxonomy":"origen","description":"","parent":0,"count":278,"filter":"raw","term_order":"0"}],"familia_tax":false,"quien_tax":false,"donde_tax":false,"year":"2020-01-01","contacto":"ETSI de Telecomunicaci\u00f3n - UPM, Avenida  Complutense, 30, Ciudad Universitaria, 28040, Madrid","telefono":"910671900","pagina_web":"https:\/\/www.etsit.upm.es\/","email":"mf.cabrera@upm.es","id_ficha_portal":"108","video":"","adjuntos":false,"adjuntos_portal":"","inf":false,"departamento":"","acf":[],"lang":"es","translation":{"es":12007,"en":12009},"_links":{"self":[{"href":"https:\/\/www.upm.es\/recursosidi\/wp-json\/wp\/v2\/product\/12007"}],"collection":[{"href":"https:\/\/www.upm.es\/recursosidi\/wp-json\/wp\/v2\/product"}],"about":[{"href":"https:\/\/www.upm.es\/recursosidi\/wp-json\/wp\/v2\/types\/product"}],"wp:featuredmedia":[{"embeddable":true,"href":"https:\/\/www.upm.es\/recursosidi\/wp-json\/wp\/v2\/media\/12006"}],"wp:attachment":[{"href":"https:\/\/www.upm.es\/recursosidi\/wp-json\/wp\/v2\/media?parent=12007"}],"wp:term":[{"taxonomy":"product_cat","embeddable":true,"href":"https:\/\/www.upm.es\/recursosidi\/wp-json\/wp\/v2\/product_cat?post=12007"},{"taxonomy":"product_tag","embeddable":true,"href":"https:\/\/www.upm.es\/recursosidi\/wp-json\/wp\/v2\/product_tag?post=12007"},{"taxonomy":"comunidad_upm","embeddable":true,"href":"https:\/\/www.upm.es\/recursosidi\/wp-json\/wp\/v2\/comunidades-upm?post=12007"},{"taxonomy":"quien","embeddable":true,"href":"https:\/\/www.upm.es\/recursosidi\/wp-json\/wp\/v2\/quien?post=12007"},{"taxonomy":"mapa","embeddable":true,"href":"https:\/\/www.upm.es\/recursosidi\/wp-json\/wp\/v2\/mapa?post=12007"},{"taxonomy":"disponibilidad","embeddable":true,"href":"https:\/\/www.upm.es\/recursosidi\/wp-json\/wp\/v2\/disponibilidad?post=12007"},{"taxonomy":"donde","embeddable":true,"href":"https:\/\/www.upm.es\/recursosidi\/wp-json\/wp\/v2\/donde?post=12007"},{"taxonomy":"infraestructura","embeddable":true,"href":"https:\/\/www.upm.es\/recursosidi\/wp-json\/wp\/v2\/infraestructura?post=12007"},{"taxonomy":"ods","embeddable":true,"href":"https:\/\/www.upm.es\/recursosidi\/wp-json\/wp\/v2\/ods?post=12007"},{"taxonomy":"origen","embeddable":true,"href":"https:\/\/www.upm.es\/recursosidi\/wp-json\/wp\/v2\/origen?post=12007"}],"curies":[{"name":"wp","href":"https:\/\/api.w.org\/{rel}","templated":true}]}}