{"id":12011,"date":"2023-03-22T11:30:58","date_gmt":"2023-03-22T10:30:58","guid":{"rendered":"https:\/\/www.upm.es\/recursosidi\/offers-resources\/sin categor\u00eda\/accesible-launcher\/"},"modified":"2023-03-22T11:31:13","modified_gmt":"2023-03-22T10:31:13","slug":"accesible-launcher","status":"publish","type":"product","link":"https:\/\/www.upm.es\/recursosidi\/offers-resources\/soluciones-tecnologicas\/accesible-launcher\/","title":{"rendered":"ACCESIBLE LAUNCHER"},"content":{"rendered":"<h4 style=\"text-align: left\"><strong>Descripci&oacute;n breve conjunta de la soluci&oacute;n y valor a&ntilde;adido que aporta <\/strong><\/h4>\n<p style=\"text-align: justify\">El grupo Life Supporting Technologies de la Universidad Polit&eacute;cnica de Madrid ha desarrollado bajo su rama de inclusi&oacute;n digital una serie de apps que permiten mejorar la forma en que las personas mayores, sin experiencia t&eacute;cnica o con discapacidad visual o motora severas, hacen uso de las tecnolog&iacute;as y servicios de comunicaci&oacute;n.<\/p>\n<p style=\"text-align: justify\">Accessible Launcher se basa en la evoluci&oacute;n y maduraci&oacute;n de dichas apps para crear una aplicaci&oacute;n launcher que puede ser instalada en cualquier dispositivo Android. Esta app reemplaza por completo el interfaz y modo de interacci&oacute;n por una versi&oacute;n simplificada y adaptada del mismo que permita a cualquier persona acceder a las nuevas tecnolog&iacute;as y hacer un uso eficaz de las mismas. A la vez, se ofrecen bajo demanda del usuario extensiones al sistema que permiten el acceso a redes sociales, boletines informativos, etc. hasta una amplia gama de utilidades siempre de manera adaptada, sencilla y segura.<\/p>\n<h4 style=\"text-align: left\"><strong>Descripci&oacute;n de la base tecnol&oacute;gica<\/strong><\/h4>\n<p style=\"text-align: justify\">Accesible Launcher es una app que convierte un tel&eacute;fono o tablet en una herramienta universalmente accesible. Al instalarse reemplaza el interfaz nativo del sistema Android por un equivalente simple, c&oacute;modo y directo. Adem&aacute;s implementa mecanismos de interacci&oacute;n accesibles de manera que personas invidentes, mayores y\/o con desventajas motoras pueden hacer un uso eficaz de los dispositivos m&oacute;viles y tablets. Bajo este concepto se incluyen adem&aacute;s un conjunto de utilidades que reemplazan las preinstaladas en el dispositivo (agenda de contactos, calendario, mensajer&iacute;a&hellip;) y extienden su funcionalidad (acceso a redes sociales, servicios informativos, Internet&hellip;). Las t&eacute;cnicas empleadas han sido validadas mediante pruebas de usuarios, por expertos y premiadas internacionalmente.<\/p>\n<p style=\"text-align: center\"><em>&#8220;Herramientas de movilidad accesibles empleando tecnolog&iacute;as de &uacute;ltima generaci&oacute;n bajo guiado y validaci&oacute;n de personas discapacitadas&#8221;<\/em><\/p>\n<p style=\"text-align: center\">&nbsp;<\/p>\n<h4><strong>Necesidades de negocio \/ aplicaci&oacute;n<\/strong><\/h4>\n<div>\n<p style=\"text-align: justify\">Es necesario proveer de soluciones adaptadas y fomentar el acceso a las TIC acorde a a las tendencias y progreso de la sociedad de la informaci&oacute;n.<\/p>\n<p style=\"text-align: justify\"><strong>Contenidos digitales<\/strong><\/p>\n<ul>\n<li style=\"text-align: justify\">\n<p style=\"text-align: justify\">Descenso del consumo de medios tradicionales en beneficio de los digitales [Business Insider].<\/p>\n<\/li>\n<li style=\"text-align: justify\">\n<p>Incremento de consumo de servicios online de un 50% en 5 a&ntilde;os [ICU, Google].<\/p>\n<\/li>\n<li style=\"text-align: justify\">\n<p style=\"text-align: justify\">S&oacute;lo 3 de las 100 webs m&aacute;s visitadas son accesibles [W3C].<\/p>\n<\/li>\n<\/ul>\n<p style=\"text-align: justify\"><strong>Movilidad<\/strong><\/p>\n<ul>\n<li style=\"text-align: justify\">\n<p style=\"text-align: justify\">Las ventas de smartphones y tablets duplican a las de PCs.&nbsp;<\/p>\n<\/li>\n<li style=\"text-align: justify\">\n<p>El consumo de contenido en tablets se asemeja un 98% al de sobremesa [Flurry Analytics].<\/p>\n<\/li>\n<li style=\"text-align: justify\">\n<p style=\"text-align: justify\">Con los datos anteriores, s&oacute;lo un 1% de las apps publicadas siguen especificaciones de dise&ntilde;o accesible.<\/p>\n<\/li>\n<\/ul>\n<p style=\"text-align: justify\"><strong>Accesibilidad e inclusi&oacute;n digital<\/strong><\/p>\n<ul>\n<li style=\"text-align: justify\">\n<p style=\"text-align: justify\">La penetraci&oacute;n de las tecnolog&iacute;as web y m&oacute;viles decae considerablemente hasta el 28% a partir de los 54 a&ntilde;os [Nielsen].<\/p>\n<\/li>\n<li style=\"text-align: justify\">\n<p style=\"text-align: justify\">Aproximadamente 300M de personas en pa&iacute;ses desarrollados entre discapacitados e iletrados t&eacute;cnicos se encuentran en riesgo de exclusi&oacute;n digital [CIA World FactBook].<\/p>\n<\/li>\n<\/ul>\n<\/div>\n<h4 style=\"text-align: left\"><strong>Ventajas competitivas<\/strong><\/h4>\n<div>\n<ul>\n<li>\n<p style=\"text-align: justify\">Resultados excelentes de desempe&ntilde;o y usabilidad en pruebas con diferentes usuarios y perfiles de discapacidad.<\/p>\n<\/li>\n<li style=\"text-align: justify\">\n<p>Capacidad de optimizaci&oacute;n de prestaciones y acabado final respecto de soluciones competidoras.<\/p>\n<\/li>\n<li style=\"text-align: justify\">\n<p>Escalabilidad e integraci&oacute;n con &uacute;ltimas tecnolog&iacute;as de forma inteligente.<\/p>\n<\/li>\n<li>\n<p style=\"text-align: justify\">Adaptaci&oacute;n y configuraci&oacute;n seg&uacute;n caracter&iacute;sticas y necesidades del usuario.<\/p>\n<\/li>\n<\/ul>\n<\/div>\n<h4 style=\"text-align: left\"><strong>Referencias<\/strong><\/h4>\n<ul>\n<li>\n<p style=\"text-align: justify\">Larga experiencia del equipo investigador en el sector, contrastada en forma de resultados de I+D y participaci&oacute;n en proyectos europeos (SaveMe, AEGIS, Cloud4All&#8230;).<\/p>\n<\/li>\n<li style=\"text-align: justify\">\n<p>Prototipos testados por 700 usuarios en 5 meses.<\/p>\n<\/li>\n<li style=\"text-align: justify\">\n<p>Reconocimientos a los prototipos iniciales, dos de ellos internacionales (Vodafone Smart Accesibility Awards) en 2012.<\/p>\n<\/li>\n<li style=\"text-align: justify\">\n<p>Colaboraci&oacute;n con Vodafone (ayudas al marketing y soporte, inclusi&oacute;n en la propuesta Mobile Apps 4 Good, patrocinio de Sony).<\/p>\n<\/li>\n<li>\n<p style=\"text-align: justify\">Aparici&oacute;n en al menos 6 medios de comunicaci&oacute;n y prensa especializada (<a href=\"http:\/\/www.guardian.co.uk\/technology\/appsblog\/2012\/dec\/17\/2012-smart-accessibility-apps-awards\" target=\"_blank\" rel=\"noopener\">The Guardian<\/a>, ABC&#8230;).<\/p>\n<\/li>\n<\/ul>\n<h4><strong>Grado de desarrollo<\/strong><\/h4>\n<ul>\n<li>\n<p style=\"text-align: justify\"><span style=\"font-size: small\">Concepto<\/span><\/p>\n<\/li>\n<li style=\"text-align: justify\">\n<p><span style=\"font-size: small\">Investigaci&oacute;n<\/span><\/p>\n<\/li>\n<li style=\"text-align: justify\">\n<p><span style=\"text-decoration: underline\"><strong><span style=\"font-size: small\">Prototipo Lab<\/span><\/strong><\/span><\/p>\n<\/li>\n<li style=\"text-align: justify\">\n<p><span style=\"font-size: small\">Prototipo Industrial<\/span><\/p>\n<\/li>\n<li>\n<p style=\"text-align: justify\"><span style=\"font-size: small\">Producci&oacute;n<\/span><\/p>\n<\/li>\n<\/ul>\n<h4><strong>Contacto<\/strong><\/h4>\n<p><strong>Contacto Accessible Launcher<\/strong><\/p>\n<p>Life Supporting Technologies &#8211; UPM<\/p>\n<p>Mar&iacute;a Fernanda Cabrera<\/p>\n<p>e: <a href=\"mailto:<span rel=\"87312e30b831183183311f31b4311731a2310f31c7312f3171311c31a431193162311031b031\" class=\"cryptex \" style=\"\"><span class=\"CryptexImg ctxd0JBc3gdZwQL16sOCkJoz7ET0h3LIUUHsjR4SKe0yzk\"><\/span><\/span>\"><span rel=\"87312e30b831183183311f31b4311731a2310f31c7312f3171311c31a431193162311031b031\" class=\"cryptex \" style=\"\"><span class=\"CryptexImg ctxd0JBc3gdZwQL16sOCkJoz7ET0h3LIUUHsjR4SKe0yzk\"><\/span><\/span><\/a><\/p>\n<p><strong>Contacto UPM<\/strong><\/p>\n<p>Programas de Innovaci&oacute;n y Emprendimiento<\/p>\n<p>Centro de Apoyo a la Innovaci&oacute;n Tecnol&oacute;gica &ndash; UPM<\/p>\n<p>e: <span rel=\"87312e30b4312031c3312b31c931163193311331c4313c315f311b3199310f31a2311a31a9313a31ba3127319f310f317d311d31c1313c3166311131cb31\" class=\"cryptex \" style=\"\"><span class=\"CryptexImg ctxR7neImVV1tJoTSyttUGBAuiESKXKLLyzTwJSN1lk9Z0\"><\/span><\/span><\/p>\n<div class=\"pdfprnt-buttons pdfprnt-buttons-product pdfprnt-bottom-left\"><a href=\"https:\/\/www.upm.es\/recursosidi\/wp-json\/wp\/v2\/product\/12011?print=pdf\" class=\"pdfprnt-button pdfprnt-button-pdf\" target=\"_blank\"><span class=\"pdfprnt-button-title pdfprnt-button-pdf-title\">Descargar ficha<\/span><\/a><\/div>","protected":false},"excerpt":{"rendered":"<p>Accesibilidad m\u00f3vil por defecto.<\/p>\n<p>Accessible Launcher es una multi-app que convierte el interfaz de un tablet o m\u00f3vil en un equivalente simplificado y adaptado a personas discapacitadas.<\/p>\n","protected":false},"featured_media":12010,"template":"","meta":{"_acf_changed":false},"product_cat":[2384],"product_tag":[2525],"comunidades-upm":[],"quien":[],"mapa":[{"term_id":122,"name":"Salud y bienestar","slug":"salud-y-bienestar","term_group":0,"term_taxonomy_id":122,"taxonomy":"mapa","description":"","parent":0,"count":105,"filter":"raw","term_order":"17"},{"term_id":126,"name":"Tecnolog\u00edas digitales, Inteligencia Artificial, ciberseguridad, 5G, rob\u00f3tica","slug":"tecnologias_digitales-ai-ciberseguridad-5g-robotica","term_group":0,"term_taxonomy_id":126,"taxonomy":"mapa","description":"","parent":0,"count":194,"filter":"raw","term_order":"23"}],"disponibilidad":[{"term_id":205,"name":"Consultar disponibilidad","slug":"consultar","term_group":0,"term_taxonomy_id":205,"taxonomy":"disponibilidad","description":"","parent":0,"count":290,"filter":"raw","term_order":"0"}],"donde":[{"term_id":1700,"name":"Life Support Technologies","slug":"en_life-support-technologies","term_group":0,"term_taxonomy_id":1700,"taxonomy":"donde","description":"Somos uno de los principales grupos europeos de investigaci\u00f3n e innovaci\u00f3n en el sector de la eSalud y la eInclusion social y mantenemos colaboraciones estables con el sector privado y p\u00fablico en diversas \u00e1reas de I+D+i.\r\nTenemos una larga trayectoria en el dise\u00f1o, desarrollo y evaluaci\u00f3n de servicios y aplicaciones basados en las Tecnolog\u00edas de la Informaci\u00f3n y la Comunicaci\u00f3n para la creaci\u00f3n y promoci\u00f3n de nuevas ideas, m\u00e9todos y soluciones tecnol\u00f3gicas en todos los aspectos de la cadena de valor de las organizaciones.\r\n\r\nNuestros principales ejes de investigaci\u00f3n son:\r\n\r\nTIC en sanidad y servicios sociales (e-salud y e-inclusi\u00f3n)\r\nNeurofot\u00f3nica\r\nRedes y Sensores Fot\u00f3nicos","parent":0,"count":16,"filter":"raw","term_order":"0"},{"term_id":476,"name":"Tecnolog\u00edas de Apoyo a la Vida","slug":"tecnologias-de-apoyo-a-la-vida","term_group":0,"term_taxonomy_id":476,"taxonomy":"donde","description":"Somos uno de los principales grupos europeos de investigaci\u00f3n e innovaci\u00f3n en el sector de la eSalud y la eInclusion social y mantenemos colaboraciones estables con el sector privado y p\u00fablico en diversas \u00e1reas de I+D+i.\r\nTenemos una larga trayectoria en el dise\u00f1o, desarrollo y evaluaci\u00f3n de servicios y aplicaciones basados en las Tecnolog\u00edas de la Informaci\u00f3n y la Comunicaci\u00f3n para la creaci\u00f3n y promoci\u00f3n de nuevas ideas, m\u00e9todos y soluciones tecnol\u00f3gicas en todos los aspectos de la cadena de valor de las organizaciones.\r\n\r\nNuestros principales ejes de investigaci\u00f3n son:\r\n\r\nTIC en sanidad y servicios sociales (e-salud y e-inclusi\u00f3n)\r\nNeurofot\u00f3nica\r\nRedes y Sensores Fot\u00f3nicos","parent":0,"count":23,"filter":"raw","term_order":"0"}],"infraestructura":[],"ods":[{"term_id":2243,"name":"Reducci\u00f3n de las Desigualdades","slug":"reduccion-de-las-desigualdades","term_group":0,"term_taxonomy_id":2243,"taxonomy":"ods","description":"","parent":0,"count":17,"filter":"raw","term_order":"0"},{"term_id":2271,"name":"Salud y Bienestar","slug":"salud-y-bienestar","term_group":0,"term_taxonomy_id":2271,"taxonomy":"ods","description":"","parent":0,"count":59,"filter":"raw","term_order":"0"}],"origen":[{"term_id":192,"name":"Soluciones tecnol\u00f3gicas","slug":"soluciones-tecnologicas","term_group":0,"term_taxonomy_id":192,"taxonomy":"origen","description":"","parent":0,"count":278,"filter":"raw","term_order":"0"}],"familia_tax":false,"quien_tax":false,"donde_tax":false,"year":"2020-01-01","contacto":"ETSI de Telecomunicaci\u00f3n - UPM, Avenida  Complutense, 30, Ciudad Universitaria, 28040, Madrid","telefono":"910672479","pagina_web":"http:\/\/www.etsit.upm.es\/","email":"mf.cabrera@upm.es","id_ficha_portal":"99","video":"","adjuntos":false,"adjuntos_portal":"","inf":false,"departamento":"","acf":[],"lang":"es","translation":{"es":12011,"en":12013},"_links":{"self":[{"href":"https:\/\/www.upm.es\/recursosidi\/wp-json\/wp\/v2\/product\/12011"}],"collection":[{"href":"https:\/\/www.upm.es\/recursosidi\/wp-json\/wp\/v2\/product"}],"about":[{"href":"https:\/\/www.upm.es\/recursosidi\/wp-json\/wp\/v2\/types\/product"}],"wp:featuredmedia":[{"embeddable":true,"href":"https:\/\/www.upm.es\/recursosidi\/wp-json\/wp\/v2\/media\/12010"}],"wp:attachment":[{"href":"https:\/\/www.upm.es\/recursosidi\/wp-json\/wp\/v2\/media?parent=12011"}],"wp:term":[{"taxonomy":"product_cat","embeddable":true,"href":"https:\/\/www.upm.es\/recursosidi\/wp-json\/wp\/v2\/product_cat?post=12011"},{"taxonomy":"product_tag","embeddable":true,"href":"https:\/\/www.upm.es\/recursosidi\/wp-json\/wp\/v2\/product_tag?post=12011"},{"taxonomy":"comunidad_upm","embeddable":true,"href":"https:\/\/www.upm.es\/recursosidi\/wp-json\/wp\/v2\/comunidades-upm?post=12011"},{"taxonomy":"quien","embeddable":true,"href":"https:\/\/www.upm.es\/recursosidi\/wp-json\/wp\/v2\/quien?post=12011"},{"taxonomy":"mapa","embeddable":true,"href":"https:\/\/www.upm.es\/recursosidi\/wp-json\/wp\/v2\/mapa?post=12011"},{"taxonomy":"disponibilidad","embeddable":true,"href":"https:\/\/www.upm.es\/recursosidi\/wp-json\/wp\/v2\/disponibilidad?post=12011"},{"taxonomy":"donde","embeddable":true,"href":"https:\/\/www.upm.es\/recursosidi\/wp-json\/wp\/v2\/donde?post=12011"},{"taxonomy":"infraestructura","embeddable":true,"href":"https:\/\/www.upm.es\/recursosidi\/wp-json\/wp\/v2\/infraestructura?post=12011"},{"taxonomy":"ods","embeddable":true,"href":"https:\/\/www.upm.es\/recursosidi\/wp-json\/wp\/v2\/ods?post=12011"},{"taxonomy":"origen","embeddable":true,"href":"https:\/\/www.upm.es\/recursosidi\/wp-json\/wp\/v2\/origen?post=12011"}],"curies":[{"name":"wp","href":"https:\/\/api.w.org\/{rel}","templated":true}]}}