{"id":12015,"date":"2023-03-22T12:37:19","date_gmt":"2023-03-22T11:37:19","guid":{"rendered":"https:\/\/www.upm.es\/recursosidi\/offers-resources\/sin categor\u00eda\/determinacion-del-tiempo-de-fraguado-del-cemento\/"},"modified":"2023-03-22T12:37:19","modified_gmt":"2023-03-22T11:37:19","slug":"determinacion-del-tiempo-de-fraguado-del-cemento","status":"publish","type":"product","link":"https:\/\/www.upm.es\/recursosidi\/offers-resources\/servicios-cientifico-tecnologico\/servicios-servicios-cientifico-tecnologico\/determinacion-del-tiempo-de-fraguado-del-cemento\/","title":{"rendered":"Determinaci\u00f3n del tiempo de fraguado del cemento"},"content":{"rendered":"<h2>Determinaci&oacute;n del tiempo inicial y final de fraguado del cemento empleado en construcci&oacute;n<\/h2>\n<h4>Aguja de Vicat autom&aacute;tica para la determinaci&oacute;n del tiempo de fraguado del cemento<\/h4>\n<hr \/>\n<hr \/>\n<h4>Necesidades demandadas y aplicaciones<\/h4>\n<p class=\"\">Control de calidad de cementos empleados en construcci&oacute;n&nbsp;&nbsp;<\/p>\n<hr \/>\n<h4 class=\"\">Sector o &aacute;rea de aplicaci&oacute;n<\/h4>\n<p class=\"\">Materiales de construcci&oacute;n&nbsp;&nbsp;&nbsp;<\/p>\n<hr \/>\n<h4 class=\"\">Competencias diferenciales<\/h4>\n<p class=\"\">Caracterizaci&oacute;n de cementos para su uso en construcci&oacute;n&nbsp;&nbsp;&nbsp;<\/p>\n<hr \/>\n<h4 class=\"\">Referencias previas de prestaci&oacute;n<\/h4>\n<p class=\"\">Trabajos de investigaci&oacute;n y convenios universidad-empresa&nbsp;&nbsp;<\/p>\n<hr \/>\n<h4 class=\"\">Descripci&oacute;n del equipamiento<\/h4>\n<p class=\"\">Aguja de Vicat autom&aacute;tica, para determinaci&oacute;n del tiempo de fraguado, operando en intervalos fijos, con registro de datos. El equipo incluye tambi&eacute;n un programa para ensayos de yesos, seg&uacute;n DIN 1168. La sonda tiene un peso de 300 g (1000 g AFNOR), y la aguja un di&aacute;metro de 1,13 mm (1 mm ASTM). El equipo realiza un ciclo completo de penetraci&oacute;n en 30 segundos, o en intervalos de tiempo de 1 &ndash; 5 &ndash; 10 &ndash; 15 &ndash; 30 minutos desde una penetraci&oacute;n a otra.&nbsp;&nbsp;<\/p>\n<hr \/>\n<h4 class=\"\">Solicitud del servicio<\/h4>\n<p class=\"\">Tfno.: 910 674 125&nbsp;&nbsp;&nbsp;&nbsp; e-mail: <span rel=\"71313030b0310731b93113319d311230b3310f31c5313931b431323193313931bc312c3188310f31cd31\" class=\"cryptex \" style=\"\"><span class=\"CryptexImg ctxoMBVt8ztl7C-PWQMJuVu8EAZwmgpoCwtt3iyv5XK4wA\"><\/span><\/span>&nbsp;<\/p>\n<div class=\"pdfprnt-buttons pdfprnt-buttons-product pdfprnt-bottom-left\"><a href=\"https:\/\/www.upm.es\/recursosidi\/wp-json\/wp\/v2\/product\/12015?print=pdf\" class=\"pdfprnt-button pdfprnt-button-pdf\" target=\"_blank\"><span class=\"pdfprnt-button-title pdfprnt-button-pdf-title\">Descargar ficha<\/span><\/a><\/div>","protected":false},"excerpt":{"rendered":"<p>Aguja de Vicat autom\u00e1tica para la determinaci\u00f3n del tiempo de fraguado del cemento <\/p>\n","protected":false},"featured_media":12014,"template":"","meta":{"_acf_changed":false},"product_cat":[2395],"product_tag":[9052,2885,3095,2492],"comunidades-upm":[],"quien":[],"mapa":[{"term_id":2405,"name":"Ciencia para la ingenier\u00eda y la arquitectura","slug":"ciencia-para-ingenieria-y-arquitectura","term_group":0,"term_taxonomy_id":2405,"taxonomy":"mapa","description":"","parent":0,"count":127,"filter":"raw","term_order":"7"}],"disponibilidad":[{"term_id":205,"name":"Consultar disponibilidad","slug":"consultar","term_group":0,"term_taxonomy_id":205,"taxonomy":"disponibilidad","description":"","parent":0,"count":290,"filter":"raw","term_order":"0"}],"donde":[{"term_id":606,"name":"Centro de Investigaci\u00f3n en Materiales Estructurales (CIME)","slug":"centro-de-investigacion-en-materiales-estructurales-cime","term_group":0,"term_taxonomy_id":606,"taxonomy":"donde","description":"","parent":0,"count":42,"filter":"raw","term_order":"0"},{"term_id":1568,"name":"Construction Technology and Materials Science for building and Civil works","slug":"en_construction-technology-and-materials-science-for-building-and-civil-works","term_group":0,"term_taxonomy_id":1568,"taxonomy":"donde","description":"","parent":0,"count":23,"filter":"raw","term_order":"0"},{"term_id":1828,"name":"RESEARCH CENTRE STRUCTURAL MATERIALS (CIME)","slug":"en_research-centre-structural-materials-cime","term_group":0,"term_taxonomy_id":1828,"taxonomy":"donde","description":"","parent":0,"count":37,"filter":"raw","term_order":"0"},{"term_id":344,"name":"Tecnolog\u00eda de la Construcci\u00f3n y Ciencia de los Materiales para la edificaci\u00f3n y la obra Civil","slug":"tecnologia-de-la-construccion-y-ciencia-de-los-materiales-para-la-edificacion-y-la-obra-civil","term_group":0,"term_taxonomy_id":344,"taxonomy":"donde","description":"","parent":0,"count":23,"filter":"raw","term_order":"0"}],"infraestructura":[{"term_id":8911,"name":"Laboratorio de Materiales de Construcci\u00f3n de la E.T.S. Ingenieros de Caminos, Canales y Puertos","slug":"laboratorio-de-materiales-de-construccion-de-la-e-t-s-ingenieros-de-caminos-canales-y-puertos","term_group":0,"term_taxonomy_id":8911,"taxonomy":"infraestructura","description":"","parent":0,"count":23,"filter":"raw","term_order":"0"}],"ods":[{"term_id":2247,"name":"Industria, Innovaci\u00f3n e Infraestructura","slug":"industria-innovacion-e-infraestructura","term_group":0,"term_taxonomy_id":2247,"taxonomy":"ods","description":"","parent":0,"count":171,"filter":"raw","term_order":"0"}],"origen":[{"term_id":196,"name":"Infraestructuras, Instalaci\u00f3n, Equipo","slug":"infraestructuras","term_group":0,"term_taxonomy_id":196,"taxonomy":"origen","description":"","parent":0,"count":180,"filter":"raw","term_order":"0"}],"familia_tax":false,"quien_tax":false,"donde_tax":false,"year":"2022-01-01","contacto":"Madrid, Campus Ciudad Universitaria, Calle del Prof. Aranguren, 3\r\nEscuela de Caminos Canales y Puertos. Dpto. Ingenier\u00eda Civil: Construcci\u00f3n. Laboratorio de Materiales de Construcci\u00f3n","telefono":"910674125","pagina_web":"https:\/\/caminos.upm.es\/","email":"jaime.galvez@upm.es","id_ficha_portal":"486","video":"","adjuntos":false,"adjuntos_portal":"","inf":false,"departamento":"","acf":[],"lang":"es","translation":{"es":12015},"_links":{"self":[{"href":"https:\/\/www.upm.es\/recursosidi\/wp-json\/wp\/v2\/product\/12015"}],"collection":[{"href":"https:\/\/www.upm.es\/recursosidi\/wp-json\/wp\/v2\/product"}],"about":[{"href":"https:\/\/www.upm.es\/recursosidi\/wp-json\/wp\/v2\/types\/product"}],"wp:featuredmedia":[{"embeddable":true,"href":"https:\/\/www.upm.es\/recursosidi\/wp-json\/wp\/v2\/media\/12014"}],"wp:attachment":[{"href":"https:\/\/www.upm.es\/recursosidi\/wp-json\/wp\/v2\/media?parent=12015"}],"wp:term":[{"taxonomy":"product_cat","embeddable":true,"href":"https:\/\/www.upm.es\/recursosidi\/wp-json\/wp\/v2\/product_cat?post=12015"},{"taxonomy":"product_tag","embeddable":true,"href":"https:\/\/www.upm.es\/recursosidi\/wp-json\/wp\/v2\/product_tag?post=12015"},{"taxonomy":"comunidad_upm","embeddable":true,"href":"https:\/\/www.upm.es\/recursosidi\/wp-json\/wp\/v2\/comunidades-upm?post=12015"},{"taxonomy":"quien","embeddable":true,"href":"https:\/\/www.upm.es\/recursosidi\/wp-json\/wp\/v2\/quien?post=12015"},{"taxonomy":"mapa","embeddable":true,"href":"https:\/\/www.upm.es\/recursosidi\/wp-json\/wp\/v2\/mapa?post=12015"},{"taxonomy":"disponibilidad","embeddable":true,"href":"https:\/\/www.upm.es\/recursosidi\/wp-json\/wp\/v2\/disponibilidad?post=12015"},{"taxonomy":"donde","embeddable":true,"href":"https:\/\/www.upm.es\/recursosidi\/wp-json\/wp\/v2\/donde?post=12015"},{"taxonomy":"infraestructura","embeddable":true,"href":"https:\/\/www.upm.es\/recursosidi\/wp-json\/wp\/v2\/infraestructura?post=12015"},{"taxonomy":"ods","embeddable":true,"href":"https:\/\/www.upm.es\/recursosidi\/wp-json\/wp\/v2\/ods?post=12015"},{"taxonomy":"origen","embeddable":true,"href":"https:\/\/www.upm.es\/recursosidi\/wp-json\/wp\/v2\/origen?post=12015"}],"curies":[{"name":"wp","href":"https:\/\/api.w.org\/{rel}","templated":true}]}}