{"id":12050,"date":"2023-03-23T12:41:54","date_gmt":"2023-03-23T11:41:54","guid":{"rendered":"https:\/\/www.upm.es\/recursosidi\/offers-resources\/sin categor\u00eda\/ensayo-del-equivalente-de-arena\/"},"modified":"2023-03-23T12:41:54","modified_gmt":"2023-03-23T11:41:54","slug":"ensayo-del-equivalente-de-arena","status":"publish","type":"product","link":"https:\/\/www.upm.es\/recursosidi\/offers-resources\/servicios-cientifico-tecnologico\/servicios-servicios-cientifico-tecnologico\/ensayo-del-equivalente-de-arena\/","title":{"rendered":"Ensayo del equivalente de arena"},"content":{"rendered":"<h2 class=\"\"><strong>Ensayo para determinar el grado de limpieza de los &aacute;ridos que se emplean en construcci&oacute;n<\/strong>&nbsp;<\/h2>\n<h4 class=\"\"><em>Ensayo del equivalente de arena&nbsp;&nbsp;<\/em><\/h4>\n<hr \/>\n<h4>Descripci&oacute;n de los servicios que se ofrecen<\/h4>\n<p>Caracterizaci&oacute;n de los &aacute;ridos empleados en construcci&oacute;n&nbsp;<\/p>\n<hr \/>\n<h4 class=\"\">Necesidades demandadas y aplicaciones<\/h4>\n<p>Este ensayo se realiza para determinar el grado de limpieza de los &aacute;ridos que se emplean en construcci&oacute;n<\/p>\n<hr \/>\n<h4 class=\"\">Referencias previas de prestaci&oacute;n<\/h4>\n<p>Este ensayo se ha realizado en diversos proyectos asociados a laboratorios de control de calidad de materiales y empresas constructoras.&nbsp;<\/p>\n<hr \/>\n<h4 class=\"\">Descripci&oacute;n del equipamiento<\/h4>\n<p>Equipo completo para determinar el equivalente de arena, formado por 3 probeta graduadas de pl&aacute;stico; recipiente de 5l con tapa sif&oacute;nica; varilla con lastre; tubo irrigador; medida de 85 cm3; embudo de llenado; tubo de goma (1 m); tap&oacute;n de goma.<\/p>\n<hr \/>\n<h4 class=\"\">Solicitud del servicio<\/h4>\n<p>Tfno.: 910 674 125&nbsp;&nbsp;&nbsp;&nbsp; e-mail: <a href=\"mailto:<span rel=\"66312b30ae3110319e311d31ac312830a3312531c0313d319931453188312231a1311d3179311c31a631\" class=\"cryptex \" style=\"\"><span class=\"CryptexImg ctxoMBVt8ztl7C-PWQMJuVu8EAZwmgpoCwtt3iyv5XK4wA\"><\/span><\/span>\"><span rel=\"66312b30ae3110319e311d31ac312830a3312531c0313d319931453188312231a1311d3179311c31a631\" class=\"cryptex \" style=\"\"><span class=\"CryptexImg ctxoMBVt8ztl7C-PWQMJuVu8EAZwmgpoCwtt3iyv5XK4wA\"><\/span><\/span>&nbsp;<\/a><\/p>\n<hr \/>\n<p>&nbsp;<\/p>\n<div class=\"pdfprnt-buttons pdfprnt-buttons-product pdfprnt-bottom-left\"><a href=\"https:\/\/www.upm.es\/recursosidi\/wp-json\/wp\/v2\/product\/12050?print=pdf\" class=\"pdfprnt-button pdfprnt-button-pdf\" target=\"_blank\"><span class=\"pdfprnt-button-title pdfprnt-button-pdf-title\">Descargar ficha<\/span><\/a><\/div>","protected":false},"excerpt":{"rendered":"<p>Este ensayo se realiza para determinar las proporciones existentes entre arcillas, limos y polvos en terrenos granulares y \u00e1ridos finos (UNE-EN 933-8:2012+A1:2015\/1M:2016; UNE 103109:2022).<\/p>\n","protected":false},"featured_media":12049,"template":"","meta":{"_acf_changed":false},"product_cat":[2395],"product_tag":[9006,2885,3095],"comunidades-upm":[],"quien":[],"mapa":[{"term_id":2405,"name":"Ciencia para la ingenier\u00eda y la arquitectura","slug":"ciencia-para-ingenieria-y-arquitectura","term_group":0,"term_taxonomy_id":2405,"taxonomy":"mapa","description":"","parent":0,"count":127,"filter":"raw","term_order":"7"}],"disponibilidad":[{"term_id":205,"name":"Consultar disponibilidad","slug":"consultar","term_group":0,"term_taxonomy_id":205,"taxonomy":"disponibilidad","description":"","parent":0,"count":290,"filter":"raw","term_order":"0"}],"donde":[{"term_id":606,"name":"Centro de Investigaci\u00f3n en Materiales Estructurales (CIME)","slug":"centro-de-investigacion-en-materiales-estructurales-cime","term_group":0,"term_taxonomy_id":606,"taxonomy":"donde","description":"","parent":0,"count":42,"filter":"raw","term_order":"0"},{"term_id":1568,"name":"Construction Technology and Materials Science for building and Civil works","slug":"en_construction-technology-and-materials-science-for-building-and-civil-works","term_group":0,"term_taxonomy_id":1568,"taxonomy":"donde","description":"","parent":0,"count":23,"filter":"raw","term_order":"0"},{"term_id":1828,"name":"RESEARCH CENTRE STRUCTURAL MATERIALS (CIME)","slug":"en_research-centre-structural-materials-cime","term_group":0,"term_taxonomy_id":1828,"taxonomy":"donde","description":"","parent":0,"count":37,"filter":"raw","term_order":"0"},{"term_id":344,"name":"Tecnolog\u00eda de la Construcci\u00f3n y Ciencia de los Materiales para la edificaci\u00f3n y la obra Civil","slug":"tecnologia-de-la-construccion-y-ciencia-de-los-materiales-para-la-edificacion-y-la-obra-civil","term_group":0,"term_taxonomy_id":344,"taxonomy":"donde","description":"","parent":0,"count":23,"filter":"raw","term_order":"0"}],"infraestructura":[{"term_id":8911,"name":"Laboratorio de Materiales de Construcci\u00f3n de la E.T.S. Ingenieros de Caminos, Canales y Puertos","slug":"laboratorio-de-materiales-de-construccion-de-la-e-t-s-ingenieros-de-caminos-canales-y-puertos","term_group":0,"term_taxonomy_id":8911,"taxonomy":"infraestructura","description":"","parent":0,"count":23,"filter":"raw","term_order":"0"}],"ods":[{"term_id":2247,"name":"Industria, Innovaci\u00f3n e Infraestructura","slug":"industria-innovacion-e-infraestructura","term_group":0,"term_taxonomy_id":2247,"taxonomy":"ods","description":"","parent":0,"count":171,"filter":"raw","term_order":"0"}],"origen":[{"term_id":196,"name":"Infraestructuras, Instalaci\u00f3n, Equipo","slug":"infraestructuras","term_group":0,"term_taxonomy_id":196,"taxonomy":"origen","description":"","parent":0,"count":180,"filter":"raw","term_order":"0"}],"familia_tax":false,"quien_tax":false,"donde_tax":false,"year":"2019-01-01","contacto":"Madrid, Campus Ciudad Universitaria, Calle del Prof. Aranguren, 3\r\nEscuela de Caminos Canales y Puertos. Dpto. Ingenier\u00eda Civil: Construcci\u00f3n. Laboratorio de Materiales de Construcci\u00f3n","telefono":"910674125","pagina_web":"https:\/\/caminos.upm.es\/","email":"jaime.galvez@upm.es","id_ficha_portal":"480","video":"","adjuntos":false,"adjuntos_portal":"","inf":false,"departamento":"","acf":[],"lang":"es","translation":{"es":12050},"_links":{"self":[{"href":"https:\/\/www.upm.es\/recursosidi\/wp-json\/wp\/v2\/product\/12050"}],"collection":[{"href":"https:\/\/www.upm.es\/recursosidi\/wp-json\/wp\/v2\/product"}],"about":[{"href":"https:\/\/www.upm.es\/recursosidi\/wp-json\/wp\/v2\/types\/product"}],"wp:featuredmedia":[{"embeddable":true,"href":"https:\/\/www.upm.es\/recursosidi\/wp-json\/wp\/v2\/media\/12049"}],"wp:attachment":[{"href":"https:\/\/www.upm.es\/recursosidi\/wp-json\/wp\/v2\/media?parent=12050"}],"wp:term":[{"taxonomy":"product_cat","embeddable":true,"href":"https:\/\/www.upm.es\/recursosidi\/wp-json\/wp\/v2\/product_cat?post=12050"},{"taxonomy":"product_tag","embeddable":true,"href":"https:\/\/www.upm.es\/recursosidi\/wp-json\/wp\/v2\/product_tag?post=12050"},{"taxonomy":"comunidad_upm","embeddable":true,"href":"https:\/\/www.upm.es\/recursosidi\/wp-json\/wp\/v2\/comunidades-upm?post=12050"},{"taxonomy":"quien","embeddable":true,"href":"https:\/\/www.upm.es\/recursosidi\/wp-json\/wp\/v2\/quien?post=12050"},{"taxonomy":"mapa","embeddable":true,"href":"https:\/\/www.upm.es\/recursosidi\/wp-json\/wp\/v2\/mapa?post=12050"},{"taxonomy":"disponibilidad","embeddable":true,"href":"https:\/\/www.upm.es\/recursosidi\/wp-json\/wp\/v2\/disponibilidad?post=12050"},{"taxonomy":"donde","embeddable":true,"href":"https:\/\/www.upm.es\/recursosidi\/wp-json\/wp\/v2\/donde?post=12050"},{"taxonomy":"infraestructura","embeddable":true,"href":"https:\/\/www.upm.es\/recursosidi\/wp-json\/wp\/v2\/infraestructura?post=12050"},{"taxonomy":"ods","embeddable":true,"href":"https:\/\/www.upm.es\/recursosidi\/wp-json\/wp\/v2\/ods?post=12050"},{"taxonomy":"origen","embeddable":true,"href":"https:\/\/www.upm.es\/recursosidi\/wp-json\/wp\/v2\/origen?post=12050"}],"curies":[{"name":"wp","href":"https:\/\/api.w.org\/{rel}","templated":true}]}}