{"id":12087,"date":"2023-03-29T12:39:30","date_gmt":"2023-03-29T10:39:30","guid":{"rendered":"https:\/\/www.upm.es\/recursosidi\/offers-resources\/sin categor\u00eda\/caracterizacion-mecanica-de-hormigones-y-acero-estructurales\/"},"modified":"2023-03-29T12:39:30","modified_gmt":"2023-03-29T10:39:30","slug":"caracterizacion-mecanica-de-hormigones-y-acero-estructurales","status":"publish","type":"product","link":"https:\/\/www.upm.es\/recursosidi\/offers-resources\/servicios-cientifico-tecnologico\/servicios-servicios-cientifico-tecnologico\/caracterizacion-mecanica-de-hormigones-y-acero-estructurales\/","title":{"rendered":"Caracterizaci\u00f3n mec\u00e1nica de hormigones y acero estructurales."},"content":{"rendered":"<h2>La caracterizaci&oacute;n del hormig&oacute;n y del acero es un aspecto importante de cara a su uso como materiales de construcci&oacute;n.&nbsp;<\/h2>\n<hr \/>\n<h4>Sector o &aacute;rea de aplicaci&oacute;n<\/h4>\n<p>Materiales de construcci&oacute;n. Hormig&oacute;n y acero.<\/p>\n<hr \/>\n<h4 class=\"\">Competencias diferenciales<\/h4>\n<p>Realizaci&oacute;n de caracterizaci&oacute;n del hormig&oacute;n y acero con equipo dotado del &uacute;ltimo software.<\/p>\n<hr \/>\n<h4 class=\"\">Referencias previas de prestaci&oacute;n<\/h4>\n<p>Diversos estudios se han realizado en este servicio para empresas constructoras. Adem&aacute;s ha servido para la realizaci&oacute;n de Tesis doctorales y Trabajos Fin de M&aacute;ster.<\/p>\n<hr \/>\n<h4 class=\"\">Descripci&oacute;n del equipamiento<\/h4>\n<p>Maquina universal de ensayos Instron 8803 para una gran variedad de ensayos, como: mordazas de tracci&oacute;n, placas de compresi&oacute;n y dispositivos de flexi&oacute;n con 3 o 4 puntos de ensayo.<\/p>\n<hr \/>\n<h4 class=\"\">Solicitud del servicio<\/h4>\n<p>Tfno.: 910 674 125&nbsp;&nbsp;&nbsp;&nbsp; e-mail: <span rel=\"6d313530ba312131ad311931bd312930ab312931ab314331bf31463191313a31be312b3174312331a531\" class=\"cryptex \" style=\"\"><span class=\"CryptexImg ctxoMBVt8ztl7C-PWQMJuVu8EAZwmgpoCwtt3iyv5XK4wA\"><\/span><\/span><\/p>\n<hr \/>\n<p>&nbsp;<\/p>\n<div class=\"pdfprnt-buttons pdfprnt-buttons-product pdfprnt-bottom-left\"><a href=\"https:\/\/www.upm.es\/recursosidi\/wp-json\/wp\/v2\/product\/12087?print=pdf\" class=\"pdfprnt-button pdfprnt-button-pdf\" target=\"_blank\"><span class=\"pdfprnt-button-title pdfprnt-button-pdf-title\">Descargar ficha<\/span><\/a><\/div>","protected":false},"excerpt":{"rendered":"<p>Maquina universal de ensayos Instron 8803 para una gran variedad de ensayos, como: mordazas de tracci\u00f3n, placas de compresi\u00f3n y dispositivos de flexi\u00f3n con 3 o 4 puntos de ensayo.<\/p>\n","protected":false},"featured_media":12086,"template":"","meta":{"_acf_changed":false},"product_cat":[2395],"product_tag":[9085,9077,9081,2884,9083,2885,9079],"comunidades-upm":[],"quien":[],"mapa":[{"term_id":2405,"name":"Ciencia para la ingenier\u00eda y la arquitectura","slug":"ciencia-para-ingenieria-y-arquitectura","term_group":0,"term_taxonomy_id":2405,"taxonomy":"mapa","description":"","parent":0,"count":127,"filter":"raw","term_order":"7"}],"disponibilidad":[{"term_id":205,"name":"Consultar disponibilidad","slug":"consultar","term_group":0,"term_taxonomy_id":205,"taxonomy":"disponibilidad","description":"","parent":0,"count":290,"filter":"raw","term_order":"0"}],"donde":[{"term_id":606,"name":"Centro de Investigaci\u00f3n en Materiales Estructurales (CIME)","slug":"centro-de-investigacion-en-materiales-estructurales-cime","term_group":0,"term_taxonomy_id":606,"taxonomy":"donde","description":"","parent":0,"count":42,"filter":"raw","term_order":"0"},{"term_id":1568,"name":"Construction Technology and Materials Science for building and Civil works","slug":"en_construction-technology-and-materials-science-for-building-and-civil-works","term_group":0,"term_taxonomy_id":1568,"taxonomy":"donde","description":"","parent":0,"count":23,"filter":"raw","term_order":"0"},{"term_id":1828,"name":"RESEARCH CENTRE STRUCTURAL MATERIALS (CIME)","slug":"en_research-centre-structural-materials-cime","term_group":0,"term_taxonomy_id":1828,"taxonomy":"donde","description":"","parent":0,"count":37,"filter":"raw","term_order":"0"},{"term_id":344,"name":"Tecnolog\u00eda de la Construcci\u00f3n y Ciencia de los Materiales para la edificaci\u00f3n y la obra Civil","slug":"tecnologia-de-la-construccion-y-ciencia-de-los-materiales-para-la-edificacion-y-la-obra-civil","term_group":0,"term_taxonomy_id":344,"taxonomy":"donde","description":"","parent":0,"count":23,"filter":"raw","term_order":"0"}],"infraestructura":[{"term_id":8911,"name":"Laboratorio de Materiales de Construcci\u00f3n de la E.T.S. Ingenieros de Caminos, Canales y Puertos","slug":"laboratorio-de-materiales-de-construccion-de-la-e-t-s-ingenieros-de-caminos-canales-y-puertos","term_group":0,"term_taxonomy_id":8911,"taxonomy":"infraestructura","description":"","parent":0,"count":23,"filter":"raw","term_order":"0"}],"ods":[{"term_id":2247,"name":"Industria, Innovaci\u00f3n e Infraestructura","slug":"industria-innovacion-e-infraestructura","term_group":0,"term_taxonomy_id":2247,"taxonomy":"ods","description":"","parent":0,"count":171,"filter":"raw","term_order":"0"}],"origen":[{"term_id":196,"name":"Infraestructuras, Instalaci\u00f3n, Equipo","slug":"infraestructuras","term_group":0,"term_taxonomy_id":196,"taxonomy":"origen","description":"","parent":0,"count":180,"filter":"raw","term_order":"0"}],"familia_tax":false,"quien_tax":false,"donde_tax":false,"year":"2013-01-01","contacto":"c\/ Profesor Aranguren, s\/n","telefono":"910674125","pagina_web":"https:\/\/caminos.upm.es\/","email":"jaime.galvez@upm.es","id_ficha_portal":"464","video":"","adjuntos":false,"adjuntos_portal":"","inf":false,"departamento":"","acf":[],"lang":"es","translation":{"es":12087},"_links":{"self":[{"href":"https:\/\/www.upm.es\/recursosidi\/wp-json\/wp\/v2\/product\/12087"}],"collection":[{"href":"https:\/\/www.upm.es\/recursosidi\/wp-json\/wp\/v2\/product"}],"about":[{"href":"https:\/\/www.upm.es\/recursosidi\/wp-json\/wp\/v2\/types\/product"}],"wp:featuredmedia":[{"embeddable":true,"href":"https:\/\/www.upm.es\/recursosidi\/wp-json\/wp\/v2\/media\/12086"}],"wp:attachment":[{"href":"https:\/\/www.upm.es\/recursosidi\/wp-json\/wp\/v2\/media?parent=12087"}],"wp:term":[{"taxonomy":"product_cat","embeddable":true,"href":"https:\/\/www.upm.es\/recursosidi\/wp-json\/wp\/v2\/product_cat?post=12087"},{"taxonomy":"product_tag","embeddable":true,"href":"https:\/\/www.upm.es\/recursosidi\/wp-json\/wp\/v2\/product_tag?post=12087"},{"taxonomy":"comunidad_upm","embeddable":true,"href":"https:\/\/www.upm.es\/recursosidi\/wp-json\/wp\/v2\/comunidades-upm?post=12087"},{"taxonomy":"quien","embeddable":true,"href":"https:\/\/www.upm.es\/recursosidi\/wp-json\/wp\/v2\/quien?post=12087"},{"taxonomy":"mapa","embeddable":true,"href":"https:\/\/www.upm.es\/recursosidi\/wp-json\/wp\/v2\/mapa?post=12087"},{"taxonomy":"disponibilidad","embeddable":true,"href":"https:\/\/www.upm.es\/recursosidi\/wp-json\/wp\/v2\/disponibilidad?post=12087"},{"taxonomy":"donde","embeddable":true,"href":"https:\/\/www.upm.es\/recursosidi\/wp-json\/wp\/v2\/donde?post=12087"},{"taxonomy":"infraestructura","embeddable":true,"href":"https:\/\/www.upm.es\/recursosidi\/wp-json\/wp\/v2\/infraestructura?post=12087"},{"taxonomy":"ods","embeddable":true,"href":"https:\/\/www.upm.es\/recursosidi\/wp-json\/wp\/v2\/ods?post=12087"},{"taxonomy":"origen","embeddable":true,"href":"https:\/\/www.upm.es\/recursosidi\/wp-json\/wp\/v2\/origen?post=12087"}],"curies":[{"name":"wp","href":"https:\/\/api.w.org\/{rel}","templated":true}]}}