{"id":12112,"date":"2023-04-11T12:42:37","date_gmt":"2023-04-11T10:42:37","guid":{"rendered":"https:\/\/www.upm.es\/recursosidi\/offers-resources\/sin categor\u00eda\/geomecanica-computacional\/"},"modified":"2023-04-11T12:42:37","modified_gmt":"2023-04-11T10:42:37","slug":"geomecanica-computacional","status":"publish","type":"product","link":"https:\/\/www.upm.es\/recursosidi\/offers-resources\/servicios-cientifico-tecnologico\/servicios-servicios-cientifico-tecnologico\/geomecanica-computacional\/","title":{"rendered":"Geomec\u00e1nica Computacional"},"content":{"rendered":"<hr \/>\n<h4 class=\"\">Servicios que se ofrecen<\/h4>\n<p>&#8211; Modelizaci&oacute;n de flujos m&aacute;sicos a trav&eacute;s de m&eacute;todos sin malla<br \/>&#8211; Modelizaci&oacute;n mediante elementos discretos<br \/>&#8211; Modelos acoplados Termo-Hidro-Mec&aacute;nicos para simulaci&oacute;n de flujos m&aacute;sicos.<br \/>&#8211; Modelos num&eacute;ricos y constitutivos para problemas de ingenier&iacute;a geot&eacute;cnica (Presas de relaves, taludes, licuefacci&oacute;n)<br \/>&#8211; Modelos acoplados Termo-Chemo-Hidro-Mec&aacute;nicos para aplicaciones energ&eacute;ticas: almacenamiento geol&oacute;gico de CO2, H2, estructuras energ&eacute;ticas<\/p>\n<hr \/>\n<h4 class=\"\">Necesidades demandadas y aplicaciones<\/h4>\n<p class=\"\">C&aacute;lculos geomec&aacute;nicos avanzados que requieran la utilizaci&oacute;n de modelos m&aacute;s o menos complejos, tales como modelos constitutivos de comportamiento no convencionales, as&iacute; como acoplamientos con las distintas fases que intervienen en los procesos geot&eacute;cnicos.<\/p>\n<p class=\"\">C&aacute;lculos de cimentaciones termoactivas y geotermia somera de baja entalp&iacute;a (o de baja temperatura).<\/p>\n<hr \/>\n<h4 class=\"\">Sector o &aacute;rea de aplicaci&oacute;n<\/h4>\n<p class=\"\">&#8211; Geotecnia<br \/>&#8211; Cimentaciones termoactivas y geotermia somera<br \/>&#8211; An&aacute;lisis de riesgos<br \/>&#8211; An&aacute;lisis de viabilidad<\/p>\n<hr \/>\n<h4 class=\"\">Competencias diferenciales<\/h4>\n<p>El grupo ha sido tradicionalmente experto en desarrollo de software propio de c&aacute;lculo computacional, con especial &eacute;nfasis en tem&aacute;ticas de gran relevancia cient&iacute;fica como:<\/p>\n<p>&#8211; M&eacute;todos sin malla<br \/>&#8211; Estabilizaci&oacute;n de soluciones num&eacute;ricas<br \/>&#8211; Acoplamientos multifase<br \/>&#8211; Comportamientos constitutivos no convencionales<br \/>&#8211; Fractura<\/p>\n<hr \/>\n<h4 class=\"\">Referencias previas de prestaci&oacute;n<\/h4>\n<p>Las &uacute;ltimas colaboraciones con organismos o entes p&uacute;blicos y privados han sido:<\/p>\n<p>&#8211; Banco Iberoamericano de Desarrollo<br \/>&#8211; SINTEF<br \/>&#8211; YPF &#8211; Tecnolog&iacute;a<\/p>\n<hr \/>\n<h4 class=\"\">Solicitud del servicio<\/h4>\n<p>Mediante correo electr&oacute;nico<\/p>\n<hr \/>\n<div class=\"notranslate\">&nbsp;<\/div>\n<div class=\"pdfprnt-buttons pdfprnt-buttons-product pdfprnt-bottom-left\"><a href=\"https:\/\/www.upm.es\/recursosidi\/wp-json\/wp\/v2\/product\/12112?print=pdf\" class=\"pdfprnt-button pdfprnt-button-pdf\" target=\"_blank\"><span class=\"pdfprnt-button-title pdfprnt-button-pdf-title\">Descargar ficha<\/span><\/a><\/div>","protected":false},"excerpt":{"rendered":"<p>Simulaci\u00f3n computacional del comportamiento est\u00e1tico y din\u00e1mico de geomateriales frente a distintos tipos de acciones, abarcando campos de gran complejidad num\u00e9rica como las deformaciones extremas o los acoplamientos de distintas fases o incluso procesos t\u00e9rmicos.<\/p>\n","protected":false},"featured_media":12107,"template":"","meta":{"_acf_changed":false},"product_cat":[2395],"product_tag":[9151,9143,9155,9145,9157,9153,9147,9149],"comunidades-upm":[],"quien":[],"mapa":[{"term_id":2405,"name":"Ciencia para la ingenier\u00eda y la arquitectura","slug":"ciencia-para-ingenieria-y-arquitectura","term_group":0,"term_taxonomy_id":2405,"taxonomy":"mapa","description":"","parent":0,"count":127,"filter":"raw","term_order":"7"}],"disponibilidad":[{"term_id":204,"name":"Disponible","slug":"disponible","term_group":0,"term_taxonomy_id":204,"taxonomy":"disponibilidad","description":"","parent":0,"count":110,"filter":"raw","term_order":"0"}],"donde":[{"term_id":1576,"name":"Computational Mechanics Group","slug":"en_computational-mechanics-group","term_group":0,"term_taxonomy_id":1576,"taxonomy":"donde","description":"","parent":0,"count":9,"filter":"raw","term_order":"0"},{"term_id":352,"name":"Grupo de Mec\u00e1nica Computacional","slug":"grupo-de-mecanica-computacional","term_group":0,"term_taxonomy_id":352,"taxonomy":"donde","description":"","parent":0,"count":9,"filter":"raw","term_order":"0"}],"infraestructura":[],"ods":[{"term_id":2231,"name":"Acci\u00f3n por el Clima","slug":"accion-por-el-clima","term_group":0,"term_taxonomy_id":2231,"taxonomy":"ods","description":"","parent":0,"count":67,"filter":"raw","term_order":"0"},{"term_id":2255,"name":"Energ\u00eda Asequible y no Contaminante","slug":"energia-asequible-y-no-contaminante","term_group":0,"term_taxonomy_id":2255,"taxonomy":"ods","description":"","parent":0,"count":34,"filter":"raw","term_order":"0"}],"origen":[{"term_id":196,"name":"Infraestructuras, Instalaci\u00f3n, Equipo","slug":"infraestructuras","term_group":0,"term_taxonomy_id":196,"taxonomy":"origen","description":"","parent":0,"count":180,"filter":"raw","term_order":"0"}],"familia_tax":false,"quien_tax":false,"donde_tax":false,"year":"2000-01-01","contacto":"ETSI Caminos, Canales y Puertos -UPM, c\/ Profesor Aranguren, 3, 28040, Madrid","telefono":"910674174","pagina_web":"http:\/\/www.mecanica.upm.es\/","email":"d.manzanal@upm.es","id_ficha_portal":"481","video":"https:\/\/youtu.be\/20ccFA6jc8Y","adjuntos":false,"adjuntos_portal":"","inf":false,"departamento":"","acf":[],"lang":"es","translation":{"es":12112},"_links":{"self":[{"href":"https:\/\/www.upm.es\/recursosidi\/wp-json\/wp\/v2\/product\/12112"}],"collection":[{"href":"https:\/\/www.upm.es\/recursosidi\/wp-json\/wp\/v2\/product"}],"about":[{"href":"https:\/\/www.upm.es\/recursosidi\/wp-json\/wp\/v2\/types\/product"}],"wp:featuredmedia":[{"embeddable":true,"href":"https:\/\/www.upm.es\/recursosidi\/wp-json\/wp\/v2\/media\/12107"}],"wp:attachment":[{"href":"https:\/\/www.upm.es\/recursosidi\/wp-json\/wp\/v2\/media?parent=12112"}],"wp:term":[{"taxonomy":"product_cat","embeddable":true,"href":"https:\/\/www.upm.es\/recursosidi\/wp-json\/wp\/v2\/product_cat?post=12112"},{"taxonomy":"product_tag","embeddable":true,"href":"https:\/\/www.upm.es\/recursosidi\/wp-json\/wp\/v2\/product_tag?post=12112"},{"taxonomy":"comunidad_upm","embeddable":true,"href":"https:\/\/www.upm.es\/recursosidi\/wp-json\/wp\/v2\/comunidades-upm?post=12112"},{"taxonomy":"quien","embeddable":true,"href":"https:\/\/www.upm.es\/recursosidi\/wp-json\/wp\/v2\/quien?post=12112"},{"taxonomy":"mapa","embeddable":true,"href":"https:\/\/www.upm.es\/recursosidi\/wp-json\/wp\/v2\/mapa?post=12112"},{"taxonomy":"disponibilidad","embeddable":true,"href":"https:\/\/www.upm.es\/recursosidi\/wp-json\/wp\/v2\/disponibilidad?post=12112"},{"taxonomy":"donde","embeddable":true,"href":"https:\/\/www.upm.es\/recursosidi\/wp-json\/wp\/v2\/donde?post=12112"},{"taxonomy":"infraestructura","embeddable":true,"href":"https:\/\/www.upm.es\/recursosidi\/wp-json\/wp\/v2\/infraestructura?post=12112"},{"taxonomy":"ods","embeddable":true,"href":"https:\/\/www.upm.es\/recursosidi\/wp-json\/wp\/v2\/ods?post=12112"},{"taxonomy":"origen","embeddable":true,"href":"https:\/\/www.upm.es\/recursosidi\/wp-json\/wp\/v2\/origen?post=12112"}],"curies":[{"name":"wp","href":"https:\/\/api.w.org\/{rel}","templated":true}]}}