{"id":12116,"date":"2023-04-13T10:06:41","date_gmt":"2023-04-13T08:06:41","guid":{"rendered":"https:\/\/www.upm.es\/recursosidi\/offers-resources\/sin categor\u00eda\/compactacion-de-hormigones-y-morteros\/"},"modified":"2023-04-13T10:06:41","modified_gmt":"2023-04-13T08:06:41","slug":"compactacion-de-hormigones-y-morteros","status":"publish","type":"product","link":"https:\/\/www.upm.es\/recursosidi\/offers-resources\/servicios-cientifico-tecnologico\/servicios-servicios-cientifico-tecnologico\/compactacion-de-hormigones-y-morteros\/","title":{"rendered":"Compactaci\u00f3n de hormigones y morteros."},"content":{"rendered":"<h2>Realizaci&oacute;n de vibrado para hormigones y morteros de cemento para ensayos posteriores de caracterizaci&oacute;n.<\/h2>\n<hr \/>\n<h4>Sector o &aacute;rea de aplicaci&oacute;n<\/h4>\n<p>Materiales de construcci&oacute;n. Hormig&oacute;n y mortero de cemento.<\/p>\n<hr \/>\n<h4 class=\"\">Competencias diferenciales<\/h4>\n<p>Vibraci&oacute;n para compactaci&oacute;n de hormigones y morteros de cemento a diferentes frecuencias.<\/p>\n<hr \/>\n<h4 class=\"\">Referencias previas de prestaci&oacute;n<\/h4>\n<p>Diversos estudios se han realizado en este servicio para empresas constructoras. Adem&aacute;s ha servido para la realizaci&oacute;n de Tesis doctorales y Trabajos Fin de M&aacute;ster.<\/p>\n<hr \/>\n<h4 class=\"\">Descripci&oacute;n del equipamiento<\/h4>\n<p>Mesa vibradora Proeti H0110 para moldes prism&aacute;ticos, cil&iacute;ndricos y cubicos, que consigue una total homogeneizaci&oacute;n y consistencia de sus mezclas.<\/p>\n<hr \/>\n<h4 class=\"\">Solicitud del servicio<\/h4>\n<p>Tfno.: 910 674 125&nbsp;&nbsp;&nbsp;&nbsp; e-mail: <span rel=\"79312b30be312f31a6313031a4310d30bc311431ab313331b431293190312d31aa312b3181310b31ba31\" class=\"cryptex \" style=\"\"><span class=\"CryptexImg ctxoMBVt8ztl7C-PWQMJuVu8EAZwmgpoCwtt3iyv5XK4wA\"><\/span><\/span><\/p>\n<hr \/>\n<p>&nbsp;<\/p>\n<div class=\"pdfprnt-buttons pdfprnt-buttons-product pdfprnt-bottom-left\"><a href=\"https:\/\/www.upm.es\/recursosidi\/wp-json\/wp\/v2\/product\/12116?print=pdf\" class=\"pdfprnt-button pdfprnt-button-pdf\" target=\"_blank\"><span class=\"pdfprnt-button-title pdfprnt-button-pdf-title\">Descargar ficha<\/span><\/a><\/div>","protected":false},"excerpt":{"rendered":"<p>Mesa vibradora Proeti H0110 para moldes prism\u00e1ticos, cil\u00edndricos y cubicos, que consigue una total homogeneizaci\u00f3n y consistencia de sus mezclas.<\/p>\n","protected":false},"featured_media":12115,"template":"","meta":{"_acf_changed":false},"product_cat":[2395],"product_tag":[2885,9014,4333],"comunidades-upm":[],"quien":[],"mapa":[{"term_id":2405,"name":"Ciencia para la ingenier\u00eda y la arquitectura","slug":"ciencia-para-ingenieria-y-arquitectura","term_group":0,"term_taxonomy_id":2405,"taxonomy":"mapa","description":"","parent":0,"count":127,"filter":"raw","term_order":"7"}],"disponibilidad":[{"term_id":205,"name":"Consultar disponibilidad","slug":"consultar","term_group":0,"term_taxonomy_id":205,"taxonomy":"disponibilidad","description":"","parent":0,"count":290,"filter":"raw","term_order":"0"}],"donde":[{"term_id":606,"name":"Centro de Investigaci\u00f3n en Materiales Estructurales (CIME)","slug":"centro-de-investigacion-en-materiales-estructurales-cime","term_group":0,"term_taxonomy_id":606,"taxonomy":"donde","description":"","parent":0,"count":42,"filter":"raw","term_order":"0"},{"term_id":1568,"name":"Construction Technology and Materials Science for building and Civil works","slug":"en_construction-technology-and-materials-science-for-building-and-civil-works","term_group":0,"term_taxonomy_id":1568,"taxonomy":"donde","description":"","parent":0,"count":23,"filter":"raw","term_order":"0"},{"term_id":1828,"name":"RESEARCH CENTRE STRUCTURAL MATERIALS (CIME)","slug":"en_research-centre-structural-materials-cime","term_group":0,"term_taxonomy_id":1828,"taxonomy":"donde","description":"","parent":0,"count":37,"filter":"raw","term_order":"0"},{"term_id":344,"name":"Tecnolog\u00eda de la Construcci\u00f3n y Ciencia de los Materiales para la edificaci\u00f3n y la obra Civil","slug":"tecnologia-de-la-construccion-y-ciencia-de-los-materiales-para-la-edificacion-y-la-obra-civil","term_group":0,"term_taxonomy_id":344,"taxonomy":"donde","description":"","parent":0,"count":23,"filter":"raw","term_order":"0"}],"infraestructura":[{"term_id":8911,"name":"Laboratorio de Materiales de Construcci\u00f3n de la E.T.S. Ingenieros de Caminos, Canales y Puertos","slug":"laboratorio-de-materiales-de-construccion-de-la-e-t-s-ingenieros-de-caminos-canales-y-puertos","term_group":0,"term_taxonomy_id":8911,"taxonomy":"infraestructura","description":"","parent":0,"count":23,"filter":"raw","term_order":"0"}],"ods":[{"term_id":2247,"name":"Industria, Innovaci\u00f3n e Infraestructura","slug":"industria-innovacion-e-infraestructura","term_group":0,"term_taxonomy_id":2247,"taxonomy":"ods","description":"","parent":0,"count":171,"filter":"raw","term_order":"0"}],"origen":[{"term_id":196,"name":"Infraestructuras, Instalaci\u00f3n, Equipo","slug":"infraestructuras","term_group":0,"term_taxonomy_id":196,"taxonomy":"origen","description":"","parent":0,"count":180,"filter":"raw","term_order":"0"}],"familia_tax":false,"quien_tax":false,"donde_tax":false,"year":"1990-01-01","contacto":"c\/ Profesor Aranguren, s\/n","telefono":"910674125","pagina_web":"https:\/\/caminos.upm.es\/","email":"jaime.galvez@upm.es","id_ficha_portal":"469","video":"","adjuntos":false,"adjuntos_portal":"","inf":false,"departamento":"","acf":[],"lang":"es","translation":{"es":12116},"_links":{"self":[{"href":"https:\/\/www.upm.es\/recursosidi\/wp-json\/wp\/v2\/product\/12116"}],"collection":[{"href":"https:\/\/www.upm.es\/recursosidi\/wp-json\/wp\/v2\/product"}],"about":[{"href":"https:\/\/www.upm.es\/recursosidi\/wp-json\/wp\/v2\/types\/product"}],"wp:featuredmedia":[{"embeddable":true,"href":"https:\/\/www.upm.es\/recursosidi\/wp-json\/wp\/v2\/media\/12115"}],"wp:attachment":[{"href":"https:\/\/www.upm.es\/recursosidi\/wp-json\/wp\/v2\/media?parent=12116"}],"wp:term":[{"taxonomy":"product_cat","embeddable":true,"href":"https:\/\/www.upm.es\/recursosidi\/wp-json\/wp\/v2\/product_cat?post=12116"},{"taxonomy":"product_tag","embeddable":true,"href":"https:\/\/www.upm.es\/recursosidi\/wp-json\/wp\/v2\/product_tag?post=12116"},{"taxonomy":"comunidad_upm","embeddable":true,"href":"https:\/\/www.upm.es\/recursosidi\/wp-json\/wp\/v2\/comunidades-upm?post=12116"},{"taxonomy":"quien","embeddable":true,"href":"https:\/\/www.upm.es\/recursosidi\/wp-json\/wp\/v2\/quien?post=12116"},{"taxonomy":"mapa","embeddable":true,"href":"https:\/\/www.upm.es\/recursosidi\/wp-json\/wp\/v2\/mapa?post=12116"},{"taxonomy":"disponibilidad","embeddable":true,"href":"https:\/\/www.upm.es\/recursosidi\/wp-json\/wp\/v2\/disponibilidad?post=12116"},{"taxonomy":"donde","embeddable":true,"href":"https:\/\/www.upm.es\/recursosidi\/wp-json\/wp\/v2\/donde?post=12116"},{"taxonomy":"infraestructura","embeddable":true,"href":"https:\/\/www.upm.es\/recursosidi\/wp-json\/wp\/v2\/infraestructura?post=12116"},{"taxonomy":"ods","embeddable":true,"href":"https:\/\/www.upm.es\/recursosidi\/wp-json\/wp\/v2\/ods?post=12116"},{"taxonomy":"origen","embeddable":true,"href":"https:\/\/www.upm.es\/recursosidi\/wp-json\/wp\/v2\/origen?post=12116"}],"curies":[{"name":"wp","href":"https:\/\/api.w.org\/{rel}","templated":true}]}}