{"id":12120,"date":"2023-04-22T02:47:21","date_gmt":"2023-04-22T00:47:21","guid":{"rendered":"https:\/\/www.upm.es\/recursosidi\/offers-resources\/sin%20categor\u00eda\/pala-destinada-a-actividades-de-natacion-de-entrenamiento-en-piscina\/"},"modified":"2023-05-25T03:50:45","modified_gmt":"2023-05-25T01:50:45","slug":"pala-destinada-a-actividades-de-natacion-de-entrenamiento-en-piscina","status":"publish","type":"product","link":"https:\/\/www.upm.es\/recursosidi\/offers-resources\/patentes\/pala-destinada-a-actividades-de-natacion-de-entrenamiento-en-piscina\/","title":{"rendered":"Pala destinada a actividades de nataci\u00f3n de entrenamiento en piscina"},"content":{"rendered":"<h5>Descripci\u00f3n de la patente <\/h5>\n<p>Pala destinada a actividades de nataci&oacute;n de<br \/>entrenamiento en piscina, que comprende:<br \/>&#8211; una estructura principal que comprende un elemento<br \/>soporte anterior&nbsp; y un elemento soporte posterior<br \/>&#8211; un elemento intermedio localizado entre el<br \/>elemento soporte anterior ) y el elemento soporte<br \/>posterior unido a los mismos, el elemento<br \/>intermedio localiz&aacute;ndose al menos en una primera<br \/>posici&oacute;n extendida y en una segunda posici&oacute;n<br \/>replegada de modo que en la primera posici&oacute;n<br \/>extendida la pala posee una mayor dimensi&oacute;n<br \/>longitudinal que en la segunda posici&oacute;n replegada y<br \/>donde en la primera posici&oacute;n extendida la pala tiene<br \/>una dimensi&oacute;n longitudinal superior al de una mano y<br \/>en la segunda posici&oacute;n replegada similar o inferior al<br \/>de una mano, y<br \/>&#8211; unos medios de fijaci&oacute;n de la posici&oacute;n del elemento<br \/>intermedio al menos en la primera posici&oacute;n<br \/>extendida y en la segunda posici&oacute;n replegada.<\/p>\n<h5>Situaci\u00f3n <\/h5>\n<p>Concedida<\/p>\n<h5>N\u00famero de solicitud<\/h5>\n<p>P202230260<\/p>\n<h5>N\u00famero de publicaci\u00f3n<\/h5>\n<p>ES2919875<\/p>\n<h5>Fecha de presentaci\u00f3n <\/h5>\n<p>23\/03\/2022<\/p>\n<h5>Fecha de publicaci\u00f3n <\/h5>\n<p>28\/07\/2022<\/p>\n<h5>Fecha de concesi\u00f3n <\/h5>\n<p>10\/04\/2023<\/p>\n<div class=\"pdfprnt-buttons pdfprnt-buttons-product pdfprnt-bottom-left\"><a href=\"https:\/\/www.upm.es\/recursosidi\/wp-json\/wp\/v2\/product\/12120?print=pdf\" class=\"pdfprnt-button pdfprnt-button-pdf\" target=\"_blank\"><span class=\"pdfprnt-button-title pdfprnt-button-pdf-title\">Descargar ficha<\/span><\/a><\/div>","protected":false},"excerpt":{"rendered":"<p>Descripci\u00f3n de la patente Pala destinada a actividades de nataci&oacute;n deentrenamiento en piscina, que comprende:&#8211; una estructura principal que comprende un elementosoporte anterior&nbsp; y un&hellip;<\/p>\n","protected":false},"featured_media":0,"template":"","meta":{"_acf_changed":false},"product_cat":[3946],"product_tag":[],"comunidades-upm":[],"quien":[],"mapa":[],"disponibilidad":[],"donde":[{"term_id":392,"name":"Bioingenier\u00eda y Materiales (BIO-MAT)","slug":"bioingenieria-y-materiales-bio-mat","term_group":0,"term_taxonomy_id":392,"taxonomy":"donde","description":"En el <a href=\"http:\/\/www.upm.es\/observatorio\/vi\/index.jsp?pageac=grupo.jsp&amp;idGrupo=222\">Grupo de Bioingenier&iacute;a y Materiales (BIO-MAT)<\/a> desarrollamos nuestro trabajo en base a las siguientes l&iacute;neas de investigaci&oacute;n:\n&nbsp;\n\nBiopel&iacute;culas, Biodeterioro y Corrosi&oacute;n Microbiana\nBiodegradaci&oacute;n y Biorremediaci&oacute;n\nNanotecnolog&iacute;a de Pol&iacute;meros y Biopol&iacute;meros\nComportamiento de Materiales en Servicio\nSinterizados y Nuevos Materiales\nMicrobiolog&iacute;a Molecular y Biotecnolog&iacute;a\n","parent":0,"count":17,"filter":"raw","term_order":"0"},{"term_id":498,"name":"Dise\u00f1o y fabricaci\u00f3n industrial","slug":"diseno-y-fabricacion-industrial","term_group":0,"term_taxonomy_id":498,"taxonomy":"donde","description":"","parent":0,"count":18,"filter":"raw","term_order":"0"}],"infraestructura":[],"ods":[],"origen":[{"term_id":180,"name":"Patente","slug":"patente","term_group":0,"term_taxonomy_id":180,"taxonomy":"origen","description":"","parent":0,"count":614,"filter":"raw","term_order":"0"}],"familia_tax":false,"quien_tax":false,"donde_tax":false,"year":"","contacto":"<strong>Principales: <\/strong><ul><li>MARIA DEL MAR RECIO DIAZ <blockquote><strong>mariadelmar.recio@upm.es<\/strong><\/blockquote><\/li><li>PEDRO ARMISEN BOBO <blockquote><strong>pedro.armisen@upm.es<\/strong><\/blockquote><\/li><\/ul><strong>Otros investigadores UPM: <\/strong><ul><li>Isabel Artigas Fern\u00e1ndez E.T.S. de Ingenier\u00eda y Dise\u00f1o Industrial<\/li><\/ul>","telefono":"","pagina_web":"","email":"","id_ficha_portal":"1825","video":"","adjuntos":false,"adjuntos_portal":"https:\/\/www.upm.es\/S2i\/Acuse\/recuperarArchivo.jsp?id=1825&id_archivo=13637&tipo=patente&extension=fichero ","inf":false,"departamento":"","acf":[],"lang":"es","translation":{"es":12120},"_links":{"self":[{"href":"https:\/\/www.upm.es\/recursosidi\/wp-json\/wp\/v2\/product\/12120"}],"collection":[{"href":"https:\/\/www.upm.es\/recursosidi\/wp-json\/wp\/v2\/product"}],"about":[{"href":"https:\/\/www.upm.es\/recursosidi\/wp-json\/wp\/v2\/types\/product"}],"wp:attachment":[{"href":"https:\/\/www.upm.es\/recursosidi\/wp-json\/wp\/v2\/media?parent=12120"}],"wp:term":[{"taxonomy":"product_cat","embeddable":true,"href":"https:\/\/www.upm.es\/recursosidi\/wp-json\/wp\/v2\/product_cat?post=12120"},{"taxonomy":"product_tag","embeddable":true,"href":"https:\/\/www.upm.es\/recursosidi\/wp-json\/wp\/v2\/product_tag?post=12120"},{"taxonomy":"comunidad_upm","embeddable":true,"href":"https:\/\/www.upm.es\/recursosidi\/wp-json\/wp\/v2\/comunidades-upm?post=12120"},{"taxonomy":"quien","embeddable":true,"href":"https:\/\/www.upm.es\/recursosidi\/wp-json\/wp\/v2\/quien?post=12120"},{"taxonomy":"mapa","embeddable":true,"href":"https:\/\/www.upm.es\/recursosidi\/wp-json\/wp\/v2\/mapa?post=12120"},{"taxonomy":"disponibilidad","embeddable":true,"href":"https:\/\/www.upm.es\/recursosidi\/wp-json\/wp\/v2\/disponibilidad?post=12120"},{"taxonomy":"donde","embeddable":true,"href":"https:\/\/www.upm.es\/recursosidi\/wp-json\/wp\/v2\/donde?post=12120"},{"taxonomy":"infraestructura","embeddable":true,"href":"https:\/\/www.upm.es\/recursosidi\/wp-json\/wp\/v2\/infraestructura?post=12120"},{"taxonomy":"ods","embeddable":true,"href":"https:\/\/www.upm.es\/recursosidi\/wp-json\/wp\/v2\/ods?post=12120"},{"taxonomy":"origen","embeddable":true,"href":"https:\/\/www.upm.es\/recursosidi\/wp-json\/wp\/v2\/origen?post=12120"}],"curies":[{"name":"wp","href":"https:\/\/api.w.org\/{rel}","templated":true}]}}