{"id":12121,"date":"2023-05-13T02:53:46","date_gmt":"2023-05-13T00:53:46","guid":{"rendered":"https:\/\/www.upm.es\/recursosidi\/offers-resources\/sin%20categor\u00eda\/camara-de-enfriamiento-de-lingotes-metalicos-y-procedimiento-de-obtencion-de-un-lingote-metalico\/"},"modified":"2024-01-12T02:30:26","modified_gmt":"2024-01-12T01:30:26","slug":"camara-de-enfriamiento-de-lingotes-metalicos-y-procedimiento-de-obtencion-de-un-lingote-metalico","status":"publish","type":"product","link":"https:\/\/www.upm.es\/recursosidi\/offers-resources\/patentes\/camara-de-enfriamiento-de-lingotes-metalicos-y-procedimiento-de-obtencion-de-un-lingote-metalico\/","title":{"rendered":"C\u00e1mara de enfriamiento de lingotes met\u00e1licos y procedimiento de obtenci\u00f3n de un lingote met\u00e1lico"},"content":{"rendered":"<h5>Descripci\u00f3n de la patente <\/h5>\n<p>La presente invenci&oacute;n se refiere a una c&aacute;mara de<br \/>enfriamiento para lingotes de la industria metal&uacute;rgica<br \/>caracterizado por que comprende: un recinto interior<br \/>con un medio soporte para contener un lingote (6);<br \/>una puerta (5) configurada para dar acceso al recinto<br \/>interior de la c&aacute;mara (1); una entrada (2) de una<br \/>corriente gaseosa a baja temperatura a presi&oacute;n; y una<br \/>salida (3) de una corriente gaseosa a elevada<br \/>temperatura; donde la entrada (2) y la salida (3) se<br \/>encuentran dispuestas de manera diagonalmente<br \/>opuesta respecto al medio soporte para contener el<br \/>lingote, y el procedimiento de obtenci&oacute;n de un lingote<br \/>met&aacute;lico s&oacute;lido.<\/p>\n<h5>Situaci\u00f3n <\/h5>\n<p>Concedida<\/p>\n<h5>N\u00famero de solicitud<\/h5>\n<p>U202331063<\/p>\n<h5>N\u00famero de publicaci\u00f3n<\/h5>\n<p>P202330163  ES2940919<\/p>\n<h5>Fecha de presentaci\u00f3n <\/h5>\n<p>27\/02\/2023<\/p>\n<h5>Fecha de publicaci\u00f3n <\/h5>\n<p>12\/05\/2023<\/p>\n<h5>Fecha de concesi\u00f3n <\/h5>\n<p>03\/01\/2024<\/p>\n<div class=\"pdfprnt-buttons pdfprnt-buttons-product pdfprnt-bottom-left\"><a href=\"https:\/\/www.upm.es\/recursosidi\/wp-json\/wp\/v2\/product\/12121?print=pdf\" class=\"pdfprnt-button pdfprnt-button-pdf\" target=\"_blank\"><span class=\"pdfprnt-button-title pdfprnt-button-pdf-title\">Descargar ficha<\/span><\/a><\/div>","protected":false},"excerpt":{"rendered":"<p>Descripci\u00f3n de la patente La presente invenci&oacute;n se refiere a una c&aacute;mara deenfriamiento para lingotes de la industria metal&uacute;rgicacaracterizado por que comprende: un recinto interiorcon&hellip;<\/p>\n","protected":false},"featured_media":0,"template":"","meta":{"_acf_changed":false},"product_cat":[3946],"product_tag":[],"comunidades-upm":[],"quien":[],"mapa":[],"disponibilidad":[],"donde":[{"term_id":42,"name":"UPM","slug":"upm","term_group":0,"term_taxonomy_id":42,"taxonomy":"donde","description":"Universidad Polit\u00e9cnica de Madrid\r\nHTML \"Lorem ipsum dolor sit amet, consectetur adipiscing elit, sed do eiusmod tempor incididunt ut labore et dolore magna aliqua. Ut enim ad minim veniam, quis nostrud exercitation ullamco laboris nisi ut aliquip ex ea commodo consequat. Duis aute irure dolor in reprehenderit in voluptate velit esse cillum dolore eu fugiat nulla pariatur. Excepteur sint occaecat cupidatat non proident, sunt in culpa qui officia deserunt mollit anim id est laborum.\"","parent":0,"count":146,"filter":"raw","term_order":"0"}],"infraestructura":[],"ods":[],"origen":[{"term_id":180,"name":"Patente","slug":"patente","term_group":0,"term_taxonomy_id":180,"taxonomy":"origen","description":"","parent":0,"count":614,"filter":"raw","term_order":"0"}],"familia_tax":false,"quien_tax":false,"donde_tax":false,"year":"","contacto":"<ul><li><blockquote><strong>otri.investigacion@upm.es<\/strong><\/blockquote><\/li><\/ul>","telefono":"","pagina_web":"","email":"","id_ficha_portal":"1896","video":"","adjuntos":false,"adjuntos_portal":"https:\/\/www.upm.es\/S2i\/Acuse\/recuperarArchivo.jsp?id=1896&id_archivo=14060&tipo=patente&extension=fichero ;https:\/\/www.upm.es\/S2i\/Acuse\/recuperarArchivo.jsp?id=1896&id_archivo=13700&tipo=patente&extension=fichero ","inf":false,"departamento":"","acf":[],"lang":"es","translation":{"es":12121},"_links":{"self":[{"href":"https:\/\/www.upm.es\/recursosidi\/wp-json\/wp\/v2\/product\/12121"}],"collection":[{"href":"https:\/\/www.upm.es\/recursosidi\/wp-json\/wp\/v2\/product"}],"about":[{"href":"https:\/\/www.upm.es\/recursosidi\/wp-json\/wp\/v2\/types\/product"}],"wp:attachment":[{"href":"https:\/\/www.upm.es\/recursosidi\/wp-json\/wp\/v2\/media?parent=12121"}],"wp:term":[{"taxonomy":"product_cat","embeddable":true,"href":"https:\/\/www.upm.es\/recursosidi\/wp-json\/wp\/v2\/product_cat?post=12121"},{"taxonomy":"product_tag","embeddable":true,"href":"https:\/\/www.upm.es\/recursosidi\/wp-json\/wp\/v2\/product_tag?post=12121"},{"taxonomy":"comunidad_upm","embeddable":true,"href":"https:\/\/www.upm.es\/recursosidi\/wp-json\/wp\/v2\/comunidades-upm?post=12121"},{"taxonomy":"quien","embeddable":true,"href":"https:\/\/www.upm.es\/recursosidi\/wp-json\/wp\/v2\/quien?post=12121"},{"taxonomy":"mapa","embeddable":true,"href":"https:\/\/www.upm.es\/recursosidi\/wp-json\/wp\/v2\/mapa?post=12121"},{"taxonomy":"disponibilidad","embeddable":true,"href":"https:\/\/www.upm.es\/recursosidi\/wp-json\/wp\/v2\/disponibilidad?post=12121"},{"taxonomy":"donde","embeddable":true,"href":"https:\/\/www.upm.es\/recursosidi\/wp-json\/wp\/v2\/donde?post=12121"},{"taxonomy":"infraestructura","embeddable":true,"href":"https:\/\/www.upm.es\/recursosidi\/wp-json\/wp\/v2\/infraestructura?post=12121"},{"taxonomy":"ods","embeddable":true,"href":"https:\/\/www.upm.es\/recursosidi\/wp-json\/wp\/v2\/ods?post=12121"},{"taxonomy":"origen","embeddable":true,"href":"https:\/\/www.upm.es\/recursosidi\/wp-json\/wp\/v2\/origen?post=12121"}],"curies":[{"name":"wp","href":"https:\/\/api.w.org\/{rel}","templated":true}]}}