{"id":12136,"date":"2023-06-15T02:50:17","date_gmt":"2023-06-15T00:50:17","guid":{"rendered":"https:\/\/www.upm.es\/recursosidi\/offers-resources\/sin%20categor\u00eda\/modulo-sistema-y-metodo-de-fabricacion-y-montaje-de-un-forjado-modular-integrado-postensado-de-hormigon-de-ultra-alto-rendimiento-reforzado-con-fibra-uhpfrc\/"},"modified":"2024-01-26T02:29:39","modified_gmt":"2024-01-26T01:29:39","slug":"modulo-sistema-y-metodo-de-fabricacion-y-montaje-de-un-forjado-modular-integrado-postensado-de-hormigon-de-ultra-alto-rendimiento-reforzado-con-fibra-uhpfrc","status":"publish","type":"product","link":"https:\/\/www.upm.es\/recursosidi\/offers-resources\/patentes\/modulo-sistema-y-metodo-de-fabricacion-y-montaje-de-un-forjado-modular-integrado-postensado-de-hormigon-de-ultra-alto-rendimiento-reforzado-con-fibra-uhpfrc\/","title":{"rendered":"M\u00f3dulo, sistema y m\u00e9todo de fabricaci\u00f3n y montaje de un forjado modular integrado postensado de hormig\u00f3n de ultra alto rendimiento reforzado con fibra (UHPFRC)"},"content":{"rendered":"<h5>Descripci\u00f3n de la patente <\/h5>\n<p>y m\u00e9todo de fabricaci\u00f3n y montaje de un forjado<br \/>modular integrado postensado de hormig\u00f3n de ultra<br \/>alto rendimiento reforzado con fibra (UHPFRC). El<br \/>sistema comprende m\u00f3dulos fabricados de hormig\u00f3n<br \/>UHPFRC de tama\u00f1o \u00f3ptimo para el transporte y cuya<br \/>forma nervada deriva de la optimizaci\u00f3n estructural de<br \/>la pieza. Cada m\u00f3dulo comprende una primera parte<br \/>(3) integrada, registrable y continua para alojar<br \/>instalaciones, unos nervios perimetrales (1) en los<br \/>que quedan embebidas unas vainas (7) para el<br \/>postensado y unos anclajes de uni\u00f3n (10, 11)<br \/>perimetrales. Los m\u00f3dulos se unen en obra mediante<br \/>los anclajes de montaje (10) y posteriormente<br \/>mediante la introducci\u00f3n de la armadura activa interna<br \/>en cada nervio perimetral (1), colocados estos y su<br \/>postensado en las dos direcciones. El<br \/>comportamiento bidireccional del forjado y unos<br \/>anclajes exteriores (16, 17) le permiten adaptarse a<br \/>una gran variedad de condiciones de soporte.<\/p>\n<h5>Situaci\u00f3n <\/h5>\n<p>Concedida<\/p>\n<h5>N\u00famero de solicitud<\/h5>\n<p>P202231074<\/p>\n<h5>N\u00famero de publicaci\u00f3n<\/h5>\n<p>ES2949925-A1<br \/>\nES2942925-B2<\/p>\n<h5>Fecha de presentaci\u00f3n <\/h5>\n<h5>Fecha de publicaci\u00f3n <\/h5>\n<p>07\/06\/2023<\/p>\n<h5>Fecha de concesi\u00f3n <\/h5>\n<p>16\/01\/2024<\/p>\n<div class=\"pdfprnt-buttons pdfprnt-buttons-product pdfprnt-bottom-left\"><a href=\"https:\/\/www.upm.es\/recursosidi\/wp-json\/wp\/v2\/product\/12136?print=pdf\" class=\"pdfprnt-button pdfprnt-button-pdf\" target=\"_blank\"><span class=\"pdfprnt-button-title pdfprnt-button-pdf-title\">Descargar ficha<\/span><\/a><\/div>","protected":false},"excerpt":{"rendered":"<p>Descripci\u00f3n de la patente y m\u00e9todo de fabricaci\u00f3n y montaje de un forjadomodular integrado postensado de hormig\u00f3n de ultraalto rendimiento reforzado con fibra (UHPFRC). Elsistema&hellip;<\/p>\n","protected":false},"featured_media":0,"template":"","meta":{"_acf_changed":false},"product_cat":[3946],"product_tag":[],"comunidades-upm":[],"quien":[],"mapa":[{"term_id":124,"name":"Arquitectura, Baukultur y creatividad","slug":"arquitectura-baukultur-creatividad","term_group":0,"term_taxonomy_id":124,"taxonomy":"mapa","description":"","parent":0,"count":25,"filter":"raw","term_order":"4"}],"disponibilidad":[],"donde":[{"term_id":42,"name":"UPM","slug":"upm","term_group":0,"term_taxonomy_id":42,"taxonomy":"donde","description":"Universidad Polit\u00e9cnica de Madrid\r\nHTML \"Lorem ipsum dolor sit amet, consectetur adipiscing elit, sed do eiusmod tempor incididunt ut labore et dolore magna aliqua. Ut enim ad minim veniam, quis nostrud exercitation ullamco laboris nisi ut aliquip ex ea commodo consequat. Duis aute irure dolor in reprehenderit in voluptate velit esse cillum dolore eu fugiat nulla pariatur. Excepteur sint occaecat cupidatat non proident, sunt in culpa qui officia deserunt mollit anim id est laborum.\"","parent":0,"count":146,"filter":"raw","term_order":"0"}],"infraestructura":[],"ods":[],"origen":[{"term_id":180,"name":"Patente","slug":"patente","term_group":0,"term_taxonomy_id":180,"taxonomy":"origen","description":"","parent":0,"count":614,"filter":"raw","term_order":"0"}],"familia_tax":false,"quien_tax":false,"donde_tax":false,"year":"","contacto":"<ul><li><blockquote><strong>otri.investigacion@upm.es<\/strong><\/blockquote><\/li><\/ul>","telefono":"","pagina_web":"","email":"","id_ficha_portal":"1895","video":"","adjuntos":false,"adjuntos_portal":"https:\/\/www.upm.es\/S2i\/Acuse\/recuperarArchivo.jsp?id=1895&id_archivo=14251&tipo=patente&extension=fichero","inf":false,"departamento":"","acf":[],"lang":"es","translation":{"es":12136},"_links":{"self":[{"href":"https:\/\/www.upm.es\/recursosidi\/wp-json\/wp\/v2\/product\/12136"}],"collection":[{"href":"https:\/\/www.upm.es\/recursosidi\/wp-json\/wp\/v2\/product"}],"about":[{"href":"https:\/\/www.upm.es\/recursosidi\/wp-json\/wp\/v2\/types\/product"}],"wp:attachment":[{"href":"https:\/\/www.upm.es\/recursosidi\/wp-json\/wp\/v2\/media?parent=12136"}],"wp:term":[{"taxonomy":"product_cat","embeddable":true,"href":"https:\/\/www.upm.es\/recursosidi\/wp-json\/wp\/v2\/product_cat?post=12136"},{"taxonomy":"product_tag","embeddable":true,"href":"https:\/\/www.upm.es\/recursosidi\/wp-json\/wp\/v2\/product_tag?post=12136"},{"taxonomy":"comunidad_upm","embeddable":true,"href":"https:\/\/www.upm.es\/recursosidi\/wp-json\/wp\/v2\/comunidades-upm?post=12136"},{"taxonomy":"quien","embeddable":true,"href":"https:\/\/www.upm.es\/recursosidi\/wp-json\/wp\/v2\/quien?post=12136"},{"taxonomy":"mapa","embeddable":true,"href":"https:\/\/www.upm.es\/recursosidi\/wp-json\/wp\/v2\/mapa?post=12136"},{"taxonomy":"disponibilidad","embeddable":true,"href":"https:\/\/www.upm.es\/recursosidi\/wp-json\/wp\/v2\/disponibilidad?post=12136"},{"taxonomy":"donde","embeddable":true,"href":"https:\/\/www.upm.es\/recursosidi\/wp-json\/wp\/v2\/donde?post=12136"},{"taxonomy":"infraestructura","embeddable":true,"href":"https:\/\/www.upm.es\/recursosidi\/wp-json\/wp\/v2\/infraestructura?post=12136"},{"taxonomy":"ods","embeddable":true,"href":"https:\/\/www.upm.es\/recursosidi\/wp-json\/wp\/v2\/ods?post=12136"},{"taxonomy":"origen","embeddable":true,"href":"https:\/\/www.upm.es\/recursosidi\/wp-json\/wp\/v2\/origen?post=12136"}],"curies":[{"name":"wp","href":"https:\/\/api.w.org\/{rel}","templated":true}]}}