{"id":12156,"date":"2023-09-21T02:31:26","date_gmt":"2023-09-21T00:31:26","guid":{"rendered":"https:\/\/www.upm.es\/recursosidi\/offers-resources\/sin%20categor\u00eda\/metodo-y-sistema-de-localizacion-de-faltas-a-tierra-en-una-instalacion-electrica-de-corriente-continua-para-traccion-ferroviaria\/"},"modified":"2024-05-08T02:31:24","modified_gmt":"2024-05-08T00:31:24","slug":"metodo-y-sistema-de-localizacion-de-faltas-a-tierra-en-una-instalacion-electrica-de-corriente-continua-para-traccion-ferroviaria","status":"publish","type":"product","link":"https:\/\/www.upm.es\/recursosidi\/offers-resources\/patentes\/metodo-y-sistema-de-localizacion-de-faltas-a-tierra-en-una-instalacion-electrica-de-corriente-continua-para-traccion-ferroviaria\/","title":{"rendered":"M\u00e9todo y sistema de localizaci\u00f3n de faltas a tierra en una instalaci\u00f3n el\u00e9ctrica de corriente continua para tracci\u00f3n ferroviaria"},"content":{"rendered":"<h5>Descripci\u00f3n de la patente <\/h5>\n<p>Resumen:<br \/>M&eacute;todo y Sistema de localizaci&oacute;n de faltas a tierra en<br \/>una instalaci&oacute;n el&eacute;ctrica de corriente continua para<br \/>tracci&oacute;n ferroviaria que disponen de una o varias<br \/>puestas a tierra en uno de los conductores de salida,<br \/>positivo o negativo de cada subestaci&oacute;n de tracci&oacute;n,<br \/>donde a partir de las medidas de la tensi&oacute;n en barras<br \/>de corriente continua y de la corriente que retorna por<br \/>tierra en cada una de ellas se localiza el defecto en<br \/>tramo y punto kilom&eacute;trico de v&iacute;a donde se produce<br \/>dicha falta a tierra.<\/p>\n<h5>Situaci\u00f3n <\/h5>\n<p>Concedida<\/p>\n<h5>N\u00famero de solicitud<\/h5>\n<p>P202330216<\/p>\n<h5>N\u00famero de publicaci\u00f3n<\/h5>\n<p>ES2947808<\/p>\n<h5>Fecha de presentaci\u00f3n <\/h5>\n<p>15\/03\/2023<\/p>\n<h5>Fecha de publicaci\u00f3n <\/h5>\n<p>21\/08\/2023<\/p>\n<h5>Fecha de concesi\u00f3n <\/h5>\n<p>23\/04\/2024<\/p>\n<div class=\"pdfprnt-buttons pdfprnt-buttons-product pdfprnt-bottom-left\"><a href=\"https:\/\/www.upm.es\/recursosidi\/wp-json\/wp\/v2\/product\/12156?print=pdf\" class=\"pdfprnt-button pdfprnt-button-pdf\" target=\"_blank\"><span class=\"pdfprnt-button-title pdfprnt-button-pdf-title\">Descargar ficha<\/span><\/a><\/div>","protected":false},"excerpt":{"rendered":"<p>Descripci\u00f3n de la patente Resumen:M&eacute;todo y Sistema de localizaci&oacute;n de faltas a tierra enuna instalaci&oacute;n el&eacute;ctrica de corriente continua paratracci&oacute;n ferroviaria que disponen de una&hellip;<\/p>\n","protected":false},"featured_media":0,"template":"","meta":{"_acf_changed":false},"product_cat":[3946],"product_tag":[],"comunidades-upm":[],"quien":[],"mapa":[{"term_id":2405,"name":"Ciencia para la ingenier\u00eda y la arquitectura","slug":"ciencia-para-ingenieria-y-arquitectura","term_group":0,"term_taxonomy_id":2405,"taxonomy":"mapa","description":"","parent":0,"count":127,"filter":"raw","term_order":"7"},{"term_id":133,"name":"Clima, Energ\u00eda y Movilidad","slug":"clima-energia-movilidad","term_group":0,"term_taxonomy_id":133,"taxonomy":"mapa","description":"","parent":0,"count":129,"filter":"raw","term_order":"9"},{"term_id":135,"name":"Industria, materiales y econom\u00eda circular","slug":"industria-materiales-economia_circular","term_group":0,"term_taxonomy_id":135,"taxonomy":"mapa","description":"","parent":0,"count":165,"filter":"raw","term_order":"13"}],"disponibilidad":[],"donde":[{"term_id":374,"name":"Generaci\u00f3n el\u00e9ctrica con energ\u00eda e\u00f3lica","slug":"generacion-electrica-con-energia-eolica","term_group":0,"term_taxonomy_id":374,"taxonomy":"donde","description":"","parent":0,"count":70,"filter":"raw","term_order":"0"},{"term_id":8956,"name":"Investigaci\u00f3n en Sistemas Energ\u00e9ticos (GISE)","slug":"investigacion-en-sistemas-energeticos-gise","term_group":0,"term_taxonomy_id":8956,"taxonomy":"donde","description":"","parent":0,"count":3,"filter":"raw","term_order":"0"}],"infraestructura":[],"ods":[],"origen":[{"term_id":180,"name":"Patente","slug":"patente","term_group":0,"term_taxonomy_id":180,"taxonomy":"origen","description":"","parent":0,"count":614,"filter":"raw","term_order":"0"}],"familia_tax":false,"quien_tax":false,"donde_tax":false,"year":"","contacto":"<strong>Principales: <\/strong><ul><li>JOSE MANUEL GUERRERO GRANADOS <blockquote><strong>josemanuel.guerrero@upm.es<\/strong><\/blockquote><\/li><li>DANIEL SERRANO JIMENEZ <blockquote><strong>daniel.serrano.jimenez@upm.es<\/strong><\/blockquote><\/li><li>KUMAR VIJAY MAHTANI MAHTANI <blockquote><strong>kumar.mahtani@upm.es<\/strong><\/blockquote><\/li><li>CARLOS ANTONIO PLATERO GAONA <blockquote><strong>carlosantonio.platero@upm.es<\/strong><\/blockquote><\/li><\/ul>","telefono":"","pagina_web":"","email":"","id_ficha_portal":"1902","video":"","adjuntos":false,"adjuntos_portal":"https:\/\/www.upm.es\/S2i\/Acuse\/recuperarArchivo.jsp?id=1902&id_archivo=14521&tipo=patente&extension=fichero","inf":false,"departamento":"","acf":[],"lang":"es","translation":{"es":12156},"_links":{"self":[{"href":"https:\/\/www.upm.es\/recursosidi\/wp-json\/wp\/v2\/product\/12156"}],"collection":[{"href":"https:\/\/www.upm.es\/recursosidi\/wp-json\/wp\/v2\/product"}],"about":[{"href":"https:\/\/www.upm.es\/recursosidi\/wp-json\/wp\/v2\/types\/product"}],"wp:attachment":[{"href":"https:\/\/www.upm.es\/recursosidi\/wp-json\/wp\/v2\/media?parent=12156"}],"wp:term":[{"taxonomy":"product_cat","embeddable":true,"href":"https:\/\/www.upm.es\/recursosidi\/wp-json\/wp\/v2\/product_cat?post=12156"},{"taxonomy":"product_tag","embeddable":true,"href":"https:\/\/www.upm.es\/recursosidi\/wp-json\/wp\/v2\/product_tag?post=12156"},{"taxonomy":"comunidad_upm","embeddable":true,"href":"https:\/\/www.upm.es\/recursosidi\/wp-json\/wp\/v2\/comunidades-upm?post=12156"},{"taxonomy":"quien","embeddable":true,"href":"https:\/\/www.upm.es\/recursosidi\/wp-json\/wp\/v2\/quien?post=12156"},{"taxonomy":"mapa","embeddable":true,"href":"https:\/\/www.upm.es\/recursosidi\/wp-json\/wp\/v2\/mapa?post=12156"},{"taxonomy":"disponibilidad","embeddable":true,"href":"https:\/\/www.upm.es\/recursosidi\/wp-json\/wp\/v2\/disponibilidad?post=12156"},{"taxonomy":"donde","embeddable":true,"href":"https:\/\/www.upm.es\/recursosidi\/wp-json\/wp\/v2\/donde?post=12156"},{"taxonomy":"infraestructura","embeddable":true,"href":"https:\/\/www.upm.es\/recursosidi\/wp-json\/wp\/v2\/infraestructura?post=12156"},{"taxonomy":"ods","embeddable":true,"href":"https:\/\/www.upm.es\/recursosidi\/wp-json\/wp\/v2\/ods?post=12156"},{"taxonomy":"origen","embeddable":true,"href":"https:\/\/www.upm.es\/recursosidi\/wp-json\/wp\/v2\/origen?post=12156"}],"curies":[{"name":"wp","href":"https:\/\/api.w.org\/{rel}","templated":true}]}}