{"id":12157,"date":"2023-09-30T02:54:03","date_gmt":"2023-09-30T00:54:03","guid":{"rendered":"https:\/\/www.upm.es\/recursosidi\/offers-resources\/sin categor\u00eda\/sistema-y-metodo-de-produccion-de-gas-natural-licuado-gnl\/"},"modified":"2023-09-30T02:54:03","modified_gmt":"2023-09-30T00:54:03","slug":"sistema-y-metodo-de-produccion-de-gas-natural-licuado-gnl","status":"publish","type":"product","link":"https:\/\/www.upm.es\/recursosidi\/offers-resources\/patentes\/sistema-y-metodo-de-produccion-de-gas-natural-licuado-gnl\/","title":{"rendered":"Sistema y m\u00e9todo de producci\u00f3n de gas natural licuado GNL"},"content":{"rendered":"<h4><strong>Descripci\u00f3n de la patente <\/strong><\/h4>\n<p>Sistema y m&eacute;todo de producci&oacute;n de gas natural<br \/>licuado GNL, que comprende los siguientes medios:<br \/>&#8211; medios para una etapa de preenfriamiento<br \/>(100) de la corriente de gas natural (1),<br \/>&#8211; medios para una etapa de licuaci&oacute;n (200) de<br \/>la corriente de gas natural (1), y<br \/>&#8211; medios para una etapa de subenfriamiento<br \/>(300) de la corriente de gas natural (1),<br \/>donde los medios de la etapa de preenfriamiento (100)<br \/>comprenden:<br \/>\u00bf unos medios para el preenfriamiento de la<br \/>corriente de gas natural (1) para la circulaci&oacute;n de una<br \/>mezcla de refrigerante amoniaco NH3 y agua (2), y<br \/>\u00bf unos medios para la producci&oacute;n de<br \/>refrigerante amoniaco NH3 alimentados por una l&iacute;nea<br \/>para la circulaci&oacute;n de vapor a baja presi&oacute;n generado<br \/>por el calor de los gases de escape de al menos una<br \/>turbina (401, 402) de gas acoplada a la etapa de<br \/>licuaci&oacute;n (200) y\/o de subenfriamiento (300).<\/p>\n<h4><strong>Situaci\u00f3n<\/strong><\/h4>\n<p>Presentada<\/p>\n<h4><strong>N\u00famero de solicitud<\/h5>\n<p>P202330626<\/p>\n<h5>N\u00famero de publicaci\u00f3n<\/h5>\n<p>ES2949322-A1<\/p>\n<h5>Fecha de presentaci\u00f3n <\/h5>\n<p>21\/07\/2023<\/p>\n<h5>Fecha de publicaci\u00f3n <\/h5>\n<p>27\/09\/2023<\/p>\n<div class=\"pdfprnt-buttons pdfprnt-buttons-product pdfprnt-bottom-left\"><a href=\"https:\/\/www.upm.es\/recursosidi\/wp-json\/wp\/v2\/product\/12157?print=pdf\" class=\"pdfprnt-button pdfprnt-button-pdf\" target=\"_blank\"><span class=\"pdfprnt-button-title pdfprnt-button-pdf-title\">Descargar ficha<\/span><\/a><\/div>","protected":false},"excerpt":{"rendered":"<p>Descripci\u00f3n de la patente Sistema y m&eacute;todo de producci&oacute;n de gas naturallicuado GNL, que comprende los siguientes medios:&#8211; medios para una etapa de preenfriamiento(100) de&hellip;<\/p>\n","protected":false},"featured_media":0,"template":"","meta":{"_acf_changed":false},"product_cat":[3946],"product_tag":[],"comunidades-upm":[],"quien":[],"mapa":[],"disponibilidad":[],"donde":[{"term_id":3814,"name":"Sustainability Thermodynamics","slug":"en_sustainability-thermodynamics","term_group":0,"term_taxonomy_id":3814,"taxonomy":"donde","description":"","parent":0,"count":1,"filter":"raw","term_order":"0"}],"infraestructura":[],"ods":[],"origen":[{"term_id":180,"name":"Patente","slug":"patente","term_group":0,"term_taxonomy_id":180,"taxonomy":"origen","description":"","parent":0,"count":614,"filter":"raw","term_order":"0"}],"familia_tax":false,"quien_tax":false,"donde_tax":false,"year":"","contacto":"<strong>Principales: <\/strong><ul><li>CARLOS RAFAEL ARNAIZ DEL POZO <blockquote><strong>cr.arnaiz@upm.es<\/strong><\/blockquote><\/li><\/ul>","telefono":"","pagina_web":"","email":"","id_ficha_portal":"1921","video":"","adjuntos":false,"adjuntos_portal":"","inf":false,"departamento":"","acf":[],"lang":"es","translation":{"es":12157},"_links":{"self":[{"href":"https:\/\/www.upm.es\/recursosidi\/wp-json\/wp\/v2\/product\/12157"}],"collection":[{"href":"https:\/\/www.upm.es\/recursosidi\/wp-json\/wp\/v2\/product"}],"about":[{"href":"https:\/\/www.upm.es\/recursosidi\/wp-json\/wp\/v2\/types\/product"}],"wp:attachment":[{"href":"https:\/\/www.upm.es\/recursosidi\/wp-json\/wp\/v2\/media?parent=12157"}],"wp:term":[{"taxonomy":"product_cat","embeddable":true,"href":"https:\/\/www.upm.es\/recursosidi\/wp-json\/wp\/v2\/product_cat?post=12157"},{"taxonomy":"product_tag","embeddable":true,"href":"https:\/\/www.upm.es\/recursosidi\/wp-json\/wp\/v2\/product_tag?post=12157"},{"taxonomy":"comunidad_upm","embeddable":true,"href":"https:\/\/www.upm.es\/recursosidi\/wp-json\/wp\/v2\/comunidades-upm?post=12157"},{"taxonomy":"quien","embeddable":true,"href":"https:\/\/www.upm.es\/recursosidi\/wp-json\/wp\/v2\/quien?post=12157"},{"taxonomy":"mapa","embeddable":true,"href":"https:\/\/www.upm.es\/recursosidi\/wp-json\/wp\/v2\/mapa?post=12157"},{"taxonomy":"disponibilidad","embeddable":true,"href":"https:\/\/www.upm.es\/recursosidi\/wp-json\/wp\/v2\/disponibilidad?post=12157"},{"taxonomy":"donde","embeddable":true,"href":"https:\/\/www.upm.es\/recursosidi\/wp-json\/wp\/v2\/donde?post=12157"},{"taxonomy":"infraestructura","embeddable":true,"href":"https:\/\/www.upm.es\/recursosidi\/wp-json\/wp\/v2\/infraestructura?post=12157"},{"taxonomy":"ods","embeddable":true,"href":"https:\/\/www.upm.es\/recursosidi\/wp-json\/wp\/v2\/ods?post=12157"},{"taxonomy":"origen","embeddable":true,"href":"https:\/\/www.upm.es\/recursosidi\/wp-json\/wp\/v2\/origen?post=12157"}],"curies":[{"name":"wp","href":"https:\/\/api.w.org\/{rel}","templated":true}]}}