{"id":12159,"date":"2023-10-25T02:49:01","date_gmt":"2023-10-25T00:49:01","guid":{"rendered":""},"modified":"2023-12-22T02:30:16","modified_gmt":"2023-12-22T01:30:16","slug":"metodo-para-estimar-la-frecuencia-de-la-red-electrica-de-corriente-alterna-que-alimenta-al-sistema-de-electrificacion-de-un-sistema-ferroviario-en-corriente-continua-a-partir-del-rizado-de-la-tension","status":"publish","type":"product","link":"https:\/\/www.upm.es\/recursosidi\/offers-resources\/patentes\/metodo-para-estimar-la-frecuencia-de-la-red-electrica-de-corriente-alterna-que-alimenta-al-sistema-de-electrificacion-de-un-sistema-ferroviario-en-corriente-continua-a-partir-del-rizado-de-la-tension\/","title":{"rendered":"M\u00e9todo para estimar la frecuencia de la red electrica de corriente alterna que alimenta al sistema de electrificaci\u00f3n de un sistema ferroviario en corriente continua a partir del rizado de la tensi\u00f3n de la catenaria"},"content":{"rendered":"<h5>Descripci\u00f3n de la patente <\/h5>\n<p>M&eacute;todo y sistema de estimaci&oacute;n de la frecuencia de<br \/>una red el&eacute;ctrica de corriente alterna que alimenta un<br \/>sistema el&eacute;ctrico ferroviario de corriente continua,<br \/>donde el m&eacute;todo comprende: medir una forma de<br \/>onda de una fuente de tensi&oacute;n de corriente continua<br \/>del sistema el&eacute;ctrico ferroviario; determinar una<br \/>frecuencia de rizado de la forma de onda de la fuente<br \/>de tensi&oacute;n en corriente continua, y; obtener un valor<br \/>de frecuencia instant&aacute;nea de la red el&eacute;ctrica mediante<br \/>el cociente de la frecuencia de rizado de la forma de<br \/>onda de la fuente de tensi&oacute;n en corriente continua<br \/>entre el n&uacute;mero de pulsos de al menos un rectificador<br \/>que conecta la fuente de tensi&oacute;n en corriente continua<br \/>con la red el&eacute;ctrica.<\/p>\n<h5>Situaci\u00f3n <\/h5>\n<p>Concedida<\/p>\n<h5>N\u00famero de solicitud<\/h5>\n<p>P202330595<\/p>\n<h5>N\u00famero de publicaci\u00f3n<\/h5>\n<p>ES2950989<\/p>\n<h5>Fecha de presentaci\u00f3n <\/h5>\n<p>14\/07\/2023<\/p>\n<h5>Fecha de publicaci\u00f3n <\/h5>\n<p>17\/10\/2023<\/p>\n<h5>Fecha de concesi\u00f3n <\/h5>\n<p>14\/12\/2023<\/p>\n<div class=\"pdfprnt-buttons pdfprnt-buttons-product pdfprnt-bottom-left\"><a href=\"https:\/\/www.upm.es\/recursosidi\/wp-json\/wp\/v2\/product\/12159?print=pdf\" class=\"pdfprnt-button pdfprnt-button-pdf\" target=\"_blank\"><span class=\"pdfprnt-button-title pdfprnt-button-pdf-title\">Descargar ficha<\/span><\/a><\/div>","protected":false},"excerpt":{"rendered":"<p>Descripci\u00f3n de la patente M&eacute;todo y sistema de estimaci&oacute;n de la frecuencia deuna red el&eacute;ctrica de corriente alterna que alimenta unsistema el&eacute;ctrico ferroviario de corriente&hellip;<\/p>\n","protected":false},"featured_media":0,"template":"","meta":{"_acf_changed":false},"product_cat":[3946],"product_tag":[],"comunidades-upm":[],"quien":[],"mapa":[],"disponibilidad":[],"donde":[{"term_id":476,"name":"Tecnolog\u00edas de Apoyo a la Vida","slug":"tecnologias-de-apoyo-a-la-vida","term_group":0,"term_taxonomy_id":476,"taxonomy":"donde","description":"Somos uno de los principales grupos europeos de investigaci\u00f3n e innovaci\u00f3n en el sector de la eSalud y la eInclusion social y mantenemos colaboraciones estables con el sector privado y p\u00fablico en diversas \u00e1reas de I+D+i.\r\nTenemos una larga trayectoria en el dise\u00f1o, desarrollo y evaluaci\u00f3n de servicios y aplicaciones basados en las Tecnolog\u00edas de la Informaci\u00f3n y la Comunicaci\u00f3n para la creaci\u00f3n y promoci\u00f3n de nuevas ideas, m\u00e9todos y soluciones tecnol\u00f3gicas en todos los aspectos de la cadena de valor de las organizaciones.\r\n\r\nNuestros principales ejes de investigaci\u00f3n son:\r\n\r\nTIC en sanidad y servicios sociales (e-salud y e-inclusi\u00f3n)\r\nNeurofot\u00f3nica\r\nRedes y Sensores Fot\u00f3nicos","parent":0,"count":23,"filter":"raw","term_order":"0"}],"infraestructura":[],"ods":[],"origen":[{"term_id":180,"name":"Patente","slug":"patente","term_group":0,"term_taxonomy_id":180,"taxonomy":"origen","description":"","parent":0,"count":614,"filter":"raw","term_order":"0"}],"familia_tax":false,"quien_tax":false,"donde_tax":false,"year":"","contacto":"<strong>Principales: <\/strong><ul><li>SERGIO GONZ\u00c1LEZ MART\u00cdNEZ <blockquote><strong>s.gonzalez@upm.es<\/strong><\/blockquote><\/li><\/ul><strong>Otros investigadores UPM: <\/strong><ul><li>Jesus Harmodio Arauz Sarmiento Centro de I+d+i en Procesado de la Informaci\u00f3n y Telecomunicaciones (IPT)<\/li><li>Juan Carlos Serrano Perez Centro de I+d+i en Procesado de la Informaci\u00f3n y Telecomunicaciones (IPT)<\/li><\/ul>","telefono":"","pagina_web":"","email":"","id_ficha_portal":"1935","video":"","adjuntos":false,"adjuntos_portal":"https:\/\/www.upm.es\/S2i\/Acuse\/recuperarArchivo.jsp?id=1935&id_archivo=14179&tipo=patente&extension=fichero","inf":false,"departamento":"","acf":[],"lang":"es","translation":{"es":12159},"_links":{"self":[{"href":"https:\/\/www.upm.es\/recursosidi\/wp-json\/wp\/v2\/product\/12159"}],"collection":[{"href":"https:\/\/www.upm.es\/recursosidi\/wp-json\/wp\/v2\/product"}],"about":[{"href":"https:\/\/www.upm.es\/recursosidi\/wp-json\/wp\/v2\/types\/product"}],"wp:attachment":[{"href":"https:\/\/www.upm.es\/recursosidi\/wp-json\/wp\/v2\/media?parent=12159"}],"wp:term":[{"taxonomy":"product_cat","embeddable":true,"href":"https:\/\/www.upm.es\/recursosidi\/wp-json\/wp\/v2\/product_cat?post=12159"},{"taxonomy":"product_tag","embeddable":true,"href":"https:\/\/www.upm.es\/recursosidi\/wp-json\/wp\/v2\/product_tag?post=12159"},{"taxonomy":"comunidad_upm","embeddable":true,"href":"https:\/\/www.upm.es\/recursosidi\/wp-json\/wp\/v2\/comunidades-upm?post=12159"},{"taxonomy":"quien","embeddable":true,"href":"https:\/\/www.upm.es\/recursosidi\/wp-json\/wp\/v2\/quien?post=12159"},{"taxonomy":"mapa","embeddable":true,"href":"https:\/\/www.upm.es\/recursosidi\/wp-json\/wp\/v2\/mapa?post=12159"},{"taxonomy":"disponibilidad","embeddable":true,"href":"https:\/\/www.upm.es\/recursosidi\/wp-json\/wp\/v2\/disponibilidad?post=12159"},{"taxonomy":"donde","embeddable":true,"href":"https:\/\/www.upm.es\/recursosidi\/wp-json\/wp\/v2\/donde?post=12159"},{"taxonomy":"infraestructura","embeddable":true,"href":"https:\/\/www.upm.es\/recursosidi\/wp-json\/wp\/v2\/infraestructura?post=12159"},{"taxonomy":"ods","embeddable":true,"href":"https:\/\/www.upm.es\/recursosidi\/wp-json\/wp\/v2\/ods?post=12159"},{"taxonomy":"origen","embeddable":true,"href":"https:\/\/www.upm.es\/recursosidi\/wp-json\/wp\/v2\/origen?post=12159"}],"curies":[{"name":"wp","href":"https:\/\/api.w.org\/{rel}","templated":true}]}}