{"id":12193,"date":"2023-11-13T10:47:08","date_gmt":"2023-11-13T09:47:08","guid":{"rendered":"https:\/\/www.upm.es\/recursosidi\/offers-resources\/sin categor\u00eda\/servicio-de-camara-ultrarrapida-2\/"},"modified":"2023-11-13T10:47:08","modified_gmt":"2023-11-13T09:47:08","slug":"servicio-de-camara-ultrarrapida-2","status":"publish","type":"product","link":"https:\/\/www.upm.es\/recursosidi\/offers-resources\/servicios-cientifico-tecnologico\/servicios-servicios-cientifico-tecnologico\/servicio-de-camara-ultrarrapida-2\/","title":{"rendered":"Servicio de c\u00e1mara ultrarr\u00e1pida"},"content":{"rendered":"<h4 class=\"\">Necesidades demandadas y aplicaciones<\/h4>\n<p>El equipamiento incluido en el servicio de visi&oacute;n ultrarr&aacute;pido permite la visualizaci&oacute;n y grabaci&oacute;n de procesos a alta velocidad, convirti&eacute;ndose en una valiosa herramienta para la caracterizaci&oacute;n y estudio de experimentos din&aacute;micos en escalas temporales inferiores al microsegundo. Un c&aacute;mara de alta velocidad no difiere en su funcionamiento b&aacute;sico de una c&aacute;mara habitual, consistiendo el sistema completo en una fuente de iluminaci&oacute;n, un sistema &oacute;ptico de enfoque y un detector digital. Sin embargo, frente a las tasas habituales de grabaci&oacute;n de 30 o 60 fps en dispositivos dom&eacute;sticos, la c&aacute;mara de alta velocidad puede alcanzar un n&uacute;mero de frames por segundo 4 &oacute;rdenes de magnitud mayor. Esto implica determinados retos tecnol&oacute;gicos como proporcionar una iluminaci&oacute;n suficientemente elevada, concentrada y sincronizada con el sistema de grabaci&oacute;n, as&iacute; como manejar archivos de datos de gran formato. El servicio ofertado ofrece al usuario externo el acceso a un sistema completo de visi&oacute;n ultrarr&aacute;pido, preparado para ser usado en las instalaciones del peticionario, de manera sencilla e independiente.<\/p>\n<hr \/>\n<h4 class=\"\">Sector o &aacute;rea de aplicaci&oacute;n<\/h4>\n<p>Manufactura aditiva e impresi&oacute;n de materiales, Caracterizaci&oacute;n de impactos y bal&iacute;stica, Reaciones Qu&iacute;micas y Combusti&oacute;n, Mec&aacute;nica de fluidos, Biomec&aacute;nica, Velocimetr&iacute;a de im&aacute;genes de part&iacute;culas.<\/p>\n<p>Los sistemas de visi&oacute;n artifical son fundamentales en el desarrollo, implementaci&oacute;n y mejora de entornos industriales digitalizados (Industria 4.0), dado que permiten una caracterizaci&oacute;n in-situ de los proceso desarrollados. En particular la visi&oacute;n ultrarr&aacute;pida es de gran utlidad en procesos industriales novedosos de fabricaci&oacute;n aditiva, microflu&iacute;dica o biotecnolog&iacute;a, adem&aacute;s de proporcionar informaci&oacute;n en sectores m&aacute;s tradicionales pero punteros como el aeroespacial o la industria de defensa.<\/p>\n<hr \/>\n<h4 class=\"\">Competencias diferenciales<\/h4>\n<p>El equipamiento se encuentra localizado en el Centro L&aacute;ser, centro de investigaci&oacute;n de la UPM con una amplia experiencia en el desarrollo procesos l&aacute;ser para la industria. Las t&eacute;cnicas de imagen ultrarr&aacute;pida (tanto en video continuo como combinadas con estrobosc&oacute;pica) permiten la caracterizaci&oacute;n y estudio de procesos l&aacute;ser de referencia en la industria, como manufactura aditiva, soldadura, taladrado, estudio de ondas el&aacute;sticas generadas por l&aacute;ser en s&oacute;lidos,&#8230;&nbsp;<\/p>\n<hr \/>\n<h4 class=\"\">Referencias previas de prestaci&oacute;n<\/h4>\n<p>La c&aacute;mara de alta velocida se est&aacute; utilizando actualmente para mejorar y foratalecer la &nbsp;oferta de parametrizaci&oacute;n de procesos que actualmente se realiza desde Centro L&aacute;ser en el sector industrial.<\/p>\n<hr \/>\n<h4 class=\"\">Descripci&oacute;n del equipamiento<\/h4>\n<p>En la actualidad el Servicio cuenta con una c&aacute;mara CMOS monocroma (Photron FASTCAM NOVA S20) con memoria RAM de almacenamiento de 128 Gb. La c&aacute;mara permite grabar hasta 20000 fps con una resoluci&oacute;n de 1Mpx, tiempos de exposici&oacute;n submicrosegundo y un rango din&aacute;mico de 10 bits. La resoluci&oacute;n temporal se puede aumentar hasta superar el mill&oacute;n de fps, reduciendo la resoluci&oacute;n digital. El equipamiento del servicio se complementa con un tripode de montaje, sistema de microposicionamiento, &oacute;pticas de enfoque y un &nbsp;sistema &nbsp;iluminaci&oacute;n LED (GSVITEC) consistente en tres fuentes independientes de 12000 lm cada una, con funcionamiento continuo o pulsado en tiempos submicrosegundo. Tanto la c&aacute;mara y el sistema de iluminaci&oacute;n se puede controlar y sincronizar mediante electr&oacute;nica externa o usando la electr&oacute;nica de control incluida en la c&aacute;mara.&nbsp;<\/p>\n<hr \/>\n<h4 class=\"\">Solicitud del servicio<\/h4>\n<p>La solicitud de servicio se realizar&aacute; directamente mediante correo directo al responsable del servicio (David<br \/>Mu&ntilde;oz Mart&iacute;n, <span rel=\"75312a30b5312f31bf312931b1311530b2313531c4311c31aa311330c1313d31b2310c30be313831\" class=\"cryptex \" style=\"\"><span class=\"CryptexImg ctxwzYMtoe1abOYhujGYOLXBanF2akEV81ghHZ0GkhhV4U\"><\/span><\/span>) con copia a <span rel=\"75312a30b4313331b7313431bf312c3173312c31b731203195311f318c314231b531333187312a31a431\" class=\"cryptex \" style=\"\"><span class=\"CryptexImg ctxHdmL3p1NKxC2Yd1evII0vthfc2QCzL8muSgyyOT_AAM\"><\/span><\/span> . Este primer correo de contacto<br \/>contendr&aacute; datos de contacto del peticionario e informaci&oacute;n a cerca del uso que se desea dar al<br \/>equipamiento. Con esta informaci&oacute;n, los responsables del Centro L&aacute;ser se pondr&aacute;n en contacto con el<br \/>solicitante para obtener todos los detalles posibles que permitan la emisi&oacute;n de un presupuesto formal que,<br \/>previa aceptaci&oacute;n del solicitante, llevar&iacute;a a la prestaci&oacute;n del servicio bajo uno de los formatos de contrataci&oacute;n<br \/>previstos por la UPM.<\/p>\n<hr \/>\n<p>&nbsp;<\/p>\n<div class=\"pdfprnt-buttons pdfprnt-buttons-product pdfprnt-bottom-left\"><a href=\"https:\/\/www.upm.es\/recursosidi\/wp-json\/wp\/v2\/product\/12193?print=pdf\" class=\"pdfprnt-button pdfprnt-button-pdf\" target=\"_blank\"><span class=\"pdfprnt-button-title pdfprnt-button-pdf-title\">Descargar ficha<\/span><\/a><\/div>","protected":false},"excerpt":{"rendered":"<p>Servicio de visi\u00f3n ultrarr\u00e1pida para la visualizaci\u00f3n y grabaci\u00f3n de procesos a alta velocidad, que permiten la caracterizaci\u00f3n y estudio de experimentos din\u00e1micos en escalas temporales inferiores al microsegundo.<\/p>\n","protected":false},"featured_media":12189,"template":"","meta":{"_acf_changed":false},"product_cat":[2395],"product_tag":[9667,9665,9663,9669],"comunidades-upm":[],"quien":[],"mapa":[{"term_id":135,"name":"Industria, materiales y econom\u00eda circular","slug":"industria-materiales-economia_circular","term_group":0,"term_taxonomy_id":135,"taxonomy":"mapa","description":"","parent":0,"count":165,"filter":"raw","term_order":"13"}],"disponibilidad":[{"term_id":205,"name":"Consultar disponibilidad","slug":"consultar","term_group":0,"term_taxonomy_id":205,"taxonomy":"disponibilidad","description":"","parent":0,"count":290,"filter":"raw","term_order":"0"}],"donde":[{"term_id":1856,"name":"Advanced Manufacture with Lasers","slug":"en_advanced-manufacture-with-lasers","term_group":0,"term_taxonomy_id":1856,"taxonomy":"donde","description":"","parent":0,"count":3,"filter":"raw","term_order":"0"},{"term_id":248,"name":"Centro L\u00e1ser","slug":"centro-laser","term_group":0,"term_taxonomy_id":248,"taxonomy":"donde","description":"","parent":0,"count":10,"filter":"raw","term_order":"0"},{"term_id":1472,"name":"Laser Centre","slug":"en_laser-centre","term_group":0,"term_taxonomy_id":1472,"taxonomy":"donde","description":"","parent":0,"count":5,"filter":"raw","term_order":"0"},{"term_id":634,"name":"Manufactura Avanzada con L\u00e1ser","slug":"manufactura-avanzada-con-laser","term_group":0,"term_taxonomy_id":634,"taxonomy":"donde","description":"","parent":0,"count":6,"filter":"raw","term_order":"0"}],"infraestructura":[{"term_id":9639,"name":"C\u00e1mara ultrarr\u00e1pida","slug":"camara-ultrarrapida","term_group":0,"term_taxonomy_id":9639,"taxonomy":"infraestructura","description":"","parent":0,"count":1,"filter":"raw","term_order":"0"}],"ods":[{"term_id":2247,"name":"Industria, Innovaci\u00f3n e Infraestructura","slug":"industria-innovacion-e-infraestructura","term_group":0,"term_taxonomy_id":2247,"taxonomy":"ods","description":"","parent":0,"count":171,"filter":"raw","term_order":"0"}],"origen":[{"term_id":196,"name":"Infraestructuras, Instalaci\u00f3n, Equipo","slug":"infraestructuras","term_group":0,"term_taxonomy_id":196,"taxonomy":"origen","description":"","parent":0,"count":180,"filter":"raw","term_order":"0"}],"familia_tax":false,"quien_tax":false,"donde_tax":false,"year":"2023-01-01","contacto":"C\/ de Alan Turing, 1, 28031, Madrid (Campus Sur de la UPM, Edificio Arboleda)","telefono":"910678783","pagina_web":"https:\/\/www.upmlaser.upm.es\/","email":"","id_ficha_portal":"488","video":"","adjuntos":false,"adjuntos_portal":"","inf":false,"departamento":"","acf":[],"lang":"es","translation":{"es":12193},"_links":{"self":[{"href":"https:\/\/www.upm.es\/recursosidi\/wp-json\/wp\/v2\/product\/12193"}],"collection":[{"href":"https:\/\/www.upm.es\/recursosidi\/wp-json\/wp\/v2\/product"}],"about":[{"href":"https:\/\/www.upm.es\/recursosidi\/wp-json\/wp\/v2\/types\/product"}],"wp:featuredmedia":[{"embeddable":true,"href":"https:\/\/www.upm.es\/recursosidi\/wp-json\/wp\/v2\/media\/12189"}],"wp:attachment":[{"href":"https:\/\/www.upm.es\/recursosidi\/wp-json\/wp\/v2\/media?parent=12193"}],"wp:term":[{"taxonomy":"product_cat","embeddable":true,"href":"https:\/\/www.upm.es\/recursosidi\/wp-json\/wp\/v2\/product_cat?post=12193"},{"taxonomy":"product_tag","embeddable":true,"href":"https:\/\/www.upm.es\/recursosidi\/wp-json\/wp\/v2\/product_tag?post=12193"},{"taxonomy":"comunidad_upm","embeddable":true,"href":"https:\/\/www.upm.es\/recursosidi\/wp-json\/wp\/v2\/comunidades-upm?post=12193"},{"taxonomy":"quien","embeddable":true,"href":"https:\/\/www.upm.es\/recursosidi\/wp-json\/wp\/v2\/quien?post=12193"},{"taxonomy":"mapa","embeddable":true,"href":"https:\/\/www.upm.es\/recursosidi\/wp-json\/wp\/v2\/mapa?post=12193"},{"taxonomy":"disponibilidad","embeddable":true,"href":"https:\/\/www.upm.es\/recursosidi\/wp-json\/wp\/v2\/disponibilidad?post=12193"},{"taxonomy":"donde","embeddable":true,"href":"https:\/\/www.upm.es\/recursosidi\/wp-json\/wp\/v2\/donde?post=12193"},{"taxonomy":"infraestructura","embeddable":true,"href":"https:\/\/www.upm.es\/recursosidi\/wp-json\/wp\/v2\/infraestructura?post=12193"},{"taxonomy":"ods","embeddable":true,"href":"https:\/\/www.upm.es\/recursosidi\/wp-json\/wp\/v2\/ods?post=12193"},{"taxonomy":"origen","embeddable":true,"href":"https:\/\/www.upm.es\/recursosidi\/wp-json\/wp\/v2\/origen?post=12193"}],"curies":[{"name":"wp","href":"https:\/\/api.w.org\/{rel}","templated":true}]}}