{"id":12194,"date":"2023-11-15T02:29:15","date_gmt":"2023-11-15T01:29:15","guid":{"rendered":"https:\/\/www.upm.es\/recursosidi\/offers-resources\/sin%20categor\u00eda\/metodo-y-sistema-de-deteccion-de-faltas-a-tierra-en-el-estator-de-una-maquina-sincrona\/"},"modified":"2024-05-23T02:40:47","modified_gmt":"2024-05-23T00:40:47","slug":"metodo-y-sistema-de-deteccion-de-faltas-a-tierra-en-el-estator-de-una-maquina-sincrona","status":"publish","type":"product","link":"https:\/\/www.upm.es\/recursosidi\/offers-resources\/patentes\/metodo-y-sistema-de-deteccion-de-faltas-a-tierra-en-el-estator-de-una-maquina-sincrona\/","title":{"rendered":"M\u00e9todo y Sistema de detecci\u00f3n de faltas a tierra en el est\u00e1tor de una m\u00e1quina s\u00edncrona"},"content":{"rendered":"<h5>Descripci\u00f3n de la patente <\/h5>\n<p>M&eacute;todo y sistema (100) de detecci&oacute;n de faltas a tierra<br \/>en el est&aacute;tor (200) de una m&aacute;quina s&iacute;ncrona, basado<br \/>en la medida de una se&ntilde;al el&eacute;ctrica a la salida de la<br \/>m&aacute;quina de la cual se extraen los valores de<br \/>frecuencia (&ldquo;f&rdquo;) y tensi&oacute;n (U) de operaci&oacute;n para el<br \/>autoajuste de una funci&oacute;n de protecci&oacute;n en tiempo<br \/>real con la m&aacute;quina en funcionamiento. Estando el<br \/>punto neutro (201) del devanado del est&aacute;tor (200) de<br \/>la m&aacute;quina puesto a tierra a trav&eacute;s de una impedancia<br \/>de puesta a tierra (301) o a trav&eacute;s de un<br \/>transformador (303) de puesta a tierra, se utiliza una<br \/>funci&oacute;n de protecci&oacute;n por corriente o tensi&oacute;n. La<br \/>magnitud el&eacute;ctrica asociada al sistema de puesta a<br \/>tierra se somete a un filtrado previo que se autoajusta,<br \/>seg&uacute;n la frecuencia de operaci&oacute;n medida, y cuyo<br \/>umbral (Ik, Uk, I&rsquo;k, U&rsquo;k) de activaci&oacute;n se autoajusta<br \/>seg&uacute;n el nivel de tensi&oacute;n de operaci&oacute;n medido.<\/p>\n<h5>Situaci\u00f3n <\/h5>\n<p>Concedida<\/p>\n<h5>N\u00famero de solicitud<\/h5>\n<p>P202330304<\/p>\n<h5>N\u00famero de publicaci\u00f3n<\/h5>\n<p>ES2953458 A1<\/p>\n<h5>Fecha de presentaci\u00f3n <\/h5>\n<p>17\/04\/2023<\/p>\n<h5>Fecha de publicaci\u00f3n <\/h5>\n<p>13\/11\/2023<\/p>\n<h5>Fecha de concesi\u00f3n <\/h5>\n<p>10\/05\/2024<\/p>\n<div class=\"pdfprnt-buttons pdfprnt-buttons-product pdfprnt-bottom-left\"><a href=\"https:\/\/www.upm.es\/recursosidi\/wp-json\/wp\/v2\/product\/12194?print=pdf\" class=\"pdfprnt-button pdfprnt-button-pdf\" target=\"_blank\"><span class=\"pdfprnt-button-title pdfprnt-button-pdf-title\">Descargar ficha<\/span><\/a><\/div>","protected":false},"excerpt":{"rendered":"<p>Descripci\u00f3n de la patente M&eacute;todo y sistema (100) de detecci&oacute;n de faltas a tierraen el est&aacute;tor (200) de una m&aacute;quina s&iacute;ncrona, basadoen la medida de&hellip;<\/p>\n","protected":false},"featured_media":0,"template":"","meta":{"_acf_changed":false},"product_cat":[3946],"product_tag":[],"comunidades-upm":[],"quien":[],"mapa":[{"term_id":2405,"name":"Ciencia para la ingenier\u00eda y la arquitectura","slug":"ciencia-para-ingenieria-y-arquitectura","term_group":0,"term_taxonomy_id":2405,"taxonomy":"mapa","description":"","parent":0,"count":127,"filter":"raw","term_order":"7"},{"term_id":133,"name":"Clima, Energ\u00eda y Movilidad","slug":"clima-energia-movilidad","term_group":0,"term_taxonomy_id":133,"taxonomy":"mapa","description":"","parent":0,"count":129,"filter":"raw","term_order":"9"},{"term_id":135,"name":"Industria, materiales y econom\u00eda circular","slug":"industria-materiales-economia_circular","term_group":0,"term_taxonomy_id":135,"taxonomy":"mapa","description":"","parent":0,"count":165,"filter":"raw","term_order":"13"}],"disponibilidad":[],"donde":[{"term_id":546,"name":"Centro de Electr\u00f3nica Industrial (CEI)","slug":"centro-de-electronica-industrial-cei","term_group":0,"term_taxonomy_id":546,"taxonomy":"donde","description":"","parent":0,"count":25,"filter":"raw","term_order":"0"},{"term_id":374,"name":"Generaci\u00f3n el\u00e9ctrica con energ\u00eda e\u00f3lica","slug":"generacion-electrica-con-energia-eolica","term_group":0,"term_taxonomy_id":374,"taxonomy":"donde","description":"","parent":0,"count":70,"filter":"raw","term_order":"0"}],"infraestructura":[],"ods":[],"origen":[{"term_id":180,"name":"Patente","slug":"patente","term_group":0,"term_taxonomy_id":180,"taxonomy":"origen","description":"","parent":0,"count":614,"filter":"raw","term_order":"0"}],"familia_tax":false,"quien_tax":false,"donde_tax":false,"year":"","contacto":"<strong>Principales: <\/strong><ul><li>LUIS FERNANDEZ BEITES <blockquote><strong>luis.fbeites@upm.es<\/strong><\/blockquote><\/li><li>PABLO RODRIGUEZ PAJARON <blockquote><strong>pablo.rpajaron@upm.es<\/strong><\/blockquote><\/li><li>JOSE MANUEL GUERRERO GRANADOS <blockquote><strong>josemanuel.guerrero@upm.es<\/strong><\/blockquote><\/li><li>KUMAR VIJAY MAHTANI MAHTANI <blockquote><strong>kumar.mahtani@upm.es<\/strong><\/blockquote><\/li><li>CARLOS ANTONIO PLATERO GAONA <blockquote><strong>carlosantonio.platero@upm.es<\/strong><\/blockquote><\/li><\/ul>","telefono":"","pagina_web":"","email":"","id_ficha_portal":"1905","video":"","adjuntos":false,"adjuntos_portal":"https:\/\/www.upm.es\/S2i\/Acuse\/recuperarArchivo.jsp?id=1905&id_archivo=14554&tipo=patente&extension=fichero","inf":false,"departamento":"","acf":[],"lang":"es","translation":{"es":12194},"_links":{"self":[{"href":"https:\/\/www.upm.es\/recursosidi\/wp-json\/wp\/v2\/product\/12194"}],"collection":[{"href":"https:\/\/www.upm.es\/recursosidi\/wp-json\/wp\/v2\/product"}],"about":[{"href":"https:\/\/www.upm.es\/recursosidi\/wp-json\/wp\/v2\/types\/product"}],"wp:attachment":[{"href":"https:\/\/www.upm.es\/recursosidi\/wp-json\/wp\/v2\/media?parent=12194"}],"wp:term":[{"taxonomy":"product_cat","embeddable":true,"href":"https:\/\/www.upm.es\/recursosidi\/wp-json\/wp\/v2\/product_cat?post=12194"},{"taxonomy":"product_tag","embeddable":true,"href":"https:\/\/www.upm.es\/recursosidi\/wp-json\/wp\/v2\/product_tag?post=12194"},{"taxonomy":"comunidad_upm","embeddable":true,"href":"https:\/\/www.upm.es\/recursosidi\/wp-json\/wp\/v2\/comunidades-upm?post=12194"},{"taxonomy":"quien","embeddable":true,"href":"https:\/\/www.upm.es\/recursosidi\/wp-json\/wp\/v2\/quien?post=12194"},{"taxonomy":"mapa","embeddable":true,"href":"https:\/\/www.upm.es\/recursosidi\/wp-json\/wp\/v2\/mapa?post=12194"},{"taxonomy":"disponibilidad","embeddable":true,"href":"https:\/\/www.upm.es\/recursosidi\/wp-json\/wp\/v2\/disponibilidad?post=12194"},{"taxonomy":"donde","embeddable":true,"href":"https:\/\/www.upm.es\/recursosidi\/wp-json\/wp\/v2\/donde?post=12194"},{"taxonomy":"infraestructura","embeddable":true,"href":"https:\/\/www.upm.es\/recursosidi\/wp-json\/wp\/v2\/infraestructura?post=12194"},{"taxonomy":"ods","embeddable":true,"href":"https:\/\/www.upm.es\/recursosidi\/wp-json\/wp\/v2\/ods?post=12194"},{"taxonomy":"origen","embeddable":true,"href":"https:\/\/www.upm.es\/recursosidi\/wp-json\/wp\/v2\/origen?post=12194"}],"curies":[{"name":"wp","href":"https:\/\/api.w.org\/{rel}","templated":true}]}}