{"id":12198,"date":"2023-12-11T12:19:38","date_gmt":"2023-12-11T11:19:38","guid":{"rendered":"https:\/\/www.upm.es\/recursosidi\/offers-resources\/sin categor\u00eda\/servicio-bioplex-estudios-de-expresion-molecular-diferencial\/"},"modified":"2023-12-11T12:19:38","modified_gmt":"2023-12-11T11:19:38","slug":"servicio-bioplex-estudios-de-expresion-molecular-diferencial","status":"publish","type":"product","link":"https:\/\/www.upm.es\/recursosidi\/offers-resources\/servicios-cientifico-tecnologico\/servicios-servicios-cientifico-tecnologico\/servicio-bioplex-estudios-de-expresion-molecular-diferencial\/","title":{"rendered":"Servicio BIOPLEX: estudios de expresi\u00f3n molecular diferencial"},"content":{"rendered":"<h4 class=\"\">Necesidades demandadas y aplicaciones<\/h4>\n<p>Estudios con biomarcadores que requieren detecci&oacute;n m&uacute;ltiple de mol&eacute;culas, para impulsar el avance de la ingenier&iacute;a aplicada a la medicina personalizada, y realizar identificaci&oacute;n de biomarcadores predictivos, servicios de screening y detecci&oacute;n in-vitro a nivel g&eacute;nico y prote&oacute;mico, as&iacute; como detecci&oacute;n y an&aacute;lisis de nanopart&iacute;culas de inter&eacute;s biosanitario. Monitorizaci&oacute;n y validaci&oacute;n precl&iacute;nica para diagn&oacute;stico precoz de c&aacute;ncer colorrectal<\/p>\n<hr \/>\n<h4 class=\"\">Sector o &aacute;rea de aplicaci&oacute;n<\/h4>\n<p>Salud, biotecnolog&iacute;a: estudios de expresi&oacute;n molecular, estudios de efectos t&oacute;xicos, estudios diagn&oacute;sticos, estudios de seguimiento de tratamientos.<\/p>\n<hr \/>\n<h4 class=\"\">Competencias diferenciales<\/h4>\n<p>La infraestructura permite el estudio a nivel proteico y de RNA en el mismo servicio.<\/p>\n<hr \/>\n<h4 class=\"\">Referencias previas de prestaci&oacute;n<\/h4>\n<p>Estudios de expresi&oacute;n aplicados a proyectos de tesis doctorales y tesis de doctorados industriales.<\/p>\n<hr \/>\n<h4 class=\"\">Descripci&oacute;n del equipamiento<\/h4>\n<p>El equipo cuenta con caracter&iacute;sticas y tecnolog&iacute;as muy espec&iacute;ficas, entre las que destacan el sistema Multiplex de alta sensibilidad de detecci&oacute;n de hasta 100 mol&eacute;culas simultaneadas basado en citometr&iacute;a de flujo a nivel molecular, con termociclador de PCR en tiempo real con un sistema peltier de 96 pocillos, y un m&oacute;dulo &oacute;ptico LED con varios canales independientes para excitar y recoger la fluorescencia generada durante la amplificaci&oacute;n del target objetivo de forma multiplexada de cinco canales simult&aacute;neamente.<\/p>\n<hr \/>\n<h4 class=\"\">Solicitud del servicio<\/h4>\n<p class=\"\">Env&iacute;o de solicitud por correo electr&oacute;nico que contendr&aacute; una memoria en la que se incluya un resumen de los objetivos de la investigaci&oacute;n, el dise&ntilde;o experimental, el tiempo estimado de uso del equipo, el cronograma deseado, la justificaci&oacute;n de las capacidades del usuario, y la justificaci&oacute;n de la obtenci&oacute;n de los recursos econ&oacute;micos necesarios para la realizaci&oacute;n del experimento. La memoria ir&aacute; acompa&ntilde;ada de la aprobaci&oacute;n de un Comit&eacute; de Etica oficial, en caso de que sea necesario.<br \/>La viabilidad de las solicitudes y su organizaci&oacute;n temporal ser&aacute; evaluada por una comisi&oacute;n presidida por el responsable cient&iacute;fico del servicio CT, Carmen Ram&iacute;rez, l&iacute;der del Laboratorio Cancer Stem Cell del Centro de Tecnolog&iacute;a Biom&eacute;dica (CTB).<\/p>\n<div class=\"pdfprnt-buttons pdfprnt-buttons-product pdfprnt-bottom-left\"><a href=\"https:\/\/www.upm.es\/recursosidi\/wp-json\/wp\/v2\/product\/12198?print=pdf\" class=\"pdfprnt-button pdfprnt-button-pdf\" target=\"_blank\"><span class=\"pdfprnt-button-title pdfprnt-button-pdf-title\">Descargar ficha<\/span><\/a><\/div>","protected":false},"excerpt":{"rendered":"<p>Estudios moleculares de expresi\u00f3n proteica y a nivel de RNA mensajero en placa de multiplexaci\u00f3n<\/p>\n","protected":false},"featured_media":12196,"template":"","meta":{"_acf_changed":false},"product_cat":[2395],"product_tag":[9737,9733,4484,9735],"comunidades-upm":[],"quien":[],"mapa":[{"term_id":137,"name":"Bioeconom\u00eda, Biotecnolog\u00eda y Sistemas Alimentarios","slug":"bioeconomia-biotecnologia-sistemas_alimentarios","term_group":0,"term_taxonomy_id":137,"taxonomy":"mapa","description":"","parent":0,"count":45,"filter":"raw","term_order":"6"},{"term_id":122,"name":"Salud y bienestar","slug":"salud-y-bienestar","term_group":0,"term_taxonomy_id":122,"taxonomy":"mapa","description":"","parent":0,"count":105,"filter":"raw","term_order":"17"}],"disponibilidad":[{"term_id":205,"name":"Consultar disponibilidad","slug":"consultar","term_group":0,"term_taxonomy_id":205,"taxonomy":"disponibilidad","description":"","parent":0,"count":290,"filter":"raw","term_order":"0"}],"donde":[{"term_id":1780,"name":"Center for Biomedical Technology","slug":"en_center-for-biomedical-technology","term_group":0,"term_taxonomy_id":1780,"taxonomy":"donde","description":"","parent":0,"count":56,"filter":"raw","term_order":"0"},{"term_id":556,"name":"Centro de Tecnolog\u00eda Biom\u00e9dica (CTB)","slug":"centro-de-tecnologia-biomedica-ctb","term_group":0,"term_taxonomy_id":556,"taxonomy":"donde","description":"","parent":0,"count":84,"filter":"raw","term_order":"0"}],"infraestructura":[{"term_id":8978,"name":"Plataforma de an\u00e1lisis de multi-expresi\u00f3n molecular simultaneo de alta resoluci\u00f3n","slug":"plataforma-de-analisis-de-multi-expresion-molecular-simultaneo-de-alta-resolucion","term_group":0,"term_taxonomy_id":8978,"taxonomy":"infraestructura","description":"","parent":0,"count":1,"filter":"raw","term_order":"0"}],"ods":[{"term_id":2247,"name":"Industria, Innovaci\u00f3n e Infraestructura","slug":"industria-innovacion-e-infraestructura","term_group":0,"term_taxonomy_id":2247,"taxonomy":"ods","description":"","parent":0,"count":171,"filter":"raw","term_order":"0"},{"term_id":2271,"name":"Salud y Bienestar","slug":"salud-y-bienestar","term_group":0,"term_taxonomy_id":2271,"taxonomy":"ods","description":"","parent":0,"count":59,"filter":"raw","term_order":"0"}],"origen":[{"term_id":196,"name":"Infraestructuras, Instalaci\u00f3n, Equipo","slug":"infraestructuras","term_group":0,"term_taxonomy_id":196,"taxonomy":"origen","description":"","parent":0,"count":180,"filter":"raw","term_order":"0"}],"familia_tax":false,"quien_tax":false,"donde_tax":false,"year":"2023-01-01","contacto":"Centro de Tecnolog\u00eda Biom\u00e9dica (CTB) Campus Montegancedo de la Universidad Polit\u00e9cnica de Madrid Crta. M-40, Km 38 28223 Pozuelo de Alarc\u00f3n","telefono":"910679312","pagina_web":"https:\/\/www.ctb.upm.es\/","email":"direccion.ctb@ctb.upm.es","id_ficha_portal":"489","video":"","adjuntos":false,"adjuntos_portal":"","inf":false,"departamento":"","acf":[],"lang":"es","translation":{"es":12198},"_links":{"self":[{"href":"https:\/\/www.upm.es\/recursosidi\/wp-json\/wp\/v2\/product\/12198"}],"collection":[{"href":"https:\/\/www.upm.es\/recursosidi\/wp-json\/wp\/v2\/product"}],"about":[{"href":"https:\/\/www.upm.es\/recursosidi\/wp-json\/wp\/v2\/types\/product"}],"wp:featuredmedia":[{"embeddable":true,"href":"https:\/\/www.upm.es\/recursosidi\/wp-json\/wp\/v2\/media\/12196"}],"wp:attachment":[{"href":"https:\/\/www.upm.es\/recursosidi\/wp-json\/wp\/v2\/media?parent=12198"}],"wp:term":[{"taxonomy":"product_cat","embeddable":true,"href":"https:\/\/www.upm.es\/recursosidi\/wp-json\/wp\/v2\/product_cat?post=12198"},{"taxonomy":"product_tag","embeddable":true,"href":"https:\/\/www.upm.es\/recursosidi\/wp-json\/wp\/v2\/product_tag?post=12198"},{"taxonomy":"comunidad_upm","embeddable":true,"href":"https:\/\/www.upm.es\/recursosidi\/wp-json\/wp\/v2\/comunidades-upm?post=12198"},{"taxonomy":"quien","embeddable":true,"href":"https:\/\/www.upm.es\/recursosidi\/wp-json\/wp\/v2\/quien?post=12198"},{"taxonomy":"mapa","embeddable":true,"href":"https:\/\/www.upm.es\/recursosidi\/wp-json\/wp\/v2\/mapa?post=12198"},{"taxonomy":"disponibilidad","embeddable":true,"href":"https:\/\/www.upm.es\/recursosidi\/wp-json\/wp\/v2\/disponibilidad?post=12198"},{"taxonomy":"donde","embeddable":true,"href":"https:\/\/www.upm.es\/recursosidi\/wp-json\/wp\/v2\/donde?post=12198"},{"taxonomy":"infraestructura","embeddable":true,"href":"https:\/\/www.upm.es\/recursosidi\/wp-json\/wp\/v2\/infraestructura?post=12198"},{"taxonomy":"ods","embeddable":true,"href":"https:\/\/www.upm.es\/recursosidi\/wp-json\/wp\/v2\/ods?post=12198"},{"taxonomy":"origen","embeddable":true,"href":"https:\/\/www.upm.es\/recursosidi\/wp-json\/wp\/v2\/origen?post=12198"}],"curies":[{"name":"wp","href":"https:\/\/api.w.org\/{rel}","templated":true}]}}