{"id":12233,"date":"2024-02-12T15:44:42","date_gmt":"2024-02-12T14:44:42","guid":{"rendered":"https:\/\/www.upm.es\/recursosidi\/offers-resources\/sin categor\u00eda\/servicio-de-citometria-de-flujo\/"},"modified":"2024-02-12T15:44:42","modified_gmt":"2024-02-12T14:44:42","slug":"servicio-de-citometria-de-flujo","status":"publish","type":"product","link":"https:\/\/www.upm.es\/recursosidi\/offers-resources\/servicios-cientifico-tecnologico\/servicios-servicios-cientifico-tecnologico\/servicio-de-citometria-de-flujo\/","title":{"rendered":"Servicio de citometr\u00eda de flujo"},"content":{"rendered":"<hr \/>\n<p class=\"\">&nbsp;<\/p>\n<h4 class=\"\">Necesidades demandadas y aplicaciones<\/h4>\n<p class=\"\">Estudios de expresi&oacute;n de prote&iacute;nas por Citometr&iacute;a de flujo en muestras sanguineas de pacientes, mediante marcadores fluorescentes. Estudios de ciclo celular. Estudios de cin&eacute;tica de divisi&oacute;n celular con marcadores vitales fluorescentes.&nbsp;<\/p>\n<hr \/>\n<h4 class=\"\">Sector o &aacute;rea de aplicaci&oacute;n<\/h4>\n<p class=\"\">Biomedicina, Nanopart&iacute;culas, Hematolog&iacute;a, Oncolog&iacute;a, Fisiolog&iacute;a.&nbsp;<\/p>\n<hr \/>\n<h4 class=\"\">Competencias diferenciales<\/h4>\n<p class=\"\">Prestaci&oacute;n de servicio integral desde el dise&ntilde;o experimental a la interpretaci&oacute;n de datos, con soporte personalizado.&nbsp;<\/p>\n<hr \/>\n<h4 class=\"\">Referencias previas de prestaci&oacute;n<\/h4>\n<p class=\"\">Estudio ONCOREC con el Centro de Salud Daroca (CCM). Estudio de marcadores y predicici&oacute;n de recaida por machine learning en pacientes de c&aacute;ncer colorrectal. Universidad Europea-C&aacute;tedra ASISA.&nbsp;<\/p>\n<hr \/>\n<h4 class=\"\">Descripci&oacute;n del equipamiento<\/h4>\n<p class=\"\">Equipo de detecci&oacute;n celular por fluorescencia, con 14 canales, 5 detectores y dos laser, para la detecci&oacute;n de c&eacute;lulas disgregadas en soluci&oacute;n.<br \/>El equipo cuenta con el software necesario para el an&aacute;lisis de poblaciones multim&eacute;ricas, y es capaz de generar informes con los resultados, de gran utilidad cl&iacute;nica para muestras de pacientes. Son de gran utilidad tambi&eacute;n experimentos con c&eacute;lulas en cultivo tras su individualizaci&oacute;n y filtrado, para la detecci&oacute;n en cambios de expresi&oacute;n de c&eacute;lulas de membrana. Otra aplicaci&oacute;n optimizada es el estudio de las fases del ciclo celular y su modificaci&oacute;n por tratamientos. Por &uacute;ltimo, el trabajo con colorantes vitales permite al usuario el seguimiento de la din&aacute;mica de divisi&oacute;n celular en los experimentos dise&ntilde;ados.&nbsp;<\/p>\n<hr \/>\n<h4 class=\"\">Solicitud del servicio<\/h4>\n<p class=\"\">La solicitud del servicio CT se realiza mediante el env&iacute;o de un correo electr&oacute;nico que contendr&aacute; una breve memoria en la que se incluya un resumen de los objetivos de la investigaci&oacute;n, el dise&ntilde;o experimental, el tiempo estimado de uso del equipo, el cronograma deseado, la justificaci&oacute;n de las capacidades del usuario, y la justificaci&oacute;n de la obtenci&oacute;n de los recursos econ&oacute;micos necesarios para la realizaci&oacute;n del experimento. La memoria ir&aacute; acompa&ntilde;ada de la aprobaci&oacute;n de un Comit&eacute; de Etica oficial, en caso de que sea necesario.<br \/>El tiempo estimado de uso del equipo se determinar&aacute; en funci&oacute;n del n&uacute;mero de muestras que se tenga intenci&oacute;n de medir, incluyendo el tiempo de configuraci&oacute;n inicial del experimento.<br \/>La viabilidad de las solicitudes y su organizaci&oacute;n temporal ser&aacute; evaluada por una comisi&oacute;n presidida por el responsable cient&iacute;fico del servicio CT, Carmen Ram&iacute;rez, l&iacute;der del laboratorio Cancer Stem Cell. Los calendarios y las fechas asignadas ser&aacute;n p&uacute;blicos y podr&aacute;n consultarse por cualquier investigador en la p&aacute;gina web del CTB.<br \/>La estructura responsable del servicio CT y el usuario firmar&aacute;n un documento para regular la prestaci&oacute;n del servicio CT que recoger&aacute; todas las condiciones y normas de uso.<br \/>El usuario que quiera utilizar el servicio CT en modalidad autogestionada acreditar&aacute; previamente su capacitaci&oacute;n.<br \/>El usuario recibir&aacute; una copia electr&oacute;nica del manual de usuario del equipamiento con el detalle de los procedimientos y condiciones de uso. El manual cuenta con la siguiente estructura de contenidos: objetivos y prop&oacute;sito, uso del software, instrucciones de uso del equipo, obtenci&oacute;n y exportaci&oacute;n de datos, y resoluci&oacute;n de problemas.<br \/>Los fungibles necesarios para la realizaci&oacute;n de las medidas los facilita el prestador del servicio, a excepci&oacute;n de los anticuerpos espec&iacute;ficos para las prote&iacute;nas que desee detectar, o los marcadores de ciclo celular que tendr&aacute; que traer el usuario externo.&nbsp;<br \/>El tiempo de uso del servicio CT y la fecha de la prestaci&oacute;n quedar&aacute;n registrados en el registro de laboratorio Cancer Stem Cell (c&oacute;digo de local 35A.S2.023.0). Los responsables del servicio CT estiman que 4 horas de uso de la infraestructura permiten realizar todas las medidas de un n&uacute;mero medio de muestras (40).&nbsp;<\/p>\n<hr \/>\n<p><abbr class=\"\" style=\"margin-left: 20px;background-color: #fffbb6\" title=\"Pulsa en Bloques &gt; Citas para a&ntilde;adir una nueva cita.\">Perplejidad al estudiar expresi&oacute;n molecular y predecir respuestas tumorales<\/abbr><\/p>\n<blockquote class=\"borrar\"><p>&nbsp;<\/p><\/blockquote>\n<div class=\"pdfprnt-buttons pdfprnt-buttons-product pdfprnt-bottom-left\"><a href=\"https:\/\/www.upm.es\/recursosidi\/wp-json\/wp\/v2\/product\/12233?print=pdf\" class=\"pdfprnt-button pdfprnt-button-pdf\" target=\"_blank\"><span class=\"pdfprnt-button-title pdfprnt-button-pdf-title\">Descargar ficha<\/span><\/a><\/div>","protected":false},"excerpt":{"rendered":"<p>Citometr\u00eda de flujo en c\u00e9lulas individualizadas, mediante marcadores fluorescentes. Estudios de ciclo celular. Estudios de cin\u00e9tica de divisi\u00f3n celular con marcadores vitales fluorescentes.<\/p>\n","protected":false},"featured_media":12230,"template":"","meta":{"_acf_changed":false},"product_cat":[2395],"product_tag":[9904,9902,9898,9906,9900],"comunidades-upm":[],"quien":[],"mapa":[{"term_id":137,"name":"Bioeconom\u00eda, Biotecnolog\u00eda y Sistemas Alimentarios","slug":"bioeconomia-biotecnologia-sistemas_alimentarios","term_group":0,"term_taxonomy_id":137,"taxonomy":"mapa","description":"","parent":0,"count":45,"filter":"raw","term_order":"6"},{"term_id":122,"name":"Salud y bienestar","slug":"salud-y-bienestar","term_group":0,"term_taxonomy_id":122,"taxonomy":"mapa","description":"","parent":0,"count":105,"filter":"raw","term_order":"17"}],"disponibilidad":[{"term_id":205,"name":"Consultar disponibilidad","slug":"consultar","term_group":0,"term_taxonomy_id":205,"taxonomy":"disponibilidad","description":"","parent":0,"count":290,"filter":"raw","term_order":"0"}],"donde":[{"term_id":1780,"name":"Center for Biomedical Technology","slug":"en_center-for-biomedical-technology","term_group":0,"term_taxonomy_id":1780,"taxonomy":"donde","description":"","parent":0,"count":56,"filter":"raw","term_order":"0"},{"term_id":556,"name":"Centro de Tecnolog\u00eda Biom\u00e9dica (CTB)","slug":"centro-de-tecnologia-biomedica-ctb","term_group":0,"term_taxonomy_id":556,"taxonomy":"donde","description":"","parent":0,"count":84,"filter":"raw","term_order":"0"}],"infraestructura":[{"term_id":9847,"name":"Cit\u00f3metro de flujo","slug":"citometro-de-flujo","term_group":0,"term_taxonomy_id":9847,"taxonomy":"infraestructura","description":"","parent":0,"count":1,"filter":"raw","term_order":"0"}],"ods":[{"term_id":2247,"name":"Industria, Innovaci\u00f3n e Infraestructura","slug":"industria-innovacion-e-infraestructura","term_group":0,"term_taxonomy_id":2247,"taxonomy":"ods","description":"","parent":0,"count":171,"filter":"raw","term_order":"0"},{"term_id":2271,"name":"Salud y Bienestar","slug":"salud-y-bienestar","term_group":0,"term_taxonomy_id":2271,"taxonomy":"ods","description":"","parent":0,"count":59,"filter":"raw","term_order":"0"}],"origen":[{"term_id":196,"name":"Infraestructuras, Instalaci\u00f3n, Equipo","slug":"infraestructuras","term_group":0,"term_taxonomy_id":196,"taxonomy":"origen","description":"","parent":0,"count":180,"filter":"raw","term_order":"0"}],"familia_tax":false,"quien_tax":false,"donde_tax":false,"year":"2023-01-01","contacto":"Centro de Tecnolog\u00eda Biom\u00e9dica (CTB) Campus Montegancedo de la Universidad Polit\u00e9cnica de Madrid Crta. M-40, Km 38 28223 Pozuelo de Alarc\u00f3n","telefono":"910679312","pagina_web":"https:\/\/www.ctb.upm.es\/","email":"carmen.ramirez@ctb.upm.es","id_ficha_portal":"492","video":"","adjuntos":false,"adjuntos_portal":"","inf":false,"departamento":"","acf":[],"lang":"es","translation":{"es":12233},"_links":{"self":[{"href":"https:\/\/www.upm.es\/recursosidi\/wp-json\/wp\/v2\/product\/12233"}],"collection":[{"href":"https:\/\/www.upm.es\/recursosidi\/wp-json\/wp\/v2\/product"}],"about":[{"href":"https:\/\/www.upm.es\/recursosidi\/wp-json\/wp\/v2\/types\/product"}],"wp:featuredmedia":[{"embeddable":true,"href":"https:\/\/www.upm.es\/recursosidi\/wp-json\/wp\/v2\/media\/12230"}],"wp:attachment":[{"href":"https:\/\/www.upm.es\/recursosidi\/wp-json\/wp\/v2\/media?parent=12233"}],"wp:term":[{"taxonomy":"product_cat","embeddable":true,"href":"https:\/\/www.upm.es\/recursosidi\/wp-json\/wp\/v2\/product_cat?post=12233"},{"taxonomy":"product_tag","embeddable":true,"href":"https:\/\/www.upm.es\/recursosidi\/wp-json\/wp\/v2\/product_tag?post=12233"},{"taxonomy":"comunidad_upm","embeddable":true,"href":"https:\/\/www.upm.es\/recursosidi\/wp-json\/wp\/v2\/comunidades-upm?post=12233"},{"taxonomy":"quien","embeddable":true,"href":"https:\/\/www.upm.es\/recursosidi\/wp-json\/wp\/v2\/quien?post=12233"},{"taxonomy":"mapa","embeddable":true,"href":"https:\/\/www.upm.es\/recursosidi\/wp-json\/wp\/v2\/mapa?post=12233"},{"taxonomy":"disponibilidad","embeddable":true,"href":"https:\/\/www.upm.es\/recursosidi\/wp-json\/wp\/v2\/disponibilidad?post=12233"},{"taxonomy":"donde","embeddable":true,"href":"https:\/\/www.upm.es\/recursosidi\/wp-json\/wp\/v2\/donde?post=12233"},{"taxonomy":"infraestructura","embeddable":true,"href":"https:\/\/www.upm.es\/recursosidi\/wp-json\/wp\/v2\/infraestructura?post=12233"},{"taxonomy":"ods","embeddable":true,"href":"https:\/\/www.upm.es\/recursosidi\/wp-json\/wp\/v2\/ods?post=12233"},{"taxonomy":"origen","embeddable":true,"href":"https:\/\/www.upm.es\/recursosidi\/wp-json\/wp\/v2\/origen?post=12233"}],"curies":[{"name":"wp","href":"https:\/\/api.w.org\/{rel}","templated":true}]}}