{"id":12246,"date":"2024-02-21T14:12:08","date_gmt":"2024-02-21T13:12:08","guid":{"rendered":"https:\/\/www.upm.es\/recursosidi\/offers-resources\/sin categor\u00eda\/ensayos-de-flexion-en-vigas\/"},"modified":"2024-02-21T14:12:08","modified_gmt":"2024-02-21T13:12:08","slug":"ensayos-de-flexion-en-vigas","status":"publish","type":"product","link":"https:\/\/www.upm.es\/recursosidi\/offers-resources\/servicios-cientifico-tecnologico\/servicios-servicios-cientifico-tecnologico\/ensayos-de-flexion-en-vigas\/","title":{"rendered":"Ensayos de flexi\u00f3n en vigas"},"content":{"rendered":"<h4 class=\"\">Ensayos de flexi&oacute;n en vigas<\/h4>\n<p>El <a href=\"http:\/\/www1.caminos.upm.es\/estructural\/\" target=\"_blank\" rel=\"noopener\">Grupo de Ingenier&iacute;a Estructural<\/a> dispone de un equipo de carga para la realizaci&oacute;n de ensayos de flexi&oacute;n o flexi&oacute;n\/cortante en elementos estructurales lineales (vigas). Mediante los gatos, se puede aplicar una carga de hasta 15 toneladas, con control de fuerza o de desplazamiento, con una historia de cargas mon&oacute;tona o c&iacute;clica. Con ayuda de los p&oacute;rticos del laboratorio, se pueden realizar ensayos de flexi&oacute;n en 3 o 4 puntos, con luces de vano adaptables a las necesidades. Se pueden medir desplazamientos, deformaciones, fisuras, etc con el equipo de adquisici&oacute;n de datos.<\/p>\n<hr \/>\n<h4 class=\"\">Servicios que se oferecen<\/h4>\n<p>&ndash; Ensayos de flexi&oacute;n o flexi&oacute;n\/cortante en vigas.<\/p>\n<p>&ndash; Ensayos de agotamiento o servicio bajo cargas mon&oacute;tonas o c&iacute;clicas.<\/p>\n<hr \/>\n<h4>Necesidades demandadas y aplicaciones<\/h4>\n<p>El equipo de ensayo permite dar respuesta a las necesidades de ensayo de elementos que trabajan a flexi&oacute;n, para evaluar, bien su comportamiento en servicio, bien su capacidad resistente y modo de rotura. El equipo permite ensayar vigas con un gran rango de dimensiones, por la posibilidad de modificar los p&oacute;rticos auxiliares y la localizaci&oacute;n de apoyos. La carga se puede aplicar con control de fuerza o de desplazamiento, y se pueden programar historias de carga, ya sean mon&oacute;tonas o c&iacute;clicas.<\/p>\n<p>Con la ayuda del equipo de adquisici&oacute;n de datos del Grupo, en los ensayos se pueden utilizar sensores de desplazamiento, deformaci&oacute;n, aceleraci&oacute;n, fuerza, abertura de fisura, etc. Adem&aacute;s se pueden utilizar t&eacute;cnicas de Correlaci&oacute;n digital de Imagen (DIC) con ayuda de equipo fotogr&aacute;fico.<\/p>\n<hr \/>\n<h4>Competencias diferenciales<\/h4>\n<ul>\n<li>Capacidad de carga de hasta 15 toneladas con control de fuerza y hasta 50 mm con control de desplazamiento.<\/li>\n<li>Cargas mon&oacute;tonas o c&iacute;clicas (programable historia de cargas espec&iacute;fica).<\/li>\n<li>Posibilidad de tomar medidas adicionales (deformaciones, desplazamiento, etc).<\/li>\n<li>Posibilidad de usar Corelaci&oacute;n Digital de Imagen (DIC).<\/li>\n<\/ul>\n<hr \/>\n<hr \/>\n<h4>Solicitud del servicio<\/h4>\n<p>Mediante correo electr&oacute;nico al Prof. Carlos Zanuy: <span rel=\"68311d30a0312231a5312631c731413178312431b3311c31bf31243181313131c73138317a313031be31\" class=\"cryptex \" style=\"\"><span class=\"CryptexImg ctxc1mFXGox1oZRLBhJFEeFwDzj9NDDmYwZHQOc7bmMRHk\"><\/span><\/span><\/p>\n<hr \/>\n<p>&nbsp;<\/p>\n<div class=\"pdfprnt-buttons pdfprnt-buttons-product pdfprnt-bottom-left\"><a href=\"https:\/\/www.upm.es\/recursosidi\/wp-json\/wp\/v2\/product\/12246?print=pdf\" class=\"pdfprnt-button pdfprnt-button-pdf\" target=\"_blank\"><span class=\"pdfprnt-button-title pdfprnt-button-pdf-title\">Descargar ficha<\/span><\/a><\/div>","protected":false},"excerpt":{"rendered":"<p>Ensayos de flexi\u00f3n o flexi\u00f3n-cortante en elementos estructurales tipo viga, con control de fuerza o desplazamiento, carga mon\u00f3tona o c\u00edclica<\/p>\n","protected":false},"featured_media":12241,"template":"","meta":{"_acf_changed":false},"product_cat":[2395],"product_tag":[8643,8641,8391,8637,8639],"comunidades-upm":[],"quien":[],"mapa":[{"term_id":2405,"name":"Ciencia para la ingenier\u00eda y la arquitectura","slug":"ciencia-para-ingenieria-y-arquitectura","term_group":0,"term_taxonomy_id":2405,"taxonomy":"mapa","description":"","parent":0,"count":127,"filter":"raw","term_order":"7"}],"disponibilidad":[{"term_id":205,"name":"Consultar disponibilidad","slug":"consultar","term_group":0,"term_taxonomy_id":205,"taxonomy":"disponibilidad","description":"","parent":0,"count":290,"filter":"raw","term_order":"0"}],"donde":[{"term_id":354,"name":"Grupo de Ingenier\u00eda Estructural","slug":"grupo-de-ingenieria-estructural","term_group":0,"term_taxonomy_id":354,"taxonomy":"donde","description":"Entre nuestros objetivos est&aacute; la investigaci&oacute;n en el &aacute;rea de la Ingenier&iacute;a Estructural, as&iacute; como la docencia y divulgaci&oacute;n de conocimientos en esta rama de la Ingenier&iacute;a Civil. Todo ello lo llevamos a cabo tomando como base, y desarrollando a la vez, nuestras<strong> l&iacute;neas de investigaci&oacute;n<\/strong>:\n&nbsp;\n\n&nbsp;An&aacute;lisis estructural.\nFatiga y comportamiento a largo plazo.\nResistencia de estructuras sometidas a impacto y alta velocidad de deformaci&oacute;n.\nAn&aacute;lisis din&aacute;mico.\nCancelaci&oacute;n de vibraciones.\nEstructuras de hormig&oacute;n sometidas a estados complejos de carga.\nPuentes mixtos e h&iacute;bridos de hormig&oacute;n y otros materiales.\nInteracci&oacute;n suelo-estructura.\n","parent":0,"count":7,"filter":"raw","term_order":"0"},{"term_id":1578,"name":"Structural Engineering Group","slug":"en_structural-engineering-group","term_group":0,"term_taxonomy_id":1578,"taxonomy":"donde","description":"Entre nuestros objetivos est&aacute; la investigaci&oacute;n en el &aacute;rea de la Ingenier&iacute;a Estructural, as&iacute; como la docencia y divulgaci&oacute;n de conocimientos en esta rama de la Ingenier&iacute;a Civil. Todo ello lo llevamos a cabo tomando como base, y desarrollando a la vez, nuestras<strong> l&iacute;neas de investigaci&oacute;n<\/strong>:\n&nbsp;\n\n&nbsp;An&aacute;lisis estructural.\nFatiga y comportamiento a largo plazo.\nResistencia de estructuras sometidas a impacto y alta velocidad de deformaci&oacute;n.\nAn&aacute;lisis din&aacute;mico.\nCancelaci&oacute;n de vibraciones.\nEstructuras de hormig&oacute;n sometidas a estados complejos de carga.\nPuentes mixtos e h&iacute;bridos de hormig&oacute;n y otros materiales.\nInteracci&oacute;n suelo-estructura.\n","parent":0,"count":7,"filter":"raw","term_order":"0"}],"infraestructura":[{"term_id":8376,"name":"Laboratorio de Estructuras","slug":"laboratorio-de-estructuras","term_group":0,"term_taxonomy_id":8376,"taxonomy":"infraestructura","description":"","parent":0,"count":2,"filter":"raw","term_order":"0"}],"ods":[{"term_id":2247,"name":"Industria, Innovaci\u00f3n e Infraestructura","slug":"industria-innovacion-e-infraestructura","term_group":0,"term_taxonomy_id":2247,"taxonomy":"ods","description":"","parent":0,"count":171,"filter":"raw","term_order":"0"}],"origen":[{"term_id":196,"name":"Infraestructuras, Instalaci\u00f3n, Equipo","slug":"infraestructuras","term_group":0,"term_taxonomy_id":196,"taxonomy":"origen","description":"","parent":0,"count":180,"filter":"raw","term_order":"0"}],"familia_tax":false,"quien_tax":false,"donde_tax":false,"year":"2015-01-01","contacto":"ETS Ingenieros de Caminos c\/ Profesor Aranguren, 3 28040 Madrid","telefono":"910674154","pagina_web":"http:\/\/www1.caminos.upm.es\/estructural\/","email":"carlos.zanuy@upm.es","id_ficha_portal":"437","video":"","adjuntos":false,"adjuntos_portal":"","inf":false,"departamento":"","acf":[],"lang":"es","translation":{"es":12246},"_links":{"self":[{"href":"https:\/\/www.upm.es\/recursosidi\/wp-json\/wp\/v2\/product\/12246"}],"collection":[{"href":"https:\/\/www.upm.es\/recursosidi\/wp-json\/wp\/v2\/product"}],"about":[{"href":"https:\/\/www.upm.es\/recursosidi\/wp-json\/wp\/v2\/types\/product"}],"wp:featuredmedia":[{"embeddable":true,"href":"https:\/\/www.upm.es\/recursosidi\/wp-json\/wp\/v2\/media\/12241"}],"wp:attachment":[{"href":"https:\/\/www.upm.es\/recursosidi\/wp-json\/wp\/v2\/media?parent=12246"}],"wp:term":[{"taxonomy":"product_cat","embeddable":true,"href":"https:\/\/www.upm.es\/recursosidi\/wp-json\/wp\/v2\/product_cat?post=12246"},{"taxonomy":"product_tag","embeddable":true,"href":"https:\/\/www.upm.es\/recursosidi\/wp-json\/wp\/v2\/product_tag?post=12246"},{"taxonomy":"comunidad_upm","embeddable":true,"href":"https:\/\/www.upm.es\/recursosidi\/wp-json\/wp\/v2\/comunidades-upm?post=12246"},{"taxonomy":"quien","embeddable":true,"href":"https:\/\/www.upm.es\/recursosidi\/wp-json\/wp\/v2\/quien?post=12246"},{"taxonomy":"mapa","embeddable":true,"href":"https:\/\/www.upm.es\/recursosidi\/wp-json\/wp\/v2\/mapa?post=12246"},{"taxonomy":"disponibilidad","embeddable":true,"href":"https:\/\/www.upm.es\/recursosidi\/wp-json\/wp\/v2\/disponibilidad?post=12246"},{"taxonomy":"donde","embeddable":true,"href":"https:\/\/www.upm.es\/recursosidi\/wp-json\/wp\/v2\/donde?post=12246"},{"taxonomy":"infraestructura","embeddable":true,"href":"https:\/\/www.upm.es\/recursosidi\/wp-json\/wp\/v2\/infraestructura?post=12246"},{"taxonomy":"ods","embeddable":true,"href":"https:\/\/www.upm.es\/recursosidi\/wp-json\/wp\/v2\/ods?post=12246"},{"taxonomy":"origen","embeddable":true,"href":"https:\/\/www.upm.es\/recursosidi\/wp-json\/wp\/v2\/origen?post=12246"}],"curies":[{"name":"wp","href":"https:\/\/api.w.org\/{rel}","templated":true}]}}