{"id":12248,"date":"2024-02-29T02:52:06","date_gmt":"2024-02-29T01:52:06","guid":{"rendered":"https:\/\/www.upm.es\/recursosidi\/offers-resources\/sin%20categor\u00eda\/procedimiento-de-estimacion-del-regimen-de-funcionamiento-de-un-sistema-a-partir-de-la-firma-de-su-consumo-electrico\/"},"modified":"2025-07-31T02:54:52","modified_gmt":"2025-07-31T00:54:52","slug":"procedimiento-de-estimacion-del-regimen-de-funcionamiento-de-un-sistema-a-partir-de-la-firma-de-su-consumo-electrico","status":"publish","type":"product","link":"https:\/\/www.upm.es\/recursosidi\/offers-resources\/patentes\/procedimiento-de-estimacion-del-regimen-de-funcionamiento-de-un-sistema-a-partir-de-la-firma-de-su-consumo-electrico\/","title":{"rendered":"PROCEDIMIENTO DE ESTIMACI\u00d3N DEL R\u00c9GIMEN DE FUNCIONAMIENTO DE UN SISTEMA A PARTIR DE LA FIRMA DE SU CONSUMO EL\u00c9CTRICO"},"content":{"rendered":"<h5>Descripci\u00f3n de la patente <\/h5>\n<p>Procedimiento de estimaci&oacute;n del r&eacute;gimen de<br \/>funcionamiento de un sistema a partir de la firma de<br \/>su consumo el&eacute;ctrico.<br \/>Que permite la identificaci&oacute;n para cada valor medido<br \/>de las variables de entrada (tensi&oacute;n, intensidad y<br \/>&aacute;ngulo de desfase) del estado del sistema (1). A partir<br \/>de la evoluci&oacute;n temporal de los estados del sistema<br \/>(1), permite identificar secuencias o grupos de<br \/>estados que describen comportamientos agregados<br \/>del este. Particularmente, comprende las etapas de:<br \/>entrenamiento de modelos de inteligencia artificial;<br \/>captura de se&ntilde;ales anal&oacute;gicas (2) de tensi&oacute;n,<br \/>intensidad y &aacute;ngulo de desfase; predicci&oacute;n s&iacute;ncrona<br \/>del estado discreto (5) del sistema (1) en cada<br \/>momento; secuenciaci&oacute;n y segmentaci&oacute;n de los<br \/>estados discretos (5) del sistema (1), obteniendo un<br \/>conjunto de subsecuencias (6); y obtenci&oacute;n de un<br \/>conjunto de tendencias de comportamiento del<br \/>sistema (1) a partir de las subsecuencias (6), su<br \/>duraci&oacute;n y repetibilidad.<\/p>\n<h5>Situaci\u00f3n <\/h5>\n<p>Concedida<\/p>\n<h5>N\u00famero de solicitud<\/h5>\n<p>P202230694 <\/p>\n<h5>N\u00famero de publicaci\u00f3n<\/h5>\n<p>ES2959540<\/p>\n<h5>Fecha de presentaci\u00f3n <\/h5>\n<p>28\/07\/2022<\/p>\n<h5>Fecha de publicaci\u00f3n <\/h5>\n<p>26\/02\/2024<\/p>\n<h5>Fecha de concesi\u00f3n <\/h5>\n<p>17\/07\/2025<\/p>\n<h4><strong>Extensiones Internacionales<\/strong><\/h4>\n<h5>PCT<\/h5>\n<p><strong>Referencia de la solicitud: <\/strong>PCT\/ES2023\/070414<br \/>\nWO2024023378<\/p>\n<div class=\"pdfprnt-buttons pdfprnt-buttons-product pdfprnt-bottom-left\"><a href=\"https:\/\/www.upm.es\/recursosidi\/wp-json\/wp\/v2\/product\/12248?print=pdf\" class=\"pdfprnt-button pdfprnt-button-pdf\" target=\"_blank\"><span class=\"pdfprnt-button-title pdfprnt-button-pdf-title\">Descargar ficha<\/span><\/a><\/div>","protected":false},"excerpt":{"rendered":"<p>Descripci\u00f3n de la patente Procedimiento de estimaci&oacute;n del r&eacute;gimen defuncionamiento de un sistema a partir de la firma desu consumo el&eacute;ctrico.Que permite la identificaci&oacute;n para&hellip;<\/p>\n","protected":false},"featured_media":0,"template":"","meta":{"_acf_changed":false},"product_cat":[3946],"product_tag":[],"comunidades-upm":[],"quien":[],"mapa":[],"disponibilidad":[],"donde":[{"term_id":566,"name":"Proyectos y Calidad","slug":"proyectos-y-calidad","term_group":0,"term_taxonomy_id":566,"taxonomy":"donde","description":"Las l&iacute;neas de investigaci&oacute;n que sustentan nuestro trabajo son las siguientes:\n&nbsp;\n\nSostenibilidad en la Direcci&oacute;n de Proyectos\nCompetencias en Direcci&oacute;n de proyectos\nExtracciones de conocimiento en Procesos Industriales\nM&eacute;todos de Investigaci&oacute;n y Diagn&oacute;stico en Educaci&oacute;n\nCalidad\nEvaluaci&oacute;n ambiental de Planes, Programas y Proyectos\nIntegraci&oacute;n y recuperaci&oacute;n ambiental de espacios degradado\nEvaluaci&oacute;n de la Generaci&oacute;n de Residuos en Construcci&oacute;n\nIndicadores de Sostenibilidad en Construcci&oacute;n\nBusiness Analytics y Big Data\n\n&nbsp;\nEl trabajo se articula en relaci&oacute;n a proyectos concretos, que tienen diferentes or&iacute;genes, tanto de financiaci&oacute;n p&uacute;blica como privada. Entre estos &uacute;ltimos es de destacar la consultor&iacute;a, que ocupa de media un 15% del tiempo disponible para investigaci&oacute;n.\n&nbsp;","parent":0,"count":7,"filter":"raw","term_order":"0"}],"infraestructura":[],"ods":[],"origen":[{"term_id":180,"name":"Patente","slug":"patente","term_group":0,"term_taxonomy_id":180,"taxonomy":"origen","description":"","parent":0,"count":614,"filter":"raw","term_order":"0"}],"familia_tax":false,"quien_tax":false,"donde_tax":false,"year":"","contacto":"<strong>Principales: <\/strong><ul><li>Joaqu\u00edn Bienvenido Ordieres Mer\u00e9 <blockquote><strong>j.ordieres@upm.es<\/strong><\/blockquote><\/li><\/ul><strong>Otros inventores: <\/strong><ul><li>AntonioBello Garc\u00eda Universidad de Oviedo<\/li> <\/ul>","telefono":"","pagina_web":"","email":"","id_ficha_portal":"1852","video":"","adjuntos":false,"adjuntos_portal":"","inf":false,"departamento":"","acf":[],"lang":"es","translation":{"es":12248},"_links":{"self":[{"href":"https:\/\/www.upm.es\/recursosidi\/wp-json\/wp\/v2\/product\/12248"}],"collection":[{"href":"https:\/\/www.upm.es\/recursosidi\/wp-json\/wp\/v2\/product"}],"about":[{"href":"https:\/\/www.upm.es\/recursosidi\/wp-json\/wp\/v2\/types\/product"}],"wp:attachment":[{"href":"https:\/\/www.upm.es\/recursosidi\/wp-json\/wp\/v2\/media?parent=12248"}],"wp:term":[{"taxonomy":"product_cat","embeddable":true,"href":"https:\/\/www.upm.es\/recursosidi\/wp-json\/wp\/v2\/product_cat?post=12248"},{"taxonomy":"product_tag","embeddable":true,"href":"https:\/\/www.upm.es\/recursosidi\/wp-json\/wp\/v2\/product_tag?post=12248"},{"taxonomy":"comunidad_upm","embeddable":true,"href":"https:\/\/www.upm.es\/recursosidi\/wp-json\/wp\/v2\/comunidades-upm?post=12248"},{"taxonomy":"quien","embeddable":true,"href":"https:\/\/www.upm.es\/recursosidi\/wp-json\/wp\/v2\/quien?post=12248"},{"taxonomy":"mapa","embeddable":true,"href":"https:\/\/www.upm.es\/recursosidi\/wp-json\/wp\/v2\/mapa?post=12248"},{"taxonomy":"disponibilidad","embeddable":true,"href":"https:\/\/www.upm.es\/recursosidi\/wp-json\/wp\/v2\/disponibilidad?post=12248"},{"taxonomy":"donde","embeddable":true,"href":"https:\/\/www.upm.es\/recursosidi\/wp-json\/wp\/v2\/donde?post=12248"},{"taxonomy":"infraestructura","embeddable":true,"href":"https:\/\/www.upm.es\/recursosidi\/wp-json\/wp\/v2\/infraestructura?post=12248"},{"taxonomy":"ods","embeddable":true,"href":"https:\/\/www.upm.es\/recursosidi\/wp-json\/wp\/v2\/ods?post=12248"},{"taxonomy":"origen","embeddable":true,"href":"https:\/\/www.upm.es\/recursosidi\/wp-json\/wp\/v2\/origen?post=12248"}],"curies":[{"name":"wp","href":"https:\/\/api.w.org\/{rel}","templated":true}]}}