{"id":12249,"date":"2024-03-23T02:30:16","date_gmt":"2024-03-23T01:30:16","guid":{"rendered":"https:\/\/www.upm.es\/recursosidi\/offers-resources\/sin%20categor\u00eda\/metodo-para-obtener-hidrogeno-mediante-disociacion-de-agua-a-traves-de-reacciones-termoquimicas-en-condiciones-cuasi-isotermas-y-dispositivo-para-realizarlo\/"},"modified":"2024-09-06T02:27:58","modified_gmt":"2024-09-06T00:27:58","slug":"metodo-para-obtener-hidrogeno-mediante-disociacion-de-agua-a-traves-de-reacciones-termoquimicas-en-condiciones-cuasi-isotermas-y-dispositivo-para-realizarlo","status":"publish","type":"product","link":"https:\/\/www.upm.es\/recursosidi\/offers-resources\/patentes\/metodo-para-obtener-hidrogeno-mediante-disociacion-de-agua-a-traves-de-reacciones-termoquimicas-en-condiciones-cuasi-isotermas-y-dispositivo-para-realizarlo\/","title":{"rendered":"M\u00e9todo para obtener hidr\u00f3geno mediante disociaci\u00f3n de agua a trav\u00e9s de reacciones termoqu\u00edmicas en condiciones (cuasi-) isotermas y dispositivo para realizarlo"},"content":{"rendered":"<h5>Descripci\u00f3n de la patente <\/h5>\n<p>La presente invenci&oacute;n se refiere a un m&eacute;todo para la<br \/>obtenci&oacute;n de hidr&oacute;geno a trav&eacute;s de la disociaci&oacute;n de<br \/>la mol&eacute;cula de agua mediante reacciones<br \/>termoqu&iacute;micas en condiciones (cuasi-) isotermas, que<br \/>comprende las siguientes etapas: disponer el material<br \/>activo (103) en un volumen de reacci&oacute;n (109) de un<br \/>reactor (101); reducir el material activo (103)<br \/>dispuesto, mediante el aporte de calor; evacuar el<br \/>ox&iacute;geno producido a trav&eacute;s de una primera salida<br \/>(106); inyectar agua al volumen de reacci&oacute;n (109);<br \/>oxidar el material activo (103) produciendo hidr&oacute;geno;<br \/>filtrar el hidr&oacute;geno producido a trav&eacute;s de un filtro<br \/>selectivo (104) durante el proceso de oxidaci&oacute;n del<br \/>material activo (103); y evacuar el hidr&oacute;geno filtrado a<br \/>trav&eacute;s de la segunda salida (107) obteniendo un flujo<br \/>de hidr&oacute;geno de elevada pureza; y dispositivo para<br \/>llevarlo a cabo.<\/p>\n<h5>Situaci\u00f3n <\/h5>\n<p>Presentada<\/p>\n<h5>N\u00famero de solicitud<\/h5>\n<p>P202330737<\/p>\n<h5>N\u00famero de publicaci\u00f3n<\/h5>\n<p>ES2962182<\/p>\n<h5>Fecha de presentaci\u00f3n <\/h5>\n<p>06\/09\/2023<\/p>\n<h5>Fecha de publicaci\u00f3n <\/h5>\n<p>15\/03\/2024<\/p>\n<h4><strong>Extensiones Internacionales<\/strong><\/h4>\n<h5>PCT<\/h5>\n<p><strong>Referencia de la solicitud: <\/strong>PCT\/ES2024\/070535<br \/><strong>T\u00edtulo: <\/strong>M\u00e9todo para obtener hidr\u00f3geno mediante disociaci\u00f3n de agua a trav\u00e9s de reacciones termoqu\u00edmicas en condiciones (cuasi-) isotermas y dispositivo para realizarlo<\/p>\n<div class=\"pdfprnt-buttons pdfprnt-buttons-product pdfprnt-bottom-left\"><a href=\"https:\/\/www.upm.es\/recursosidi\/wp-json\/wp\/v2\/product\/12249?print=pdf\" class=\"pdfprnt-button pdfprnt-button-pdf\" target=\"_blank\"><span class=\"pdfprnt-button-title pdfprnt-button-pdf-title\">Descargar ficha<\/span><\/a><\/div>","protected":false},"excerpt":{"rendered":"<p>Descripci\u00f3n de la patente La presente invenci&oacute;n se refiere a un m&eacute;todo para laobtenci&oacute;n de hidr&oacute;geno a trav&eacute;s de la disociaci&oacute;n dela mol&eacute;cula de agua&hellip;<\/p>\n","protected":false},"featured_media":0,"template":"","meta":{"_acf_changed":false},"product_cat":[3946],"product_tag":[],"comunidades-upm":[],"quien":[],"mapa":[],"disponibilidad":[],"donde":[{"term_id":382,"name":"Fusi\u00f3n Nuclear Inercial y Tecnolog\u00eda de fusi\u00f3n","slug":"fusion-nuclear-inercial-y-tecnologia-de-fusion","term_group":0,"term_taxonomy_id":382,"taxonomy":"donde","description":"","parent":0,"count":3,"filter":"raw","term_order":"0"},{"term_id":238,"name":"Instituto de Fusi\u00f3n Nuclear \"Guillermo Velarde\" (IFN-GV)","slug":"instituto-de-fusion-nuclear-guillermo-velarde-ifn-gv","term_group":0,"term_taxonomy_id":238,"taxonomy":"donde","description":"","parent":0,"count":57,"filter":"raw","term_order":"0"}],"infraestructura":[],"ods":[],"origen":[{"term_id":180,"name":"Patente","slug":"patente","term_group":0,"term_taxonomy_id":180,"taxonomy":"origen","description":"","parent":0,"count":614,"filter":"raw","term_order":"0"}],"familia_tax":false,"quien_tax":false,"donde_tax":false,"year":"","contacto":"<strong>Principales: <\/strong><ul><li>DAVID GAROZ GOMEZ <blockquote><strong>david.garoz@upm.es<\/strong><\/blockquote><\/li><li>ANTONIO JUAN RIVERA DE MENA <blockquote><strong>antonio.rivera@upm.es<\/strong><\/blockquote><\/li><li>OVIDIO YORDANIS PE\u00d1A RODRIGUEZ <blockquote><strong>ovidio.pena@upm.es<\/strong><\/blockquote><\/li><\/ul>","telefono":"","pagina_web":"","email":"","id_ficha_portal":"1947","video":"","adjuntos":false,"adjuntos_portal":"","inf":false,"departamento":"","acf":[],"lang":"es","translation":{"es":12249},"_links":{"self":[{"href":"https:\/\/www.upm.es\/recursosidi\/wp-json\/wp\/v2\/product\/12249"}],"collection":[{"href":"https:\/\/www.upm.es\/recursosidi\/wp-json\/wp\/v2\/product"}],"about":[{"href":"https:\/\/www.upm.es\/recursosidi\/wp-json\/wp\/v2\/types\/product"}],"wp:attachment":[{"href":"https:\/\/www.upm.es\/recursosidi\/wp-json\/wp\/v2\/media?parent=12249"}],"wp:term":[{"taxonomy":"product_cat","embeddable":true,"href":"https:\/\/www.upm.es\/recursosidi\/wp-json\/wp\/v2\/product_cat?post=12249"},{"taxonomy":"product_tag","embeddable":true,"href":"https:\/\/www.upm.es\/recursosidi\/wp-json\/wp\/v2\/product_tag?post=12249"},{"taxonomy":"comunidad_upm","embeddable":true,"href":"https:\/\/www.upm.es\/recursosidi\/wp-json\/wp\/v2\/comunidades-upm?post=12249"},{"taxonomy":"quien","embeddable":true,"href":"https:\/\/www.upm.es\/recursosidi\/wp-json\/wp\/v2\/quien?post=12249"},{"taxonomy":"mapa","embeddable":true,"href":"https:\/\/www.upm.es\/recursosidi\/wp-json\/wp\/v2\/mapa?post=12249"},{"taxonomy":"disponibilidad","embeddable":true,"href":"https:\/\/www.upm.es\/recursosidi\/wp-json\/wp\/v2\/disponibilidad?post=12249"},{"taxonomy":"donde","embeddable":true,"href":"https:\/\/www.upm.es\/recursosidi\/wp-json\/wp\/v2\/donde?post=12249"},{"taxonomy":"infraestructura","embeddable":true,"href":"https:\/\/www.upm.es\/recursosidi\/wp-json\/wp\/v2\/infraestructura?post=12249"},{"taxonomy":"ods","embeddable":true,"href":"https:\/\/www.upm.es\/recursosidi\/wp-json\/wp\/v2\/ods?post=12249"},{"taxonomy":"origen","embeddable":true,"href":"https:\/\/www.upm.es\/recursosidi\/wp-json\/wp\/v2\/origen?post=12249"}],"curies":[{"name":"wp","href":"https:\/\/api.w.org\/{rel}","templated":true}]}}