{"id":12253,"date":"2024-05-10T02:30:54","date_gmt":"2024-05-10T00:30:54","guid":{"rendered":"https:\/\/www.upm.es\/recursosidi\/offers-resources\/sin categor\u00eda\/dispositivo-de-implante-para-tratamiento-de-patologias-mediante-campos-electricos\/"},"modified":"2024-05-10T02:30:54","modified_gmt":"2024-05-10T00:30:54","slug":"dispositivo-de-implante-para-tratamiento-de-patologias-mediante-campos-electricos","status":"publish","type":"product","link":"https:\/\/www.upm.es\/recursosidi\/offers-resources\/patentes\/dispositivo-de-implante-para-tratamiento-de-patologias-mediante-campos-electricos\/","title":{"rendered":"Dispositivo de implante para tratamiento de patolog\u00edas mediante campos el\u00e9ctricos"},"content":{"rendered":"<h4><strong>Descripci\u00f3n de la patente <\/strong><\/h4>\n<p>Dispositivo de implante para tratamiento de patolog&iacute;as<br \/>mediante campos el&eacute;ctricos que comprende al menos<br \/>un electrodo (500) para aplicar campos el&eacute;ctricos a un<br \/>tejido corporal, y que est&aacute; configurado para ser<br \/>implantado en el cuerpo de una persona y<br \/>comprende: un m&oacute;dulo de generaci&oacute;n de campos<br \/>el&eacute;ctricos (100) con una fuente de tensi&oacute;n (101)<br \/>conectada a una tierra flotante (102) y al electrodo<br \/>(500) mediante al menos un conmutador (103); un<br \/>m&oacute;dulo de recarga inal&aacute;mbrica (200) configurado<br \/>para transformar un campo magn&eacute;tico variable en una<br \/>corriente el&eacute;ctrica; un m&oacute;dulo de comunicaci&oacute;n<br \/>inal&aacute;mbrica (400) configurado para recibir<br \/>instrucciones de generaci&oacute;n de campos el&eacute;ctricos y<br \/>para transmitir informaci&oacute;n a un dispositivo externo, y;<br \/>un m&oacute;dulo de gesti&oacute;n de energ&iacute;a conectado al<br \/>m&oacute;dulo de recarga inal&aacute;mbrica (200), donde el<br \/>m&oacute;dulo de gesti&oacute;n de energ&iacute;a est&aacute; configurado para<br \/>alimentar el m&oacute;dulo de generaci&oacute;n de campos<br \/>el&eacute;ctricos (100) y al m&oacute;dulo de comunicaci&oacute;n<br \/>inal&aacute;mbrica (400).<\/p>\n<h4><strong>Situaci\u00f3n<\/strong><\/h4>\n<p>Presentada<\/p>\n<h4><strong>N\u00famero de solicitud<\/h5>\n<p>P202331078<\/p>\n<h5>N\u00famero de publicaci\u00f3n<\/h5>\n<p>ES2967801A1<\/p>\n<h5>Fecha de presentaci\u00f3n <\/h5>\n<p>22\/12\/2023<\/p>\n<h5>Fecha de publicaci\u00f3n <\/h5>\n<p>03\/05\/2024<\/p>\n<div class=\"pdfprnt-buttons pdfprnt-buttons-product pdfprnt-bottom-left\"><a href=\"https:\/\/www.upm.es\/recursosidi\/wp-json\/wp\/v2\/product\/12253?print=pdf\" class=\"pdfprnt-button pdfprnt-button-pdf\" target=\"_blank\"><span class=\"pdfprnt-button-title pdfprnt-button-pdf-title\">Descargar ficha<\/span><\/a><\/div>","protected":false},"excerpt":{"rendered":"<p>Descripci\u00f3n de la patente Dispositivo de implante para tratamiento de patolog&iacute;asmediante campos el&eacute;ctricos que comprende al menosun electrodo (500) para aplicar campos el&eacute;ctricos a untejido&hellip;<\/p>\n","protected":false},"featured_media":0,"template":"","meta":{"_acf_changed":false},"product_cat":[3946],"product_tag":[],"comunidades-upm":[],"quien":[],"mapa":[{"term_id":122,"name":"Salud y bienestar","slug":"salud-y-bienestar","term_group":0,"term_taxonomy_id":122,"taxonomy":"mapa","description":"","parent":0,"count":105,"filter":"raw","term_order":"17"}],"disponibilidad":[],"donde":[{"term_id":1770,"name":"Industrial Electronics Centre IEC","slug":"en_industrial-electronics-centre-iec","term_group":0,"term_taxonomy_id":1770,"taxonomy":"donde","description":"","parent":0,"count":5,"filter":"raw","term_order":"0"},{"term_id":1586,"name":"Industrial Electronics Research Group","slug":"en_industrial-electronics-research-group","term_group":0,"term_taxonomy_id":1586,"taxonomy":"donde","description":"","parent":0,"count":3,"filter":"raw","term_order":"0"}],"infraestructura":[],"ods":[],"origen":[{"term_id":180,"name":"Patente","slug":"patente","term_group":0,"term_taxonomy_id":180,"taxonomy":"origen","description":"","parent":0,"count":614,"filter":"raw","term_order":"0"}],"familia_tax":false,"quien_tax":false,"donde_tax":false,"year":"","contacto":"<strong>Principales: <\/strong><ul><li>MARIA REGINA RAMOS HORTAL <blockquote><strong>regina.ramos@upm.es<\/strong><\/blockquote><\/li><li>MIGUEL JIMENEZ CARRIZOSA <blockquote><strong>miguel.jimenezcarrizosa@upm.es<\/strong><\/blockquote><\/li><\/ul><strong>Otros inventores: <\/strong><ul><li>RicardoGil Simoes FUNDACION PARA LA INVESTIGACION BIOMEDICA DEL HOSPITAL UNIVERSITARIO LA PRINCESA<\/li> <\/ul>","telefono":"","pagina_web":"","email":"","id_ficha_portal":"1980","video":"","adjuntos":false,"adjuntos_portal":"","inf":false,"departamento":"","acf":[],"lang":"es","translation":{"es":12253},"_links":{"self":[{"href":"https:\/\/www.upm.es\/recursosidi\/wp-json\/wp\/v2\/product\/12253"}],"collection":[{"href":"https:\/\/www.upm.es\/recursosidi\/wp-json\/wp\/v2\/product"}],"about":[{"href":"https:\/\/www.upm.es\/recursosidi\/wp-json\/wp\/v2\/types\/product"}],"wp:attachment":[{"href":"https:\/\/www.upm.es\/recursosidi\/wp-json\/wp\/v2\/media?parent=12253"}],"wp:term":[{"taxonomy":"product_cat","embeddable":true,"href":"https:\/\/www.upm.es\/recursosidi\/wp-json\/wp\/v2\/product_cat?post=12253"},{"taxonomy":"product_tag","embeddable":true,"href":"https:\/\/www.upm.es\/recursosidi\/wp-json\/wp\/v2\/product_tag?post=12253"},{"taxonomy":"comunidad_upm","embeddable":true,"href":"https:\/\/www.upm.es\/recursosidi\/wp-json\/wp\/v2\/comunidades-upm?post=12253"},{"taxonomy":"quien","embeddable":true,"href":"https:\/\/www.upm.es\/recursosidi\/wp-json\/wp\/v2\/quien?post=12253"},{"taxonomy":"mapa","embeddable":true,"href":"https:\/\/www.upm.es\/recursosidi\/wp-json\/wp\/v2\/mapa?post=12253"},{"taxonomy":"disponibilidad","embeddable":true,"href":"https:\/\/www.upm.es\/recursosidi\/wp-json\/wp\/v2\/disponibilidad?post=12253"},{"taxonomy":"donde","embeddable":true,"href":"https:\/\/www.upm.es\/recursosidi\/wp-json\/wp\/v2\/donde?post=12253"},{"taxonomy":"infraestructura","embeddable":true,"href":"https:\/\/www.upm.es\/recursosidi\/wp-json\/wp\/v2\/infraestructura?post=12253"},{"taxonomy":"ods","embeddable":true,"href":"https:\/\/www.upm.es\/recursosidi\/wp-json\/wp\/v2\/ods?post=12253"},{"taxonomy":"origen","embeddable":true,"href":"https:\/\/www.upm.es\/recursosidi\/wp-json\/wp\/v2\/origen?post=12253"}],"curies":[{"name":"wp","href":"https:\/\/api.w.org\/{rel}","templated":true}]}}