{"id":12259,"date":"2024-05-16T08:59:39","date_gmt":"2024-05-16T06:59:39","guid":{"rendered":"https:\/\/www.upm.es\/recursosidi\/offers-resources\/sin categor\u00eda\/laboratorio-de-ensayos-acusticos-labenac\/"},"modified":"2024-05-16T08:59:39","modified_gmt":"2024-05-16T06:59:39","slug":"laboratorio-de-ensayos-acusticos-labenac","status":"publish","type":"product","link":"https:\/\/www.upm.es\/recursosidi\/offers-resources\/servicios-cientifico-tecnologico\/servicios-servicios-cientifico-tecnologico\/laboratorio-de-ensayos-acusticos-labenac\/","title":{"rendered":"Laboratorio de Ensayos Ac\u00fasticos &#8211; LABENAC"},"content":{"rendered":"<h4 class=\"\">Necesidades demandadas y aplicaciones<\/h4>\n<hr \/>\n<p>LABENAC presta los siguientes servicios:<\/p>\n<p><strong>Caracterizaci&oacute;n de ruido de m&aacute;quinas<\/strong><\/p>\n<ul>\n<li>Determinaci&oacute;n de los niveles de potencia sonora de m&aacute;quinas y fuentes de ruido in situ seg&uacute;n la serie de normas UNE-EN ISO 3740 a UNE-EN ISO 3747.<\/li>\n<li>Determinaci&oacute;n de los niveles de potencia ac&uacute;stica de las fuentes de ruido a partir de la intensidad del sonido (UNE-EN ISO 9614 partes 1 a 3).<\/li>\n<li>Control de ruido de m&aacute;quinas.<\/li>\n<\/ul>\n<p><strong>Ruido laboral<\/strong><\/p>\n<ul>\n<li>Determinaci&oacute;n de la exposici&oacute;n al ruido en el trabajo. ISO 9612:2009.<\/li>\n<li>Determinaci&oacute;n de Ruido de m&aacute;quinas en el puesto del operador.<\/li>\n<\/ul>\n<p><strong>Ruido industrial<\/strong><\/p>\n<ul>\n<li>Determinaci&oacute;n de la inmisi&oacute;n de ruido al ambiente exterior de actividades industriales.<\/li>\n<li>Detecci&oacute;n e identificaci&oacute;n de fuentes de ruido mediante el uso de c&aacute;maras ac&uacute;sticas.<\/li>\n<\/ul>\n<p><strong>Ruido ambiental<\/strong><\/p>\n<ul>\n<li>Ensayos ac&uacute;sticos in situ:\n<ul>\n<li>Muestreo espacial y temporal de ruido de acuerdo con el Anexo IV del Real Decreto 1367\/2007 de 19 de octubre.<\/li>\n<li>Medida de los niveles de ruido ambiental de acuerdo con el anexo IV del Real Decreto 1367\/2007 de 19 de octubre.<\/li>\n<li>Inspecciones de ruido ambiental y vibraciones aplicando normativa local, auton&oacute;mica y nacional.<\/li>\n<\/ul>\n<\/li>\n<li>Estudios de ruido ambiental basado en t&eacute;cnicas de simulaci&oacute;n:\n<ul>\n<li>Definici&oacute;n de mapas de ruido.<\/li>\n<li>Definici&oacute;n de mapas estrat&eacute;gicos de ruido.<\/li>\n<li>Evaluaci&oacute;n de ruido ambiental, evaluaciones de impacto ac&uacute;stico.<\/li>\n<li>Planificaci&oacute;n y zonificaci&oacute;n ac&uacute;stica.<\/li>\n<li>Definici&oacute;n de Planes de Acci&oacute;n.<\/li>\n<li>Desarrollo de normativa, legislaci&oacute;n y protocolos en ensayo.monitoreado<\/li>\n<\/ul>\n<\/li>\n<li>Monitoreado de ruido:\n<ul>\n<li>Evaluaci&oacute;n de ruido de aviones. ISO 20906:2009.<\/li>\n<li>Evaluaci&oacute;n ambiental (RD1367\/2007)<\/li>\n<\/ul>\n<\/li>\n<li>Evaluaci&oacute;n de la molestia del ruido ambiental.<\/li>\n<\/ul>\n<p><strong>Construcci&oacute;n: edificaci&oacute;n y elementos constructivos<\/strong><\/p>\n<ul>\n<li>Muestreo en edificios y elementos constructivos de acuerdo al Real Decreto 1371\/2007 de 19 de octubre por el que se aprueba el Documento B&aacute;sico &ldquo;DB-HR Protecci&oacute;n Frente al Ruido&rdquo; del C&oacute;digo T&eacute;cnico de la Edificaci&oacute;n (CTE).<\/li>\n<li>Medida de aislamiento a ruido a&eacute;reo entre locales de acuerdo a UNE EN ISO 16283-1:2015.<\/li>\n<li>Medida de aislamiento a ruido a&eacute;reo de fachadas (m&eacute;todo global del altavoz) de acuerdo a UNE EN ISO 16283-3:2016.<\/li>\n<li>Medida de aislamiento a ruido de impactos de forjados de acuerdo a UNE EN ISO 16283-2:2021.<\/li>\n<\/ul>\n<h4 class=\"\">Sector o &aacute;rea de aplicaci&oacute;n<\/h4>\n<hr \/>\n<p>Los servicios prestados por el Laboratorio son de inter&eacute;s en diferentes sectores y aplicaciones, como son: la construcci&oacute;n; el sector del autom&oacute;vil; la evaluaci&oacute;n del impacto ambiental de distintos tipos de actividades como obras, f&aacute;bricas o infraestructuras del transporte;&nbsp; la fabricaci&oacute;n de cualquier tipo de producto susceptible de generar niveles de ruido significativos o la evaluaci&oacute;n de la exposici&oacute;n al ruido de los trabajadores.<\/p>\n<h4 class=\"\">Competencias diferenciales<\/h4>\n<hr \/>\n<p>LABENAC posee las siguientes acreditaciones ENAC<\/p>\n<p><strong>Acreditaci&oacute;n ENAC n&ordm; 64\/LE821:<\/strong><\/p>\n<p>Para ensayos de edificios y elementos constructivos en los siguientes alcances:<\/p>\n<ul>\n<li>Muestreo en edificios y elementos constructivos de acuerdo al RD 1371\/2007 del 19 de Octubre por el que se aprueba el &ldquo;documento b&aacute;sico DB-HR de protecci&oacute;n frente al ruido &ldquo;<\/li>\n<li>Medida de aislamiento ac&uacute;stico a ruido a&eacute;reo entre locales (Procedimiento por defecto con posiciones de micr&oacute;fono fijas) de acuerdo a la UNE EN ISO 140-4:1999 y UNE EN ISO 16283-1:2015.<\/li>\n<li>Medida de aislamiento ac&uacute;stico a ruido a&eacute;reo de fachadas (M&eacute;todo global del altavoz. Procedimiento por defecto con posiciones de micr&oacute;fono fijas) UNE EN ISO 140-5:1999 y UNE EN ISO 16283-3:2016.<\/li>\n<li>Medida de aislamiento ac&uacute;stico de suelos a ruido de impacto (M&eacute;todo con m&aacute;quina de impactos. Procedimiento por defecto con posiciones de micr&oacute;fono fijas) de acuerdo a UNE EN ISO 140-7:1999 y UNE EN ISO 16283-2:2021.<\/li>\n<\/ul>\n<p><strong>Ruido ambiental en los siguientes alcances:<\/strong><\/p>\n<ul>\n<li>Muestreo espacial y temporal de acuerdo al Anexo IV del RD 1367\/2007 de 19 de octubre.<\/li>\n<li>Medida de los niveles de ruido ambiental de actividades de acuerdo al Anexo IV del RD 1367\/2007 de 19 de Octubre.<\/li>\n<\/ul>\n<p>LABENAC est&aacute; incluido en el Registro General de Laboratorios de Ensayo para la Calidad de la Edificaci&oacute;n del CTE, con n&uacute;mero de registro MAD-L-073.<\/p>\n<p>LABENAC es un laboratorio reconocido como Entidad de Evaluaci&oacute;n Ac&uacute;stica por la Junta de Castilla y Le&oacute;n para ensayos de ruido ambiental y ac&uacute;stica arquitect&oacute;nica.<\/p>\n<p>LABENAC es un laboratorio Homologado por la Xunta de Galicia para efectuar mediciones en contaminaci&oacute;n ac&uacute;stica y vibraciones.<\/p>\n<p>LABENAC es una Entidad Colaboradora en Materia de Calidad Ambiental (ECMCA) de la Generalitat Valenciana, con c&oacute;digo de registro 146\/ECMCA<\/p>\n<h4 class=\"\">Referencias previas de prestaci&oacute;n<\/h4>\n<hr \/>\n<p>LABENAC lleva prestando servicios a diferentes empresas, organismos y administraciones desde el a&ntilde;o 2000, destacando su participaci&oacute;n en:<\/p>\n<ul>\n<li>la elaboraci&oacute;n de mapas de ruido y planes de acci&oacute;n para diversos ayuntamientos en Espa&ntilde;a y Latinoam&eacute;rica;<\/li>\n<li>la realizaci&oacute;n de estudios de monitorizaci&oacute;n de ruido ambiental para gestores de infraestructuras de transporte (viarias, ferroviarias y aeroportuarias), actividades industriales, obras y ayuntamientos;<\/li>\n<li>la realizaci&oacute;n de m&aacute;s de 5.000 ensayos de aislamiento a ruido &aacute;reo,<\/li>\n<li>la caracterizaci&oacute;n en t&eacute;rminos de emisi&oacute;n ac&uacute;stica de distintos tipos de maquinaria a partir de ensayos de potencia en condiciones de campo libre con un plano reflectante, campo reverberante o medidas in situ a partir de t&eacute;cnicas basadas en la medida de intensidad;<\/li>\n<li>inspecciones acreditadas ENAC de ruido de instalaciones como ascensores, sistemas de ventilaci&oacute;n, bajantes, etc. y peritajes, de acuerdo a la legislaci&oacute;n vigente, evaluando el cumplimiento de las mismas;<\/li>\n<li>estudios de certificaci&oacute;n de obra de viviendas acreditados ENAC, aplicando muestreo, en t&eacute;rminos de aislamiento a ruido a&eacute;reo, fachadas e impactos (Serie normas UNE EN ISO 16283-X), evaluando el cumplimiento de las promociones, de acuerdo a los criterios marcados en el Documento B&aacute;sico HR de protecci&oacute;n frente al ruido de Diciembre del 2019, as&iacute; como la legislaci&oacute;n de referencia.<\/li>\n<li>elaboraci&oacute;n de informes t&eacute;cnicos (peritajes) y contra-informes (contra-peritajes) en referencia fuentes emisoras de ruido \/ actividades;<\/li>\n<li>formaci&oacute;n a personal t&eacute;cnico y de gesti&oacute;n empresas, organismos y administraciones p&uacute;blicas relacionados con las actividades mencionadas.<\/li>\n<\/ul>\n<h4 class=\"\">Descripci&oacute;n del equipamiento<\/h4>\n<hr \/>\n<p>LABENAC dispone del equipamiento necesario para prestar un servicio eficiente y de calidad, incluyendo entre otros: son&oacute;metros, analizadores de ruido y vibraciones, sistemas de monitoreado de ruido ambiental, calibradores ac&uacute;sticos, sistemas de adquisici&oacute;n de datos multicanal, sondas de intensidad ac&uacute;stica, fuentes de ruido de referencia, fuentes de ruido directivas y omnidireccionales, transductores vibro-ac&uacute;sticos (aceler&oacute;metros y micr&oacute;fonos), software para procesado de se&ntilde;al de ruido y vibraciones, software para simulaci&oacute;n de ruido ambiental, sistemas de localizaci&oacute;n de fuentes de ruido, sistemas de medida de condiciones ambientales, etc.<\/p>\n<h4 class=\"\">Solicitud del servicio<\/h4>\n<hr \/>\n<p>Por correo electr&oacute;nico a la direcci&oacute;n <span rel=\"71313830a7310e31b0310f31bb310b319a311730ad31253091310b3063312d31c73132317a310c31c031\" class=\"cryptex \" style=\"\"><span class=\"CryptexImg ctxDRglsmFT8LPx-5b4dR32hCSq4768JN80rUZf29wKUcM\"><\/span><\/span><\/p>\n<div class=\"pdfprnt-buttons pdfprnt-buttons-product pdfprnt-bottom-left\"><a href=\"https:\/\/www.upm.es\/recursosidi\/wp-json\/wp\/v2\/product\/12259?print=pdf\" class=\"pdfprnt-button pdfprnt-button-pdf\" target=\"_blank\"><span class=\"pdfprnt-button-title pdfprnt-button-pdf-title\">Descargar ficha<\/span><\/a><\/div>","protected":false},"excerpt":{"rendered":"<p>El Laboratorio de Ensayos Ac\u00fasticos presta servicios de ensayos, asesoramiento y formaci\u00f3n a empresas, organismos y administraciones p\u00fablicas en las \u00e1reas de ruido ambiental y laboral, control de ruido y vibraciones, ruido de m\u00e1quinas, ruido industrial y construcci\u00f3n.<\/p>\n","protected":false},"featured_media":12254,"template":"","meta":{"_acf_changed":false},"product_cat":[2395],"product_tag":[2324,10147,10145,2425,10153,2341,10143,10149,10141,10139,2466,10151,2881],"comunidades-upm":[],"quien":[],"mapa":[{"term_id":124,"name":"Arquitectura, Baukultur y creatividad","slug":"arquitectura-baukultur-creatividad","term_group":0,"term_taxonomy_id":124,"taxonomy":"mapa","description":"","parent":0,"count":25,"filter":"raw","term_order":"4"},{"term_id":2405,"name":"Ciencia para la ingenier\u00eda y la arquitectura","slug":"ciencia-para-ingenieria-y-arquitectura","term_group":0,"term_taxonomy_id":2405,"taxonomy":"mapa","description":"","parent":0,"count":127,"filter":"raw","term_order":"7"},{"term_id":133,"name":"Clima, Energ\u00eda y Movilidad","slug":"clima-energia-movilidad","term_group":0,"term_taxonomy_id":133,"taxonomy":"mapa","description":"","parent":0,"count":129,"filter":"raw","term_order":"9"},{"term_id":135,"name":"Industria, materiales y econom\u00eda circular","slug":"industria-materiales-economia_circular","term_group":0,"term_taxonomy_id":135,"taxonomy":"mapa","description":"","parent":0,"count":165,"filter":"raw","term_order":"13"},{"term_id":122,"name":"Salud y bienestar","slug":"salud-y-bienestar","term_group":0,"term_taxonomy_id":122,"taxonomy":"mapa","description":"","parent":0,"count":105,"filter":"raw","term_order":"17"},{"term_id":126,"name":"Tecnolog\u00edas digitales, Inteligencia Artificial, ciberseguridad, 5G, rob\u00f3tica","slug":"tecnologias_digitales-ai-ciberseguridad-5g-robotica","term_group":0,"term_taxonomy_id":126,"taxonomy":"mapa","description":"","parent":0,"count":194,"filter":"raw","term_order":"23"}],"disponibilidad":[{"term_id":204,"name":"Disponible","slug":"disponible","term_group":0,"term_taxonomy_id":204,"taxonomy":"disponibilidad","description":"","parent":0,"count":110,"filter":"raw","term_order":"0"}],"donde":[{"term_id":380,"name":"Investigaci\u00f3n en Instrumentaci\u00f3n y Ac\u00fastica Aplicada (I2A2)","slug":"investigacion-en-instrumentacion-y-acustica-aplicada-i2a2","term_group":0,"term_taxonomy_id":380,"taxonomy":"donde","description":"Desarrollamos nuestra actividad en <strong>diversos &aacute;mbitos de la Ac&uacute;stica y las TIC<\/strong>, en los que buscamos aportar nuestra experiencia en para contribuir a resolver algunos de los retos que afronta nuestra sociedad. Esta visi&oacute;n nos lleva trabajar <strong>en contacto permanente con empresas y administraciones<\/strong> buscando continuamente la transferencia de los resultados de nuestros trabajos, bien a trav&eacute;s de la transferencia de tecnolog&iacute;a o de conocimiento, u ofreciendo directamente servicios de valor a&ntilde;adido a la industria.&nbsp;&nbsp;\n&nbsp;\nNuestras <strong>l&iacute;neas de investigaci&oacute;n<\/strong> se pueden resumir en:\n\nRuido ambiental.\nAc&uacute;stica en la edificaci&oacute;n.\nControl de ruido y Vibraciones.\nRuido en el puesto del trabajo.\nTerapias Ac&uacute;sticas.\nSistemas de Adquisici&oacute;n de Datos Avanzados.\nEquipos Electr&oacute;nicos y sistemas Embebidos.\nMonitorizaci&oacute;n de Salud Estructural.\n","parent":0,"count":16,"filter":"raw","term_order":"0"},{"term_id":1604,"name":"Research into Instrumentation and Applied Acoustics (I2A2)","slug":"en_research-into-instrumentation-and-applied-acoustics-i2a2","term_group":0,"term_taxonomy_id":1604,"taxonomy":"donde","description":"Desarrollamos nuestra actividad en <strong>diversos &aacute;mbitos de la Ac&uacute;stica y las TIC<\/strong>, en los que buscamos aportar nuestra experiencia en para contribuir a resolver algunos de los retos que afronta nuestra sociedad. Esta visi&oacute;n nos lleva trabajar <strong>en contacto permanente con empresas y administraciones<\/strong> buscando continuamente la transferencia de los resultados de nuestros trabajos, bien a trav&eacute;s de la transferencia de tecnolog&iacute;a o de conocimiento, u ofreciendo directamente servicios de valor a&ntilde;adido a la industria.&nbsp;&nbsp;\n&nbsp;\nNuestras <strong>l&iacute;neas de investigaci&oacute;n<\/strong> se pueden resumir en:\n\nRuido ambiental.\nAc&uacute;stica en la edificaci&oacute;n.\nControl de ruido y Vibraciones.\nRuido en el puesto del trabajo.\nTerapias Ac&uacute;sticas.\nSistemas de Adquisici&oacute;n de Datos Avanzados.\nEquipos Electr&oacute;nicos y sistemas Embebidos.\nMonitorizaci&oacute;n de Salud Estructural.\n","parent":0,"count":11,"filter":"raw","term_order":"0"}],"infraestructura":[],"ods":[{"term_id":2239,"name":"Ciudades y Comunidades Sostenibles","slug":"ciudades-y-comunidades-sostenibles","term_group":0,"term_taxonomy_id":2239,"taxonomy":"ods","description":"","parent":0,"count":43,"filter":"raw","term_order":"0"},{"term_id":2255,"name":"Energ\u00eda Asequible y no Contaminante","slug":"energia-asequible-y-no-contaminante","term_group":0,"term_taxonomy_id":2255,"taxonomy":"ods","description":"","parent":0,"count":34,"filter":"raw","term_order":"0"},{"term_id":2247,"name":"Industria, Innovaci\u00f3n e Infraestructura","slug":"industria-innovacion-e-infraestructura","term_group":0,"term_taxonomy_id":2247,"taxonomy":"ods","description":"","parent":0,"count":171,"filter":"raw","term_order":"0"},{"term_id":2235,"name":"Producci\u00f3n y Consumo Responsables","slug":"produccion-y-consumo-responsables","term_group":0,"term_taxonomy_id":2235,"taxonomy":"ods","description":"","parent":0,"count":18,"filter":"raw","term_order":"0"},{"term_id":2271,"name":"Salud y Bienestar","slug":"salud-y-bienestar","term_group":0,"term_taxonomy_id":2271,"taxonomy":"ods","description":"","parent":0,"count":59,"filter":"raw","term_order":"0"},{"term_id":2251,"name":"Trabajo Decente y Crecimiento Econ\u00f3mico","slug":"trabajo-decente-y-crecimiento-economico","term_group":0,"term_taxonomy_id":2251,"taxonomy":"ods","description":"","parent":0,"count":9,"filter":"raw","term_order":"0"}],"origen":[{"term_id":196,"name":"Infraestructuras, Instalaci\u00f3n, Equipo","slug":"infraestructuras","term_group":0,"term_taxonomy_id":196,"taxonomy":"origen","description":"","parent":0,"count":180,"filter":"raw","term_order":"0"}],"familia_tax":false,"quien_tax":false,"donde_tax":false,"year":"2000-01-01","contacto":"LABENAC - Laboratorio de Ensayos Ac\u00fasticos\r\nEdificio ETSI Topograf\u00eda\r\nCampus Sur UPM\r\nC\/ Mercator, 3 \r\n28031 Madrid, Espa\u00f1a","telefono":"910678961","pagina_web":"http:\/\/www.labenac.es\/","email":"labenac@i2a2.upm.es","id_ficha_portal":"538","video":"","adjuntos":false,"adjuntos_portal":"","inf":false,"departamento":"","acf":[],"lang":"es","translation":{"es":12259},"_links":{"self":[{"href":"https:\/\/www.upm.es\/recursosidi\/wp-json\/wp\/v2\/product\/12259"}],"collection":[{"href":"https:\/\/www.upm.es\/recursosidi\/wp-json\/wp\/v2\/product"}],"about":[{"href":"https:\/\/www.upm.es\/recursosidi\/wp-json\/wp\/v2\/types\/product"}],"wp:featuredmedia":[{"embeddable":true,"href":"https:\/\/www.upm.es\/recursosidi\/wp-json\/wp\/v2\/media\/12254"}],"wp:attachment":[{"href":"https:\/\/www.upm.es\/recursosidi\/wp-json\/wp\/v2\/media?parent=12259"}],"wp:term":[{"taxonomy":"product_cat","embeddable":true,"href":"https:\/\/www.upm.es\/recursosidi\/wp-json\/wp\/v2\/product_cat?post=12259"},{"taxonomy":"product_tag","embeddable":true,"href":"https:\/\/www.upm.es\/recursosidi\/wp-json\/wp\/v2\/product_tag?post=12259"},{"taxonomy":"comunidad_upm","embeddable":true,"href":"https:\/\/www.upm.es\/recursosidi\/wp-json\/wp\/v2\/comunidades-upm?post=12259"},{"taxonomy":"quien","embeddable":true,"href":"https:\/\/www.upm.es\/recursosidi\/wp-json\/wp\/v2\/quien?post=12259"},{"taxonomy":"mapa","embeddable":true,"href":"https:\/\/www.upm.es\/recursosidi\/wp-json\/wp\/v2\/mapa?post=12259"},{"taxonomy":"disponibilidad","embeddable":true,"href":"https:\/\/www.upm.es\/recursosidi\/wp-json\/wp\/v2\/disponibilidad?post=12259"},{"taxonomy":"donde","embeddable":true,"href":"https:\/\/www.upm.es\/recursosidi\/wp-json\/wp\/v2\/donde?post=12259"},{"taxonomy":"infraestructura","embeddable":true,"href":"https:\/\/www.upm.es\/recursosidi\/wp-json\/wp\/v2\/infraestructura?post=12259"},{"taxonomy":"ods","embeddable":true,"href":"https:\/\/www.upm.es\/recursosidi\/wp-json\/wp\/v2\/ods?post=12259"},{"taxonomy":"origen","embeddable":true,"href":"https:\/\/www.upm.es\/recursosidi\/wp-json\/wp\/v2\/origen?post=12259"}],"curies":[{"name":"wp","href":"https:\/\/api.w.org\/{rel}","templated":true}]}}