{"id":12267,"date":"2024-05-17T09:37:41","date_gmt":"2024-05-17T07:37:41","guid":{"rendered":"https:\/\/www.upm.es\/recursosidi\/offers-resources\/sin categor\u00eda\/laboratorio-de-calibracion-de-instrumentos-acusticos-lacainac\/"},"modified":"2024-05-17T09:37:41","modified_gmt":"2024-05-17T07:37:41","slug":"laboratorio-de-calibracion-de-instrumentos-acusticos-lacainac","status":"publish","type":"product","link":"https:\/\/www.upm.es\/recursosidi\/offers-resources\/servicios-cientifico-tecnologico\/servicios-servicios-cientifico-tecnologico\/laboratorio-de-calibracion-de-instrumentos-acusticos-lacainac\/","title":{"rendered":"Laboratorio de Calibraci\u00f3n de Instrumentos Ac\u00fasticos &#8211; LACAINAC"},"content":{"rendered":"<h4 class=\"\">Necesidades demandadas y aplicaciones<\/h4>\n<hr \/>\n<p>LACAINAC ofrece los siguientes servicios de calibraci&oacute;n y metrolog&iacute;a legal:<\/p>\n<ul>\n<li><strong>Calibraci&oacute;n &#8211; Area Ac&uacute;stica<\/strong>&nbsp;<\/li>\n<ul>\n<li>Audi&oacute;metros.<\/li>\n<li>Son&oacute;metros.<\/li>\n<li>Calibradores Ac&uacute;sticos.<\/li>\n<li>Micr&oacute;fonos.<\/li>\n<li>Filtros de Octava y de una Fracci&oacute;n de Octava.<\/li>\n<li>Dos&iacute;metros de Ruido.<\/li>\n<li>Tarjetas de adquisici&oacute;n de datos.<\/li>\n<\/ul>\n<li><strong>Calibraci&oacute;n &#8211; &Aacute;rea Electricidad CC y Baja Frecuencia<\/strong><\/li>\n<ul>\n<li>Tarjetas de Adquisici&oacute;n de Datos (DAQ Multifunci&oacute;n, E\/S anal&oacute;gicas, Contadores).<\/li>\n<li>Analizadores de Se&ntilde;ales Din&aacute;micas (DSA).<\/li>\n<li>Generadores de Se&ntilde;al de forma de onda arbitraria, Mult&iacute;metros y Contadores basados en PC.<\/li>\n<\/ul>\n<li><strong>Metrolog&iacute;a legal<\/strong><\/li>\n<ul>\n<li>Son&oacute;metros<\/li>\n<li>Calibradores Ac&uacute;sticos<\/li>\n<li>Medidores Personales de Exposici&oacute;n Sonora &#8211; Dos&iacute;metros de Ruido<\/li>\n<\/ul>\n<\/ul>\n<h4 class=\"\">Sector o &aacute;rea de aplicaci&oacute;n<\/h4>\n<hr \/>\n<p>Estos servicios son de inter&eacute;s para fabricantes, distribuidores y usuarios de este tipo de instrumentos.<\/p>\n<p>Por su naturaleza estos instrumentos se utilizan en numerosas aplicaciones que van desde la medida de ruido industrial o laboral, contaminaci&oacute;n ac&uacute;stica, inspecciones de ruido, ensayos de aislamiento ac&uacute;stico, edificaci&oacute;n, ruido de m&aacute;quinas, o la realizaci&oacute;n de audiometr&iacute;as.<\/p>\n<p>En algunos casos el control de estos instrumentos est&aacute; regulado por ley (Ley 32\/2014 de Metrolog&iacute;a, Real Decreto 244\/2016 y Orden ICT\/155\/2020) por lo que su verificaci&oacute;n es obligatoria. En concreto EL LABORATORIO act&uacute;a a nivel nacional como Organismo Autorizado de Verificaci&oacute;n Metrol&oacute;gica (verificaciones peri&oacute;dicas y verificaci&oacute;n despu&eacute;s de reparaci&oacute;n\/modificaci&oacute;n) y como Organismo de Control Metrol&oacute;gico (M&oacute;dulo F) para los instrumentos destinados a la medici&oacute;n de sonido audible (son&oacute;metros y medidores de exposici&oacute;n sonora, o dos&iacute;metros de ruido) y calibradores ac&uacute;sticos.<\/p>\n<h4 class=\"\">Competencias diferenciales<\/h4>\n<hr \/>\n<p>LACAINAC posee las siguientes acreditaciones ENAC<\/p>\n<p><strong>Metrolog&iacute;a Voluntaria (calibraci&oacute;n)<\/strong><\/p>\n<p>&Aacute;rea Ac&uacute;stica: acreditaci&oacute;n ENAC n&ordm; 118\/LC10.085 para Audi&oacute;metros, Son&oacute;metros, Calibradores Ac&uacute;sticos, Medidores personales de exposici&oacute;n sonora (Dos&iacute;metros de Ruido) y filtros de banda de octava y de una fracci&oacute;n de octava (Analizadores de ruido).<\/p>\n<p>&Aacute;rea Electricidad CC y Baja Frecuencia: acreditaci&oacute;n ENAC n&ordm; 118\/ LC10.085 para Tarjetas de Adquisici&oacute;n de Datos<\/p>\n<p><strong>Metrolog&iacute;a Legal<\/strong><\/p>\n<p>LACAINAC est&aacute; acreditado por ENAC, con n&ordm; 218\/C-PR423, seg&uacute;n los requisitos recogidos en la norma UNE-EN ISO\/IEC 17065, para la realizaci&oacute;n de actividades de Control Metrol&oacute;gico del Estado: Fase de Evaluaci&oacute;n de la Conformidad, para el tipo de evaluaci&oacute;n: M&oacute;dulo F &ldquo;Conformidad con el tipo basada en la verificaci&oacute;n del producto&rdquo;, sobre Son&oacute;metros, Calibradores Ac&uacute;sticos y Dos&iacute;metros de Ruido.<\/p>\n<p>LACAINAC est&aacute; acreditado por ENAC, con n&ordm; 423\/EI623, seg&uacute;n los criterios recogidos en la norma UNE-EN ISO\/IEC 17020, para la realizaci&oacute;n de actividades de Control Metrol&oacute;gico del Estado: Fase de Instrumentos en Servicio, para el tipo de evaluaci&oacute;n: Verificaci&oacute;n peri&oacute;dica y verificaci&oacute;n despu&eacute;s de reparaci&oacute;n o modificaci&oacute;n, sobre Son&oacute;metros, Calibradores Ac&uacute;sticos y Dos&iacute;metros de Ruido.<\/p>\n<h4 class=\"\">Referencias previas de prestaci&oacute;n<\/h4>\n<hr \/>\n<p>LACAINAC lleva prestando estos servicios a nivel nacional desde el a&ntilde;o 2000<\/p>\n<h4 class=\"\">Descripci&oacute;n del equipamiento<\/h4>\n<hr \/>\n<p>LACAINAC ha desarrollado sus propios sistemas de calibraci&oacute;n y dispone del equipamiento necesario para prestar un servicio eficiente y de calidad<\/p>\n<h4 class=\"\">Solicitud del servicio<\/h4>\n<hr \/>\n<p>Por correo electr&oacute;nico a la direcci&oacute;n <span rel=\"8b311630ae312b31bc311531bd312f31a8311d317d313031773108316f310d30c2312731af311a30aa313131\" class=\"cryptex \" style=\"\"><span class=\"CryptexImg ctxonlHJ2aruBRwF-SQH0yS5mbCUgkPeK3n45VU_iMwXo0\"><\/span><\/span><\/p>\n<div class=\"pdfprnt-buttons pdfprnt-buttons-product pdfprnt-bottom-left\"><a href=\"https:\/\/www.upm.es\/recursosidi\/wp-json\/wp\/v2\/product\/12267?print=pdf\" class=\"pdfprnt-button pdfprnt-button-pdf\" target=\"_blank\"><span class=\"pdfprnt-button-title pdfprnt-button-pdf-title\">Descargar ficha<\/span><\/a><\/div>","protected":false},"excerpt":{"rendered":"<p>LACAINAC ofrece servicios de calibraci\u00f3n y metrolog\u00eda legal en las \u00e1reas de Ac\u00fastica (Son\u00f3metros, Calibradores ac\u00fasticos, Analizadores de espectro, Dos\u00edmetros, Audi\u00f3metros y Micr\u00f3fonos) y Electricidad CC y Baja Frecuencia (tarjetas de adquisici\u00f3n de datos) <\/p>\n","protected":false},"featured_media":12266,"template":"","meta":{"_acf_changed":false},"product_cat":[2395],"product_tag":[10175,10171,10169,4119,10165,10167,10177,2669,10173,10151,10163,2517],"comunidades-upm":[],"quien":[],"mapa":[{"term_id":2405,"name":"Ciencia para la ingenier\u00eda y la arquitectura","slug":"ciencia-para-ingenieria-y-arquitectura","term_group":0,"term_taxonomy_id":2405,"taxonomy":"mapa","description":"","parent":0,"count":127,"filter":"raw","term_order":"7"},{"term_id":135,"name":"Industria, materiales y econom\u00eda circular","slug":"industria-materiales-economia_circular","term_group":0,"term_taxonomy_id":135,"taxonomy":"mapa","description":"","parent":0,"count":165,"filter":"raw","term_order":"13"}],"disponibilidad":[{"term_id":204,"name":"Disponible","slug":"disponible","term_group":0,"term_taxonomy_id":204,"taxonomy":"disponibilidad","description":"","parent":0,"count":110,"filter":"raw","term_order":"0"}],"donde":[{"term_id":380,"name":"Investigaci\u00f3n en Instrumentaci\u00f3n y Ac\u00fastica Aplicada (I2A2)","slug":"investigacion-en-instrumentacion-y-acustica-aplicada-i2a2","term_group":0,"term_taxonomy_id":380,"taxonomy":"donde","description":"Desarrollamos nuestra actividad en <strong>diversos &aacute;mbitos de la Ac&uacute;stica y las TIC<\/strong>, en los que buscamos aportar nuestra experiencia en para contribuir a resolver algunos de los retos que afronta nuestra sociedad. Esta visi&oacute;n nos lleva trabajar <strong>en contacto permanente con empresas y administraciones<\/strong> buscando continuamente la transferencia de los resultados de nuestros trabajos, bien a trav&eacute;s de la transferencia de tecnolog&iacute;a o de conocimiento, u ofreciendo directamente servicios de valor a&ntilde;adido a la industria.&nbsp;&nbsp;\n&nbsp;\nNuestras <strong>l&iacute;neas de investigaci&oacute;n<\/strong> se pueden resumir en:\n\nRuido ambiental.\nAc&uacute;stica en la edificaci&oacute;n.\nControl de ruido y Vibraciones.\nRuido en el puesto del trabajo.\nTerapias Ac&uacute;sticas.\nSistemas de Adquisici&oacute;n de Datos Avanzados.\nEquipos Electr&oacute;nicos y sistemas Embebidos.\nMonitorizaci&oacute;n de Salud Estructural.\n","parent":0,"count":16,"filter":"raw","term_order":"0"},{"term_id":1604,"name":"Research into Instrumentation and Applied Acoustics (I2A2)","slug":"en_research-into-instrumentation-and-applied-acoustics-i2a2","term_group":0,"term_taxonomy_id":1604,"taxonomy":"donde","description":"Desarrollamos nuestra actividad en <strong>diversos &aacute;mbitos de la Ac&uacute;stica y las TIC<\/strong>, en los que buscamos aportar nuestra experiencia en para contribuir a resolver algunos de los retos que afronta nuestra sociedad. Esta visi&oacute;n nos lleva trabajar <strong>en contacto permanente con empresas y administraciones<\/strong> buscando continuamente la transferencia de los resultados de nuestros trabajos, bien a trav&eacute;s de la transferencia de tecnolog&iacute;a o de conocimiento, u ofreciendo directamente servicios de valor a&ntilde;adido a la industria.&nbsp;&nbsp;\n&nbsp;\nNuestras <strong>l&iacute;neas de investigaci&oacute;n<\/strong> se pueden resumir en:\n\nRuido ambiental.\nAc&uacute;stica en la edificaci&oacute;n.\nControl de ruido y Vibraciones.\nRuido en el puesto del trabajo.\nTerapias Ac&uacute;sticas.\nSistemas de Adquisici&oacute;n de Datos Avanzados.\nEquipos Electr&oacute;nicos y sistemas Embebidos.\nMonitorizaci&oacute;n de Salud Estructural.\n","parent":0,"count":11,"filter":"raw","term_order":"0"}],"infraestructura":[],"ods":[{"term_id":2247,"name":"Industria, Innovaci\u00f3n e Infraestructura","slug":"industria-innovacion-e-infraestructura","term_group":0,"term_taxonomy_id":2247,"taxonomy":"ods","description":"","parent":0,"count":171,"filter":"raw","term_order":"0"},{"term_id":2235,"name":"Producci\u00f3n y Consumo Responsables","slug":"produccion-y-consumo-responsables","term_group":0,"term_taxonomy_id":2235,"taxonomy":"ods","description":"","parent":0,"count":18,"filter":"raw","term_order":"0"},{"term_id":2271,"name":"Salud y Bienestar","slug":"salud-y-bienestar","term_group":0,"term_taxonomy_id":2271,"taxonomy":"ods","description":"","parent":0,"count":59,"filter":"raw","term_order":"0"},{"term_id":2251,"name":"Trabajo Decente y Crecimiento Econ\u00f3mico","slug":"trabajo-decente-y-crecimiento-economico","term_group":0,"term_taxonomy_id":2251,"taxonomy":"ods","description":"","parent":0,"count":9,"filter":"raw","term_order":"0"}],"origen":[{"term_id":196,"name":"Infraestructuras, Instalaci\u00f3n, Equipo","slug":"infraestructuras","term_group":0,"term_taxonomy_id":196,"taxonomy":"origen","description":"","parent":0,"count":180,"filter":"raw","term_order":"0"}],"familia_tax":false,"quien_tax":false,"donde_tax":false,"year":"2000-01-01","contacto":"Laboratorio de Calibraci\u00f3n de Instrumentos Ac\u00fasticos \r\nCampus Sur UPM \r\nEd Topograf\u00eda \r\nCtra. Valencia, km 7 \r\n28031 \u00bf Madrid, Espa\u00f1a","telefono":"910678966","pagina_web":"http:\/\/www.lacainac.es\/","email":"lacainac@i2a2.upm.es","id_ficha_portal":"537","video":"","adjuntos":false,"adjuntos_portal":"","inf":false,"departamento":"","acf":[],"lang":"es","translation":{"es":12267},"_links":{"self":[{"href":"https:\/\/www.upm.es\/recursosidi\/wp-json\/wp\/v2\/product\/12267"}],"collection":[{"href":"https:\/\/www.upm.es\/recursosidi\/wp-json\/wp\/v2\/product"}],"about":[{"href":"https:\/\/www.upm.es\/recursosidi\/wp-json\/wp\/v2\/types\/product"}],"wp:featuredmedia":[{"embeddable":true,"href":"https:\/\/www.upm.es\/recursosidi\/wp-json\/wp\/v2\/media\/12266"}],"wp:attachment":[{"href":"https:\/\/www.upm.es\/recursosidi\/wp-json\/wp\/v2\/media?parent=12267"}],"wp:term":[{"taxonomy":"product_cat","embeddable":true,"href":"https:\/\/www.upm.es\/recursosidi\/wp-json\/wp\/v2\/product_cat?post=12267"},{"taxonomy":"product_tag","embeddable":true,"href":"https:\/\/www.upm.es\/recursosidi\/wp-json\/wp\/v2\/product_tag?post=12267"},{"taxonomy":"comunidad_upm","embeddable":true,"href":"https:\/\/www.upm.es\/recursosidi\/wp-json\/wp\/v2\/comunidades-upm?post=12267"},{"taxonomy":"quien","embeddable":true,"href":"https:\/\/www.upm.es\/recursosidi\/wp-json\/wp\/v2\/quien?post=12267"},{"taxonomy":"mapa","embeddable":true,"href":"https:\/\/www.upm.es\/recursosidi\/wp-json\/wp\/v2\/mapa?post=12267"},{"taxonomy":"disponibilidad","embeddable":true,"href":"https:\/\/www.upm.es\/recursosidi\/wp-json\/wp\/v2\/disponibilidad?post=12267"},{"taxonomy":"donde","embeddable":true,"href":"https:\/\/www.upm.es\/recursosidi\/wp-json\/wp\/v2\/donde?post=12267"},{"taxonomy":"infraestructura","embeddable":true,"href":"https:\/\/www.upm.es\/recursosidi\/wp-json\/wp\/v2\/infraestructura?post=12267"},{"taxonomy":"ods","embeddable":true,"href":"https:\/\/www.upm.es\/recursosidi\/wp-json\/wp\/v2\/ods?post=12267"},{"taxonomy":"origen","embeddable":true,"href":"https:\/\/www.upm.es\/recursosidi\/wp-json\/wp\/v2\/origen?post=12267"}],"curies":[{"name":"wp","href":"https:\/\/api.w.org\/{rel}","templated":true}]}}