{"id":12306,"date":"2024-05-21T12:53:05","date_gmt":"2024-05-21T10:53:05","guid":{"rendered":"https:\/\/www.upm.es\/recursosidi\/offers-resources\/sin categor\u00eda\/laboratorio-de-microscopia\/"},"modified":"2024-05-21T12:53:23","modified_gmt":"2024-05-21T10:53:23","slug":"laboratorio-de-microscopia","status":"publish","type":"product","link":"https:\/\/www.upm.es\/recursosidi\/offers-resources\/servicios-cientifico-tecnologico\/servicios-servicios-cientifico-tecnologico\/laboratorio-de-microscopia\/","title":{"rendered":"Laboratorio de Microscop\u00eda"},"content":{"rendered":"<h2>Servicios cient&iacute;fico &#8211; tecnol&oacute;gicos: Laboratorio de Microscop&iacute;a<\/h2>\n<h4>Servicio de Microscop&iacute;a<!--  tarifado --><\/h4>\n<hr \/>\n<h4>Descripci&oacute;n de los servicios que se ofrecen <!-- y tarifas --><\/h4>\n<p>El servicio de microscop&iacute;a del CBGP cuenta con el siguiente equipamiento:<\/p>\n<ul>\n<li>Microtomos y preparaci&oacute;n de muestras: Microtomo de rotaci&oacute;n Leica HistoCore NANOCUT R; Vibratomo Leica VT1200 S; Dispensador de parafina Leica EG 1110; Horno de hibridaci&oacute;n Amersham<\/li>\n<li>Microscopios: Microscopio vertical Zeiss Axiophot; Microscopio invertido Leica DM IRB; Microscopio de fluorescencia Leica DM2000; Estereomicroscopio Leica MZ10 F; Estereomicroscopio Olympus SZX9; Estereomicroscopio Leica MZ95; Microscopio Vertical Nikon Labophot-2<\/li>\n<li>Microscop&iacute;a confocal: Microscopio confocal espectral Leica TCS-SP8; Microscopio confocal con superresoluci&oacute;n Zeiss LSM 880 con fast Airyscan<\/li>\n<li>C&aacute;mara CCD: C&aacute;mara CCD NightOwl LB 983 NC100. Berthold<\/li>\n<li>Equipamiento de captaci&oacute;n de im&aacute;genes de alta sensibilidad (FlumaZone): Microscopio estereosc&oacute;pico LEICA M205FA para fluorescencia y bioluminiscencia; C&aacute;mara digital de muy alta sensibilidad de ganancia en chip Hamamatsu ImagEM X2 EM-CCD; Metamorph para la adquisici&oacute;n, integraci&oacute;n y an&aacute;lisis de im&aacute;genes<\/li>\n<\/ul>\n<p>Microscopio de fluorescencia motorizado con c&aacute;mara de alta sensibilidad: Microscopio invertido Leica DMi8; C&aacute;mara digital Hamamatsu ORCA Flash 4.0 LT<br \/><!-- Recuerda que estas tarifas ser\u00e1n las oficiales aprobadas en Consejo de Direcci\u00f3n y Consejo Social. --><\/p>\n<hr \/>\n<h4>Necesidades demandadas y aplicaciones<\/h4>\n<p>En estas instalaciones se pueden realizar los siguientes t&eacute;cnicas:<\/p>\n<ul>\n<li>Preparaci&oacute;n y corte de bloques de parafina.<\/li>\n<li>Microcop&iacute;a de fluorescencia: Fluorescencia es un proceso de absorci&oacute;n de un fot&oacute;n y posterior emisi&oacute;n de otro fot&oacute;n de menor energ&iacute;a (longitud de onda m&aacute;s larga) por una mol&eacute;cula (fluor&oacute;foro). La epifluorescencia convencional combina una fuente de luz blanca potente con filtros y espejos &oacute;pticos para separar distintos haces de luz y para tener especificas longitudes de onda de excitaci&oacute;n y detecci&oacute;n para cada fluor&oacute;foro. Usando t&eacute;cnicas de marcaje podemos combinar diferentes fluor&oacute;foros para marcar estructuras celulares (tipos celulares) y subcelulares (membrana plasm&aacute;tica, n&uacute;cleo, etc.).<\/li>\n<li>Microscop&iacute;a confocal: El microscopio confocal es un microscopio que emplea una t&eacute;cnica &oacute;ptica de imagen para incrementar el contraste y poder realizar finos cortes &oacute;pticos con la posibilidad de reconstrucci&oacute;n de im&aacute;genes tridimensionales. Estos equipos se utilizan principalmente tanto para las muestras marcadas con fluorescencia, como existe la posibilidad de utilizar la luz refractada: dientes, huesos, tambi&eacute;n son buenos candidatos para su uso con la t&eacute;cnica del microscopio confocal.<\/li>\n<li>Microscop&iacute;a de campo claro: La microscopia de campo claro est&aacute; basada en la transiluminaci&oacute;n de muestras desde una fuente de luz blanca, enfocado por un condensador para traspasar la muestra hasta llegar a la lente del objetivo que recoge la luz para su visualizaci&oacute;n en los oculares o adquisici&oacute;n con una camera digital. Es una t&eacute;cnica &uacute;til para visualizar c&eacute;lulas, tejidos, cortes histol&oacute;gicos con marcaje colorim&eacute;trico, animales modelos (pez cebra, C. elegans). Contraste de fases y de Nomarkski son modalidades de visualizaci&oacute;n de campo claro usando lentes y elementos &oacute;pticos espec&iacute;ficos para mejorar el contraste de estructuras que de otras formas ser&iacute;an invisibles.<\/li>\n<li>An&aacute;lisis de im&aacute;genes.<\/li>\n<\/ul>\n<hr \/>\n<h4>Sector o &aacute;rea de aplicaci&oacute;n<\/h4>\n<p>Biolog&iacute;a sint&eacute;tica, Microbiolog&iacute;a, Biolog&iacute;a de plantas, Biotecnolog&iacute;a<\/p>\n<hr \/>\n<h4>Competencias diferenciales<\/h4>\n<p>Este servicio cuenta con microscopios y lupas de &uacute;ltima generaci&oacute;n, as&iacute; como con sistemas de captaci&oacute;n de imagen de alta resoluci&oacute;n. Adem&aacute;s, los usuarios del servicio podr&aacute;n solicitar el asesoramiento del personal t&eacute;cnico que cuenta con m&aacute;s de 20 a&ntilde;os de experiencia.<\/p>\n<hr \/>\n<h4>Referencias previas de prestaci&oacute;n<\/h4>\n<p><span style=\"font-size: 8.000000pt;font-family: 'Helvetica'\">Instituto Nacional de Investigaci&oacute;n y Tecnolog&iacute;a Agraria y Alimentaria (CR DE LA CORU&Ntilde;A, KM 7,5, 28040 MADRID, MADRID) <\/span><\/p>\n<hr \/>\n<h4>D&oacute;nde se ubica<\/h4>\n<p>Se ubica en la planta s&oacute;tano del edificio principal del CBGP (UPM-INIA\/CSIC). En los laboratorios S30-S36.<\/p>\n<hr \/>\n<h4>Solicitud del servicio<\/h4>\n<p>Enlace a ventana que rellena unos campos previos comunes a todos los servicios y que se enviar&aacute; autom&aacute;ticamente al gestor de contacto indicado. https:\/\/www.cbgp.upm.es\/index.php\/es\/el-cbgp\/contacto<\/p>\n<hr \/>\n<div class=\"pdfprnt-buttons pdfprnt-buttons-product pdfprnt-bottom-left\"><a href=\"https:\/\/www.upm.es\/recursosidi\/wp-json\/wp\/v2\/product\/12306?print=pdf\" class=\"pdfprnt-button pdfprnt-button-pdf\" target=\"_blank\"><span class=\"pdfprnt-button-title pdfprnt-button-pdf-title\">Descargar ficha<\/span><\/a><\/div>","protected":false},"excerpt":{"rendered":"<p>Servicio de an\u00e1lisis de microscop\u00eda<\/p>\n","protected":false},"featured_media":12302,"template":"","meta":{"_acf_changed":false},"product_cat":[2395],"product_tag":[10215,10225,10227,10211,10197,10223,10221,10233,10231,10217,10209,2563,3689,10213,10219,10229],"comunidades-upm":[],"quien":[],"mapa":[{"term_id":139,"name":"Agricultura, silvicultura, recursos naturales, usos de la tierra y crecimiento azul","slug":"agricultura-silvicultura-recursos_naturales-usos_tierra-crecimiento_azul","term_group":0,"term_taxonomy_id":139,"taxonomy":"mapa","description":"","parent":0,"count":43,"filter":"raw","term_order":"2"},{"term_id":137,"name":"Bioeconom\u00eda, Biotecnolog\u00eda y Sistemas Alimentarios","slug":"bioeconomia-biotecnologia-sistemas_alimentarios","term_group":0,"term_taxonomy_id":137,"taxonomy":"mapa","description":"","parent":0,"count":45,"filter":"raw","term_order":"6"},{"term_id":141,"name":"Innovaci\u00f3n Social, Ciencia Abierta, Gobernanza, y Ciencias de la Educaci\u00f3n","slug":"innovacion_social-ciencia_abierta-gobernanza-ciencia-educacion","term_group":0,"term_taxonomy_id":141,"taxonomy":"mapa","description":"","parent":0,"count":14,"filter":"raw","term_order":"15"},{"term_id":122,"name":"Salud y bienestar","slug":"salud-y-bienestar","term_group":0,"term_taxonomy_id":122,"taxonomy":"mapa","description":"","parent":0,"count":105,"filter":"raw","term_order":"17"}],"disponibilidad":[{"term_id":205,"name":"Consultar disponibilidad","slug":"consultar","term_group":0,"term_taxonomy_id":205,"taxonomy":"disponibilidad","description":"","parent":0,"count":290,"filter":"raw","term_order":"0"}],"donde":[{"term_id":1476,"name":"Centre for Biotechnology and Plant Genomics, CBPG","slug":"en_centre-for-biotechnology-and-plant-genomics-cbpg","term_group":0,"term_taxonomy_id":1476,"taxonomy":"donde","description":"","parent":0,"count":12,"filter":"raw","term_order":"0"},{"term_id":252,"name":"Centro de Biotecnolog\u00eda y Gen\u00f3mica de Plantas (CBGP)","slug":"centro-de-biotecnologia-y-genomica-de-plantas-cbgp","term_group":0,"term_taxonomy_id":252,"taxonomy":"donde","description":"","parent":0,"count":19,"filter":"raw","term_order":"0"},{"term_id":294,"name":"Interacciones Moleculares Planta-Pat\u00f3geno","slug":"interacciones-moleculares-planta-patogeno","term_group":0,"term_taxonomy_id":294,"taxonomy":"donde","description":"","parent":0,"count":4,"filter":"raw","term_order":"0"},{"term_id":1518,"name":"Plant-Pathogen Molecular Interactions","slug":"en_plant-pathogen-molecular-interactions","term_group":0,"term_taxonomy_id":1518,"taxonomy":"donde","description":"","parent":0,"count":2,"filter":"raw","term_order":"0"}],"infraestructura":[{"term_id":4050,"name":"Microscop\u00eda","slug":"microscopia","term_group":0,"term_taxonomy_id":4050,"taxonomy":"infraestructura","description":"","parent":0,"count":1,"filter":"raw","term_order":"0"}],"ods":[{"term_id":2231,"name":"Acci\u00f3n por el Clima","slug":"accion-por-el-clima","term_group":0,"term_taxonomy_id":2231,"taxonomy":"ods","description":"","parent":0,"count":67,"filter":"raw","term_order":"0"},{"term_id":2214,"name":"Alianzas para Lograr los Objetivos","slug":"alianzas-para-lograr-los-objetivos","term_group":0,"term_taxonomy_id":2214,"taxonomy":"ods","description":"","parent":0,"count":4,"filter":"raw","term_order":"0"},{"term_id":2239,"name":"Ciudades y Comunidades Sostenibles","slug":"ciudades-y-comunidades-sostenibles","term_group":0,"term_taxonomy_id":2239,"taxonomy":"ods","description":"","parent":0,"count":43,"filter":"raw","term_order":"0"},{"term_id":2267,"name":"Educaci\u00f3n de Calidad","slug":"educacion-de-calidad","term_group":0,"term_taxonomy_id":2267,"taxonomy":"ods","description":"","parent":0,"count":14,"filter":"raw","term_order":"0"},{"term_id":2275,"name":"Hambre Cero","slug":"hambre-cero","term_group":0,"term_taxonomy_id":2275,"taxonomy":"ods","description":"","parent":0,"count":4,"filter":"raw","term_order":"0"},{"term_id":2247,"name":"Industria, Innovaci\u00f3n e Infraestructura","slug":"industria-innovacion-e-infraestructura","term_group":0,"term_taxonomy_id":2247,"taxonomy":"ods","description":"","parent":0,"count":171,"filter":"raw","term_order":"0"},{"term_id":2235,"name":"Producci\u00f3n y Consumo Responsables","slug":"produccion-y-consumo-responsables","term_group":0,"term_taxonomy_id":2235,"taxonomy":"ods","description":"","parent":0,"count":18,"filter":"raw","term_order":"0"},{"term_id":2271,"name":"Salud y Bienestar","slug":"salud-y-bienestar","term_group":0,"term_taxonomy_id":2271,"taxonomy":"ods","description":"","parent":0,"count":59,"filter":"raw","term_order":"0"},{"term_id":2251,"name":"Trabajo Decente y Crecimiento Econ\u00f3mico","slug":"trabajo-decente-y-crecimiento-economico","term_group":0,"term_taxonomy_id":2251,"taxonomy":"ods","description":"","parent":0,"count":9,"filter":"raw","term_order":"0"},{"term_id":2223,"name":"Vida de Ecosistemas Terrestres","slug":"vida-de-ecosistemas-terrestres","term_group":0,"term_taxonomy_id":2223,"taxonomy":"ods","description":"","parent":0,"count":8,"filter":"raw","term_order":"0"}],"origen":[{"term_id":196,"name":"Infraestructuras, Instalaci\u00f3n, Equipo","slug":"infraestructuras","term_group":0,"term_taxonomy_id":196,"taxonomy":"origen","description":"","parent":0,"count":180,"filter":"raw","term_order":"0"}],"familia_tax":false,"quien_tax":false,"donde_tax":false,"year":"2011-01-01","contacto":"Centro de Biotecnolog\u00eda y Gen\u00f3mica de Plantas UPM-INIA Parque Cient\u00edfico y Tecnol\u00f3gico de la U.P.M. Cam","telefono":"913364530","pagina_web":"http:\/\/www.cbgp.upm.es\/index.php\/es\/servicio-microscopia","email":"pablo.melendi@upm.es","id_ficha_portal":"130","video":"","adjuntos":false,"adjuntos_portal":"","inf":false,"departamento":"","acf":[],"lang":"es","translation":{"es":12306},"_links":{"self":[{"href":"https:\/\/www.upm.es\/recursosidi\/wp-json\/wp\/v2\/product\/12306"}],"collection":[{"href":"https:\/\/www.upm.es\/recursosidi\/wp-json\/wp\/v2\/product"}],"about":[{"href":"https:\/\/www.upm.es\/recursosidi\/wp-json\/wp\/v2\/types\/product"}],"wp:featuredmedia":[{"embeddable":true,"href":"https:\/\/www.upm.es\/recursosidi\/wp-json\/wp\/v2\/media\/12302"}],"wp:attachment":[{"href":"https:\/\/www.upm.es\/recursosidi\/wp-json\/wp\/v2\/media?parent=12306"}],"wp:term":[{"taxonomy":"product_cat","embeddable":true,"href":"https:\/\/www.upm.es\/recursosidi\/wp-json\/wp\/v2\/product_cat?post=12306"},{"taxonomy":"product_tag","embeddable":true,"href":"https:\/\/www.upm.es\/recursosidi\/wp-json\/wp\/v2\/product_tag?post=12306"},{"taxonomy":"comunidad_upm","embeddable":true,"href":"https:\/\/www.upm.es\/recursosidi\/wp-json\/wp\/v2\/comunidades-upm?post=12306"},{"taxonomy":"quien","embeddable":true,"href":"https:\/\/www.upm.es\/recursosidi\/wp-json\/wp\/v2\/quien?post=12306"},{"taxonomy":"mapa","embeddable":true,"href":"https:\/\/www.upm.es\/recursosidi\/wp-json\/wp\/v2\/mapa?post=12306"},{"taxonomy":"disponibilidad","embeddable":true,"href":"https:\/\/www.upm.es\/recursosidi\/wp-json\/wp\/v2\/disponibilidad?post=12306"},{"taxonomy":"donde","embeddable":true,"href":"https:\/\/www.upm.es\/recursosidi\/wp-json\/wp\/v2\/donde?post=12306"},{"taxonomy":"infraestructura","embeddable":true,"href":"https:\/\/www.upm.es\/recursosidi\/wp-json\/wp\/v2\/infraestructura?post=12306"},{"taxonomy":"ods","embeddable":true,"href":"https:\/\/www.upm.es\/recursosidi\/wp-json\/wp\/v2\/ods?post=12306"},{"taxonomy":"origen","embeddable":true,"href":"https:\/\/www.upm.es\/recursosidi\/wp-json\/wp\/v2\/origen?post=12306"}],"curies":[{"name":"wp","href":"https:\/\/api.w.org\/{rel}","templated":true}]}}