{"id":12319,"date":"2024-05-21T12:56:04","date_gmt":"2024-05-21T10:56:04","guid":{"rendered":"https:\/\/www.upm.es\/recursosidi\/offers-resources\/sin categor\u00eda\/servicio-de-cultivo-de-plantas\/"},"modified":"2024-05-21T12:56:29","modified_gmt":"2024-05-21T10:56:29","slug":"servicio-de-cultivo-de-plantas","status":"publish","type":"product","link":"https:\/\/www.upm.es\/recursosidi\/offers-resources\/servicios-cientifico-tecnologico\/servicios-servicios-cientifico-tecnologico\/servicio-de-cultivo-de-plantas\/","title":{"rendered":"Servicio de Cultivo de Plantas"},"content":{"rendered":"<h2>Servicios cient&iacute;fico &#8211; tecnol&oacute;gicos<\/h2>\n<h4>Servicio de Cultivo de Plantas<!--  tarifado --><\/h4>\n<hr \/>\n<h4>Descripci&oacute;n de los servicios que se ofrecen <!-- y tarifas --><\/h4>\n<p>El CBGP dispone de 1900 m<sup>2<\/sup> acondicionados con instalaciones espec&iacute;ficas para cultivo de plantas. En un mismo recinto, cuenta con: Un invernadero de 1200 m<sup>2<\/sup> dividido en 18 compartimentos, equipados con sistemas de climatizaci&oacute;n e iluminaci&oacute;n artificial controlados a distancia. 13 de estos compartimentos, de 47 m<sup>2<\/sup> cada uno, son de prop&oacute;sito general, y los 5 restantes, de 40m<sup>2<\/sup>, poseen un nivel de contenci&oacute;n biol&oacute;gica P2 que permite trabajar con transg&eacute;nicos. El servicio cuenta tambi&eacute;n con un laboratorio de cultivo de plantas (LCP) de 542 m<sup>2<\/sup> que contiene 18 c&aacute;maras de cultivo de condiciones controladas, programables independientemente en valores de temperatura, humedad, intensidad de luz y duraci&oacute;n del fotoperiodo. Incluye un laboratorio para la realizaci&oacute;n de distintos trabajos como extracci&oacute;n de muestras, recolecci&oacute;n de semillas, preparaci&oacute;n de medios, realizaci&oacute;n de fotograf&iacute;as, etc. Para ello cuenta con diverso equipamiento como autoclave, campanas de flujo laminar, c&aacute;mara frigor&iacute;fica, etc. A parte de este equipamiento, el servicio cuenta con una nueva infraestructura de fenotipado digital automatizado en sus invernaderos. Este sistema cuenta con 2 m&oacute;dulos de invernaderos de tipo P2 &ndash; transg&eacute;nico climatizados que puede conseguir temperatura desde 10 a 45 &ordm;C. Estos m&oacute;dulos contienen un sistema robotizado para el an&aacute;lisis de 40 plantas por modulo que se pueden analizar digitalmente de forma programada. Adem&aacute;s, cuenta con la posibilidad de carga manual para analizar plantas crecidas en otros compartimentos con condiciones especiales. La estaci&oacute;n de fenotipado consta de 2 c&aacute;maras de alta definici&oacute;n, una de ellas de captaci&oacute;n RGB y otra multi-espectral (con 9 tipo de iluminaci&oacute;n tipo Leds (desde UV hasta rojo). Esta digitalizaci&oacute;n permite analizar de forma autom&aacute;tica, y precisa el crecimiento, el tama&ntilde;o, el estado fotosint&eacute;tico, la cantidad de agua o la gravedad de los s&iacute;ntomas de estr&eacute;s de los diferentes cultivos. Finalmente, se cuenta con una plataforma de agroinfiltraci&oacute;n para la optimizaci&oacute;n de la producci&oacute;n de biomol&eacute;culas.<br \/><!-- Recuerda que estas tarifas ser\u00e1n las oficiales aprobadas en Consejo de Direcci\u00f3n y Consejo Social. --><\/p>\n<hr \/>\n<h4>Necesidades demandadas y aplicaciones<\/h4>\n<p>En estas instalaciones se pueden realizar los siguientes ensayos:<\/p>\n<p>Servicio de an&aacute;lisis fenot&iacute;pico:<\/p>\n<p>&#8211;&nbsp;&nbsp;&nbsp;&nbsp;&nbsp;&nbsp;&nbsp;&nbsp;&nbsp;&nbsp; Fenotipado para caracteres de tolerancia a estr&eacute;s abi&oacute;tico: este servicio facilita a los investigadores y las empresas la selecci&oacute;n de los mejores fenotipos para el desarrollo de nuevas variedades, permitiendo evaluar en estadios tempranos de la planta aquellas que presenten un mejor comportamiento frente a condiciones de estr&eacute;s de tipo abi&oacute;tico como la salinidad o la sequ&iacute;a.<\/p>\n<p>&#8211;&nbsp;&nbsp;&nbsp;&nbsp;&nbsp;&nbsp;&nbsp;&nbsp;&nbsp;&nbsp; Fenotipado para resistencia\/tolerancia a enfermedades: enfocado hacia experimentos del comportamiento de un conjunto de variedades ante agentes bi&oacute;ticos, como bacterias o virus, y conocer el posible nivel de resistencia o tolerancia a los mismos.<\/p>\n<p>&#8211;&nbsp;&nbsp;&nbsp;&nbsp;&nbsp;&nbsp;&nbsp;&nbsp;&nbsp;&nbsp; Fenotipado dise&ntilde;ado para analizar el efecto de fertilizantes\/fitosanitarios, para evaluar diferentes combinaciones de productos (qu&iacute;micos o biol&oacute;gicos) y analizar el rendimiento en planta de estos para desarrollar fertilizantes, abonos y fitosanitarios mejor adaptados a los cultivos, as&iacute; como a los nuevos requisitos medioambientales.<\/p>\n<p>Desarrollo e investigaci&oacute;n:<\/p>\n<p>&#8211;&nbsp;&nbsp;&nbsp;&nbsp;&nbsp;&nbsp;&nbsp;&nbsp;&nbsp;&nbsp; An&aacute;lisis de variedades del banco de germoplasma en su respuesta a estr&eacute;s abi&oacute;tico.<\/p>\n<p>&#8211;&nbsp;&nbsp;&nbsp;&nbsp;&nbsp;&nbsp;&nbsp;&nbsp;&nbsp;&nbsp; An&aacute;lisis de la respuesta de variedades de plantas a la aplicaci&oacute;n de microrganismos bioestimulantes.<\/p>\n<p>&#8211;&nbsp;&nbsp;&nbsp;&nbsp;&nbsp;&nbsp;&nbsp;&nbsp;&nbsp;&nbsp; Respuesta molecular de variedades de plantas seleccionadas mediante t&eacute;cnicas de mejora.<\/p>\n<p>&#8211;&nbsp;&nbsp;&nbsp;&nbsp;&nbsp;&nbsp;&nbsp;&nbsp;&nbsp;&nbsp; An&aacute;lisis de la respuesta de variedades de plantas a la infecci&oacute;n por organismos fitopat&oacute;genos.<\/p>\n<p>&#8211;&nbsp;&nbsp;&nbsp;&nbsp;&nbsp;&nbsp;&nbsp;&nbsp;&nbsp;&nbsp; Respuestas de resistencia y tolerancia a la infecci&oacute;n viral de las variedades de cultivos conferidas por los microorganismos bioestimulantes.<\/p>\n<p>Es posible realizar tambi&eacute;n otros ensayos que impliquen crecimiento o manejo de plantas o de germoplasma previa consulta.<\/p>\n<hr \/>\n<h4>Sector o &aacute;rea de aplicaci&oacute;n<\/h4>\n<p>Biolog&iacute;a del desarrollo, Biolog&iacute;a sint&eacute;tica<\/p>\n<hr \/>\n<h4>Competencias diferenciales<\/h4>\n<p>El servicio de cultivo de plantas cuenta con un sistema de invernaderos y c&aacute;maras de cultivo de &uacute;ltima generaci&oacute;n y que abarcan una superficie que permite realizar experimentos con un n&uacute;mero grande de plantas, aspecto atractivo para empresas e investigadores sobre todo cuando se quieren hacer an&aacute;lisis de fenotipado para mejora gen&eacute;tica. En este aspecto, el servicio cuenta con una plataforma de fenotipado &uacute;nica en Espa&ntilde;a, que permite realizar este proceso de modo automatizado.<\/p>\n<hr \/>\n<h4>Referencias previas de prestaci&oacute;n<\/h4>\n<p>Universidad Aut&oacute;noma de Madrid (<span style=\"font-size: 8.000000pt;font-family: 'Helvetica'\">C\/ EINSTEIN 13, 28049 UNIVERSIDAD AUTONOMA CANTOBLANCO MADRID MADRID). <\/span><\/p>\n<p>Plant Response Inc (<span style=\"font-size: 8.000000pt;font-family: 'Helvetica'\">C\/ CIRUELOS, S\/N. CENTRO DE EMPRESAS. Pozuelo de Alarc&oacute;n, 28223, Madrid). <\/span><\/p>\n<p><span style=\"font-size: 8.000000pt;font-family: 'Helvetica'\">Instituto Nacional de Investigaci&oacute;n y Tecnolog&iacute;a Agraria y Alimentaria (CR DE LA CORUN&iquest;A, KM 7,5, 28040 MADRID, MADRID) <\/span><\/p>\n<hr \/>\n<h4>D&oacute;nde se ubica<\/h4>\n<p>El servicio se ubica en el Campus de Montegancedo de la UPM (Pozuelo de Alarc&oacute;n, Madrid) y se integra dento de las instaciones del Centro de Biotecnolog&iacute;a y Gen&oacute;mica de Plantas.<\/p>\n<hr \/>\n<h4>Solicitud del servicio<\/h4>\n<p>Enlace a ventana que rellena unos campos previos comunes a todos los servicios y que se enviar&aacute; autom&aacute;ticamente al gestor de contacto indicado: https:\/\/www.cbgp.upm.es\/index.php\/es\/el-cbgp\/contacto.<\/p>\n<hr \/>\n<div class=\"pdfprnt-buttons pdfprnt-buttons-product pdfprnt-bottom-left\"><a href=\"https:\/\/www.upm.es\/recursosidi\/wp-json\/wp\/v2\/product\/12319?print=pdf\" class=\"pdfprnt-button pdfprnt-button-pdf\" target=\"_blank\"><span class=\"pdfprnt-button-title pdfprnt-button-pdf-title\">Descargar ficha<\/span><\/a><\/div>","protected":false},"excerpt":{"rendered":"<p>El CBGP dispone de 1900 m2 acondicionados con instalaciones espec\u00edficas para cultivo de plantas.<\/p>\n","protected":false},"featured_media":12317,"template":"","meta":{"_acf_changed":false},"product_cat":[2395],"product_tag":[10197,10207,10191,10199,2575,10187,10201,10189,10209,2574,10195,10193,10203,2475,10205],"comunidades-upm":[],"quien":[],"mapa":[{"term_id":139,"name":"Agricultura, silvicultura, recursos naturales, usos de la tierra y crecimiento azul","slug":"agricultura-silvicultura-recursos_naturales-usos_tierra-crecimiento_azul","term_group":0,"term_taxonomy_id":139,"taxonomy":"mapa","description":"","parent":0,"count":43,"filter":"raw","term_order":"2"},{"term_id":137,"name":"Bioeconom\u00eda, Biotecnolog\u00eda y Sistemas Alimentarios","slug":"bioeconomia-biotecnologia-sistemas_alimentarios","term_group":0,"term_taxonomy_id":137,"taxonomy":"mapa","description":"","parent":0,"count":45,"filter":"raw","term_order":"6"},{"term_id":122,"name":"Salud y bienestar","slug":"salud-y-bienestar","term_group":0,"term_taxonomy_id":122,"taxonomy":"mapa","description":"","parent":0,"count":105,"filter":"raw","term_order":"17"}],"disponibilidad":[{"term_id":205,"name":"Consultar disponibilidad","slug":"consultar","term_group":0,"term_taxonomy_id":205,"taxonomy":"disponibilidad","description":"","parent":0,"count":290,"filter":"raw","term_order":"0"}],"donde":[{"term_id":1476,"name":"Centre for Biotechnology and Plant Genomics, CBPG","slug":"en_centre-for-biotechnology-and-plant-genomics-cbpg","term_group":0,"term_taxonomy_id":1476,"taxonomy":"donde","description":"","parent":0,"count":12,"filter":"raw","term_order":"0"},{"term_id":252,"name":"Centro de Biotecnolog\u00eda y Gen\u00f3mica de Plantas (CBGP)","slug":"centro-de-biotecnologia-y-genomica-de-plantas-cbgp","term_group":0,"term_taxonomy_id":252,"taxonomy":"donde","description":"","parent":0,"count":19,"filter":"raw","term_order":"0"},{"term_id":294,"name":"Interacciones Moleculares Planta-Pat\u00f3geno","slug":"interacciones-moleculares-planta-patogeno","term_group":0,"term_taxonomy_id":294,"taxonomy":"donde","description":"","parent":0,"count":4,"filter":"raw","term_order":"0"},{"term_id":1518,"name":"Plant-Pathogen Molecular Interactions","slug":"en_plant-pathogen-molecular-interactions","term_group":0,"term_taxonomy_id":1518,"taxonomy":"donde","description":"","parent":0,"count":2,"filter":"raw","term_order":"0"}],"infraestructura":[{"term_id":3599,"name":"Invernaderos de bioseguridad P2","slug":"invernaderos-de-bioseguridad-p2","term_group":0,"term_taxonomy_id":3599,"taxonomy":"infraestructura","description":"","parent":0,"count":1,"filter":"raw","term_order":"0"}],"ods":[{"term_id":2223,"name":"Vida de Ecosistemas Terrestres","slug":"vida-de-ecosistemas-terrestres","term_group":0,"term_taxonomy_id":2223,"taxonomy":"ods","description":"","parent":0,"count":8,"filter":"raw","term_order":"0"}],"origen":[{"term_id":196,"name":"Infraestructuras, Instalaci\u00f3n, Equipo","slug":"infraestructuras","term_group":0,"term_taxonomy_id":196,"taxonomy":"origen","description":"","parent":0,"count":180,"filter":"raw","term_order":"0"}],"familia_tax":false,"quien_tax":false,"donde_tax":false,"year":"2008-01-01","contacto":"Centro de Biotecnolog\u00eda y Gen\u00f3mica de Plantas UPM-INIA Parque Cient\u00edfico y Tecnol\u00f3gico de la U.P.M. Cam","telefono":"910679176","pagina_web":"http:\/\/www.cbgp.upm.es\/index.php\/es\/servicio-cultivo-plantas","email":"invernaderos.cbgp@upm.es","id_ficha_portal":"137","video":"","adjuntos":false,"adjuntos_portal":"","inf":false,"departamento":"","acf":[],"lang":"es","translation":{"es":12319},"_links":{"self":[{"href":"https:\/\/www.upm.es\/recursosidi\/wp-json\/wp\/v2\/product\/12319"}],"collection":[{"href":"https:\/\/www.upm.es\/recursosidi\/wp-json\/wp\/v2\/product"}],"about":[{"href":"https:\/\/www.upm.es\/recursosidi\/wp-json\/wp\/v2\/types\/product"}],"wp:featuredmedia":[{"embeddable":true,"href":"https:\/\/www.upm.es\/recursosidi\/wp-json\/wp\/v2\/media\/12317"}],"wp:attachment":[{"href":"https:\/\/www.upm.es\/recursosidi\/wp-json\/wp\/v2\/media?parent=12319"}],"wp:term":[{"taxonomy":"product_cat","embeddable":true,"href":"https:\/\/www.upm.es\/recursosidi\/wp-json\/wp\/v2\/product_cat?post=12319"},{"taxonomy":"product_tag","embeddable":true,"href":"https:\/\/www.upm.es\/recursosidi\/wp-json\/wp\/v2\/product_tag?post=12319"},{"taxonomy":"comunidad_upm","embeddable":true,"href":"https:\/\/www.upm.es\/recursosidi\/wp-json\/wp\/v2\/comunidades-upm?post=12319"},{"taxonomy":"quien","embeddable":true,"href":"https:\/\/www.upm.es\/recursosidi\/wp-json\/wp\/v2\/quien?post=12319"},{"taxonomy":"mapa","embeddable":true,"href":"https:\/\/www.upm.es\/recursosidi\/wp-json\/wp\/v2\/mapa?post=12319"},{"taxonomy":"disponibilidad","embeddable":true,"href":"https:\/\/www.upm.es\/recursosidi\/wp-json\/wp\/v2\/disponibilidad?post=12319"},{"taxonomy":"donde","embeddable":true,"href":"https:\/\/www.upm.es\/recursosidi\/wp-json\/wp\/v2\/donde?post=12319"},{"taxonomy":"infraestructura","embeddable":true,"href":"https:\/\/www.upm.es\/recursosidi\/wp-json\/wp\/v2\/infraestructura?post=12319"},{"taxonomy":"ods","embeddable":true,"href":"https:\/\/www.upm.es\/recursosidi\/wp-json\/wp\/v2\/ods?post=12319"},{"taxonomy":"origen","embeddable":true,"href":"https:\/\/www.upm.es\/recursosidi\/wp-json\/wp\/v2\/origen?post=12319"}],"curies":[{"name":"wp","href":"https:\/\/api.w.org\/{rel}","templated":true}]}}