{"id":12336,"date":"2024-05-23T02:40:42","date_gmt":"2024-05-23T00:40:42","guid":{"rendered":"https:\/\/www.upm.es\/recursosidi\/offers-resources\/sin%20categor\u00eda\/sistema-y-metodo-para-la-estimacion-de-calidad-percibida-y-su-impacto-en-el-consumidor-de-contenidos-audiovisuales-multimedia\/"},"modified":"2025-06-12T02:51:26","modified_gmt":"2025-06-12T00:51:26","slug":"sistema-y-metodo-para-la-estimacion-de-calidad-percibida-y-su-impacto-en-el-consumidor-de-contenidos-audiovisuales-multimedia","status":"publish","type":"product","link":"https:\/\/www.upm.es\/recursosidi\/offers-resources\/patentes\/sistema-y-metodo-para-la-estimacion-de-calidad-percibida-y-su-impacto-en-el-consumidor-de-contenidos-audiovisuales-multimedia\/","title":{"rendered":"SISTEMA Y M\u00c9TODO PARA LA ESTIMACI\u00d3N DE CALIDAD PERCIBIDA Y SU IMPACTO EN EL CONSUMIDOR DE CONTENIDOS AUDIOVISUALES MULTIMEDIA"},"content":{"rendered":"<h5>Descripci\u00f3n de la patente <\/h5>\n<p>Sistema y m&eacute;todo para la estimaci&oacute;n de calidad<br \/>percibida y su impacto en el consumidor de<br \/>contenidos audiovisuales multimedia, el sistema<br \/>comprendiendo:<br \/>&#8211; un m&oacute;dulo de adquisici&oacute;n y an&aacute;lisis (2.3) de datos<br \/>de los contenidos audiovisuales multimedia,<br \/>&#8211; un m&oacute;dulo gestor de informaci&oacute;n (1.1) para agrupar<br \/>los par&aacute;metros en par&aacute;metros de la metadata y los<br \/>contenidos, y par&aacute;metros de las distorsiones de<br \/>calidad de los contenidos, y la creaci&oacute;n de vectores<br \/>de par&aacute;metros,<br \/>&#8211; un m&oacute;dulo de an&aacute;lisis de contenidos (1.2) para la<br \/>estructuraci&oacute;n de los datos adquiridos,<br \/>&#8211; un m&oacute;dulo de predicci&oacute;n de calidad (1.3) que<br \/>comprende un conjunto de modelos de aprendizaje<br \/>autom&aacute;tico,<br \/>&#8211; un m&oacute;dulo estad&iacute;stico (1.4) que comprende valores<br \/>de calidad hist&oacute;ricos,<br \/>&#8211; un m&oacute;dulo de estimaci&oacute;n del impacto en el<br \/>consumidor (1.5) mediante la diferencia entre un valor<br \/>de calidad de experiencia estimada y un valor de<br \/>calidad esperada.<\/p>\n<h5>N\u00famero de solicitud<\/h5>\n<p>P202331007 <\/p>\n<h5>N\u00famero de publicaci\u00f3n<\/h5>\n<p>ES2968713<\/p>\n<h5>Fecha de presentaci\u00f3n <\/h5>\n<p>04\/12\/2023<\/p>\n<h5>Fecha de publicaci\u00f3n <\/h5>\n<p>13\/05\/2024<\/p>\n<div class=\"pdfprnt-buttons pdfprnt-buttons-product pdfprnt-bottom-left\"><a href=\"https:\/\/www.upm.es\/recursosidi\/wp-json\/wp\/v2\/product\/12336?print=pdf\" class=\"pdfprnt-button pdfprnt-button-pdf\" target=\"_blank\"><span class=\"pdfprnt-button-title pdfprnt-button-pdf-title\">Descargar ficha<\/span><\/a><\/div>","protected":false},"excerpt":{"rendered":"<p>Descripci\u00f3n de la patente Sistema y m&eacute;todo para la estimaci&oacute;n de calidadpercibida y su impacto en el consumidor decontenidos audiovisuales multimedia, el sistemacomprendiendo:&#8211; un m&oacute;dulo&hellip;<\/p>\n","protected":false},"featured_media":0,"template":"","meta":{"_acf_changed":false},"product_cat":[3946],"product_tag":[],"comunidades-upm":[],"quien":[],"mapa":[],"disponibilidad":[],"donde":[{"term_id":466,"name":"Grupo de Aplicaci\u00f3n de Telecomunicaciones Visuales (GATV)","slug":"grupo-de-aplicacion-de-telecomunicaciones-visuales-gatv","term_group":0,"term_taxonomy_id":466,"taxonomy":"donde","description":"Las principales <strong>l&iacute;neas de investigaci&oacute;n<\/strong> llevadas a cabo por el grupo son:\n&nbsp;\n\nComunicaciones Visuales\nVisi&oacute;n Artificial\nSistemas de telecomunicaci&oacute;n y teledetecci&oacute;n\nGesti&oacute;n y producci&oacute;n de media en red\nTelevisi&oacute;n digital\nAplicaciones del procesado de se&ntilde;al y comunicaciones en Sistemas Inteligentes de Transporte (Intelligent Transportation Systems - ITS)\nCodificaci&oacute;n y procesado digital de v&iacute;deo\nMedici&oacute;n de audiencias en tecnolog&iacute;as emergentes de transmisi&oacute;n de v&iacute;deo\nInteractividad (HbbTV) y accesibilidad a los medios audiovisualesIngenier&iacute;a de sistemas DVB\n","parent":0,"count":8,"filter":"raw","term_order":"0"},{"term_id":642,"name":"Information Processing and Telecommunications Center (IPTC)","slug":"information-processing-and-telecommunications-center-iptc","term_group":0,"term_taxonomy_id":642,"taxonomy":"donde","description":"","parent":0,"count":74,"filter":"raw","term_order":"0"}],"infraestructura":[],"ods":[],"origen":[{"term_id":180,"name":"Patente","slug":"patente","term_group":0,"term_taxonomy_id":180,"taxonomy":"origen","description":"","parent":0,"count":614,"filter":"raw","term_order":"0"}],"familia_tax":false,"quien_tax":false,"donde_tax":false,"year":"","contacto":"<strong>Principales: <\/strong><ul><li>Jos\u00e9 Manuel Men\u00e9ndez Garc\u00eda <blockquote><strong>jm.menendez@upm.es<\/strong><\/blockquote><\/li><li>Federico \u00c1lvarez Garc\u00eda <blockquote><strong>federico.alvarez@upm.es<\/strong><\/blockquote><\/li><li>David Jim\u00e9nez Bermejo <blockquote><strong>david.jimenezb@upm.es<\/strong><\/blockquote><\/li><li>Alvaro Llorente Gomez <blockquote><strong>alvaro.llorente@upm.es<\/strong><\/blockquote><\/li><li>Iago Fdez-Cedr\u00f3n Fdez-Maquieira <blockquote><strong>iago.fernandezcedron@upm.es<\/strong><\/blockquote><\/li><li>JUAN ANTONIO RODRIGO FERRAN <blockquote><strong>juanantonio.rodrigo@upm.es<\/strong><\/blockquote><\/li><li>Javier Guinea Perez <blockquote><strong>javier.guinea.perez@upm.es<\/strong><\/blockquote><\/li><\/ul>","telefono":"","pagina_web":"","email":"","id_ficha_portal":"1961","video":"","adjuntos":false,"adjuntos_portal":"","inf":false,"departamento":"","acf":[],"lang":"es","translation":{"es":12336},"_links":{"self":[{"href":"https:\/\/www.upm.es\/recursosidi\/wp-json\/wp\/v2\/product\/12336"}],"collection":[{"href":"https:\/\/www.upm.es\/recursosidi\/wp-json\/wp\/v2\/product"}],"about":[{"href":"https:\/\/www.upm.es\/recursosidi\/wp-json\/wp\/v2\/types\/product"}],"wp:attachment":[{"href":"https:\/\/www.upm.es\/recursosidi\/wp-json\/wp\/v2\/media?parent=12336"}],"wp:term":[{"taxonomy":"product_cat","embeddable":true,"href":"https:\/\/www.upm.es\/recursosidi\/wp-json\/wp\/v2\/product_cat?post=12336"},{"taxonomy":"product_tag","embeddable":true,"href":"https:\/\/www.upm.es\/recursosidi\/wp-json\/wp\/v2\/product_tag?post=12336"},{"taxonomy":"comunidad_upm","embeddable":true,"href":"https:\/\/www.upm.es\/recursosidi\/wp-json\/wp\/v2\/comunidades-upm?post=12336"},{"taxonomy":"quien","embeddable":true,"href":"https:\/\/www.upm.es\/recursosidi\/wp-json\/wp\/v2\/quien?post=12336"},{"taxonomy":"mapa","embeddable":true,"href":"https:\/\/www.upm.es\/recursosidi\/wp-json\/wp\/v2\/mapa?post=12336"},{"taxonomy":"disponibilidad","embeddable":true,"href":"https:\/\/www.upm.es\/recursosidi\/wp-json\/wp\/v2\/disponibilidad?post=12336"},{"taxonomy":"donde","embeddable":true,"href":"https:\/\/www.upm.es\/recursosidi\/wp-json\/wp\/v2\/donde?post=12336"},{"taxonomy":"infraestructura","embeddable":true,"href":"https:\/\/www.upm.es\/recursosidi\/wp-json\/wp\/v2\/infraestructura?post=12336"},{"taxonomy":"ods","embeddable":true,"href":"https:\/\/www.upm.es\/recursosidi\/wp-json\/wp\/v2\/ods?post=12336"},{"taxonomy":"origen","embeddable":true,"href":"https:\/\/www.upm.es\/recursosidi\/wp-json\/wp\/v2\/origen?post=12336"}],"curies":[{"name":"wp","href":"https:\/\/api.w.org\/{rel}","templated":true}]}}