{"id":12337,"date":"2024-05-30T02:29:35","date_gmt":"2024-05-30T00:29:35","guid":{"rendered":"https:\/\/www.upm.es\/recursosidi\/offers-resources\/sin%20categor\u00eda\/metodo-para-reducir-el-estres-vegetal-hongos-y-micotoxinas\/"},"modified":"2025-11-29T03:11:18","modified_gmt":"2025-11-29T02:11:18","slug":"metodo-para-reducir-el-estres-vegetal-hongos-y-micotoxinas","status":"publish","type":"product","link":"https:\/\/www.upm.es\/recursosidi\/offers-resources\/patentes\/metodo-para-reducir-el-estres-vegetal-hongos-y-micotoxinas\/","title":{"rendered":"M\u00c9TODO PARA REDUCIR EL ESTR\u00c9S VEGETAL, HONGOS, Y MICOTOXINAS"},"content":{"rendered":"<h5>Descripci\u00f3n de la patente <\/h5>\n<p>M&eacute;todo para reducir el estr&eacute;s vegetal, hongos, y<br \/>micotoxinas.<br \/>La presente invenci&oacute;n describe que el tratamiento de<br \/>una planta y\/o parte de esta, y\/o un medio de<br \/>crecimiento para cultivar una planta, con una<br \/>composici&oacute;n que comprende una cantidad\/tasa<br \/>efectiva de Colletotrichum tofieldiae puede<br \/>incrementar la tolerancia\/resistencia al estr&eacute;s abi&oacute;tico<br \/>y\/o bi&oacute;tico de la planta y\/o parte de esta.<\/p>\n<h5>Situaci\u00f3n <\/h5>\n<p>Concedida<\/p>\n<h5>N\u00famero de solicitud<\/h5>\n<p>P202230895<\/p>\n<h5>N\u00famero de publicaci\u00f3n<\/h5>\n<p>ES2969994<\/p>\n<h5>Fecha de presentaci\u00f3n <\/h5>\n<p>18\/10\/2022<\/p>\n<h5>Fecha de publicaci\u00f3n <\/h5>\n<p>23\/05\/2024<\/p>\n<h5>Fecha de concesi\u00f3n <\/h5>\n<p>07\/11\/2025<\/p>\n<h4><strong>Extensiones Internacionales<\/strong><\/h4>\n<h5>PA\u00cdSES<\/h5>\n<p><strong>Pa\u00eds: <\/strong>Australia<br \/><strong>N\u00famero de solicitud: <\/strong>2023363989<br \/><strong>Titulo: <\/strong>METHOD FOR REDUCING PLANT STRESS, FUNGI, AND MYCOTOXINS<br \/><strong>Situaci\u00f3n: <\/strong>Presentada<br \/><strong>Pa\u00eds: <\/strong>Brasil<br \/><strong>N\u00famero de solicitud: <\/strong>BR 11 2025 007751 1<br \/><strong>Titulo: <\/strong>M\u00c9TODO PARA REDUZIR O ESTRESSE DAS PLANTAS, FUNGOS E MICOTOXINAS<br \/><strong>Situaci\u00f3n: <\/strong>Presentada<br \/><strong>Pa\u00eds: <\/strong>Per\u00fa<br \/><strong>N\u00famero de solicitud: <\/strong>2025-V01-045892 provisional<br \/><strong>Titulo: <\/strong>M\u00c9TODO PARA REDUCIR EL ESTR\u00c9S VEGETAL, HONGOS, Y MICOTOXINAS<br \/><strong>Situaci\u00f3n: <\/strong>Presentada<br \/><strong>Pa\u00eds: <\/strong>China<br \/><strong>N\u00famero de solicitud: <\/strong>2025062501032780<br \/><strong>Titulo: <\/strong>METHOD FOR REDUCING PLANT STRESS, FUNGI, AND MYCOTOXINS<br \/><strong>Situaci\u00f3n: <\/strong>Presentada<br \/><strong>Pa\u00eds: <\/strong>Nueva Zelanda<br \/><strong>N\u00famero de solicitud: <\/strong>821262<br \/><strong>Titulo: <\/strong>METHOD FOR REDUCING PLANT STRESS, FUNGI, AND MYCOTOXINS<br \/><strong>Situaci\u00f3n: <\/strong>Presentada<br \/><strong>Pa\u00eds: <\/strong>Chile<br \/><strong>N\u00famero de solicitud: <\/strong>202501164<br \/><strong>Titulo: <\/strong>METHOD FOR REDUCING PLANT STRESS, FUNGI, AND MYCOTOXINS<br \/><strong>Situaci\u00f3n: <\/strong>Presentada<br \/><strong>Pa\u00eds: <\/strong>M\u00e9xico<br \/><strong>N\u00famero de solicitud: <\/strong>MX\/a\/2025\/004588<br \/><strong>Titulo: <\/strong>M\u00c9TODO PARA REDUCIR EL ESTR\u00c9S DE LAS PLANTAS, LOS HONGOS Y LAS MICOTOXINAS<br \/><strong>Situaci\u00f3n: <\/strong>Presentada<br \/><strong>Pa\u00eds: <\/strong>Canad\u00e1<br \/><strong>Situaci\u00f3n: <\/strong>Presentada<br \/><strong>Pa\u00eds: <\/strong>Colombia<br \/><strong>Situaci\u00f3n: <\/strong>Presentada<br \/><strong>Pa\u00eds: <\/strong>India<br \/><strong>Situaci\u00f3n: <\/strong>Presentada<br \/><strong>Pa\u00eds: <\/strong>Estados Unidos<br \/><strong>Situaci\u00f3n: <\/strong>Presentada<\/p>\n<div class=\"pdfprnt-buttons pdfprnt-buttons-product pdfprnt-bottom-left\"><a href=\"https:\/\/www.upm.es\/recursosidi\/wp-json\/wp\/v2\/product\/12337?print=pdf\" class=\"pdfprnt-button pdfprnt-button-pdf\" target=\"_blank\"><span class=\"pdfprnt-button-title pdfprnt-button-pdf-title\">Descargar ficha<\/span><\/a><\/div>","protected":false},"excerpt":{"rendered":"<p>Descripci\u00f3n de la patente M&eacute;todo para reducir el estr&eacute;s vegetal, hongos, ymicotoxinas.La presente invenci&oacute;n describe que el tratamiento deuna planta y\/o parte de esta, y\/o&hellip;<\/p>\n","protected":false},"featured_media":0,"template":"","meta":{"_acf_changed":false},"product_cat":[3946],"product_tag":[],"comunidades-upm":[],"quien":[],"mapa":[{"term_id":137,"name":"Bioeconom\u00eda, Biotecnolog\u00eda y Sistemas Alimentarios","slug":"bioeconomia-biotecnologia-sistemas_alimentarios","term_group":0,"term_taxonomy_id":137,"taxonomy":"mapa","description":"","parent":0,"count":45,"filter":"raw","term_order":"6"}],"disponibilidad":[],"donde":[{"term_id":252,"name":"Centro de Biotecnolog\u00eda y Gen\u00f3mica de Plantas (CBGP)","slug":"centro-de-biotecnologia-y-genomica-de-plantas-cbgp","term_group":0,"term_taxonomy_id":252,"taxonomy":"donde","description":"","parent":0,"count":19,"filter":"raw","term_order":"0"},{"term_id":294,"name":"Interacciones Moleculares Planta-Pat\u00f3geno","slug":"interacciones-moleculares-planta-patogeno","term_group":0,"term_taxonomy_id":294,"taxonomy":"donde","description":"","parent":0,"count":4,"filter":"raw","term_order":"0"}],"infraestructura":[],"ods":[],"origen":[{"term_id":180,"name":"Patente","slug":"patente","term_group":0,"term_taxonomy_id":180,"taxonomy":"origen","description":"","parent":0,"count":614,"filter":"raw","term_order":"0"}],"familia_tax":false,"quien_tax":false,"donde_tax":false,"year":"","contacto":"<strong>Principales: <\/strong><ul><li>PALMIRA DEL PRADO POLONIO <blockquote><strong>palmira.dpolonio@upm.es<\/strong><\/blockquote><\/li><li>Soledad Sacrist\u00e1n Benayas <blockquote><strong>soledad.sacristan@upm.es<\/strong><\/blockquote><\/li><li>Sandra Diaz Gonzalez <blockquote><strong>sandra.diaz.gonzalez@upm.es<\/strong><\/blockquote><\/li><li>Carlos Gonzalez Sanz <blockquote><strong>carlos.gonzalez.sanz@upm.es<\/strong><\/blockquote><\/li><\/ul><strong>Otros inventores: <\/strong><ul><li>FredericBrunner Plant Response Inc.<\/li> <li>PatriciaMar\u00edn Garc\u00eda Plant Response Inc.<\/li> <li>Sandra D\u00edaz Gonz\u00e1lez Plant Response Inc.<\/li> <li>Anne MaryRunkel Plant Response Inc.<\/li> <li>Rosa Mar\u00edaP\u00e9rez Jim\u00e9nez Plant Response Inc.<\/li> <\/ul>","telefono":"","pagina_web":"","email":"","id_ficha_portal":"1873","video":"","adjuntos":false,"adjuntos_portal":"","inf":false,"departamento":"","acf":[],"lang":"es","translation":{"es":12337},"_links":{"self":[{"href":"https:\/\/www.upm.es\/recursosidi\/wp-json\/wp\/v2\/product\/12337"}],"collection":[{"href":"https:\/\/www.upm.es\/recursosidi\/wp-json\/wp\/v2\/product"}],"about":[{"href":"https:\/\/www.upm.es\/recursosidi\/wp-json\/wp\/v2\/types\/product"}],"wp:attachment":[{"href":"https:\/\/www.upm.es\/recursosidi\/wp-json\/wp\/v2\/media?parent=12337"}],"wp:term":[{"taxonomy":"product_cat","embeddable":true,"href":"https:\/\/www.upm.es\/recursosidi\/wp-json\/wp\/v2\/product_cat?post=12337"},{"taxonomy":"product_tag","embeddable":true,"href":"https:\/\/www.upm.es\/recursosidi\/wp-json\/wp\/v2\/product_tag?post=12337"},{"taxonomy":"comunidad_upm","embeddable":true,"href":"https:\/\/www.upm.es\/recursosidi\/wp-json\/wp\/v2\/comunidades-upm?post=12337"},{"taxonomy":"quien","embeddable":true,"href":"https:\/\/www.upm.es\/recursosidi\/wp-json\/wp\/v2\/quien?post=12337"},{"taxonomy":"mapa","embeddable":true,"href":"https:\/\/www.upm.es\/recursosidi\/wp-json\/wp\/v2\/mapa?post=12337"},{"taxonomy":"disponibilidad","embeddable":true,"href":"https:\/\/www.upm.es\/recursosidi\/wp-json\/wp\/v2\/disponibilidad?post=12337"},{"taxonomy":"donde","embeddable":true,"href":"https:\/\/www.upm.es\/recursosidi\/wp-json\/wp\/v2\/donde?post=12337"},{"taxonomy":"infraestructura","embeddable":true,"href":"https:\/\/www.upm.es\/recursosidi\/wp-json\/wp\/v2\/infraestructura?post=12337"},{"taxonomy":"ods","embeddable":true,"href":"https:\/\/www.upm.es\/recursosidi\/wp-json\/wp\/v2\/ods?post=12337"},{"taxonomy":"origen","embeddable":true,"href":"https:\/\/www.upm.es\/recursosidi\/wp-json\/wp\/v2\/origen?post=12337"}],"curies":[{"name":"wp","href":"https:\/\/api.w.org\/{rel}","templated":true}]}}