{"id":12347,"date":"2024-06-21T02:27:38","date_gmt":"2024-06-21T00:27:38","guid":{"rendered":"https:\/\/www.upm.es\/recursosidi\/offers-resources\/sin categor\u00eda\/dispositivo-portable-y-comunicado-de-deteccion-de-impactos-y-monitorizacion-del-estado-del-usuario-que-lo-porta-y-sistema-que-lo-comprende\/"},"modified":"2024-06-21T02:27:38","modified_gmt":"2024-06-21T00:27:38","slug":"dispositivo-portable-y-comunicado-de-deteccion-de-impactos-y-monitorizacion-del-estado-del-usuario-que-lo-porta-y-sistema-que-lo-comprende","status":"publish","type":"product","link":"https:\/\/www.upm.es\/recursosidi\/offers-resources\/patentes\/dispositivo-portable-y-comunicado-de-deteccion-de-impactos-y-monitorizacion-del-estado-del-usuario-que-lo-porta-y-sistema-que-lo-comprende\/","title":{"rendered":"Dispositivo portable y comunicado de detecci\u00f3n de impactos y monitorizaci\u00f3n del estado del usuario que lo porta, y sistema que lo comprende"},"content":{"rendered":"<h4><strong>Descripci\u00f3n de la patente <\/strong><\/h4>\n<p>La presente invenci&oacute;n tiene por objeto un dispositivo portable y comunicado de detecci&oacute;n de impactos y monitorizaci&oacute;n del estado del usuario (7) que lo porta (1), y un sistema que lo comprende. Cuando un usuario (7) recibe un impacto en el cuerpo, el dispositivo (1) es capaz de, entre otras funcionalidades, de detectar dicho impacto, identificar el tipo y en qu&eacute; parte del cuerpo ha sucedido. Tambi&eacute;n monitorea las constantes vitales (71) y la localizaci&oacute;n geogr&aacute;fica. El dispositivo (1) est&aacute; configurado para comunicar inal&aacute;mbricamente la informaci&oacute;n recopilada del impacto y del estado del usuario (7) a las puertas de enlace remoto (3) del sistema (2) que est&aacute;n a su alcance, y dichas puertas de enlace comunican dicha informaci&oacute;n a un centro de control (4, 4.1, 4.2) del sistema (2), donde dicha informaci&oacute;n puede analizarse de una forma visual y comprensible.<\/p>\n<h4><strong>Situaci\u00f3n<\/strong><\/h4>\n<p>Concedida<\/p>\n<h4><strong>N\u00famero de solicitud<\/h5>\n<p>P202331053<\/p>\n<h5>Fecha de presentaci\u00f3n <\/h5>\n<p>19\/12\/2023<\/p>\n<h5>Fecha de publicaci\u00f3n <\/h5>\n<p>05\/02\/2024<\/p>\n<h5>Fecha de concesi\u00f3n <\/h5>\n<p>04\/06\/2024<\/p>\n<div class=\"pdfprnt-buttons pdfprnt-buttons-product pdfprnt-bottom-left\"><a href=\"https:\/\/www.upm.es\/recursosidi\/wp-json\/wp\/v2\/product\/12347?print=pdf\" class=\"pdfprnt-button pdfprnt-button-pdf\" target=\"_blank\"><span class=\"pdfprnt-button-title pdfprnt-button-pdf-title\">Descargar ficha<\/span><\/a><\/div>","protected":false},"excerpt":{"rendered":"<p>Descripci\u00f3n de la patente La presente invenci&oacute;n tiene por objeto un dispositivo portable y comunicado de detecci&oacute;n de impactos y monitorizaci&oacute;n del estado del usuario&hellip;<\/p>\n","protected":false},"featured_media":0,"template":"","meta":{"_acf_changed":false},"product_cat":[3946],"product_tag":[],"comunidades-upm":[],"quien":[],"mapa":[{"term_id":130,"name":"Seguridad, defensa y resiliencia","slug":"seguridad-defensa-resiliencia","term_group":0,"term_taxonomy_id":130,"taxonomy":"mapa","description":"","parent":0,"count":26,"filter":"raw","term_order":"20"}],"disponibilidad":[],"donde":[{"term_id":576,"name":"Centro de Autom\u00e1tica y Rob\u00f3tica (CAR). Centro Mixto UPM-CSIC","slug":"centro-de-automatica-y-robotica-car-centro-mixto-upm-csic","term_group":0,"term_taxonomy_id":576,"taxonomy":"donde","description":"","parent":0,"count":42,"filter":"raw","term_order":"0"},{"term_id":342,"name":"Materiales Estructurales Avanzados y Nanomateriales","slug":"materiales-estructurales-avanzados-y-nanomateriales","term_group":0,"term_taxonomy_id":342,"taxonomy":"donde","description":"Llevamos m&aacute;s de 20 a&ntilde;os desarrollando numerosas t&eacute;cnicas experimentales con las que podemos estudiar y caracterizar casi cualquier tipo de material y geometr&iacute;a en una variedad muy amplia de condiciones de servicio.\n&nbsp;\nNuestras l&iacute;neas de investigaci&oacute;n se pueden resumir en:\n&nbsp;\n\nMateriales compuestos\nMateriales para la seguridad\nBiomateriales estructurales\nIntegridad y seguridad estructural\nMateriales para la construcci&oacute;n\nNanomateriales\n","parent":0,"count":32,"filter":"raw","term_order":"0"},{"term_id":10253,"name":"Mechatronics and Advanced Design in Robotics. MAD-Robotics","slug":"mechatronics-and-advanced-design-in-robotics-mad-robotics-2","term_group":0,"term_taxonomy_id":10253,"taxonomy":"donde","description":"","parent":0,"count":2,"filter":"raw","term_order":"0"}],"infraestructura":[],"ods":[],"origen":[{"term_id":180,"name":"Patente","slug":"patente","term_group":0,"term_taxonomy_id":180,"taxonomy":"origen","description":"","parent":0,"count":614,"filter":"raw","term_order":"0"}],"familia_tax":false,"quien_tax":false,"donde_tax":false,"year":"","contacto":"<strong>Principales: <\/strong><ul><li>ALBERTO BRUNETE GONZALEZ <blockquote><strong>alberto.brunete@upm.es<\/strong><\/blockquote><\/li><li>JOSE SANCHEZ DEL RIO SAEZ <blockquote><strong>jose.sanchezdelrio@upm.es<\/strong><\/blockquote><\/li><\/ul><strong>Otros inventores UPM: <\/strong><ul><li>Tom\u00e1s S\u00e1nchez Villaluenga E.T.S. de Ingenieros Industriales<\/li><\/ul><strong>Otros inventores: <\/strong><ul><li>Jie-Xu FUNDACION IMDEA MATERIALES<\/li> <li>Xiang-Ao FUNDACION IMDEA MATERIALES<\/li> <li>De-Yi Wang FUNDACION IMDEA MATERIALES<\/li> <\/ul>","telefono":"","pagina_web":"","email":"","id_ficha_portal":"1954","video":"","adjuntos":false,"adjuntos_portal":"https:\/\/www.upm.es\/S2i\/Acuse\/recuperarArchivo.jsp?id=1954&id_archivo=14589&tipo=patente&extension=fichero","inf":false,"departamento":"","acf":[],"lang":"es","translation":{"es":12347},"_links":{"self":[{"href":"https:\/\/www.upm.es\/recursosidi\/wp-json\/wp\/v2\/product\/12347"}],"collection":[{"href":"https:\/\/www.upm.es\/recursosidi\/wp-json\/wp\/v2\/product"}],"about":[{"href":"https:\/\/www.upm.es\/recursosidi\/wp-json\/wp\/v2\/types\/product"}],"wp:attachment":[{"href":"https:\/\/www.upm.es\/recursosidi\/wp-json\/wp\/v2\/media?parent=12347"}],"wp:term":[{"taxonomy":"product_cat","embeddable":true,"href":"https:\/\/www.upm.es\/recursosidi\/wp-json\/wp\/v2\/product_cat?post=12347"},{"taxonomy":"product_tag","embeddable":true,"href":"https:\/\/www.upm.es\/recursosidi\/wp-json\/wp\/v2\/product_tag?post=12347"},{"taxonomy":"comunidad_upm","embeddable":true,"href":"https:\/\/www.upm.es\/recursosidi\/wp-json\/wp\/v2\/comunidades-upm?post=12347"},{"taxonomy":"quien","embeddable":true,"href":"https:\/\/www.upm.es\/recursosidi\/wp-json\/wp\/v2\/quien?post=12347"},{"taxonomy":"mapa","embeddable":true,"href":"https:\/\/www.upm.es\/recursosidi\/wp-json\/wp\/v2\/mapa?post=12347"},{"taxonomy":"disponibilidad","embeddable":true,"href":"https:\/\/www.upm.es\/recursosidi\/wp-json\/wp\/v2\/disponibilidad?post=12347"},{"taxonomy":"donde","embeddable":true,"href":"https:\/\/www.upm.es\/recursosidi\/wp-json\/wp\/v2\/donde?post=12347"},{"taxonomy":"infraestructura","embeddable":true,"href":"https:\/\/www.upm.es\/recursosidi\/wp-json\/wp\/v2\/infraestructura?post=12347"},{"taxonomy":"ods","embeddable":true,"href":"https:\/\/www.upm.es\/recursosidi\/wp-json\/wp\/v2\/ods?post=12347"},{"taxonomy":"origen","embeddable":true,"href":"https:\/\/www.upm.es\/recursosidi\/wp-json\/wp\/v2\/origen?post=12347"}],"curies":[{"name":"wp","href":"https:\/\/api.w.org\/{rel}","templated":true}]}}