{"id":12349,"date":"2024-06-21T11:57:01","date_gmt":"2024-06-21T09:57:01","guid":{"rendered":"https:\/\/www.upm.es\/recursosidi\/offers-resources\/sin categor\u00eda\/diseno-de-experiencias-personalizadas-de-turismo-digital-mediante-realidad-virtual\/"},"modified":"2024-06-21T11:57:26","modified_gmt":"2024-06-21T09:57:26","slug":"diseno-de-experiencias-personalizadas-de-turismo-digital-mediante-realidad-virtual","status":"publish","type":"product","link":"https:\/\/www.upm.es\/recursosidi\/offers-resources\/servicios-cientifico-tecnologico\/servicios-servicios-cientifico-tecnologico\/diseno-de-experiencias-personalizadas-de-turismo-digital-mediante-realidad-virtual\/","title":{"rendered":"Dise\u00f1o de experiencias personalizadas de turismo digital mediante realidad\u00a0virtual"},"content":{"rendered":"<h2 class=\"\">Turismo digital mediante realidad virtual&nbsp;<\/h2>\n<h4 class=\"\">Servicio de creaci&oacute;n de entornos virtuales para valorizac&iacute;on y promoci&oacute;n de entornos patrimoniales&nbsp;<\/h4>\n<h4 class=\"\">Necesidades demandadas y aplicaciones<\/h4>\n<p>El presente servicio pretende dar soluci&oacute;n a una demanda creciente por el desarrollo de m&eacute;todos alternativos al turismo convencional que permitan valorizar y promocionar entornos patrimoniales idependientemente de su localizaci&oacute;n. Ayudando consigo a mejorar su visibiliad y accesibilidad.<\/p>\n<p>Aplicaciones:&nbsp;<\/p>\n<p>&#8211; Turismo digital<\/p>\n<p>&#8211; Educaci&oacute;n sobre cuestiones de patrimonio material e inmaterial<\/p>\n<p>&#8211; Accesiblidad universal<\/p>\n<hr \/>\n<h4 class=\"\">Sector o &aacute;rea de aplicaci&oacute;n<\/h4>\n<p>Todas aquellas relacionadas con el &aacute;mbito tur&iacute;stico y arquitect&oacute;nico<\/p>\n<hr \/>\n<h4 class=\"\">Competencias diferenciales<\/h4>\n<p>Cuatro son las competencias diferenciales de este servicio:&nbsp;<\/p>\n<p>&#8211; Interfaces personalizadas de acuerdo a las caracter&iacute;sticas del entorno<\/p>\n<p>&#8211; Posiblidad de crear recoridos virtuales con guias tur&iacute;sticos virtuales<\/p>\n<p>&#8211; Entendimiento profundo del problema gracias a un equipo con gran experiencia y formaci&oacute;n con expertos en Arquitectura, Patrimonio y Tecnolog&iacute;a Digital<\/p>\n<p>&#8211; Posiblidad de integrar gran variedad de informaci&oacute;n, incluyendo videos 360 de momentos espec&iacute;ficos, panoramas de alta reseoluci&oacute;n o textos.<\/p>\n<hr \/>\n<h4 class=\"\">Referencias previas de prestaci&oacute;n<\/h4>\n<p>1\/ Desarrollo de un recorrido virtual para la promoci&oacute;n del Barrio de Bodegas de Baltanas, incluyendo su patrimonio inmaterial. Esto implica el desarrollo de una interfaz espec&iacute;fica, videos 360 de momentos concretos o un visualizador de utensilios, refranes y dichos locales relacionados con la cultural del vino de la zona<\/p>\n<p>2\/ Creaci&oacute;n de un gigapanorma para la mejorar de la visibilidad del Cielo de Salamanca. Comprende la creaci&oacute;n y posibilidad de visualizar a trav&eacute;s de internet de un panorama con una resoluci&oacute;n de Gigapixeles para poder ver los trazos de la pintura mural<\/p>\n<p>3\/ Recorridos virtuales de diversas Iglesias Parroquiales para la promoci&oacute;n de su patrimonio mueble<\/p>\n<p>4\/ Recdorrido virtual de diveersos Templos Cl&aacute;sicos del Valle de los Templos en Sicilia<\/p>\n<hr \/>\n<h4 class=\"\">Descripci&oacute;n del equipamiento<\/h4>\n<p>El presente servicio hace uso de equipamiento espec&iacute;fico y tecnol&oacute;gico como son c&aacute;mara digitales para im&aacute;gen panorm&aacute;mica de alta resoluc&iacute;on, r&oacute;tulas panor&aacute;micas (incluyendo r&oacute;tulas robotizadas), c&aacute;maras para video 360<\/p>\n<hr \/>\n<h4 class=\"\">Solicitud del servicio<\/h4>\n<p>La solicitud del servicio ser&aacute; llevada a cabo por e-mail (<a href=\"mailto:<span rel=\"7a313830a0311a3165311d3193313a319c312531b531263175313731b4311b3181310b31c331\" class=\"cryptex \" style=\"\"><span class=\"CryptexImg ctxcbEE3Np7tzcbFQmNzVg7ovL3p5yQ4RX2kBUr6Iqx-MY\"><\/span><\/span>\"><span rel=\"7a313830a0311a3165311d3193313a319c312531b531263175313731b4311b3181310b31c331\" class=\"cryptex \" style=\"\"><span class=\"CryptexImg ctxcbEE3Np7tzcbFQmNzVg7ovL3p5yQ4RX2kBUr6Iqx-MY\"><\/span><\/span><\/a>) describiendo la finalidad del servicio para que as&iacute; se envie una oferta personalizada y adaptada a las necesidades espec&iacute;ficas de cada caso.<\/p>\n<div class=\"pdfprnt-buttons pdfprnt-buttons-product pdfprnt-bottom-left\"><a href=\"https:\/\/www.upm.es\/recursosidi\/wp-json\/wp\/v2\/product\/12349?print=pdf\" class=\"pdfprnt-button pdfprnt-button-pdf\" target=\"_blank\"><span class=\"pdfprnt-button-title pdfprnt-button-pdf-title\">Descargar ficha<\/span><\/a><\/div>","protected":false},"excerpt":{"rendered":"<p>Servicio especializado para la creaci\u00f3n de entornos virtuales para valorizaci\u00f3n y promoci\u00f3n de entornos <\/p>\n","protected":false},"featured_media":12348,"template":"","meta":{"_acf_changed":false},"product_cat":[2395],"product_tag":[9867,10351,2467,10353,10355],"comunidades-upm":[],"quien":[],"mapa":[{"term_id":139,"name":"Agricultura, silvicultura, recursos naturales, usos de la tierra y crecimiento azul","slug":"agricultura-silvicultura-recursos_naturales-usos_tierra-crecimiento_azul","term_group":0,"term_taxonomy_id":139,"taxonomy":"mapa","description":"","parent":0,"count":43,"filter":"raw","term_order":"2"},{"term_id":124,"name":"Arquitectura, Baukultur y creatividad","slug":"arquitectura-baukultur-creatividad","term_group":0,"term_taxonomy_id":124,"taxonomy":"mapa","description":"","parent":0,"count":25,"filter":"raw","term_order":"4"},{"term_id":137,"name":"Bioeconom\u00eda, Biotecnolog\u00eda y Sistemas Alimentarios","slug":"bioeconomia-biotecnologia-sistemas_alimentarios","term_group":0,"term_taxonomy_id":137,"taxonomy":"mapa","description":"","parent":0,"count":45,"filter":"raw","term_order":"6"},{"term_id":2405,"name":"Ciencia para la ingenier\u00eda y la arquitectura","slug":"ciencia-para-ingenieria-y-arquitectura","term_group":0,"term_taxonomy_id":2405,"taxonomy":"mapa","description":"","parent":0,"count":127,"filter":"raw","term_order":"7"},{"term_id":133,"name":"Clima, Energ\u00eda y Movilidad","slug":"clima-energia-movilidad","term_group":0,"term_taxonomy_id":133,"taxonomy":"mapa","description":"","parent":0,"count":129,"filter":"raw","term_order":"9"},{"term_id":135,"name":"Industria, materiales y econom\u00eda circular","slug":"industria-materiales-economia_circular","term_group":0,"term_taxonomy_id":135,"taxonomy":"mapa","description":"","parent":0,"count":165,"filter":"raw","term_order":"13"},{"term_id":141,"name":"Innovaci\u00f3n Social, Ciencia Abierta, Gobernanza, y Ciencias de la Educaci\u00f3n","slug":"innovacion_social-ciencia_abierta-gobernanza-ciencia-educacion","term_group":0,"term_taxonomy_id":141,"taxonomy":"mapa","description":"","parent":0,"count":14,"filter":"raw","term_order":"15"},{"term_id":2529,"name":"Sociedad inclusiva, g\u00e9nero, diversidad","slug":"sociedad-inclusiva-genero-diversidad","term_group":0,"term_taxonomy_id":2529,"taxonomy":"mapa","description":"","parent":0,"count":2,"filter":"raw","term_order":"21"},{"term_id":126,"name":"Tecnolog\u00edas digitales, Inteligencia Artificial, ciberseguridad, 5G, rob\u00f3tica","slug":"tecnologias_digitales-ai-ciberseguridad-5g-robotica","term_group":0,"term_taxonomy_id":126,"taxonomy":"mapa","description":"","parent":0,"count":194,"filter":"raw","term_order":"23"}],"disponibilidad":[{"term_id":204,"name":"Disponible","slug":"disponible","term_group":0,"term_taxonomy_id":204,"taxonomy":"disponibilidad","description":"","parent":0,"count":110,"filter":"raw","term_order":"0"}],"donde":[{"term_id":262,"name":"An\u00e1lisis e Intervenci\u00f3n en Patrimonio Arquitect\u00f3nico","slug":"analisis-e-intervencion-en-patrimonio-arquitectonico","term_group":0,"term_taxonomy_id":262,"taxonomy":"donde","description":"","parent":0,"count":6,"filter":"raw","term_order":"0"}],"infraestructura":[],"ods":[{"term_id":2231,"name":"Acci\u00f3n por el Clima","slug":"accion-por-el-clima","term_group":0,"term_taxonomy_id":2231,"taxonomy":"ods","description":"","parent":0,"count":67,"filter":"raw","term_order":"0"},{"term_id":2214,"name":"Alianzas para Lograr los Objetivos","slug":"alianzas-para-lograr-los-objetivos","term_group":0,"term_taxonomy_id":2214,"taxonomy":"ods","description":"","parent":0,"count":4,"filter":"raw","term_order":"0"},{"term_id":2239,"name":"Ciudades y Comunidades Sostenibles","slug":"ciudades-y-comunidades-sostenibles","term_group":0,"term_taxonomy_id":2239,"taxonomy":"ods","description":"","parent":0,"count":43,"filter":"raw","term_order":"0"},{"term_id":2267,"name":"Educaci\u00f3n de Calidad","slug":"educacion-de-calidad","term_group":0,"term_taxonomy_id":2267,"taxonomy":"ods","description":"","parent":0,"count":14,"filter":"raw","term_order":"0"},{"term_id":2247,"name":"Industria, Innovaci\u00f3n e Infraestructura","slug":"industria-innovacion-e-infraestructura","term_group":0,"term_taxonomy_id":2247,"taxonomy":"ods","description":"","parent":0,"count":171,"filter":"raw","term_order":"0"},{"term_id":2235,"name":"Producci\u00f3n y Consumo Responsables","slug":"produccion-y-consumo-responsables","term_group":0,"term_taxonomy_id":2235,"taxonomy":"ods","description":"","parent":0,"count":18,"filter":"raw","term_order":"0"},{"term_id":2243,"name":"Reducci\u00f3n de las Desigualdades","slug":"reduccion-de-las-desigualdades","term_group":0,"term_taxonomy_id":2243,"taxonomy":"ods","description":"","parent":0,"count":17,"filter":"raw","term_order":"0"}],"origen":[{"term_id":196,"name":"Infraestructuras, Instalaci\u00f3n, Equipo","slug":"infraestructuras","term_group":0,"term_taxonomy_id":196,"taxonomy":"origen","description":"","parent":0,"count":180,"filter":"raw","term_order":"0"}],"familia_tax":false,"quien_tax":false,"donde_tax":false,"year":"2019-01-01","contacto":"Adv. Juan de Herrera n\u00ba4","telefono":"654196801","pagina_web":"https:\/\/www.dcta.upm.es\/","email":"lj.sanchez@upm.es","id_ficha_portal":"547","video":"","adjuntos":false,"adjuntos_portal":"","inf":false,"departamento":"","acf":[],"lang":"es","translation":{"es":12349,"en":12351},"_links":{"self":[{"href":"https:\/\/www.upm.es\/recursosidi\/wp-json\/wp\/v2\/product\/12349"}],"collection":[{"href":"https:\/\/www.upm.es\/recursosidi\/wp-json\/wp\/v2\/product"}],"about":[{"href":"https:\/\/www.upm.es\/recursosidi\/wp-json\/wp\/v2\/types\/product"}],"wp:featuredmedia":[{"embeddable":true,"href":"https:\/\/www.upm.es\/recursosidi\/wp-json\/wp\/v2\/media\/12348"}],"wp:attachment":[{"href":"https:\/\/www.upm.es\/recursosidi\/wp-json\/wp\/v2\/media?parent=12349"}],"wp:term":[{"taxonomy":"product_cat","embeddable":true,"href":"https:\/\/www.upm.es\/recursosidi\/wp-json\/wp\/v2\/product_cat?post=12349"},{"taxonomy":"product_tag","embeddable":true,"href":"https:\/\/www.upm.es\/recursosidi\/wp-json\/wp\/v2\/product_tag?post=12349"},{"taxonomy":"comunidad_upm","embeddable":true,"href":"https:\/\/www.upm.es\/recursosidi\/wp-json\/wp\/v2\/comunidades-upm?post=12349"},{"taxonomy":"quien","embeddable":true,"href":"https:\/\/www.upm.es\/recursosidi\/wp-json\/wp\/v2\/quien?post=12349"},{"taxonomy":"mapa","embeddable":true,"href":"https:\/\/www.upm.es\/recursosidi\/wp-json\/wp\/v2\/mapa?post=12349"},{"taxonomy":"disponibilidad","embeddable":true,"href":"https:\/\/www.upm.es\/recursosidi\/wp-json\/wp\/v2\/disponibilidad?post=12349"},{"taxonomy":"donde","embeddable":true,"href":"https:\/\/www.upm.es\/recursosidi\/wp-json\/wp\/v2\/donde?post=12349"},{"taxonomy":"infraestructura","embeddable":true,"href":"https:\/\/www.upm.es\/recursosidi\/wp-json\/wp\/v2\/infraestructura?post=12349"},{"taxonomy":"ods","embeddable":true,"href":"https:\/\/www.upm.es\/recursosidi\/wp-json\/wp\/v2\/ods?post=12349"},{"taxonomy":"origen","embeddable":true,"href":"https:\/\/www.upm.es\/recursosidi\/wp-json\/wp\/v2\/origen?post=12349"}],"curies":[{"name":"wp","href":"https:\/\/api.w.org\/{rel}","templated":true}]}}