{"id":12353,"date":"2024-06-28T02:43:43","date_gmt":"2024-06-28T00:43:43","guid":{"rendered":"https:\/\/www.upm.es\/recursosidi\/offers-resources\/sin categor\u00eda\/heliostato-movil-sistema-y-metodo-de-captacion-de-energia\/"},"modified":"2024-06-28T02:43:43","modified_gmt":"2024-06-28T00:43:43","slug":"heliostato-movil-sistema-y-metodo-de-captacion-de-energia","status":"publish","type":"product","link":"https:\/\/www.upm.es\/recursosidi\/offers-resources\/patentes\/heliostato-movil-sistema-y-metodo-de-captacion-de-energia\/","title":{"rendered":"Heli\u00f3stato m\u00f3vil, sistema y m\u00e9todo de captaci\u00f3n de energ\u00eda"},"content":{"rendered":"<h4><strong>Descripci\u00f3n de la patente <\/strong><\/h4>\n<p>Resumen:<br \/>La invenci&oacute;n se refiere a un heli&oacute;stato m&oacute;vil que<br \/>comprende un trasladador (300) configurado para<br \/>sostener el resto de elementos, controlar el &aacute;ngulo<br \/>azimutal y el desplazamiento del heli&oacute;stato, que<br \/>comprende un chasis (301), y al menos dos ruedas<br \/>motrices coaxiales (307) dispuestas en un primer<br \/>extremo del chasis (301), y al menos una rueda loca<br \/>(310) dispuesta en un segundo extremo del chasis<br \/>(301), opuesto a dicho primer extremo, de modo que<br \/>el heli&oacute;stato puede desplazarse de manera estable;<br \/>un reflector (100) que comprende al menos un espejo<br \/>(101), unido a una estructura de soporte (102) que<br \/>comprende un eje de giro (107) respecto al chasis<br \/>(301), definiendo un &aacute;ngulo de elevaci&oacute;n variable, y<br \/>un elevador (200) que comprende un actuador (202)<br \/>configurado para modificar el &aacute;ngulo de elevaci&oacute;n del<br \/>conjunto reflector (100); un sistema de captaci&oacute;n de<br \/>energ&iacute;a que lo comprende y un m&eacute;todo de captaci&oacute;n<br \/>de energ&iacute;a.<\/p>\n<h4><strong>Situaci\u00f3n<\/strong><\/h4>\n<p>Presentada<\/p>\n<h4><strong>N\u00famero de solicitud<\/h5>\n<p>P202430316<\/p>\n<h5>N\u00famero de publicaci\u00f3n<\/h5>\n<p>ES 9274132 A1<\/p>\n<h5>Fecha de presentaci\u00f3n <\/h5>\n<p>22\/04\/2024<\/p>\n<h5>Fecha de publicaci\u00f3n <\/h5>\n<p>25\/06\/2024<\/p>\n<div class=\"pdfprnt-buttons pdfprnt-buttons-product pdfprnt-bottom-left\"><a href=\"https:\/\/www.upm.es\/recursosidi\/wp-json\/wp\/v2\/product\/12353?print=pdf\" class=\"pdfprnt-button pdfprnt-button-pdf\" target=\"_blank\"><span class=\"pdfprnt-button-title pdfprnt-button-pdf-title\">Descargar ficha<\/span><\/a><\/div>","protected":false},"excerpt":{"rendered":"<p>Descripci\u00f3n de la patente Resumen:La invenci&oacute;n se refiere a un heli&oacute;stato m&oacute;vil quecomprende un trasladador (300) configurado parasostener el resto de elementos, controlar el &aacute;nguloazimutal&hellip;<\/p>\n","protected":false},"featured_media":0,"template":"","meta":{"_acf_changed":false},"product_cat":[3946],"product_tag":[],"comunidades-upm":[],"quien":[],"mapa":[{"term_id":2405,"name":"Ciencia para la ingenier\u00eda y la arquitectura","slug":"ciencia-para-ingenieria-y-arquitectura","term_group":0,"term_taxonomy_id":2405,"taxonomy":"mapa","description":"","parent":0,"count":127,"filter":"raw","term_order":"7"},{"term_id":133,"name":"Clima, Energ\u00eda y Movilidad","slug":"clima-energia-movilidad","term_group":0,"term_taxonomy_id":133,"taxonomy":"mapa","description":"","parent":0,"count":129,"filter":"raw","term_order":"9"}],"disponibilidad":[],"donde":[{"term_id":546,"name":"Centro de Electr\u00f3nica Industrial (CEI)","slug":"centro-de-electronica-industrial-cei","term_group":0,"term_taxonomy_id":546,"taxonomy":"donde","description":"","parent":0,"count":25,"filter":"raw","term_order":"0"},{"term_id":3496,"name":"Grupo en Tecnolog\u00eda Electr\u00f3nica Aplicada (GTEA)","slug":"grupo-en-tecnologia-electronica-aplicada-gtea","term_group":0,"term_taxonomy_id":3496,"taxonomy":"donde","description":"","parent":0,"count":3,"filter":"raw","term_order":"0"},{"term_id":390,"name":"Thermal Energy for Sustainability","slug":"thermal-energy-for-sustainability","term_group":0,"term_taxonomy_id":390,"taxonomy":"donde","description":"","parent":0,"count":57,"filter":"raw","term_order":"0"}],"infraestructura":[],"ods":[],"origen":[{"term_id":180,"name":"Patente","slug":"patente","term_group":0,"term_taxonomy_id":180,"taxonomy":"origen","description":"","parent":0,"count":614,"filter":"raw","term_order":"0"}],"familia_tax":false,"quien_tax":false,"donde_tax":false,"year":"","contacto":"<strong>Principales: <\/strong><ul><li>AIRAN FRANCES ROGER <blockquote><strong>airan.frances@upm.es<\/strong><\/blockquote><\/li><li>LUIS FRANCISCO GONZALEZ PORTILLO <blockquote><strong>lf.gonzalez@upm.es<\/strong><\/blockquote><\/li><li>RUBEN ABBAS CAMARA <blockquote><strong>ruben.abbas@upm.es<\/strong><\/blockquote><\/li><\/ul><strong>Otros inventores UPM: <\/strong><ul><li>V\u00edctor S\u00e1nchez Mart\u00edn E.T.S. de Ingenieros Industriales<\/li><li>Carlos Ramos Gesteiro E.T.S. de Ingenieros Industriales<\/li><li>Luis Ignacio Barrio Tello E.T.S. de Ingenieros Industriales<\/li><li>\u00c1ngel Anta Barrio E.T.S. de Ingenieros Industriales<\/li><\/ul>","telefono":"","pagina_web":"","email":"","id_ficha_portal":"2023","video":"","adjuntos":false,"adjuntos_portal":"","inf":false,"departamento":"","acf":[],"lang":"es","translation":{"es":12353},"_links":{"self":[{"href":"https:\/\/www.upm.es\/recursosidi\/wp-json\/wp\/v2\/product\/12353"}],"collection":[{"href":"https:\/\/www.upm.es\/recursosidi\/wp-json\/wp\/v2\/product"}],"about":[{"href":"https:\/\/www.upm.es\/recursosidi\/wp-json\/wp\/v2\/types\/product"}],"wp:attachment":[{"href":"https:\/\/www.upm.es\/recursosidi\/wp-json\/wp\/v2\/media?parent=12353"}],"wp:term":[{"taxonomy":"product_cat","embeddable":true,"href":"https:\/\/www.upm.es\/recursosidi\/wp-json\/wp\/v2\/product_cat?post=12353"},{"taxonomy":"product_tag","embeddable":true,"href":"https:\/\/www.upm.es\/recursosidi\/wp-json\/wp\/v2\/product_tag?post=12353"},{"taxonomy":"comunidad_upm","embeddable":true,"href":"https:\/\/www.upm.es\/recursosidi\/wp-json\/wp\/v2\/comunidades-upm?post=12353"},{"taxonomy":"quien","embeddable":true,"href":"https:\/\/www.upm.es\/recursosidi\/wp-json\/wp\/v2\/quien?post=12353"},{"taxonomy":"mapa","embeddable":true,"href":"https:\/\/www.upm.es\/recursosidi\/wp-json\/wp\/v2\/mapa?post=12353"},{"taxonomy":"disponibilidad","embeddable":true,"href":"https:\/\/www.upm.es\/recursosidi\/wp-json\/wp\/v2\/disponibilidad?post=12353"},{"taxonomy":"donde","embeddable":true,"href":"https:\/\/www.upm.es\/recursosidi\/wp-json\/wp\/v2\/donde?post=12353"},{"taxonomy":"infraestructura","embeddable":true,"href":"https:\/\/www.upm.es\/recursosidi\/wp-json\/wp\/v2\/infraestructura?post=12353"},{"taxonomy":"ods","embeddable":true,"href":"https:\/\/www.upm.es\/recursosidi\/wp-json\/wp\/v2\/ods?post=12353"},{"taxonomy":"origen","embeddable":true,"href":"https:\/\/www.upm.es\/recursosidi\/wp-json\/wp\/v2\/origen?post=12353"}],"curies":[{"name":"wp","href":"https:\/\/api.w.org\/{rel}","templated":true}]}}