{"id":12359,"date":"2024-07-09T09:07:44","date_gmt":"2024-07-09T07:07:44","guid":{"rendered":"https:\/\/www.upm.es\/recursosidi\/offers-resources\/sin categor\u00eda\/medida-de-tensiones-residuales-por-difraccion-de-rayos-x-acreditacion-enac-1308-le2435\/"},"modified":"2024-07-09T09:07:44","modified_gmt":"2024-07-09T07:07:44","slug":"medida-de-tensiones-residuales-por-difraccion-de-rayos-x-acreditacion-enac-1308-le2435","status":"publish","type":"product","link":"https:\/\/www.upm.es\/recursosidi\/offers-resources\/servicios-cientifico-tecnologico\/servicios-servicios-cientifico-tecnologico\/medida-de-tensiones-residuales-por-difraccion-de-rayos-x-acreditacion-enac-1308-le2435\/","title":{"rendered":"Medida de Tensiones Residuales por difracci\u00f3n de rayos X (acreditaci\u00f3n ENAC 1308\/LE2435)"},"content":{"rendered":"<h2><strong>Medida de Tensiones Residuales por difracci&oacute;n de rayos X<\/strong><\/h2>\n<hr \/>\n<h4><strong>An&aacute;lisis de la tensi&oacute;n residual por difracci&oacute;n de rayos X <\/strong><strong>(norma de ensayo UNE 15305)<\/strong><br \/><!--  tarifado --><\/h4>\n<p>La t&eacute;cnica empleada por el laboratorio para la medida de las tensiones residuales es la&nbsp;<strong>difracci&oacute;n de rayos X<\/strong>&nbsp;bajo los criterios de la norma&nbsp;UNE-EN 15305.<\/p>\n<p style=\"text-align: justify\">Empleando esta t&eacute;cnica se pueden determinar de forma no destructiva las tensiones residuales en la superficie del material. Tambi&eacute;n pueden determinarse las <strong>tensiones residuales en profundidad<\/strong> eliminando capas de material de forma controlada mediante electropulido.<\/p>\n<p style=\"text-align: left\">Este tipo de ensayos est&aacute;n enfocados tanto para proyectos de investigaci&oacute;n como para el control de calidad en especificaciones de dise&ntilde;o y producto.<\/p>\n<hr \/>\n<h4>Laboratorio<\/h4>\n<p>El <strong>Laboratorio de Medida de Tensiones Residuales<\/strong> (LMTR) se encuentra situado en el departamento de Ciencia de Materiales de la <a href=\"https:\/\/maps.app.goo.gl\/dT8xzcWbWszMARcE8\">Escuela T&eacute;cnica Superior de Ingenieros de Caminos, Canales y Puertos <\/a>de la Universidad Polit&eacute;cnica de Madrid.<\/p>\n<p>El personal del LMTR est&aacute; perfectamente capacitado para analizar las tensiones residuales mediante difracci&oacute;n de rayos X. Empleando esta t&eacute;cnica se pueden medir las tensiones residuales de forma no destructiva en la superficie del material. Tambi&eacute;n pueden medirse las tensiones residuales en profundidad eliminando capas de material de forma controlada mediante electropulido. De este modo puede obtenerse un perfil de tensiones en la regi&oacute;n superficial del material.<\/p>\n<p>El LMTR dispone de tres equipos que permiten hacer medidas de tensiones residuales en muestras de geometr&iacute;a arbitraria. Uno de ellos est&aacute; especialmente indicado para hacer medidas <strong>&#8220;in situ&#8221;<\/strong>, en el domicilio del cliente. Los equipos tienen distintos tubos de rayos X con los que se pueden medir las tensiones residuales en la mayor&iacute;a de los materiales met&aacute;licos estructurales, tales como <strong>aceros al carbono, aceros inoxidables, aleaciones de aluminio, aleaciones de titanio y aleaciones de base n&iacute;quel<\/strong>.<\/p>\n<hr \/>\n<h4><strong>Acreditaci&oacute;n ENAC<\/strong><\/h4>\n<p>El LMTR se encuentra acreditado por <strong>ENAC<\/strong> bajo la norma <strong>UNE-EN ISO\/IEC 17025<\/strong> (Acreditaci&oacute;n n&ordm;: 1308\/LE2435) para la realizaci&oacute;n de ensayos de medida de tensiones residuales por difracci&oacute;n de rayos X en materiales met&aacute;licos y materiales cer&aacute;micos cristalinos de acuerdo a la norma de ensayo UNE-EN-15305.<\/p>\n<p>Por lo que sabemos, el LMTR es el&nbsp;<strong>&uacute;nico laboratorio en Espa&ntilde;a&nbsp;<\/strong>con acreditaci&oacute;n bajo la norma UNE-EN ISO\/IEC 17025 para la medida de tensiones residuales por difracci&oacute;n de rayos X.<\/p>\n<p><img fetchpriority=\"high\" decoding=\"async\" style=\"margin-left: auto;margin-right: auto\" src=\"\/recursosidi\/wp-content\/uploads_kairos\/ficha_425\/IMG1652170788391\" alt=\"\" width=\"249\" height=\"249\" \/><\/p>\n<p><em><a title=\"Alcance de acreditaci&oacute;n del laboratorio\" href=\"https:\/\/www.enac.es\/documents\/7020\/8d16eea6-6638-416b-8384-12721e9f334f\" target=\"_blank\" rel=\"noopener\">Alcance de acreditaci&oacute;n del laboratorio<\/a><\/em><\/p>\n<hr \/>\n<h4>Necesidades demandadas y aplicaciones<\/h4>\n<p>Esta t&eacute;cnica se usa para el control de calidad de los tratamientos superficiales en distintos tipos de componentes, entre los que pueden citarse engranajes, cig&uuml;e&ntilde;ales y &aacute;labes de turbinas.<\/p>\n<p>En general, la presencia de tensiones residuales de compresi&oacute;n en la regi&oacute;n superficial y sub-superficial del material puede aumentar la vida en fatiga y de aqu&iacute; la importancia de caracterizar adecuadamente las tensiones residuales.<\/p>\n<hr \/>\n<h4>Sector o &aacute;rea de aplicaci&oacute;n<\/h4>\n<p>Automoci&oacute;n, Aeron&aacute;utica, Infraestructuras, Energ&iacute;a, Industrias Pesadas, Agricultura, Defensa, Tecnolog&iacute;a biom&eacute;dica<\/p>\n<hr \/>\n<h4>Referencias previas de prestaci&oacute;n<\/h4>\n<p>Siemens-Gamesa, John-Deere Ib&eacute;rica, Metal Improvement Company (Sevilla), TYCSA, CAF-MIIRA, Cetest, APPlus, Universidad de Sevilla, Know-How Innovative Solutions.<\/p>\n<hr \/>\n<h4>Contacto<\/h4>\n<p><strong>Laboratorio de Medida de Tensiones Residuales (LMTR)<\/strong><br \/>Universidad Polit&eacute;cnica de Madrid<br \/>ETSI Caminos, Canales y Puertos. Dpto de Ciencia de Materiales<br \/>C\/ Profesor Aranguren, 3<br \/>28040 Madrid, Espa&ntilde;a<\/p>\n<p class=\"has-text-color has-vivid-cyan-blue-color\"><a href=\"https:\/\/maps.app.goo.gl\/dT8xzcWbWszMARcE8\"><em>ETSI Caminos, Canales y Puertos<\/em><\/a><\/p>\n<p class=\"has-medium-font-size\"><strong><span rel=\"80313530be312d3192313431ae312731ab313231c5310c3096312c31bf311631ac312931aa310a30ca313731af310930b8312531\" class=\"cryptex \" style=\"\"><span class=\"CryptexImg ctxUfpesTlnAU-Zj7O9LlDJxiOQ7gWhHrdzl0KiHjCjreg\"><\/span><\/span><\/strong><\/p>\n<blockquote>\n<p><strong>Jes&uacute;s Ruiz Herv&iacute;as<\/strong><br \/>Director t&eacute;cnico del laboratorio<br \/>Tel&eacute;fono:&nbsp;<em>(+34) 91 06 74307<\/em><br \/>e-mail:&nbsp;<em>jesus.ruiz@upm.e<\/em>s<\/p>\n<p><strong>Daniel P&eacute;rez Gallego<\/strong><br \/>Director de calidad y t&eacute;cnico de laboratorio<br \/>Tel&eacute;fono:&nbsp;<em>(+34) 91 06 74295<\/em><br \/>e-mail:&nbsp;<em>d.perez@upm.e<\/em>s<\/p>\n<\/blockquote>\n<h4>Tarifas y formulario de contacto<\/h4>\n<p>El coste del servicio var&iacute;a en funci&oacute;n de las necesidades del cliente (n&ordm; de medidas, geometr&iacute;a y caracter&iacute;sticas de la muestra de ensayo) y a cada cliente se le hace un presupuesto cerrado y a medida.<\/p>\n<p>Los valores orientativos son, para cada medida individual, 100&euro; (en superficie) y 140&euro; (en profundidad).<\/p>\n<p>Para solicitar m&aacute;s informaci&oacute;n sobre nuestro servicio o ponerse en contacto con nosotros est&aacute; disponible un formulario en la p&aacute;gina web del laboratorio.<\/p>\n<p><em><a title=\"Formulario de contacto\" href=\"https:\/\/blogs.upm.es\/labstress\/contacto\/\" target=\"_blank\" rel=\"noopener\">Formulario de contacto<\/a><\/em><\/p>\n<hr \/>\n<p>&nbsp;<\/p>\n<div class=\"pdfprnt-buttons pdfprnt-buttons-product pdfprnt-bottom-left\"><a href=\"https:\/\/www.upm.es\/recursosidi\/wp-json\/wp\/v2\/product\/12359?print=pdf\" class=\"pdfprnt-button pdfprnt-button-pdf\" target=\"_blank\"><span class=\"pdfprnt-button-title pdfprnt-button-pdf-title\">Descargar ficha<\/span><\/a><\/div>","protected":false},"excerpt":{"rendered":"<p>Medida de Tensiones Residuales por difracci\u00f3n de rayos X en materiales met\u00e1licos y materiales cer\u00e1micos cristalinos, acreditaci\u00f3n ENAC (norma de referencia UNE-EN ISO\/IEC 17025:2017)<\/p>\n","protected":false},"featured_media":12354,"template":"","meta":{"_acf_changed":false},"product_cat":[2395],"product_tag":[4726,2884,4722,4724,4728,10408,4720,4723,4725,4727,4721],"comunidades-upm":[],"quien":[],"mapa":[{"term_id":2405,"name":"Ciencia para la ingenier\u00eda y la arquitectura","slug":"ciencia-para-ingenieria-y-arquitectura","term_group":0,"term_taxonomy_id":2405,"taxonomy":"mapa","description":"","parent":0,"count":127,"filter":"raw","term_order":"7"},{"term_id":135,"name":"Industria, materiales y econom\u00eda circular","slug":"industria-materiales-economia_circular","term_group":0,"term_taxonomy_id":135,"taxonomy":"mapa","description":"","parent":0,"count":165,"filter":"raw","term_order":"13"}],"disponibilidad":[{"term_id":204,"name":"Disponible","slug":"disponible","term_group":0,"term_taxonomy_id":204,"taxonomy":"disponibilidad","description":"","parent":0,"count":110,"filter":"raw","term_order":"0"}],"donde":[{"term_id":606,"name":"Centro de Investigaci\u00f3n en Materiales Estructurales (CIME)","slug":"centro-de-investigacion-en-materiales-estructurales-cime","term_group":0,"term_taxonomy_id":606,"taxonomy":"donde","description":"","parent":0,"count":42,"filter":"raw","term_order":"0"}],"infraestructura":[],"ods":[{"term_id":2255,"name":"Energ\u00eda Asequible y no Contaminante","slug":"energia-asequible-y-no-contaminante","term_group":0,"term_taxonomy_id":2255,"taxonomy":"ods","description":"","parent":0,"count":34,"filter":"raw","term_order":"0"},{"term_id":2247,"name":"Industria, Innovaci\u00f3n e Infraestructura","slug":"industria-innovacion-e-infraestructura","term_group":0,"term_taxonomy_id":2247,"taxonomy":"ods","description":"","parent":0,"count":171,"filter":"raw","term_order":"0"}],"origen":[{"term_id":196,"name":"Infraestructuras, Instalaci\u00f3n, Equipo","slug":"infraestructuras","term_group":0,"term_taxonomy_id":196,"taxonomy":"origen","description":"","parent":0,"count":180,"filter":"raw","term_order":"0"}],"familia_tax":false,"quien_tax":false,"donde_tax":false,"year":"2018-01-01","contacto":"Laboratorio de Medida de Tensiones Residuales.\r\nDepartamento de Ciencia de Materiales.\r\nETSI Caminos, Canales y Puertos.\r\nC\/ Profesor Aranguren,3.\r\n28040 Madrid\r\nSpain","telefono":"910674307","pagina_web":"https:\/\/www1.caminos.upm.es\/labstress","email":"labstress.caminos@upm.es","id_ficha_portal":"425","video":"","adjuntos":false,"adjuntos_portal":"https:\/\/www.upm.es\/recursosidi\/wp-content\/uploads_kairos\/ficha_425\/ficha_425_doc_20.pdf","inf":false,"departamento":"","acf":[],"lang":"es","translation":{"es":12359},"_links":{"self":[{"href":"https:\/\/www.upm.es\/recursosidi\/wp-json\/wp\/v2\/product\/12359"}],"collection":[{"href":"https:\/\/www.upm.es\/recursosidi\/wp-json\/wp\/v2\/product"}],"about":[{"href":"https:\/\/www.upm.es\/recursosidi\/wp-json\/wp\/v2\/types\/product"}],"wp:featuredmedia":[{"embeddable":true,"href":"https:\/\/www.upm.es\/recursosidi\/wp-json\/wp\/v2\/media\/12354"}],"wp:attachment":[{"href":"https:\/\/www.upm.es\/recursosidi\/wp-json\/wp\/v2\/media?parent=12359"}],"wp:term":[{"taxonomy":"product_cat","embeddable":true,"href":"https:\/\/www.upm.es\/recursosidi\/wp-json\/wp\/v2\/product_cat?post=12359"},{"taxonomy":"product_tag","embeddable":true,"href":"https:\/\/www.upm.es\/recursosidi\/wp-json\/wp\/v2\/product_tag?post=12359"},{"taxonomy":"comunidad_upm","embeddable":true,"href":"https:\/\/www.upm.es\/recursosidi\/wp-json\/wp\/v2\/comunidades-upm?post=12359"},{"taxonomy":"quien","embeddable":true,"href":"https:\/\/www.upm.es\/recursosidi\/wp-json\/wp\/v2\/quien?post=12359"},{"taxonomy":"mapa","embeddable":true,"href":"https:\/\/www.upm.es\/recursosidi\/wp-json\/wp\/v2\/mapa?post=12359"},{"taxonomy":"disponibilidad","embeddable":true,"href":"https:\/\/www.upm.es\/recursosidi\/wp-json\/wp\/v2\/disponibilidad?post=12359"},{"taxonomy":"donde","embeddable":true,"href":"https:\/\/www.upm.es\/recursosidi\/wp-json\/wp\/v2\/donde?post=12359"},{"taxonomy":"infraestructura","embeddable":true,"href":"https:\/\/www.upm.es\/recursosidi\/wp-json\/wp\/v2\/infraestructura?post=12359"},{"taxonomy":"ods","embeddable":true,"href":"https:\/\/www.upm.es\/recursosidi\/wp-json\/wp\/v2\/ods?post=12359"},{"taxonomy":"origen","embeddable":true,"href":"https:\/\/www.upm.es\/recursosidi\/wp-json\/wp\/v2\/origen?post=12359"}],"curies":[{"name":"wp","href":"https:\/\/api.w.org\/{rel}","templated":true}]}}