{"id":12360,"date":"2024-07-27T02:29:32","date_gmt":"2024-07-27T00:29:32","guid":{"rendered":"https:\/\/www.upm.es\/recursosidi\/offers-resources\/sin%20categor\u00eda\/metodo-para-proteger-frente-al-estres-e-incrementar-el-crecimiento-de-las-plantas\/"},"modified":"2025-04-10T02:29:07","modified_gmt":"2025-04-10T00:29:07","slug":"metodo-para-proteger-frente-al-estres-e-incrementar-el-crecimiento-de-las-plantas","status":"publish","type":"product","link":"https:\/\/www.upm.es\/recursosidi\/offers-resources\/patentes\/metodo-para-proteger-frente-al-estres-e-incrementar-el-crecimiento-de-las-plantas\/","title":{"rendered":"M\u00c9TODO PARA PROTEGER FRENTE AL ESTR\u00c9S E INCREMENTAR EL CRECIMIENTO DE LAS PLANTAS"},"content":{"rendered":"<h5>Descripci\u00f3n de la patente <\/h5>\n<p>Resumen:<br \/>M&eacute;todo para proteger a las plantas de distintos tipos<br \/>de estr&eacute;s y\/o aumentar el n&uacute;mero de ra&iacute;ces laterales<br \/>en las plantas, basado en el uso de un<br \/>microorganismo de la especie Penicillium melinii, y de<br \/>cepas concretas de la misma. La promoci&oacute;n del<br \/>crecimiento y desarrollo de plantas se materializa<br \/>tanto en condiciones de crecimiento &oacute;ptimas como en<br \/>condiciones de distintos tipos de estr&eacute;s.<\/p>\n<h5>Situaci\u00f3n <\/h5>\n<p>Presentada<\/p>\n<h5>N\u00famero de solicitud<\/h5>\n<p>P202430247<\/p>\n<h5>N\u00famero de publicaci\u00f3n<\/h5>\n<p>ES 2976115<\/p>\n<h5>Fecha de presentaci\u00f3n <\/h5>\n<p>03\/04\/2024<\/p>\n<h5>Fecha de publicaci\u00f3n <\/h5>\n<p>23\/07\/2024<\/p>\n<h4><strong>Extensiones Internacionales<\/strong><\/h4>\n<h5>PCT<\/h5>\n<p><strong>Referencia de la solicitud: <\/strong>PCT\/ES2025\/070175<br \/><strong>T\u00edtulo: <\/strong>M\u00c9TODO PARA PROTEGER FRENTE AL ESTR\u00c9S E INCREMENTAR EL CRECIMIENTO<\/p>\n<div class=\"pdfprnt-buttons pdfprnt-buttons-product pdfprnt-bottom-left\"><a href=\"https:\/\/www.upm.es\/recursosidi\/wp-json\/wp\/v2\/product\/12360?print=pdf\" class=\"pdfprnt-button pdfprnt-button-pdf\" target=\"_blank\"><span class=\"pdfprnt-button-title pdfprnt-button-pdf-title\">Descargar ficha<\/span><\/a><\/div>","protected":false},"excerpt":{"rendered":"<p>Descripci\u00f3n de la patente Resumen:M&eacute;todo para proteger a las plantas de distintos tiposde estr&eacute;s y\/o aumentar el n&uacute;mero de ra&iacute;ces lateralesen las plantas, basado en&hellip;<\/p>\n","protected":false},"featured_media":0,"template":"","meta":{"_acf_changed":false},"product_cat":[3946],"product_tag":[],"comunidades-upm":[],"quien":[],"mapa":[{"term_id":139,"name":"Agricultura, silvicultura, recursos naturales, usos de la tierra y crecimiento azul","slug":"agricultura-silvicultura-recursos_naturales-usos_tierra-crecimiento_azul","term_group":0,"term_taxonomy_id":139,"taxonomy":"mapa","description":"","parent":0,"count":43,"filter":"raw","term_order":"2"},{"term_id":137,"name":"Bioeconom\u00eda, Biotecnolog\u00eda y Sistemas Alimentarios","slug":"bioeconomia-biotecnologia-sistemas_alimentarios","term_group":0,"term_taxonomy_id":137,"taxonomy":"mapa","description":"","parent":0,"count":45,"filter":"raw","term_order":"6"}],"disponibilidad":[],"donde":[{"term_id":252,"name":"Centro de Biotecnolog\u00eda y Gen\u00f3mica de Plantas (CBGP)","slug":"centro-de-biotecnologia-y-genomica-de-plantas-cbgp","term_group":0,"term_taxonomy_id":252,"taxonomy":"donde","description":"","parent":0,"count":19,"filter":"raw","term_order":"0"},{"term_id":294,"name":"Interacciones Moleculares Planta-Pat\u00f3geno","slug":"interacciones-moleculares-planta-patogeno","term_group":0,"term_taxonomy_id":294,"taxonomy":"donde","description":"","parent":0,"count":4,"filter":"raw","term_order":"0"}],"infraestructura":[],"ods":[],"origen":[{"term_id":180,"name":"Patente","slug":"patente","term_group":0,"term_taxonomy_id":180,"taxonomy":"origen","description":"","parent":0,"count":614,"filter":"raw","term_order":"0"}],"familia_tax":false,"quien_tax":false,"donde_tax":false,"year":"","contacto":"<strong>Principales: <\/strong><ul><li>Soledad Sacrist\u00e1n Benayas <blockquote><strong>soledad.sacristan@upm.es<\/strong><\/blockquote><\/li><li>Carlos Conesa Quintana <blockquote><strong>cm.conesa@upm.es<\/strong><\/blockquote><\/li><\/ul><strong>Otros inventores: <\/strong><ul><li>JavierCabrera Chaves INIA\/CSIC<\/li> <li>Juan Carlosdel Pozo INIA\/CSIC<\/li> <\/ul>","telefono":"","pagina_web":"","email":"","id_ficha_portal":"1931","video":"","adjuntos":false,"adjuntos_portal":"","inf":false,"departamento":"","acf":[],"lang":"es","translation":{"es":12360},"_links":{"self":[{"href":"https:\/\/www.upm.es\/recursosidi\/wp-json\/wp\/v2\/product\/12360"}],"collection":[{"href":"https:\/\/www.upm.es\/recursosidi\/wp-json\/wp\/v2\/product"}],"about":[{"href":"https:\/\/www.upm.es\/recursosidi\/wp-json\/wp\/v2\/types\/product"}],"wp:attachment":[{"href":"https:\/\/www.upm.es\/recursosidi\/wp-json\/wp\/v2\/media?parent=12360"}],"wp:term":[{"taxonomy":"product_cat","embeddable":true,"href":"https:\/\/www.upm.es\/recursosidi\/wp-json\/wp\/v2\/product_cat?post=12360"},{"taxonomy":"product_tag","embeddable":true,"href":"https:\/\/www.upm.es\/recursosidi\/wp-json\/wp\/v2\/product_tag?post=12360"},{"taxonomy":"comunidad_upm","embeddable":true,"href":"https:\/\/www.upm.es\/recursosidi\/wp-json\/wp\/v2\/comunidades-upm?post=12360"},{"taxonomy":"quien","embeddable":true,"href":"https:\/\/www.upm.es\/recursosidi\/wp-json\/wp\/v2\/quien?post=12360"},{"taxonomy":"mapa","embeddable":true,"href":"https:\/\/www.upm.es\/recursosidi\/wp-json\/wp\/v2\/mapa?post=12360"},{"taxonomy":"disponibilidad","embeddable":true,"href":"https:\/\/www.upm.es\/recursosidi\/wp-json\/wp\/v2\/disponibilidad?post=12360"},{"taxonomy":"donde","embeddable":true,"href":"https:\/\/www.upm.es\/recursosidi\/wp-json\/wp\/v2\/donde?post=12360"},{"taxonomy":"infraestructura","embeddable":true,"href":"https:\/\/www.upm.es\/recursosidi\/wp-json\/wp\/v2\/infraestructura?post=12360"},{"taxonomy":"ods","embeddable":true,"href":"https:\/\/www.upm.es\/recursosidi\/wp-json\/wp\/v2\/ods?post=12360"},{"taxonomy":"origen","embeddable":true,"href":"https:\/\/www.upm.es\/recursosidi\/wp-json\/wp\/v2\/origen?post=12360"}],"curies":[{"name":"wp","href":"https:\/\/api.w.org\/{rel}","templated":true}]}}