{"id":12361,"date":"2024-07-27T02:29:35","date_gmt":"2024-07-27T00:29:35","guid":{"rendered":"https:\/\/www.upm.es\/recursosidi\/offers-resources\/sin categor\u00eda\/metodo-para-optimizacion-de-rendimiento-de-una-planta-de-fabricacion-mediante-generacion-de-algoritmos-de-aprendizaje-automatico-completamente-automatizados-y-planta-de-fabricacion-optimizada\/"},"modified":"2024-07-27T02:29:35","modified_gmt":"2024-07-27T00:29:35","slug":"metodo-para-optimizacion-de-rendimiento-de-una-planta-de-fabricacion-mediante-generacion-de-algoritmos-de-aprendizaje-automatico-completamente-automatizados-y-planta-de-fabricacion-optimizada","status":"publish","type":"product","link":"https:\/\/www.upm.es\/recursosidi\/offers-resources\/patentes\/metodo-para-optimizacion-de-rendimiento-de-una-planta-de-fabricacion-mediante-generacion-de-algoritmos-de-aprendizaje-automatico-completamente-automatizados-y-planta-de-fabricacion-optimizada\/","title":{"rendered":"M\u00c9TODO PARA OPTIMIZACI\u00d3N DE RENDIMIENTO DE UNA PLANTA DE FABRICACI\u00d3N MEDIANTE GENERACI\u00d3N DE ALGORITMOS DE APRENDIZAJE AUTOM\u00c1TICO COMPLETAMENTE AUTOMATIZADOS Y PLANTA DE FABRICACI\u00d3N OPTIMIZADA"},"content":{"rendered":"<h4><strong>Descripci\u00f3n de la patente <\/strong><\/h4>\n<p>M&eacute;todo para optimizaci&oacute;n de rendimiento de una<br \/>planta de fabricaci&oacute;n mediante generaci&oacute;n de<br \/>algoritmos de aprendizaje autom&aacute;tico completamente<br \/>automatizados y planta de fabricaci&oacute;n optimizada.<br \/>M&eacute;todo para optimizaci&oacute;n de rendimiento en industria<br \/>mediante generaci&oacute;n de algoritmos de aprendizaje<br \/>autom&aacute;tico completamente automatizados, que<br \/>comprende preparar datos de entrada, definiendo un<br \/>conjunto de variables, un rango aceptable y un<br \/>objetivo, verificando la integridad de los datos y<br \/>estandarizando los datos de entrada; identificar<br \/>variables relevantes para un KPI seleccionado<br \/>usando un coeficiente de correlaci&oacute;n de Pearson;<br \/>entrenar un conjunto de modelos de regresi&oacute;n<br \/>variando hiperpar&aacute;metros de forma aleatoria; evaluar<br \/>los modelos de regresi&oacute;n entrenados, seleccionando<br \/>el mejor modelo para el KPI seleccionado; y optimizar<br \/>el KPI seleccionado usando el modelo seleccionado y<br \/>variando aleatoriamente las variables dentro del<br \/>rango aceptable.<\/p>\n<h4><strong>Situaci\u00f3n<\/strong><\/h4>\n<p>Presentada<\/p>\n<h4><strong>N\u00famero de solicitud<\/h5>\n<p>P202231046<\/p>\n<h5>N\u00famero de publicaci\u00f3n<\/h5>\n<p>ES2976137<\/p>\n<h5>Fecha de presentaci\u00f3n <\/h5>\n<p>05\/12\/2022<\/p>\n<h5>Fecha de publicaci\u00f3n <\/h5>\n<p>24\/07\/2024<\/p>\n<div class=\"pdfprnt-buttons pdfprnt-buttons-product pdfprnt-bottom-left\"><a href=\"https:\/\/www.upm.es\/recursosidi\/wp-json\/wp\/v2\/product\/12361?print=pdf\" class=\"pdfprnt-button pdfprnt-button-pdf\" target=\"_blank\"><span class=\"pdfprnt-button-title pdfprnt-button-pdf-title\">Descargar ficha<\/span><\/a><\/div>","protected":false},"excerpt":{"rendered":"<p>Descripci\u00f3n de la patente M&eacute;todo para optimizaci&oacute;n de rendimiento de unaplanta de fabricaci&oacute;n mediante generaci&oacute;n dealgoritmos de aprendizaje autom&aacute;tico completamenteautomatizados y planta de fabricaci&oacute;n optimizada.M&eacute;todo&hellip;<\/p>\n","protected":false},"featured_media":0,"template":"","meta":{"_acf_changed":false},"product_cat":[3946],"product_tag":[],"comunidades-upm":[],"quien":[],"mapa":[],"disponibilidad":[],"donde":[{"term_id":42,"name":"UPM","slug":"upm","term_group":0,"term_taxonomy_id":42,"taxonomy":"donde","description":"Universidad Polit\u00e9cnica de Madrid\r\nHTML \"Lorem ipsum dolor sit amet, consectetur adipiscing elit, sed do eiusmod tempor incididunt ut labore et dolore magna aliqua. Ut enim ad minim veniam, quis nostrud exercitation ullamco laboris nisi ut aliquip ex ea commodo consequat. Duis aute irure dolor in reprehenderit in voluptate velit esse cillum dolore eu fugiat nulla pariatur. Excepteur sint occaecat cupidatat non proident, sunt in culpa qui officia deserunt mollit anim id est laborum.\"","parent":0,"count":146,"filter":"raw","term_order":"0"}],"infraestructura":[],"ods":[],"origen":[{"term_id":180,"name":"Patente","slug":"patente","term_group":0,"term_taxonomy_id":180,"taxonomy":"origen","description":"","parent":0,"count":614,"filter":"raw","term_order":"0"}],"familia_tax":false,"quien_tax":false,"donde_tax":false,"year":"","contacto":"<ul><\/strong><li><blockquote><strong>otri.investigacion@upm.es<\/strong><\/blockquote><\/li><\/ul>","telefono":"","pagina_web":"","email":"","id_ficha_portal":"1882","video":"","adjuntos":false,"adjuntos_portal":"","inf":false,"departamento":"","acf":[],"lang":"es","translation":{"es":12361},"_links":{"self":[{"href":"https:\/\/www.upm.es\/recursosidi\/wp-json\/wp\/v2\/product\/12361"}],"collection":[{"href":"https:\/\/www.upm.es\/recursosidi\/wp-json\/wp\/v2\/product"}],"about":[{"href":"https:\/\/www.upm.es\/recursosidi\/wp-json\/wp\/v2\/types\/product"}],"wp:attachment":[{"href":"https:\/\/www.upm.es\/recursosidi\/wp-json\/wp\/v2\/media?parent=12361"}],"wp:term":[{"taxonomy":"product_cat","embeddable":true,"href":"https:\/\/www.upm.es\/recursosidi\/wp-json\/wp\/v2\/product_cat?post=12361"},{"taxonomy":"product_tag","embeddable":true,"href":"https:\/\/www.upm.es\/recursosidi\/wp-json\/wp\/v2\/product_tag?post=12361"},{"taxonomy":"comunidad_upm","embeddable":true,"href":"https:\/\/www.upm.es\/recursosidi\/wp-json\/wp\/v2\/comunidades-upm?post=12361"},{"taxonomy":"quien","embeddable":true,"href":"https:\/\/www.upm.es\/recursosidi\/wp-json\/wp\/v2\/quien?post=12361"},{"taxonomy":"mapa","embeddable":true,"href":"https:\/\/www.upm.es\/recursosidi\/wp-json\/wp\/v2\/mapa?post=12361"},{"taxonomy":"disponibilidad","embeddable":true,"href":"https:\/\/www.upm.es\/recursosidi\/wp-json\/wp\/v2\/disponibilidad?post=12361"},{"taxonomy":"donde","embeddable":true,"href":"https:\/\/www.upm.es\/recursosidi\/wp-json\/wp\/v2\/donde?post=12361"},{"taxonomy":"infraestructura","embeddable":true,"href":"https:\/\/www.upm.es\/recursosidi\/wp-json\/wp\/v2\/infraestructura?post=12361"},{"taxonomy":"ods","embeddable":true,"href":"https:\/\/www.upm.es\/recursosidi\/wp-json\/wp\/v2\/ods?post=12361"},{"taxonomy":"origen","embeddable":true,"href":"https:\/\/www.upm.es\/recursosidi\/wp-json\/wp\/v2\/origen?post=12361"}],"curies":[{"name":"wp","href":"https:\/\/api.w.org\/{rel}","templated":true}]}}