{"id":12365,"date":"2024-08-21T10:21:00","date_gmt":"2024-08-21T08:21:00","guid":{"rendered":"https:\/\/www.upm.es\/recursosidi\/offers-resources\/sin categor\u00eda\/medida-de-parametros-electricos-de-antenas-y-de-seccion-radar-de-materiales\/"},"modified":"2024-08-21T10:21:05","modified_gmt":"2024-08-21T08:21:05","slug":"medida-de-parametros-electricos-de-antenas-y-de-seccion-radar-de-materiales","status":"publish","type":"product","link":"https:\/\/www.upm.es\/recursosidi\/offers-resources\/servicios-cientifico-tecnologico\/servicios-servicios-cientifico-tecnologico\/medida-de-parametros-electricos-de-antenas-y-de-seccion-radar-de-materiales\/","title":{"rendered":"Medida de par\u00e1metros el\u00e9ctricos de antenas y de secci\u00f3n radar de materiales"},"content":{"rendered":"<h4 class=\"\">Necesidades demandadas y aplicaciones<\/h4>\n<p>El LEHA (Laboratorio de Ensayo y Homologaci&oacute;n de Antenas) de la UPM est&aacute; ubicado en el laboratorio B-031 de la ETSI Telecomunicaci&oacute;n de la Universidad Polit&eacute;cnica de Madrid (Avda. Complutense, 30. 28040 Madrid).<\/p>\n<p>Cuenta con 3 recintos anecoicos en la ETSI de Telecomunicaci&oacute;n gestionados por profesores del SSR pertenecientes al Grupo de Radiaci&oacute;n (GR) [1]. La primera c&aacute;mara anecoica del GR se puso en servicio en 1978. Desde entonces se ha trasladado en varias ocasiones hasta la construcci&oacute;n en 2000 del recinto que la alberga en la actualidad.<\/p>\n<p>Este servicio est&aacute; acreditado desde 2010 por ENAC bajo la norma ISO17025 para medida de par&aacute;metros de antena como diagrama de radiaci&oacute;n copolar y contrapolar, ROE, aislamiento, ganancia, directividad, y p&eacute;rdidas en la banda de frecuencias de 1 GHz hasta 60 GHz. Adem&aacute;s, este laboratorio forma parte de la red de laboratorios de Madri+d, con el n&uacute;mero 33.<\/p>\n<p>Los servicios que se ofrecen son la medida de par&aacute;metros de antenas y secci&oacute;n radar de materiales:<\/p>\n<p>&#8211; Medida de ROE y aislamiento entre puertas.<\/p>\n<p>&#8211; Medida de diagrama de radiaci&oacute;n copolar y contrapolar de antenas.<\/p>\n<p>&#8211; Medida de ganancia, directividad y p&eacute;rdidas de antenas.<\/p>\n<p>&#8211; Medida de relaci&oacute;n axial de antenas.<\/p>\n<p>&#8211; Medida de secci&oacute;n radar de materiales en disposici&oacute;n monoest&aacute;tica.<\/p>\n<p>&nbsp;<\/p>\n<p>Con la adquisici&oacute;n de un nuevo equipamiento (en proceso) abriremos un nuevo servicio de medida de par&aacute;metros activos de terminales 5G.<\/p>\n<hr \/>\n<h4 class=\"\">Sector o &aacute;rea de aplicaci&oacute;n<\/h4>\n<p>Los sectores de aplicaci&oacute;n son:<\/p>\n<p>&#8211; Ciencia para la ingenier&iacute;a y la arquitectura<\/p>\n<p>&#8211; Tecnolog&iacute;as digitales, Inteligencia Artificial, ciberseguridad, 5G, rob&oacute;tica<\/p>\n<p>&#8211; Espacio y Observaci&oacute;n de la Tierra<\/p>\n<p>&#8211; Industria, materiales y econom&iacute;a circular<\/p>\n<p>&#8211; Seguridad, defensa y resiliencia<\/p>\n<hr \/>\n<h4 class=\"\">Competencias diferenciales<\/h4>\n<p><span style=\"color: black\">Desde 1995 estamos reconocidos por la Agencia Espacial Europea para la medida de antenas de espacio, habiendo medido antenas de las misiones a Venus, Marte, Mercurio, J&uacute;piter y el Sol; antenas para los sat&eacute;lites Galileo, Astra, Hispasat, Envisat, Eutelsat&hellip; Participar en estas medidas nos ha permitido tambi&eacute;n trabajar en nuevas t&eacute;cnicas de medida de antenas, abriendo una l&iacute;nea novedosa en t&eacute;cnicas de post-procesado en medida de antenas.<\/span><\/p>\n<p><span style=\"color: black\">Los procedimientos de medida y de calidad est&aacute;n desarrollados en procedimientos t&eacute;cnicos acorde al sistema de calidad acreditado seg&uacute;n norma ISO17025:2017. Los procedimientos de medida son internos est&aacute;n basados en los est&aacute;ndares del IEEE [5-6]. No se realiza muestreo.<\/span><\/p>\n<p><span style=\"color: black\">Los investigadores del LEHA-UPM participan activamente en campa&ntilde;as de intercomparaci&oacute;n dentro de la Red Europea de Antenas (EurAAP), y en la elaboraci&oacute;n de los est&aacute;ndares de medida de antenas del IEEE.<\/span><\/p>\n<hr \/>\n<h4 class=\"\">Referencias previas de prestaci&oacute;n<\/h4>\n<p>Algunos de los usuarios finales se muestran en la tabla 1.4. En nuestra base de datos de clientes contamos con 125 instituciones. Con las m&aacute;s activas trabajamos de manera continua no solo en la medida de sus antenas, ya sean productos finales o prototipos, como en el asesoramiento para el desarrollo de antenas, y sobre todo para la correcta caracterizaci&oacute;n de las mismas, de modo que cuando se llegue al producto final, este cumpla con las especificaciones requeridas.<\/p>\n<p>Las medidas que se realizan fundamentalmente para nuestros clientes son de espacio, midiendo antenas de sat&eacute;lite como Hispasat, ASTRA, Eutelsat, Envisat, Galileo, &hellip;, las antenas de las misiones espaciales de la Agencia Espacial Europea como Mars Express, Venus Express, Solar Orbiter, Bepi-Colombo (a Mercurio) o Juice (a J&uacute;piter); antenas para comunicaciones m&oacute;viles a Ericsson, Nokia o Huawei; antenas para sistemas de medida de antenas para Rohde&amp;Schwarz, Microwave Vision Group, Antenna Systems Solutions, Thales Alenia; antenas en los sectores de defensa para Indra, o de espacio para Sener y Airbus, entre otros. Actualmente en torno a la mitad de los servicios de medida externos son para clientes de fuera de Espa&ntilde;a. Esta experiencia, junto al sistema de calidad implantado y acreditado por ENAC, nos han supuesto un prestigio nacional e internacional que nos han posicionado como uno de los laboratorios referentes en Europa en el &aacute;mbito de la medida de antenas.<\/p>\n<p>Algunos de los ejemplos concretos de experiencias con usuarios finales son:<\/p>\n<p>&#8211; Con INDRA hemos desarrollado de manera conjunta las t&eacute;cnicas de medida para sus antenas de RADAR en aplicaciones de defensa (radares LANZA Naval y Terrestres, RADAR de banda L y banda X para fragatas F110). Para el caso de los radares LANZA pusimos en marcha un sistema de medidas espec&iacute;fico en las instalaciones del CEAR (de INTA). En el caso de los radares de las F110, hemos desarrollado un sistema para interactuar con el sistema del radar y de este modo reducir los tiempos de medida, midiendo con la propia se&ntilde;al pulsada del radar.<\/p>\n<p>&#8211; En el caso de Rohde&amp;Schwarz, trabajamos en la medida de las antenas de su sistema de Plane Wave Generator y otras antenas que utilizan en sus sistemas de medida de antenas comerciales.<\/p>\n<p>&#8211; En el caso de Airbus, utilizamos nuestros sistemas para backup de sus sistemas de medida de antenas y cuando la Agencia Espacial Europea (o el responsable del sat&eacute;lite) les solicita la medida en un sistema independiente.<\/p>\n<p>&#8211; En el caso de SENER colaboramos en el dise&ntilde;o y la medida de sistemas de antenas para misiones espaciales como Solar Orbiter, Juice, Bepi Colombo&hellip; En algunos casos hemos realizado medidas en altas temperaturas.<\/p>\n<p>&#8211; En el caso de Microwave Vision Group, adem&aacute;s de caracterizar las antenas que comercializan para sus sistemas, colaboramos con esta empresa multinacional desde 2012 en el desarrollo de procedimientos innovadores de medida de antenas. Algunos de estos se describen en [2] y [3].<\/p>\n<p>&#8211; Creamos la empresa Antenna Systems Solutions y, aunque ya no formamos parte de la gesti&oacute;n de la empresa, seguimos caracterizando algunas de sus antenas.<\/p>\n<p>&#8211; Adem&aacute;s a lo largo de los a&ntilde;os hemos desarrollado sistemas de medida de antenas para Sener (entonces Rymsa), Airbus, Indra, TTI, Direcci&oacute;n General de Telecomunicaciones, Universidad de Valencia, Universidad de Sevilla, Universidad de Oviedo, Universidad de Alcal&aacute;, entre otros.<\/p>\n<p>Con la extensi&oacute;n de los servicios ofrecidos al &aacute;mbito de los terminales m&oacute;viles aspiramos a abrir una nueva l&iacute;nea de trabajo, y posicionarnos en un &aacute;mbito, de medida de antenas integradas al sistema, donde se est&aacute; evolucionando r&aacute;pidamente, y consideramos que va a ser el futuro de los sistemas radiantes. Aunque el equipo que se adquiere es para 5G, la adquisici&oacute;n de este nos permitir&aacute; abrir l&iacute;neas de investigaci&oacute;n (algunas ya en fase inicial) para medida de antenas sin referencia trabajando bajo otros est&aacute;ndares.<\/p>\n<hr \/>\n<h4 class=\"\">Descripci&oacute;n del equipamiento<\/h4>\n<p>En el primer recinto, de 7.3 x 4.3 x 4.3 m, est&aacute; instalado un sistema esf&eacute;rico de roll sobre acimut, equipados con juntas rotatorias hasta 40 GHz, en el que la antena bajo prueba (ABP) puede situarse a una distancia de entre 3 m y 5.45 m de la sonda de medida. La frecuencia m&iacute;nima de uso es de 660 MHz y la m&aacute;xima de 110 GHz. El posicionador de roll est&aacute; situado sobre una mesa lineal para colocar la ABP en el centro de la esfera de medida. La sonda de medida cuenta con un posicionador de polarizaci&oacute;n sobre una mesa manual de 5 ejes para alinear el eje z de la sonda con el de la ABP. La precisi&oacute;n de posicionado es de 0.03&ordm;. La incertidumbre en la medida de ganancia (2&sigma;) var&iacute;a entre 0.12 dB y 0.20 dB en funci&oacute;n del procedimiento de medida, la banda de frecuencia de medida, la distancia de medida y el tama&ntilde;o de la ABP.<\/p>\n<p>En el segundo recinto, de 15.2 m x 7.9 m x 7.3m, est&aacute; instalado un Rango Compacto (RC) Gregoriano y un sistema Plano-Cil&iacute;ndrico-Esf&eacute;rico para medida de grandes antenas. El reflector principal del RC es un reflector offset de 4.5 m de di&aacute;metro con aserramientos cosenoidales de 60 cm. El di&aacute;metro del reflector el&iacute;ptico es de 2.2 m. La frecuencia m&iacute;nima de uso del sistema es de 6 GHz y la m&aacute;xima de 110 GHz. La zona quieta, en la banda de 6 GHz a 40 GHz es de 2 m de di&aacute;metro, (&plusmn;0.25 dB, &plusmn;3&ordm;) con una XP de -30 dB. El sistema de posicionadores de la ABP es roll sobre elevaci&oacute;n sobre acimut. La sonda est&aacute; equipada con un posicionador id&eacute;ntico al del sistema esf&eacute;rico. La incertidumbre en la medida de ganancia (2&sigma;) var&iacute;a entre 0.27 y 0.35 dB<\/p>\n<p>El esc&aacute;ner plano tiene un recorrido de 4.75 m x 4.75 m. Est&aacute; equipado con un posicionador de roll sobre acimut para la ABP y un posicionador de sonda. El posicionador de ABP est&aacute; situado sobre una mesa lineal que permite ajustar la distancia sonda-ABP. La planitud de esc&aacute;ner (eje Z) es mejor que 237 &micro;m pico a pico en la zona central (4 m x 4 m). El error de posicionado asociado a los husillos es menor que 0.4 mm. La frecuencia m&iacute;nima de uso es de 1 GHz y la m&aacute;xima 110 GHz.<\/p>\n<p>El tercer recinto, de 5.4 x 3.30 x 3.30 m est&aacute; en construcci&oacute;n. Dispone de un rango compacto con un reflector offset de apertura cuadrada de 66 x 66 cm con aserramientos cosenoidales de 17 cm con una zona quieta de 40 cm; un esc&aacute;ner plano de 2 x 2 m y un sistema cil&iacute;ndrico-esf&eacute;rico. El posicionador de Antena bajo prueba, com&uacute;n para todos los sistemas, es de roll sobre elevaci&oacute;n sobre acimut. Las sondas de medida del rango compacto y del sistema plano-cil&iacute;ndrico-esf&eacute;rico est&aacute;n equipados con posicionadores de polarizaci&oacute;n. La frecuencia m&iacute;nima de medida es de 20 GHz y la m&aacute;xima de 220 GHz. Esta c&aacute;mara est&aacute; instalada en la sala B-105, sustituyendo a la antigua c&aacute;mara semianecoica de arco que serv&iacute;a para la medida escalada de antenas embarcadas en nav&iacute;os.<\/p>\n<p>Estamos tambi&eacute;n en proceso de adquisici&oacute;n de un sistema multisonda en la banda desde 650 MHz hasta 18 GHz para la medida de antenas pasivas y para medida de par&aacute;metros activos de sistemas 5G de sistema como sensibilidad, potencia radiada aparente, ganancia de diversidad, ganancia MIMO&hellip;, mediante t&eacute;cnicas OTA (over-the-air), que se completar&aacute; con la adquisici&oacute;n de un emulador de se&ntilde;ales 5G.<\/p>\n<p>Para la transformaci&oacute;n de campo cercano a campo lejano esf&eacute;rico, se dispone de software comercial y de software de elaboraci&oacute;n propia. Para la transformaci&oacute;n de campo cercano a campo lejano cil&iacute;ndrico y plano se dispone de SW propio que permite hacer reconstrucci&oacute;n de fuentes. En los &uacute;ltimos a&ntilde;os los investigadores del LEHA-UPM, junto a las empresas l&iacute;deres del sector, han estado investigando en nuevas t&eacute;cnicas de postprocesado para mejorar la precisi&oacute;n en la medida de antenas y reducir los tiempos de medida. Est&aacute;n t&eacute;cnicas est&aacute;n recopiladas en [1] y [2].<\/p>\n<p>[1] M. Sierra Casta&ntilde;er, Lars J. Foged. &ldquo;Post-processing techniques in Antenna Measurements&rdquo;. Scitech Publishing (IET). 2019. ISBN: 9781785615375. e-ISBN: 9781785615382. DOI: 10.1049\/SBEW529E<\/p>\n<p>[2] L. J. Foged &amp; M. Sierra-Castaner. &ldquo;Modern automotive antenna measurements&rdquo;, Artech house, Boston 2022, ISBN: 9781630818494. 30 septiembre 2022.<\/p>\n<hr \/>\n<h4 class=\"\">Solicitud del servicio<\/h4>\n<p>Para poder solicitar un servicio de medida, se tienen que poner en contacto con la directora t&eacute;cnica del LEHA-UPM, Prof. Bel&eacute;n Galocha (<a href=\"mailto:<span rel=\"833113309d311d31b1313331a4312130a1311d31b8312031b6312d31a5311430ba3139319f311b3096312031\" class=\"cryptex \" style=\"\"><span class=\"CryptexImg ctxXHsaZpTVB9ym_R3MHRenoDZmu0sSQL4VhuvitxsIRSk\"><\/span><\/span>\"><span rel=\"833113309d311d31b1313331a4312130a1311d31b8312031b6312d31a5311430ba3139319f311b3096312031\" class=\"cryptex \" style=\"\"><span class=\"CryptexImg ctxXHsaZpTVB9ym_R3MHRenoDZmu0sSQL4VhuvitxsIRSk\"><\/span><\/span><\/a>).<\/p>\n<p>En este correo se indicar&aacute; la siguiente informaci&oacute;n:<\/p>\n<p>&#8211; Datos de la empresa.<\/p>\n<p>&#8211; Datos de la persona de contacto.<\/p>\n<p>&#8211; Datos de la antena o dispositivo bajo prueba: tipo, dimensiones, peso, caracter&iacute;sticas esperadas.<\/p>\n<p>&#8211; Descripci&oacute;n de los servicios de medida a realizar: frecuencias de medida y par&aacute;metros de medida.<\/p>\n<p>&#8211; Plazo de medida requerido.<\/p>\n<p>La directora t&eacute;cnica se pondr&aacute; en contacto con el cliente para recabar m&aacute;s informaci&oacute;n y poder completar el estudio de viabilidad de la medida y realizar la oferta. La decisi&oacute;n sobre la viabilidad del servicio solicitado se tomar&aacute; atendiendo a la capacidad y disponibilidad del equipamiento implicado, las tareas subsidiarias necesarias para la realizaci&oacute;n de los ensayos y las actividades propias del centro y ser&aacute; comunicada al solicitante a la mayor brevedad. En caso desfavorable, el procedimiento se considerar&aacute; cerrado. En caso favorable, se propondr&aacute; una fecha en el que el dispositivo ser&aacute; enviado a las instalaciones del LEHA-UPM.<\/p>\n<p>Las normas de manejo de las antenas est&aacute;n descritas en los procedimientos del sistema de calidad del LEHA-UPM.<\/p>\n<p>Se ha aprobado por Comisi&oacute;n de Investigaci&oacute;n de la UPM la tarifa horaria del servicio, calculada de modo que se cubran los gastos (personal, fungible, amortizaci&oacute;n de infraestructura, calibraci&oacute;n de equipos, mantenimiento acreditaci&oacute;n y reparaci&oacute;n de equipos) sin generar beneficio industrial.<\/p>\n<hr \/>\n<p>&nbsp;<\/p>\n<div class=\"pdfprnt-buttons pdfprnt-buttons-product pdfprnt-bottom-left\"><a href=\"https:\/\/www.upm.es\/recursosidi\/wp-json\/wp\/v2\/product\/12365?print=pdf\" class=\"pdfprnt-button pdfprnt-button-pdf\" target=\"_blank\"><span class=\"pdfprnt-button-title pdfprnt-button-pdf-title\">Descargar ficha<\/span><\/a><\/div>","protected":false},"excerpt":{"rendered":"<p>El LEHA Cuenta con 3 recintos anecoicos. Este servicio est\u00e1 acreditado desde 2010 por ENAC bajo la norma ISO17025 y forma parte de la red de laboratorios de Madri+d, con el n\u00famero 33.<\/p>\n","protected":false},"featured_media":12362,"template":"","meta":{"_acf_changed":false},"product_cat":[2395],"product_tag":[10157,10155,3033,10159],"comunidades-upm":[],"quien":[],"mapa":[{"term_id":2405,"name":"Ciencia para la ingenier\u00eda y la arquitectura","slug":"ciencia-para-ingenieria-y-arquitectura","term_group":0,"term_taxonomy_id":2405,"taxonomy":"mapa","description":"","parent":0,"count":127,"filter":"raw","term_order":"7"},{"term_id":128,"name":"Espacio y Observaci\u00f3n de la Tierra","slug":"espacio-observacion_tierra","term_group":0,"term_taxonomy_id":128,"taxonomy":"mapa","description":"","parent":0,"count":19,"filter":"raw","term_order":"12"},{"term_id":135,"name":"Industria, materiales y econom\u00eda circular","slug":"industria-materiales-economia_circular","term_group":0,"term_taxonomy_id":135,"taxonomy":"mapa","description":"","parent":0,"count":165,"filter":"raw","term_order":"13"},{"term_id":126,"name":"Tecnolog\u00edas digitales, Inteligencia Artificial, ciberseguridad, 5G, rob\u00f3tica","slug":"tecnologias_digitales-ai-ciberseguridad-5g-robotica","term_group":0,"term_taxonomy_id":126,"taxonomy":"mapa","description":"","parent":0,"count":194,"filter":"raw","term_order":"23"}],"disponibilidad":[{"term_id":204,"name":"Disponible","slug":"disponible","term_group":0,"term_taxonomy_id":204,"taxonomy":"disponibilidad","description":"","parent":0,"count":110,"filter":"raw","term_order":"0"}],"donde":[{"term_id":460,"name":"Grupo de Radiaci\u00f3n","slug":"grupo-de-radiacion","term_group":0,"term_taxonomy_id":460,"taxonomy":"donde","description":"Nuestro grupo tiene una amplia experiencia en I+D+i en los siguientes temas:\n\n<strong>Dise&ntilde;o, construcci&oacute;n y medida de antenas<\/strong> para todo tipo de aplicaciones (Comunicaciones terrestres, comunicaciones por sat&eacute;lite, radar, etc.)\n<strong>An&aacute;lisis y Evaluaci&oacute;n de Compatibilidad Electromagn&eacute;tica de sistemas complejos<\/strong> (compatibilidad en buques, EMI, etc.)\n<strong>Dise&ntilde;o, construcci&oacute;n y Medida de Sistemas de Radiofrecuencia<\/strong> (Amplificadores de Bajo Nivel de Ruido, Mezcladores, Osciladores, componentes pasivos&hellip;) desde UHF hasta Terahercios.\n<strong>An&aacute;lisis y Dise&ntilde;o mediante Simulaci&oacute;n de Sistemas y Redes de Radiocomunicaciones<\/strong> (Sistemas v&iacute;a Sat&eacute;lite, Sistemas de Comunicaciones M&oacute;viles, Redes de Difusi&oacute;n de TV Digital)\n\n&nbsp;\nNuestro grupo trabaja en las siguientes <strong>l&iacute;neas de investigaci&oacute;n<\/strong>:\n\nDise&ntilde;o y prototipado de antenas reflectoras.\nDise&ntilde;o y prototipado de arrays de antenas.\nMedida de antenas y circuitos de radiofrecuencia.\nAntenas inteligentes y sistemas MIMO para Estaciones Base y Terminales.\nCircuitos de Radiofrecuencia.\nSimulaci&oacute;n y Emulaci&oacute;n de Sistemas de Comunicaciones.\n","parent":0,"count":7,"filter":"raw","term_order":"0"},{"term_id":642,"name":"Information Processing and Telecommunications Center (IPTC)","slug":"information-processing-and-telecommunications-center-iptc","term_group":0,"term_taxonomy_id":642,"taxonomy":"donde","description":"","parent":0,"count":74,"filter":"raw","term_order":"0"}],"infraestructura":[{"term_id":4067,"name":"LEHA (Laboratorio de Ensayos y Homologaci\u00f3n de Antenas)","slug":"leha-laboratorio-de-ensayos-y-homologacion-de-antenas","term_group":0,"term_taxonomy_id":4067,"taxonomy":"infraestructura","description":"","parent":0,"count":2,"filter":"raw","term_order":"0"}],"ods":[{"term_id":2247,"name":"Industria, Innovaci\u00f3n e Infraestructura","slug":"industria-innovacion-e-infraestructura","term_group":0,"term_taxonomy_id":2247,"taxonomy":"ods","description":"","parent":0,"count":171,"filter":"raw","term_order":"0"}],"origen":[{"term_id":196,"name":"Infraestructuras, Instalaci\u00f3n, Equipo","slug":"infraestructuras","term_group":0,"term_taxonomy_id":196,"taxonomy":"origen","description":"","parent":0,"count":180,"filter":"raw","term_order":"0"}],"familia_tax":false,"quien_tax":false,"donde_tax":false,"year":"2022-01-01","contacto":"Manuel Sierra Casta\u00f1er: Responsable Cient\u00edfico \r\nBel\u00e9n Galocha Irag\u00fcen: Responsable T\u00e9cnico\r\nLaboratorio de Ensayo y Homologaci\u00f3n de Antenas (LEHA-UPM). ETSI Telecomunicaci\u00f3n, Universidad Polit\u00e9cnica de Madrid, Avenida Complutense n\u00ba 30, 28040 Madrid. Laboratorio B-031","telefono":"910672372","pagina_web":"https:\/\/www.gr.ssr.upm.es\/index.php\/es\/leha\/sobre-nosotros","email":"manuel.sierra@upm.es","id_ficha_portal":"530","video":"https:\/\/www.youtube.com\/watch?v=N1LYIvLK67w","adjuntos":false,"adjuntos_portal":"https:\/\/www.upm.es\/recursosidi\/wp-content\/uploads_kairos\/ficha_530\/ficha_530_doc_28.pdf;https:\/\/www.upm.es\/recursosidi\/wp-content\/uploads_kairos\/ficha_530\/ficha_530_doc_29.pdf","inf":false,"departamento":"","acf":[],"lang":"es","translation":{"es":12365},"_links":{"self":[{"href":"https:\/\/www.upm.es\/recursosidi\/wp-json\/wp\/v2\/product\/12365"}],"collection":[{"href":"https:\/\/www.upm.es\/recursosidi\/wp-json\/wp\/v2\/product"}],"about":[{"href":"https:\/\/www.upm.es\/recursosidi\/wp-json\/wp\/v2\/types\/product"}],"wp:featuredmedia":[{"embeddable":true,"href":"https:\/\/www.upm.es\/recursosidi\/wp-json\/wp\/v2\/media\/12362"}],"wp:attachment":[{"href":"https:\/\/www.upm.es\/recursosidi\/wp-json\/wp\/v2\/media?parent=12365"}],"wp:term":[{"taxonomy":"product_cat","embeddable":true,"href":"https:\/\/www.upm.es\/recursosidi\/wp-json\/wp\/v2\/product_cat?post=12365"},{"taxonomy":"product_tag","embeddable":true,"href":"https:\/\/www.upm.es\/recursosidi\/wp-json\/wp\/v2\/product_tag?post=12365"},{"taxonomy":"comunidad_upm","embeddable":true,"href":"https:\/\/www.upm.es\/recursosidi\/wp-json\/wp\/v2\/comunidades-upm?post=12365"},{"taxonomy":"quien","embeddable":true,"href":"https:\/\/www.upm.es\/recursosidi\/wp-json\/wp\/v2\/quien?post=12365"},{"taxonomy":"mapa","embeddable":true,"href":"https:\/\/www.upm.es\/recursosidi\/wp-json\/wp\/v2\/mapa?post=12365"},{"taxonomy":"disponibilidad","embeddable":true,"href":"https:\/\/www.upm.es\/recursosidi\/wp-json\/wp\/v2\/disponibilidad?post=12365"},{"taxonomy":"donde","embeddable":true,"href":"https:\/\/www.upm.es\/recursosidi\/wp-json\/wp\/v2\/donde?post=12365"},{"taxonomy":"infraestructura","embeddable":true,"href":"https:\/\/www.upm.es\/recursosidi\/wp-json\/wp\/v2\/infraestructura?post=12365"},{"taxonomy":"ods","embeddable":true,"href":"https:\/\/www.upm.es\/recursosidi\/wp-json\/wp\/v2\/ods?post=12365"},{"taxonomy":"origen","embeddable":true,"href":"https:\/\/www.upm.es\/recursosidi\/wp-json\/wp\/v2\/origen?post=12365"}],"curies":[{"name":"wp","href":"https:\/\/api.w.org\/{rel}","templated":true}]}}