{"id":12380,"date":"2024-10-03T02:29:30","date_gmt":"2024-10-03T00:29:30","guid":{"rendered":"https:\/\/www.upm.es\/recursosidi\/offers-resources\/sin%20categor\u00eda\/patinete-plegable\/"},"modified":"2025-03-27T03:01:44","modified_gmt":"2025-03-27T02:01:44","slug":"patinete-plegable","status":"publish","type":"product","link":"https:\/\/www.upm.es\/recursosidi\/offers-resources\/patentes\/patinete-plegable\/","title":{"rendered":"Patinete plegable"},"content":{"rendered":"<h5>Descripci\u00f3n de la patente <\/h5>\n<p>Resumen:<br \/>Patinete plegable con posibilidad de plegado<br \/>mediante el deslizamiento de un m&oacute;dulo posterior (13)<br \/>del patinete, en el que se encuentra situada una<br \/>rueda (3) trasera, con respecto al cuerpo (1) del<br \/>patinete. Mediante el movimiento de este m&oacute;dulo<br \/>posterior (13) respecto al cuerpo (1) del patinete, se<br \/>consigue ampliar o reducir la distancia entre ejes de<br \/>las ruedas (3), consiguiendo en este segundo caso<br \/>una reducci&oacute;n del tama&ntilde;o del conjunto. Tambi&eacute;n se<br \/>incluyen funcionalidades ergon&oacute;micas como el ajuste<br \/>del &aacute;ngulo del manillar (7) para mejorar la posici&oacute;n de<br \/>manejo en base a las preferencias de los usuarios.<\/p>\n<h5>Situaci\u00f3n <\/h5>\n<p>Concedida<\/p>\n<h5>N\u00famero de solicitud<\/h5>\n<p>U202431990<\/p>\n<h5>N\u00famero de publicaci\u00f3n<\/h5>\n<p>ES2980513A1<\/p>\n<h5>Fecha de presentaci\u00f3n <\/h5>\n<p>24\/06\/2024<\/p>\n<h5>Fecha de publicaci\u00f3n <\/h5>\n<p>27\/12\/2024<\/p>\n<h5>Fecha de concesi\u00f3n <\/h5>\n<p>14\/03\/2025<\/p>\n<div class=\"pdfprnt-buttons pdfprnt-buttons-product pdfprnt-bottom-left\"><a href=\"https:\/\/www.upm.es\/recursosidi\/wp-json\/wp\/v2\/product\/12380?print=pdf\" class=\"pdfprnt-button pdfprnt-button-pdf\" target=\"_blank\"><span class=\"pdfprnt-button-title pdfprnt-button-pdf-title\">Descargar ficha<\/span><\/a><\/div>","protected":false},"excerpt":{"rendered":"<p>Descripci\u00f3n de la patente Resumen:Patinete plegable con posibilidad de plegadomediante el deslizamiento de un m&oacute;dulo posterior (13)del patinete, en el que se encuentra situada unarueda&hellip;<\/p>\n","protected":false},"featured_media":0,"template":"","meta":{"_acf_changed":false},"product_cat":[3946],"product_tag":[],"comunidades-upm":[],"quien":[],"mapa":[{"term_id":122,"name":"Salud y bienestar","slug":"salud-y-bienestar","term_group":0,"term_taxonomy_id":122,"taxonomy":"mapa","description":"","parent":0,"count":105,"filter":"raw","term_order":"17"}],"disponibilidad":[],"donde":[{"term_id":498,"name":"Dise\u00f1o y fabricaci\u00f3n industrial","slug":"diseno-y-fabricacion-industrial","term_group":0,"term_taxonomy_id":498,"taxonomy":"donde","description":"","parent":0,"count":18,"filter":"raw","term_order":"0"}],"infraestructura":[],"ods":[],"origen":[{"term_id":180,"name":"Patente","slug":"patente","term_group":0,"term_taxonomy_id":180,"taxonomy":"origen","description":"","parent":0,"count":614,"filter":"raw","term_order":"0"}],"familia_tax":false,"quien_tax":false,"donde_tax":false,"year":"","contacto":"<strong>Principales: <\/strong><ul><li>Juan David Cano Moreno <blockquote><strong>juandavid.cano@upm.es<\/strong><\/blockquote><\/li><li>Francisca Victoria S\u00e1nchez Mart\u00ednez <blockquote><strong>franciscavictoria.sanchez@upm.es<\/strong><\/blockquote><\/li><\/ul><strong>Otros investigadores UPM: <\/strong><ul><li>IGNACIO P\u00c9REZ DELGADO E.T.S. de Ingenier\u00eda y Dise\u00f1o Industrial<\/li><\/ul>","telefono":"","pagina_web":"","email":"","id_ficha_portal":"2028","video":"","adjuntos":false,"adjuntos_portal":"https:\/\/www.upm.es\/S2i\/Acuse\/recuperarArchivo.jsp?id=2028&id_archivo=14865&tipo=patente&extension=fichero ;https:\/\/www.upm.es\/S2i\/Acuse\/recuperarArchivo.jsp?id=2028&id_archivo=15103&tipo=patente&extension=fichero ","inf":false,"departamento":"","acf":[],"lang":"es","translation":{"es":12380},"_links":{"self":[{"href":"https:\/\/www.upm.es\/recursosidi\/wp-json\/wp\/v2\/product\/12380"}],"collection":[{"href":"https:\/\/www.upm.es\/recursosidi\/wp-json\/wp\/v2\/product"}],"about":[{"href":"https:\/\/www.upm.es\/recursosidi\/wp-json\/wp\/v2\/types\/product"}],"wp:attachment":[{"href":"https:\/\/www.upm.es\/recursosidi\/wp-json\/wp\/v2\/media?parent=12380"}],"wp:term":[{"taxonomy":"product_cat","embeddable":true,"href":"https:\/\/www.upm.es\/recursosidi\/wp-json\/wp\/v2\/product_cat?post=12380"},{"taxonomy":"product_tag","embeddable":true,"href":"https:\/\/www.upm.es\/recursosidi\/wp-json\/wp\/v2\/product_tag?post=12380"},{"taxonomy":"comunidad_upm","embeddable":true,"href":"https:\/\/www.upm.es\/recursosidi\/wp-json\/wp\/v2\/comunidades-upm?post=12380"},{"taxonomy":"quien","embeddable":true,"href":"https:\/\/www.upm.es\/recursosidi\/wp-json\/wp\/v2\/quien?post=12380"},{"taxonomy":"mapa","embeddable":true,"href":"https:\/\/www.upm.es\/recursosidi\/wp-json\/wp\/v2\/mapa?post=12380"},{"taxonomy":"disponibilidad","embeddable":true,"href":"https:\/\/www.upm.es\/recursosidi\/wp-json\/wp\/v2\/disponibilidad?post=12380"},{"taxonomy":"donde","embeddable":true,"href":"https:\/\/www.upm.es\/recursosidi\/wp-json\/wp\/v2\/donde?post=12380"},{"taxonomy":"infraestructura","embeddable":true,"href":"https:\/\/www.upm.es\/recursosidi\/wp-json\/wp\/v2\/infraestructura?post=12380"},{"taxonomy":"ods","embeddable":true,"href":"https:\/\/www.upm.es\/recursosidi\/wp-json\/wp\/v2\/ods?post=12380"},{"taxonomy":"origen","embeddable":true,"href":"https:\/\/www.upm.es\/recursosidi\/wp-json\/wp\/v2\/origen?post=12380"}],"curies":[{"name":"wp","href":"https:\/\/api.w.org\/{rel}","templated":true}]}}