{"id":12381,"date":"2024-10-05T02:29:32","date_gmt":"2024-10-05T00:29:32","guid":{"rendered":"https:\/\/www.upm.es\/recursosidi\/offers-resources\/sin%20categor\u00eda\/dispositivo-de-transferencia-de-energia-y-comunicaciones-mediante-flujo-magnetico\/"},"modified":"2024-10-10T02:48:39","modified_gmt":"2024-10-10T00:48:39","slug":"dispositivo-de-transferencia-de-energia-y-comunicaciones-mediante-flujo-magnetico","status":"publish","type":"product","link":"https:\/\/www.upm.es\/recursosidi\/offers-resources\/patentes\/dispositivo-de-transferencia-de-energia-y-comunicaciones-mediante-flujo-magnetico\/","title":{"rendered":"DISPOSITIVO DE TRANSFERENCIA DE ENERG\u00cdA Y COMUNICACIONES MEDIANTE FLUJO MAGN\u00c9TICO"},"content":{"rendered":"<h5>Descripci\u00f3n de la patente <\/h5>\n<p>Resumen:<br \/>Dispositivo de transferencia de energ&iacute;a y<br \/>comunicaciones mediante flujo magn&eacute;tico.<br \/>La invenci&oacute;n se refiere a un dispositivo de<br \/>transferencia de energ&iacute;a y comunicaciones, que<br \/>comprende un primer elemento y un segundo<br \/>elemento. El primer elemento comprende un primer<br \/>generador de potencia, un primer elemento<br \/>ferromagn&eacute;tico, un primer bobinado de emisi&oacute;n<br \/>conectado con el primer generador de potencia y<br \/>enrollado alrededor del primer elemento<br \/>ferromagn&eacute;tico. El primer generador de potencia est&aacute;<br \/>configurado para generar potencia el&eacute;ctrica con una<br \/>frecuencia y ciclo de trabajo variables. El segundo<br \/>elemento comprende un segundo elemento<br \/>ferromagn&eacute;tico, un primer circuito rectificador, una<br \/>primera carga conectada a la salida del primer circuito<br \/>rectificador y un primer bobinado de recepci&oacute;n<br \/>conectado con el circuito rectificador y enrollado<br \/>alrededor del segundo elemento ferromagn&eacute;tico. El<br \/>primer elemento ferromagn&eacute;tico y el segundo<br \/>elemento ferromagn&eacute;tico est&aacute;n configurados para<br \/>disponerse en contacto de modo que el flujo<br \/>magn&eacute;tico generado en el primer elemento<br \/>ferromagn&eacute;tico se transfiera al segundo elemento<br \/>ferromagn&eacute;tico. El primer generador de potencia est&aacute;<br \/>configurado para generar una se&ntilde;al el&eacute;ctrica cuya<br \/>frecuencia y ciclo de trabajo depende de la demanda<br \/>recibida de la primera carga.<\/p>\n<h5>Situaci\u00f3n <\/h5>\n<p>Presentada<\/p>\n<h5>N\u00famero de solicitud<\/h5>\n<p>P202330012<\/p>\n<h5>N\u00famero de publicaci\u00f3n<\/h5>\n<p>ES2980701A1<\/p>\n<h5>Fecha de presentaci\u00f3n <\/h5>\n<p>11\/01\/2023<\/p>\n<h5>Fecha de publicaci\u00f3n <\/h5>\n<p>02\/10\/2024<\/p>\n<h4><strong>Extensiones Internacionales<\/strong><\/h4>\n<h5>PCT<\/h5>\n<p><strong>Referencia de la solicitud: <\/strong>PCT\/ES2024\/070016<br \/><strong>T\u00edtulo: <\/strong>DISPOSITIVO DE TRANSFERENCIA DE ENERG\u00cdA Y COMUNICACIONES MEDIANTE CONTROL AS\u00cdNCRONO DE FLUJO MAGN\u00c9TICO<\/p>\n<div class=\"pdfprnt-buttons pdfprnt-buttons-product pdfprnt-bottom-left\"><a href=\"https:\/\/www.upm.es\/recursosidi\/wp-json\/wp\/v2\/product\/12381?print=pdf\" class=\"pdfprnt-button pdfprnt-button-pdf\" target=\"_blank\"><span class=\"pdfprnt-button-title pdfprnt-button-pdf-title\">Descargar ficha<\/span><\/a><\/div>","protected":false},"excerpt":{"rendered":"<p>Descripci\u00f3n de la patente Resumen:Dispositivo de transferencia de energ&iacute;a ycomunicaciones mediante flujo magn&eacute;tico.La invenci&oacute;n se refiere a un dispositivo detransferencia de energ&iacute;a y comunicaciones, quecomprende&hellip;<\/p>\n","protected":false},"featured_media":0,"template":"","meta":{"_acf_changed":false},"product_cat":[3946],"product_tag":[],"comunidades-upm":[],"quien":[],"mapa":[],"disponibilidad":[],"donde":[{"term_id":42,"name":"UPM","slug":"upm","term_group":0,"term_taxonomy_id":42,"taxonomy":"donde","description":"Universidad Polit\u00e9cnica de Madrid\r\nHTML \"Lorem ipsum dolor sit amet, consectetur adipiscing elit, sed do eiusmod tempor incididunt ut labore et dolore magna aliqua. Ut enim ad minim veniam, quis nostrud exercitation ullamco laboris nisi ut aliquip ex ea commodo consequat. Duis aute irure dolor in reprehenderit in voluptate velit esse cillum dolore eu fugiat nulla pariatur. Excepteur sint occaecat cupidatat non proident, sunt in culpa qui officia deserunt mollit anim id est laborum.\"","parent":0,"count":146,"filter":"raw","term_order":"0"}],"infraestructura":[],"ods":[],"origen":[{"term_id":180,"name":"Patente","slug":"patente","term_group":0,"term_taxonomy_id":180,"taxonomy":"origen","description":"","parent":0,"count":614,"filter":"raw","term_order":"0"}],"familia_tax":false,"quien_tax":false,"donde_tax":false,"year":"","contacto":"<ul><li><blockquote><strong>otri.investigacion@upm.es<\/strong><\/blockquote><\/li><\/ul>","telefono":"","pagina_web":"","email":"","id_ficha_portal":"1840","video":"","adjuntos":false,"adjuntos_portal":"","inf":false,"departamento":"","acf":[],"lang":"es","translation":{"es":12381},"_links":{"self":[{"href":"https:\/\/www.upm.es\/recursosidi\/wp-json\/wp\/v2\/product\/12381"}],"collection":[{"href":"https:\/\/www.upm.es\/recursosidi\/wp-json\/wp\/v2\/product"}],"about":[{"href":"https:\/\/www.upm.es\/recursosidi\/wp-json\/wp\/v2\/types\/product"}],"wp:attachment":[{"href":"https:\/\/www.upm.es\/recursosidi\/wp-json\/wp\/v2\/media?parent=12381"}],"wp:term":[{"taxonomy":"product_cat","embeddable":true,"href":"https:\/\/www.upm.es\/recursosidi\/wp-json\/wp\/v2\/product_cat?post=12381"},{"taxonomy":"product_tag","embeddable":true,"href":"https:\/\/www.upm.es\/recursosidi\/wp-json\/wp\/v2\/product_tag?post=12381"},{"taxonomy":"comunidad_upm","embeddable":true,"href":"https:\/\/www.upm.es\/recursosidi\/wp-json\/wp\/v2\/comunidades-upm?post=12381"},{"taxonomy":"quien","embeddable":true,"href":"https:\/\/www.upm.es\/recursosidi\/wp-json\/wp\/v2\/quien?post=12381"},{"taxonomy":"mapa","embeddable":true,"href":"https:\/\/www.upm.es\/recursosidi\/wp-json\/wp\/v2\/mapa?post=12381"},{"taxonomy":"disponibilidad","embeddable":true,"href":"https:\/\/www.upm.es\/recursosidi\/wp-json\/wp\/v2\/disponibilidad?post=12381"},{"taxonomy":"donde","embeddable":true,"href":"https:\/\/www.upm.es\/recursosidi\/wp-json\/wp\/v2\/donde?post=12381"},{"taxonomy":"infraestructura","embeddable":true,"href":"https:\/\/www.upm.es\/recursosidi\/wp-json\/wp\/v2\/infraestructura?post=12381"},{"taxonomy":"ods","embeddable":true,"href":"https:\/\/www.upm.es\/recursosidi\/wp-json\/wp\/v2\/ods?post=12381"},{"taxonomy":"origen","embeddable":true,"href":"https:\/\/www.upm.es\/recursosidi\/wp-json\/wp\/v2\/origen?post=12381"}],"curies":[{"name":"wp","href":"https:\/\/api.w.org\/{rel}","templated":true}]}}