{"id":12388,"date":"2024-11-22T10:30:54","date_gmt":"2024-11-22T09:30:54","guid":{"rendered":"https:\/\/www.upm.es\/recursosidi\/offers-resources\/sin categor\u00eda\/control-de-movimientos-del-terreno-infraestructuras-y-obras-civiles-con-teledeteccion-dinsar\/"},"modified":"2024-11-22T10:30:54","modified_gmt":"2024-11-22T09:30:54","slug":"control-de-movimientos-del-terreno-infraestructuras-y-obras-civiles-con-teledeteccion-dinsar","status":"publish","type":"product","link":"https:\/\/www.upm.es\/recursosidi\/offers-resources\/servicios-cientifico-tecnologico\/servicios-servicios-cientifico-tecnologico\/control-de-movimientos-del-terreno-infraestructuras-y-obras-civiles-con-teledeteccion-dinsar\/","title":{"rendered":"Control de movimientos del terreno, infraestructuras y obras civiles con teledetecci\u00f3n DInSAR"},"content":{"rendered":"<p>Servicio tecnol&oacute;gico desarrollado con la tecnolog&iacute;a DInSAR satelital para monitorizar los procesos de deformaci&oacute;n del terreno y las estructuras <strong>en grandes &aacute;reas<\/strong> con <strong>alta resoluci&oacute;n espacial y precisi&oacute;n <\/strong>(1 mm\/a&ntilde;o en velocidades).<\/p>\n<p>Los datos de origen son <strong>im&aacute;genes SAR en banda-C<\/strong> de la constelaci&oacute;n de sat&eacute;lites <strong><em>Sentinel-1A y Sentinel-1B<\/em> del <em>Programa Copernicus<\/em><\/strong> de la Uni&oacute;n Europea. Los sat&eacute;lites <em>Sentinel-1<\/em> est&aacute;n equipados con un radar de apertura sint&eacute;tica (SAR) de onda microondas que opera en banda C. Los <em>Sentinel-1<\/em> realizan una &oacute;rbita polar, helio-s&iacute;ncrona, a una altitud de 693 km. Un solo sat&eacute;lite <em>Sentinel-1<\/em> cartograf&iacute;a el planeta completo en el modo de adquisici&oacute;n IW <strong>cada 12 d&iacute;as<\/strong>. La constelaci&oacute;n de dos sat&eacute;lites ofrece un ciclo de repetici&oacute;n de 6 d&iacute;as en el Ecuador.<\/p>\n<p>El servicio proporciona una nube de puntos de las que se ha calculado la serie temporal de deformaciones en el per&iacute;odo analizado. El servicio est&aacute; disponible en todo el planeta. Adicionalmente se puede proporcionar un visor web que analiza de forma visual e interactiva las series temporales de movimientos del terreno e infraestructuras facilitando la interpretaci&oacute;n de resultados y la toma de decisiones.<\/p>\n<p class=\"\">&nbsp;Se distinguen <strong>dos niveles de servicio:<\/strong><\/p>\n<h4 class=\"\">An&aacute;lisis hist&oacute;rico<\/h4>\n<p>Se genera, para el &aacute;rea de estudio, la <strong>nube de puntos DInSAR con la serie hist&oacute;rica de movimientos del terreno para un periodo de al menos 4 a&ntilde;os<\/strong> a partir de la fecha en la que hay im&aacute;genes disponibles (S1A 2014 y S1B 2016). El an&aacute;lisis hist&oacute;rico tiene una gran importancia ya que constituye la l&iacute;nea base para el posterior seguimiento continuo de las deformaciones y la generaci&oacute;n de alertas.<\/p>\n<h4 class=\"\">Actualizaciones de la serie temporal de movimientos del terreno<\/h4>\n<p>Las <strong>series temporales de movimientos del terreno se actualizan con la frecuencia disponible (12 d&iacute;as en la actualidad) durante el periodo de obra<\/strong> incluyendo las &uacute;ltimas adquisiciones del sat&eacute;lite S1A en ambas geometr&iacute;as.<\/p>\n<hr \/>\n<h4 class=\"\">Descripci&oacute;n del equipamiento<\/h4>\n<p>El Laboratorio de Topograf&iacute;a y Geom&aacute;tica se integra en el Departamento de Ingenier&iacute;a y Morfolog&iacute;a del Terreno de Caminos UPM. Para el procesamiento DInSAR se cuenta con cinco servidores inform&aacute;ticos con altas capacidades de RAM y procesador.<\/p>\n<hr \/>\n<h4 class=\"\">Necesidades demandadas y aplicaciones<\/h4>\n<p>Las aplicaciones son m&uacute;ltiples, desde la monitorizaci&oacute;n de ciudades (Smart Cities) e infraestructuras (gemelos digitales), hasta el control de presas, balsas, taludes, obras de tunelaci&oacute;n, acu&iacute;feros, minas, canteras, puertos,&hellip;.<\/p>\n<hr \/>\n<h4 class=\"\">Sector o &aacute;rea de aplicaci&oacute;n<\/h4>\n<p>Ingenier&iacute;a Civil, Construcci&oacute;n, Geotecnia, Ingenier&iacute;a Minera, Prospecci&oacute;n de petr&oacute;leo y gas, gesti&oacute;n de acu&iacute;feros, Riesgo S&iacute;smico, Control de presas, &hellip;.<\/p>\n<hr \/>\n<h4 class=\"\">Competencias diferenciales<\/h4>\n<p>La <strong>tecnolog&iacute;a DInSAR supone una oportunidad<\/strong> en i) <strong>ahorro de costes en instrumentaci&oacute;n<\/strong>, ya que permite adelantar la retirada de la instrumentaci&oacute;n en la fase de seguimiento durante y post-construcci&oacute;n; &nbsp;ii) el <strong>control de la infraestructura a largo plazo<\/strong>, debido a su bajo coste es posible monitorizar un &aacute;rea a largo plazo, incluso durante <strong>todo el ciclo de vida de la infraestructura<\/strong>. Este segundo aspecto tiene un impacto claro en la mejora de los procesos de mantenimiento preventivo de la infraestructura.&nbsp; La <strong>herramienta-visor web centraliza toda la informaci&oacute;n<\/strong> generada durante el proyecto. Los usuarios autorizados por la obra pueden recibir alertas generadas en cada actualizaci&oacute;n de la serie temporal e ir profundizando en las diferentes capas de informaci&oacute;n, desde el &ldquo;warning&rdquo; hasta el dato bruto pasando por las predicciones e &iacute;ndices que desencadenan la alerta. La herramienta web<strong> permite integrar de forma &aacute;gil<\/strong> cualquier informaci&oacute;n de obra que se considere relevante.<\/p>\n<hr \/>\n<h4 class=\"\">Referencias previas de prestaci&oacute;n<\/h4>\n<p>La t&eacute;cnica DInSAR ha sido validada por el Laboratorio de Topograf&iacute;a y Geom&aacute;tica, con referencias publicadas en revistas cient&iacute;ficas, como las siguientes:<\/p>\n<p><strong>1. Afectaci&oacute;n por la tunelaci&oacute;n de la M-30 en Madrid<\/strong><\/p>\n<blockquote>\n<p>Sillerico E., P. Ezquerro, M. Marchamalo, G. Herrera, J. Duro, R. Mart&iacute;nez. 2015. <strong>Monitoring ground subsidence in urban environments: M-30 tunnels under Madrid City (Spain)<\/strong>. Ingenier&iacute;a e Investigaci&oacute;n Volumen:&nbsp; 35(2)&nbsp;&nbsp;&nbsp;<\/p>\n<p>AJ Garc&iacute;a, M Marchamalo, R Mart&iacute;nez, B Gonz&aacute;lez-Rodrigo, C Gonz&aacute;lez. 2019 <strong>Integrating geotechnical and SAR data for the monitoring of underground works in the Madrid urban area: Application of the Persistent Scatterer Interferometry technique<\/strong>. International Journal of Applied Earth Observation and Geoinformation 74, 27-36.<strong> <\/strong><\/p>\n<\/blockquote>\n<p><strong>2. Control del acu&iacute;fero de Fuencarral (Madrid) <\/strong><\/p>\n<blockquote>\n<p>Ezquerro, Pablo; Herrera, Gerardo; March&#8230; et al;. Marchamalo, Miguel (3\/6). 2014. <strong>A quasi-elastic aquifer deformational behavior: Madrid aquifer case study. <\/strong>Journal of Hydrology. 519 (PA): 1192- 1204. ISSN\/ISBN: 00221694. <a href=\"https:\/\/doi.org\/10.1016\/j.jhydrol.2014.08.040\">https:\/\/doi.org\/10.1016\/j.jhydrol.2014.08.040<\/a><\/p>\n<p>B&eacute;jar-Pizarro, M., Ezquerro, P., Herrera, G., Tom&aacute;s, R., Guardiola-Albert, C., Ruiz Hern&aacute;ndez, J.M., Fern&aacute;ndez Merodo, J.A., Marchamalo, M., Mart&iacute;nez, R.,<strong> Mapping groundwater level and aquifer storage variations from InSAR measurements in the Madrid aquifer, Central Spain,<\/strong> Journal of Hydrology (2017), doi: <a href=\"http:\/\/dx.doi.org\/10.1016\/j.jhydrol.2017.02.011\">http:\/\/dx.doi.org\/10.1016\/j.jhydrol.2017.02.011<\/a><\/p>\n<\/blockquote>\n<p><strong>3. Control de los edificios afectados por t&uacute;neles ferroviarios y obras de Metro en Madrid<\/strong><\/p>\n<blockquote>\n<p>Garcia AJ; Gonz&aacute;lez-Rodrigo B; Martinez &#8230; et al;. Marchamalo M (5\/5). 2021. B<strong>uilding<\/strong><strong> health monitoring in the old town of Madrid: applicability of SAR Imagery to the monitoring of underground works through classification indexes<\/strong>. International Journal of Digital Earth. 14 (3): 271-287. ISSN\/ISBN: 17538947. <a href=\"https:\/\/doi.org\/10.1080\/17538947.2020.1815878\">https:\/\/doi.org\/10.1080\/17538947.2020.1815878<\/a><\/p>\n<\/blockquote>\n<p><strong>4. Control de presas de materiales sueltos<\/strong><\/p>\n<blockquote>\n<p>Ruiz-Armenteros A; Lazecky M; Hlav&aacute;&iquest;ov&aacute; &#8230; et al;. Marchamalo M (8\/11). 2018. <strong>Deformation monitoring of dam infrastructures via spaceborne MT-InSAR. The case of La Vi&ntilde;uela (M&aacute;laga, southern Spain).<\/strong> Procedia Computer Science. 138346-353. ISSN\/ISBN: 00002010.<\/p>\n<\/blockquote>\n<p>&nbsp;<\/p>\n<h4 class=\"\">Solicitud del servicio:&nbsp;Contactad por correo electr&oacute;nico.<\/h4>\n<div class=\"pdfprnt-buttons pdfprnt-buttons-product pdfprnt-bottom-left\"><a href=\"https:\/\/www.upm.es\/recursosidi\/wp-json\/wp\/v2\/product\/12388?print=pdf\" class=\"pdfprnt-button pdfprnt-button-pdf\" target=\"_blank\"><span class=\"pdfprnt-button-title pdfprnt-button-pdf-title\">Descargar ficha<\/span><\/a><\/div>","protected":false},"excerpt":{"rendered":"<p>Servicio tecnol\u00f3gico desarrollado con la tecnolog\u00eda DInSAR satelital para monitorizar los procesos de deformaci\u00f3n del terreno y las estructuras en grandes \u00e1reas con alta resoluci\u00f3n espacial y precisi\u00f3n (1 mm\/a\u00f1o en velocidades).<\/p>\n","protected":false},"featured_media":12387,"template":"","meta":{"_acf_changed":false},"product_cat":[2395],"product_tag":[8901],"comunidades-upm":[],"quien":[],"mapa":[{"term_id":128,"name":"Espacio y Observaci\u00f3n de la Tierra","slug":"espacio-observacion_tierra","term_group":0,"term_taxonomy_id":128,"taxonomy":"mapa","description":"","parent":0,"count":19,"filter":"raw","term_order":"12"},{"term_id":126,"name":"Tecnolog\u00edas digitales, Inteligencia Artificial, ciberseguridad, 5G, rob\u00f3tica","slug":"tecnologias_digitales-ai-ciberseguridad-5g-robotica","term_group":0,"term_taxonomy_id":126,"taxonomy":"mapa","description":"","parent":0,"count":194,"filter":"raw","term_order":"23"}],"disponibilidad":[{"term_id":204,"name":"Disponible","slug":"disponible","term_group":0,"term_taxonomy_id":204,"taxonomy":"disponibilidad","description":"","parent":0,"count":110,"filter":"raw","term_order":"0"}],"donde":[{"term_id":10701,"name":"Advanced Geomatics Applications","slug":"en_advanced-geomatics-applications-es","term_group":0,"term_taxonomy_id":10701,"taxonomy":"donde","description":"","parent":0,"count":1,"filter":"raw","term_order":"0"},{"term_id":3815,"name":"Aplicaciones Geom\u00e1ticas Avanzadas","slug":"aplicaciones-geomaticas-avanzadas","term_group":0,"term_taxonomy_id":3815,"taxonomy":"donde","description":"","parent":0,"count":4,"filter":"raw","term_order":"0"}],"infraestructura":[],"ods":[{"term_id":2239,"name":"Ciudades y Comunidades Sostenibles","slug":"ciudades-y-comunidades-sostenibles","term_group":0,"term_taxonomy_id":2239,"taxonomy":"ods","description":"","parent":0,"count":43,"filter":"raw","term_order":"0"},{"term_id":2247,"name":"Industria, Innovaci\u00f3n e Infraestructura","slug":"industria-innovacion-e-infraestructura","term_group":0,"term_taxonomy_id":2247,"taxonomy":"ods","description":"","parent":0,"count":171,"filter":"raw","term_order":"0"}],"origen":[{"term_id":196,"name":"Infraestructuras, Instalaci\u00f3n, Equipo","slug":"infraestructuras","term_group":0,"term_taxonomy_id":196,"taxonomy":"origen","description":"","parent":0,"count":180,"filter":"raw","term_order":"0"}],"familia_tax":false,"quien_tax":false,"donde_tax":false,"year":"2020-01-01","contacto":"Avda. Profesor Aranguren, n\u00ba 3","telefono":"625919696","pagina_web":"http:\/\/www2.caminos.upm.es\/Departamentos\/imt\/Topografia\/topo.html","email":"miguel.marchamalos@upm.es","id_ficha_portal":"435","video":"https:\/\/youtu.be\/ipr5ev-WTno","adjuntos":false,"adjuntos_portal":"","inf":false,"departamento":"","acf":[],"lang":"es","translation":{"es":12388},"_links":{"self":[{"href":"https:\/\/www.upm.es\/recursosidi\/wp-json\/wp\/v2\/product\/12388"}],"collection":[{"href":"https:\/\/www.upm.es\/recursosidi\/wp-json\/wp\/v2\/product"}],"about":[{"href":"https:\/\/www.upm.es\/recursosidi\/wp-json\/wp\/v2\/types\/product"}],"wp:featuredmedia":[{"embeddable":true,"href":"https:\/\/www.upm.es\/recursosidi\/wp-json\/wp\/v2\/media\/12387"}],"wp:attachment":[{"href":"https:\/\/www.upm.es\/recursosidi\/wp-json\/wp\/v2\/media?parent=12388"}],"wp:term":[{"taxonomy":"product_cat","embeddable":true,"href":"https:\/\/www.upm.es\/recursosidi\/wp-json\/wp\/v2\/product_cat?post=12388"},{"taxonomy":"product_tag","embeddable":true,"href":"https:\/\/www.upm.es\/recursosidi\/wp-json\/wp\/v2\/product_tag?post=12388"},{"taxonomy":"comunidad_upm","embeddable":true,"href":"https:\/\/www.upm.es\/recursosidi\/wp-json\/wp\/v2\/comunidades-upm?post=12388"},{"taxonomy":"quien","embeddable":true,"href":"https:\/\/www.upm.es\/recursosidi\/wp-json\/wp\/v2\/quien?post=12388"},{"taxonomy":"mapa","embeddable":true,"href":"https:\/\/www.upm.es\/recursosidi\/wp-json\/wp\/v2\/mapa?post=12388"},{"taxonomy":"disponibilidad","embeddable":true,"href":"https:\/\/www.upm.es\/recursosidi\/wp-json\/wp\/v2\/disponibilidad?post=12388"},{"taxonomy":"donde","embeddable":true,"href":"https:\/\/www.upm.es\/recursosidi\/wp-json\/wp\/v2\/donde?post=12388"},{"taxonomy":"infraestructura","embeddable":true,"href":"https:\/\/www.upm.es\/recursosidi\/wp-json\/wp\/v2\/infraestructura?post=12388"},{"taxonomy":"ods","embeddable":true,"href":"https:\/\/www.upm.es\/recursosidi\/wp-json\/wp\/v2\/ods?post=12388"},{"taxonomy":"origen","embeddable":true,"href":"https:\/\/www.upm.es\/recursosidi\/wp-json\/wp\/v2\/origen?post=12388"}],"curies":[{"name":"wp","href":"https:\/\/api.w.org\/{rel}","templated":true}]}}