{"id":12389,"date":"2024-12-06T02:28:09","date_gmt":"2024-12-06T01:28:09","guid":{"rendered":"https:\/\/www.upm.es\/recursosidi\/offers-resources\/sin%20categor\u00eda\/acumulador-y-convertidor-de-energia-solar-termica-2\/"},"modified":"2026-02-05T03:19:59","modified_gmt":"2026-02-05T02:19:59","slug":"acumulador-y-convertidor-de-energia-solar-termica-2","status":"publish","type":"product","link":"https:\/\/www.upm.es\/recursosidi\/offers-resources\/patentes\/acumulador-y-convertidor-de-energia-solar-termica-2\/","title":{"rendered":"Acumulador y convertidor de energ\u00eda solar t\u00e9rmica"},"content":{"rendered":"<h5>Descripci\u00f3n de la patente <\/h5>\n<p>Resumen:<br \/>Un acumulador y convertidor de energ&iacute;a solar t&eacute;rmica<br \/>comprende al menos una vasija (11) hueca, rellenada<br \/>con un material de cambio de fase (12), que forman<br \/>cavidades cil&iacute;ndricas (13) huecas alrededor de una<br \/>cavidad rectangular (15) hueca, un absorbedor solar<br \/>(14), dispuesto en una posici&oacute;n fija, se introduce en<br \/>una cavidad cil&iacute;ndrica (13) y un generador<br \/>termofotovoltaico (16) se introduce en la cavidad<br \/>rectangular (15), la vasija (11), el generador<br \/>termofotovoltaico (16) y el absorbedor solar (14) fijo<br \/>est&aacute;n alineados seg&uacute;n un eje horizontal del<br \/>acumulador y convertidor, si el generador<br \/>termofotovoltaico (16) se desplaza verticalmente<br \/>alej&aacute;ndose de la vasija (11) y del absorbedor solar<br \/>(14) fijo, el absorbedor solar (14) transfiere energ&iacute;a<br \/>t&eacute;rmica a la vasija (11), si la vasija (11) se desplaza<br \/>verticalmente aline&aacute;ndose en la posici&oacute;n alcanzada<br \/>por el generador termofotovoltaico (16), la vasija (11)<br \/>transfiere energ&iacute;a al generador termofotovoltaico (16)<br \/>y si el generador termofotovoltaico (16) se desplaza<br \/>alej&aacute;ndose de la posici&oacute;n alcanzada por la vasija (11),<br \/>se evita el intercambio de energ&iacute;a t&eacute;rmica entre el<br \/>absorbedor solar (14) el generador termofotovoltaico<br \/>(6) y la vasija (11), almacen&aacute;ndose energ&iacute;a t&eacute;rmica<br \/>en la vasija (11).<\/p>\n<h5>Situaci\u00f3n <\/h5>\n<p>Concedida<\/p>\n<h5>N\u00famero de solicitud<\/h5>\n<p>P202430621<\/p>\n<h5>N\u00famero de publicaci\u00f3n<\/h5>\n<p>ES2991113<\/p>\n<h5>Fecha de presentaci\u00f3n <\/h5>\n<p>22\/07\/2024<\/p>\n<h5>Fecha de publicaci\u00f3n <\/h5>\n<p>02\/12\/2024<\/p>\n<h5>Fecha de concesi\u00f3n <\/h5>\n<p>07\/07\/2025<\/p>\n<h4><strong>Extensiones Internacionales<\/strong><\/h4>\n<h5>PCT<\/h5>\n<p><strong>Referencia de la solicitud: <\/strong>PCT\/ES2025\/070420<br \/>\nWO2026022410<br \/><strong>T\u00edtulo: <\/strong>Acumulador y convertidor de energ\u00eda solar t\u00e9rmica<\/p>\n<div class=\"pdfprnt-buttons pdfprnt-buttons-product pdfprnt-bottom-left\"><a href=\"https:\/\/www.upm.es\/recursosidi\/wp-json\/wp\/v2\/product\/12389?print=pdf\" class=\"pdfprnt-button pdfprnt-button-pdf\" target=\"_blank\"><span class=\"pdfprnt-button-title pdfprnt-button-pdf-title\">Descargar ficha<\/span><\/a><\/div>","protected":false},"excerpt":{"rendered":"<p>Descripci\u00f3n de la patente Resumen:Un acumulador y convertidor de energ&iacute;a solar t&eacute;rmicacomprende al menos una vasija (11) hueca, rellenadacon un material de cambio de fase&hellip;<\/p>\n","protected":false},"featured_media":0,"template":"","meta":{"_acf_changed":false},"product_cat":[3946],"product_tag":[],"comunidades-upm":[],"quien":[],"mapa":[{"term_id":133,"name":"Clima, Energ\u00eda y Movilidad","slug":"clima-energia-movilidad","term_group":0,"term_taxonomy_id":133,"taxonomy":"mapa","description":"","parent":0,"count":129,"filter":"raw","term_order":"9"}],"disponibilidad":[],"donde":[{"term_id":236,"name":"Instituto de Energ\u00eda Solar (IES)","slug":"instituto-de-energia-solar-ies","term_group":0,"term_taxonomy_id":236,"taxonomy":"donde","description":"","parent":0,"count":41,"filter":"raw","term_order":"0"},{"term_id":432,"name":"Silicio y Nuevos Conceptos para C\u00e9lulas Solares","slug":"silicio-y-nuevos-conceptos-para-celulas-solares","term_group":0,"term_taxonomy_id":432,"taxonomy":"donde","description":"Uno de nuestros objetivos es el estudio de los l&iacute;mites de conversi&oacute;n de la energ&iacute;a solar fotovoltaica, con especial &eacute;nfasis en identificar mecanismos que puedan mejorar dr&aacute;sticamente el rendimiento actual de esta conversi&oacute;n. Entre &eacute;stos, promovemos las C&eacute;lulas Solares de Banda Intermedia, un &aacute;mbito de investigaci&oacute;n iniciado por nosotros que ha tenido mucha repercusi&oacute;n internacional.\n&nbsp;\nPor otro lado, la investigaci&oacute;n que realizamos tiene por objeto el apoyo a la industria espa&ntilde;ola y europea de c&eacute;lulas solares de silicio cristalino (que son la mayor&iacute;a de las presentes en el mercado), con objeto de abaratar costes y desarrollar nuevos productos.\n&nbsp;\nTodo esto lo llevamos a cabo a trav&eacute;s de tres l&iacute;neas de Investigaci&oacute;n:\n\nC&aacute;lculos cu&aacute;nticos para c&eacute;lulas solares\nNuevos conceptos en c&eacute;lulas solares\nTecnolog&iacute;a de silicio cristalino\n","parent":0,"count":17,"filter":"raw","term_order":"0"}],"infraestructura":[],"ods":[],"origen":[{"term_id":180,"name":"Patente","slug":"patente","term_group":0,"term_taxonomy_id":180,"taxonomy":"origen","description":"","parent":0,"count":614,"filter":"raw","term_order":"0"}],"familia_tax":false,"quien_tax":false,"donde_tax":false,"year":"","contacto":"<strong>Principales: <\/strong><ul><li>ALEJANDRO DATAS MEDINA <blockquote><strong>a.datas@upm.es<\/strong><\/blockquote><\/li><\/ul><strong>Otros inventores: <\/strong><ul><li>ThorstenDenk CIEMAT - Centro de Investigaciones Energ\u00e9ticas, Medioambientales y Tecnol\u00f3gicas (MEC - Ministerio de Educaci\u00f3n y Ciencia)<\/li> <\/ul>","telefono":"","pagina_web":"","email":"","id_ficha_portal":"2014","video":"","adjuntos":false,"adjuntos_portal":"https:\/\/www.upm.es\/S2i\/Acuse\/recuperarArchivo.jsp?id=2014&id_archivo=15483&tipo=patente&extension=fichero ","inf":false,"departamento":"","acf":[],"lang":"es","translation":{"es":12389},"_links":{"self":[{"href":"https:\/\/www.upm.es\/recursosidi\/wp-json\/wp\/v2\/product\/12389"}],"collection":[{"href":"https:\/\/www.upm.es\/recursosidi\/wp-json\/wp\/v2\/product"}],"about":[{"href":"https:\/\/www.upm.es\/recursosidi\/wp-json\/wp\/v2\/types\/product"}],"wp:attachment":[{"href":"https:\/\/www.upm.es\/recursosidi\/wp-json\/wp\/v2\/media?parent=12389"}],"wp:term":[{"taxonomy":"product_cat","embeddable":true,"href":"https:\/\/www.upm.es\/recursosidi\/wp-json\/wp\/v2\/product_cat?post=12389"},{"taxonomy":"product_tag","embeddable":true,"href":"https:\/\/www.upm.es\/recursosidi\/wp-json\/wp\/v2\/product_tag?post=12389"},{"taxonomy":"comunidad_upm","embeddable":true,"href":"https:\/\/www.upm.es\/recursosidi\/wp-json\/wp\/v2\/comunidades-upm?post=12389"},{"taxonomy":"quien","embeddable":true,"href":"https:\/\/www.upm.es\/recursosidi\/wp-json\/wp\/v2\/quien?post=12389"},{"taxonomy":"mapa","embeddable":true,"href":"https:\/\/www.upm.es\/recursosidi\/wp-json\/wp\/v2\/mapa?post=12389"},{"taxonomy":"disponibilidad","embeddable":true,"href":"https:\/\/www.upm.es\/recursosidi\/wp-json\/wp\/v2\/disponibilidad?post=12389"},{"taxonomy":"donde","embeddable":true,"href":"https:\/\/www.upm.es\/recursosidi\/wp-json\/wp\/v2\/donde?post=12389"},{"taxonomy":"infraestructura","embeddable":true,"href":"https:\/\/www.upm.es\/recursosidi\/wp-json\/wp\/v2\/infraestructura?post=12389"},{"taxonomy":"ods","embeddable":true,"href":"https:\/\/www.upm.es\/recursosidi\/wp-json\/wp\/v2\/ods?post=12389"},{"taxonomy":"origen","embeddable":true,"href":"https:\/\/www.upm.es\/recursosidi\/wp-json\/wp\/v2\/origen?post=12389"}],"curies":[{"name":"wp","href":"https:\/\/api.w.org\/{rel}","templated":true}]}}