{"id":12393,"date":"2025-01-15T12:25:50","date_gmt":"2025-01-15T11:25:50","guid":{"rendered":"https:\/\/www.upm.es\/recursosidi\/offers-resources\/sin categor\u00eda\/escaneado-laser-3d-inspeccion-con-drones-y-levantamiento-fotogrametrico\/"},"modified":"2025-01-15T12:35:32","modified_gmt":"2025-01-15T11:35:32","slug":"escaneado-laser-3d-inspeccion-con-drones-y-levantamiento-fotogrametrico","status":"publish","type":"product","link":"https:\/\/www.upm.es\/recursosidi\/offers-resources\/servicios-cientifico-tecnologico\/servicios-servicios-cientifico-tecnologico\/escaneado-laser-3d-inspeccion-con-drones-y-levantamiento-fotogrametrico\/","title":{"rendered":"Escaneado l\u00e1ser 3D, inspecci\u00f3n con drones y levantamiento fotogram\u00e9trico"},"content":{"rendered":"<h2 class=\"\">Servicio especializado para levantamiento l&aacute;ser, inspecci&oacute;n con drones y levantamiento fotogrametrico<\/h2>\n<h4 class=\"\">&nbsp;<\/h4>\n<hr \/>\n<p class=\"\">Servicio especializado para el levantamiento 3D de entornos complejos relacionados con la arquitectura e ingenieria a trav&eacute;s de escaneado l&aacute;ser, drones y levantamiento fotogram&eacute;trico.<\/p>\n<hr \/>\n<h4 class=\"\">Necesidades demandadas y aplicaciones<\/h4>\n<p class=\"\">Este servicio pretende cubrir todas aquellas demandas relacionadas con la digitalizaci&oacute;n 3D de bienes inmuebles y muebles as&iacute; como su posterior an&aacute;lisis gracias al equipo profesional implicado con expertos en arquitectura, edificaci&oacute;n y topograf&iacute;a.&nbsp;<\/p>\n<p class=\"\">Los productos ofertados van desde nubes de puntos 3D, documentaci&oacute;n as-built hasta el an&aacute;lisis derivado de los datos capturados, comprendiendo -entre otras cosas- an&aacute;lisis de deformaciones en forjados, f&aacute;bricas, arcos, b&oacute;vedas, seguimiento de obra, etc.<\/p>\n<hr \/>\n<h4 class=\"\">Sector o &aacute;rea de aplicaci&oacute;n<\/h4>\n<p class=\"\">Todos aquellos relacionados con la arquitectura e ingenieria<\/p>\n<hr \/>\n<h4 class=\"\">Competencias diferenciales<\/h4>\n<p class=\"\">Dos son las caracter&iacute;sticas diferenciadores de este servicio:&nbsp;<\/p>\n<p class=\"\">1\/ Las altas prestaciones del equipamiento empleado con sistemas de escaneado l&aacute;ser est&aacute;tico de alta precisi&oacute;n, equipo topogr&aacute;fico (GPS, Estaci&oacute;n Total), equipo para fotogrametr&iacute;a (con c&aacute;maras digitales calibradas de alta resoluci&oacute;n y drones)<\/p>\n<p class=\"\">2\/ Equipo multidisciplinar de amplia experiencia y con gran compromiso, compuesto por Doctores en Arquitectura, Arquitectos, Ingenieria de la Edificaci&oacute;n y en Topograf&iacute;a que conocen a la perfecci&oacute;n el potencial de la digitalizaci&oacute;n 3D y las necesidades para cada momento, adaptando as&iacute; el servicio a dichos fines.&nbsp;<\/p>\n<hr \/>\n<h4 class=\"\">Referencias previas de prestaci&oacute;n<\/h4>\n<p class=\"\">El personal que conforma el equipo cuenta con una amplia experiencia entre los que destacan los siguientes trabajos:<\/p>\n<p class=\"\">1\/ Digitalizaci&oacute;n 3D para creaci&oacute;n de documentaci&oacute;n as-built y videos promocionales de Templos Cl&aacute;sicos en el Valle de los Templos (Sicilia, Italia)<\/p>\n<p class=\"\">2\/ Digitalizaci&oacute;n 3D para proyecto de restauraci&oacute;n del Grupo Escult&oacute;rico de Atocha (Gloria y Pegasos) (Madrid, Espa&ntilde;a)<\/p>\n<p class=\"\">3\/ Digitalizaci&oacute;n 3D de la Iglesia de la Vera Cruz para proyecto de restauraci&oacute;n y modelado HBIM (Segovia, Espa&ntilde;a)<\/p>\n<p class=\"\">4\/ Digitalizaci&oacute;n 3D de patrimonio Enterrado (Barrio de Bodegas de Baltanas, Atauta y Viana) para proyectos de intervenci&oacute;n<\/p>\n<p class=\"\">5\/ Inspecci&oacute;n termogr&aacute;fica con drones para an&aacute;lisis de envolvente t&eacute;rmica en diferentes barrios de Madrid (Vallecas y Orcasur)<\/p>\n<p class=\"\">6\/ Seguimiento del deterioro experimentado dentro del Real Sitio de la Isabela a trav&eacute;s del uso de nubes de puntos 3D e Inteligencia Artificial<\/p>\n<p class=\"\">7\/ An&aacute;lisis de flechas en forjados de madera a partir de nubes de puntos 3D e inteligencia artificial<\/p>\n<p class=\"\">8\/ An&aacute;lisis de deformaciones en diversos edificios a trav&eacute;s de nubes de puntos 3D e inteligencia artificial<\/p>\n<hr \/>\n<h4 class=\"\">Descripci&oacute;n del equipamiento<\/h4>\n<p class=\"\">El servicio hace uso de equipamiento de digitalizaci&oacute;n de altas prestaciones tales como c&aacute;maras digitales calibradas, esc&aacute;ner l&aacute;ser est&aacute;tico y equipo de topograf&iacute;a (GPS y estaci&oacute;n total)<\/p>\n<hr \/>\n<h4 class=\"\">Solicitud del servicio<\/h4>\n<p class=\"\">La solicitud del servicio ser&aacute; llevada a cabo por e-mail (<a href=\"mailto:<span rel=\"6c311e30c23121316e313031b93129319b312431963129317e313a31b931273172312d31b731\" class=\"cryptex \" style=\"\"><span class=\"CryptexImg ctxcbEE3Np7tzcbFQmNzVg7ovL3p5yQ4RX2kBUr6Iqx-MY\"><\/span><\/span>\"><span rel=\"6c311e30c23121316e313031b93129319b312431963129317e313a31b931273172312d31b731\" class=\"cryptex \" style=\"\"><span class=\"CryptexImg ctxcbEE3Np7tzcbFQmNzVg7ovL3p5yQ4RX2kBUr6Iqx-MY\"><\/span><\/span><\/a>) describiendo la finalidad del servicio para que as&iacute; se envie una oferta personalizada y adaptada a las necesidades espec&iacute;ficas de cada caso.<\/p>\n<p>&nbsp;<\/p>\n<div class=\"pdfprnt-buttons pdfprnt-buttons-product pdfprnt-bottom-left\"><a href=\"https:\/\/www.upm.es\/recursosidi\/wp-json\/wp\/v2\/product\/12393?print=pdf\" class=\"pdfprnt-button pdfprnt-button-pdf\" target=\"_blank\"><span class=\"pdfprnt-button-title pdfprnt-button-pdf-title\">Descargar ficha<\/span><\/a><\/div>","protected":false},"excerpt":{"rendered":"<p>Escaneado l\u00e1ser 3D y fotogrametr\u00eda aplicada a la arquitectura e ingenieria<\/p>\n","protected":false},"featured_media":12392,"template":"","meta":{"_acf_changed":false},"product_cat":[2395],"product_tag":[10817,10825,9867,2607,10823,10819,2601,8986,10821,10815,3173,2966,2467,10353],"comunidades-upm":[],"quien":[],"mapa":[{"term_id":124,"name":"Arquitectura, Baukultur y creatividad","slug":"arquitectura-baukultur-creatividad","term_group":0,"term_taxonomy_id":124,"taxonomy":"mapa","description":"","parent":0,"count":25,"filter":"raw","term_order":"4"},{"term_id":2405,"name":"Ciencia para la ingenier\u00eda y la arquitectura","slug":"ciencia-para-ingenieria-y-arquitectura","term_group":0,"term_taxonomy_id":2405,"taxonomy":"mapa","description":"","parent":0,"count":127,"filter":"raw","term_order":"7"},{"term_id":126,"name":"Tecnolog\u00edas digitales, Inteligencia Artificial, ciberseguridad, 5G, rob\u00f3tica","slug":"tecnologias_digitales-ai-ciberseguridad-5g-robotica","term_group":0,"term_taxonomy_id":126,"taxonomy":"mapa","description":"","parent":0,"count":194,"filter":"raw","term_order":"23"}],"disponibilidad":[{"term_id":204,"name":"Disponible","slug":"disponible","term_group":0,"term_taxonomy_id":204,"taxonomy":"disponibilidad","description":"","parent":0,"count":110,"filter":"raw","term_order":"0"}],"donde":[{"term_id":262,"name":"An\u00e1lisis e Intervenci\u00f3n en Patrimonio Arquitect\u00f3nico","slug":"analisis-e-intervencion-en-patrimonio-arquitectonico","term_group":0,"term_taxonomy_id":262,"taxonomy":"donde","description":"","parent":0,"count":6,"filter":"raw","term_order":"0"}],"infraestructura":[],"ods":[{"term_id":2231,"name":"Acci\u00f3n por el Clima","slug":"accion-por-el-clima","term_group":0,"term_taxonomy_id":2231,"taxonomy":"ods","description":"","parent":0,"count":67,"filter":"raw","term_order":"0"},{"term_id":2239,"name":"Ciudades y Comunidades Sostenibles","slug":"ciudades-y-comunidades-sostenibles","term_group":0,"term_taxonomy_id":2239,"taxonomy":"ods","description":"","parent":0,"count":43,"filter":"raw","term_order":"0"},{"term_id":2247,"name":"Industria, Innovaci\u00f3n e Infraestructura","slug":"industria-innovacion-e-infraestructura","term_group":0,"term_taxonomy_id":2247,"taxonomy":"ods","description":"","parent":0,"count":171,"filter":"raw","term_order":"0"},{"term_id":2235,"name":"Producci\u00f3n y Consumo Responsables","slug":"produccion-y-consumo-responsables","term_group":0,"term_taxonomy_id":2235,"taxonomy":"ods","description":"","parent":0,"count":18,"filter":"raw","term_order":"0"},{"term_id":2251,"name":"Trabajo Decente y Crecimiento Econ\u00f3mico","slug":"trabajo-decente-y-crecimiento-economico","term_group":0,"term_taxonomy_id":2251,"taxonomy":"ods","description":"","parent":0,"count":9,"filter":"raw","term_order":"0"}],"origen":[{"term_id":196,"name":"Infraestructuras, Instalaci\u00f3n, Equipo","slug":"infraestructuras","term_group":0,"term_taxonomy_id":196,"taxonomy":"origen","description":"","parent":0,"count":180,"filter":"raw","term_order":"0"}],"familia_tax":false,"quien_tax":false,"donde_tax":false,"year":"2019-01-01","contacto":"Adv. Juan de Herrera n\u00ba4","telefono":"654196801","pagina_web":"https:\/\/www.dcta.upm.es\/","email":"lj.sanchez@upm.es","id_ficha_portal":"546","video":"","adjuntos":false,"adjuntos_portal":"","inf":false,"departamento":"","acf":[],"lang":"es","translation":{"es":12393,"en":12395},"_links":{"self":[{"href":"https:\/\/www.upm.es\/recursosidi\/wp-json\/wp\/v2\/product\/12393"}],"collection":[{"href":"https:\/\/www.upm.es\/recursosidi\/wp-json\/wp\/v2\/product"}],"about":[{"href":"https:\/\/www.upm.es\/recursosidi\/wp-json\/wp\/v2\/types\/product"}],"wp:featuredmedia":[{"embeddable":true,"href":"https:\/\/www.upm.es\/recursosidi\/wp-json\/wp\/v2\/media\/12392"}],"wp:attachment":[{"href":"https:\/\/www.upm.es\/recursosidi\/wp-json\/wp\/v2\/media?parent=12393"}],"wp:term":[{"taxonomy":"product_cat","embeddable":true,"href":"https:\/\/www.upm.es\/recursosidi\/wp-json\/wp\/v2\/product_cat?post=12393"},{"taxonomy":"product_tag","embeddable":true,"href":"https:\/\/www.upm.es\/recursosidi\/wp-json\/wp\/v2\/product_tag?post=12393"},{"taxonomy":"comunidad_upm","embeddable":true,"href":"https:\/\/www.upm.es\/recursosidi\/wp-json\/wp\/v2\/comunidades-upm?post=12393"},{"taxonomy":"quien","embeddable":true,"href":"https:\/\/www.upm.es\/recursosidi\/wp-json\/wp\/v2\/quien?post=12393"},{"taxonomy":"mapa","embeddable":true,"href":"https:\/\/www.upm.es\/recursosidi\/wp-json\/wp\/v2\/mapa?post=12393"},{"taxonomy":"disponibilidad","embeddable":true,"href":"https:\/\/www.upm.es\/recursosidi\/wp-json\/wp\/v2\/disponibilidad?post=12393"},{"taxonomy":"donde","embeddable":true,"href":"https:\/\/www.upm.es\/recursosidi\/wp-json\/wp\/v2\/donde?post=12393"},{"taxonomy":"infraestructura","embeddable":true,"href":"https:\/\/www.upm.es\/recursosidi\/wp-json\/wp\/v2\/infraestructura?post=12393"},{"taxonomy":"ods","embeddable":true,"href":"https:\/\/www.upm.es\/recursosidi\/wp-json\/wp\/v2\/ods?post=12393"},{"taxonomy":"origen","embeddable":true,"href":"https:\/\/www.upm.es\/recursosidi\/wp-json\/wp\/v2\/origen?post=12393"}],"curies":[{"name":"wp","href":"https:\/\/api.w.org\/{rel}","templated":true}]}}