{"id":12401,"date":"2025-04-04T02:28:56","date_gmt":"2025-04-04T00:28:56","guid":{"rendered":"https:\/\/www.upm.es\/recursosidi\/offers-resources\/sin categor\u00eda\/sistema-de-control-dinamico-y-procedimiento-de-iluminacion-de-intermitentes\/"},"modified":"2025-04-04T02:28:56","modified_gmt":"2025-04-04T00:28:56","slug":"sistema-de-control-dinamico-y-procedimiento-de-iluminacion-de-intermitentes","status":"publish","type":"product","link":"https:\/\/www.upm.es\/recursosidi\/offers-resources\/patentes\/sistema-de-control-dinamico-y-procedimiento-de-iluminacion-de-intermitentes\/","title":{"rendered":"SISTEMA DE CONTROL DIN\u00c1MICO Y PROCEDIMIENTO DE ILUMINACI\u00d3N DE INTERMITENTES"},"content":{"rendered":"<h4><strong>Descripci\u00f3n de la patente <\/strong><\/h4>\n<p>La invenci&oacute;n se refiere a un sistema de control<br \/>din&aacute;mico y procedimiento de iluminaci&oacute;n de<br \/>intermitentes de un veh&iacute;culo, donde el sistema<br \/>comprende: un pulsador izquierdo y derecho (1, 2),<br \/>emisores de una se&ntilde;al de entrada izquierda y<br \/>derecha, respectivamente, a un controlador central,<br \/>un sensor de posici&oacute;n de un volante configurado para<br \/>detectar y enviar una se&ntilde;al con el &aacute;ngulo de giro del<br \/>volante a un controlador central, y un controlador<br \/>central configurado para recibir una se&ntilde;al de entrada<br \/>emitida por un pulsador (1, 2) y una se&ntilde;al del &aacute;ngulo<br \/>de giro, y emitir una se&ntilde;al de salida iluminadora de un<br \/>intermitente; donde la se&ntilde;al iluminadora de<br \/>intermitente emitida por el controlador es coincidente<br \/>con el lado de la se&ntilde;al de entrada recibida, cuando el<br \/>&aacute;ngulo de giro est&aacute; entre 0&ordm;-90&ordm; y 270&ordm;-360&ordm;, e inversa,<br \/>cuando el &aacute;ngulo de giro est&aacute; entre 90&ordm;270<br \/>&ordm;.<\/p>\n<h4><strong>Situaci\u00f3n<\/strong><\/h4>\n<p>Presentada<\/p>\n<h4><strong>N\u00famero de solicitud<\/h5>\n<p>P202530055<\/p>\n<h5>N\u00famero de publicaci\u00f3n<\/h5>\n<p>ES3009558<\/p>\n<h5>Fecha de presentaci\u00f3n <\/h5>\n<p>24\/01\/2025<\/p>\n<h5>Fecha de publicaci\u00f3n <\/h5>\n<p>27\/03\/2025<\/p>\n<div class=\"pdfprnt-buttons pdfprnt-buttons-product pdfprnt-bottom-left\"><a href=\"https:\/\/www.upm.es\/recursosidi\/wp-json\/wp\/v2\/product\/12401?print=pdf\" class=\"pdfprnt-button pdfprnt-button-pdf\" target=\"_blank\"><span class=\"pdfprnt-button-title pdfprnt-button-pdf-title\">Descargar ficha<\/span><\/a><\/div>","protected":false},"excerpt":{"rendered":"<p>Descripci\u00f3n de la patente La invenci&oacute;n se refiere a un sistema de controldin&aacute;mico y procedimiento de iluminaci&oacute;n deintermitentes de un veh&iacute;culo, donde el sistemacomprende: un&hellip;<\/p>\n","protected":false},"featured_media":0,"template":"","meta":{"_acf_changed":false},"product_cat":[3946],"product_tag":[],"comunidades-upm":[],"quien":[],"mapa":[{"term_id":133,"name":"Clima, Energ\u00eda y Movilidad","slug":"clima-energia-movilidad","term_group":0,"term_taxonomy_id":133,"taxonomy":"mapa","description":"","parent":0,"count":129,"filter":"raw","term_order":"9"}],"disponibilidad":[],"donde":[{"term_id":498,"name":"Dise\u00f1o y fabricaci\u00f3n industrial","slug":"diseno-y-fabricacion-industrial","term_group":0,"term_taxonomy_id":498,"taxonomy":"donde","description":"","parent":0,"count":18,"filter":"raw","term_order":"0"},{"term_id":476,"name":"Tecnolog\u00edas de Apoyo a la Vida","slug":"tecnologias-de-apoyo-a-la-vida","term_group":0,"term_taxonomy_id":476,"taxonomy":"donde","description":"Somos uno de los principales grupos europeos de investigaci\u00f3n e innovaci\u00f3n en el sector de la eSalud y la eInclusion social y mantenemos colaboraciones estables con el sector privado y p\u00fablico en diversas \u00e1reas de I+D+i.\r\nTenemos una larga trayectoria en el dise\u00f1o, desarrollo y evaluaci\u00f3n de servicios y aplicaciones basados en las Tecnolog\u00edas de la Informaci\u00f3n y la Comunicaci\u00f3n para la creaci\u00f3n y promoci\u00f3n de nuevas ideas, m\u00e9todos y soluciones tecnol\u00f3gicas en todos los aspectos de la cadena de valor de las organizaciones.\r\n\r\nNuestros principales ejes de investigaci\u00f3n son:\r\n\r\nTIC en sanidad y servicios sociales (e-salud y e-inclusi\u00f3n)\r\nNeurofot\u00f3nica\r\nRedes y Sensores Fot\u00f3nicos","parent":0,"count":23,"filter":"raw","term_order":"0"}],"infraestructura":[],"ods":[],"origen":[{"term_id":180,"name":"Patente","slug":"patente","term_group":0,"term_taxonomy_id":180,"taxonomy":"origen","description":"","parent":0,"count":614,"filter":"raw","term_order":"0"}],"familia_tax":false,"quien_tax":false,"donde_tax":false,"year":"","contacto":"<strong>Principales: <\/strong><ul><li>MANUEL MERINO EGEA <blockquote><strong>manuel.merino@upm.es<\/strong><\/blockquote><\/li><li>Patricia Abril Jimenez <blockquote><strong>patricia.abril@upm.es<\/strong><\/blockquote><\/li><li>Juan David Cano Moreno <blockquote><strong>juandavid.cano@upm.es<\/strong><\/blockquote><\/li><\/ul>","telefono":"","pagina_web":"","email":"","id_ficha_portal":"2068","video":"","adjuntos":false,"adjuntos_portal":"","inf":false,"departamento":"","acf":[],"lang":"es","translation":{"es":12401},"_links":{"self":[{"href":"https:\/\/www.upm.es\/recursosidi\/wp-json\/wp\/v2\/product\/12401"}],"collection":[{"href":"https:\/\/www.upm.es\/recursosidi\/wp-json\/wp\/v2\/product"}],"about":[{"href":"https:\/\/www.upm.es\/recursosidi\/wp-json\/wp\/v2\/types\/product"}],"wp:attachment":[{"href":"https:\/\/www.upm.es\/recursosidi\/wp-json\/wp\/v2\/media?parent=12401"}],"wp:term":[{"taxonomy":"product_cat","embeddable":true,"href":"https:\/\/www.upm.es\/recursosidi\/wp-json\/wp\/v2\/product_cat?post=12401"},{"taxonomy":"product_tag","embeddable":true,"href":"https:\/\/www.upm.es\/recursosidi\/wp-json\/wp\/v2\/product_tag?post=12401"},{"taxonomy":"comunidad_upm","embeddable":true,"href":"https:\/\/www.upm.es\/recursosidi\/wp-json\/wp\/v2\/comunidades-upm?post=12401"},{"taxonomy":"quien","embeddable":true,"href":"https:\/\/www.upm.es\/recursosidi\/wp-json\/wp\/v2\/quien?post=12401"},{"taxonomy":"mapa","embeddable":true,"href":"https:\/\/www.upm.es\/recursosidi\/wp-json\/wp\/v2\/mapa?post=12401"},{"taxonomy":"disponibilidad","embeddable":true,"href":"https:\/\/www.upm.es\/recursosidi\/wp-json\/wp\/v2\/disponibilidad?post=12401"},{"taxonomy":"donde","embeddable":true,"href":"https:\/\/www.upm.es\/recursosidi\/wp-json\/wp\/v2\/donde?post=12401"},{"taxonomy":"infraestructura","embeddable":true,"href":"https:\/\/www.upm.es\/recursosidi\/wp-json\/wp\/v2\/infraestructura?post=12401"},{"taxonomy":"ods","embeddable":true,"href":"https:\/\/www.upm.es\/recursosidi\/wp-json\/wp\/v2\/ods?post=12401"},{"taxonomy":"origen","embeddable":true,"href":"https:\/\/www.upm.es\/recursosidi\/wp-json\/wp\/v2\/origen?post=12401"}],"curies":[{"name":"wp","href":"https:\/\/api.w.org\/{rel}","templated":true}]}}