{"id":12402,"date":"2025-09-10T03:31:31","date_gmt":"2025-09-10T01:31:31","guid":{"rendered":"https:\/\/www.upm.es\/recursosidi\/offers-resources\/sin categor\u00eda\/metodo-y-sistema-de-refrigeracion-de-anillos-rozantes-y-escobillas-de-maquinas-electricas-y-maquina-electrica-que-comprende-dicho-sistema-de-refrigeracion\/"},"modified":"2025-09-10T03:31:31","modified_gmt":"2025-09-10T01:31:31","slug":"metodo-y-sistema-de-refrigeracion-de-anillos-rozantes-y-escobillas-de-maquinas-electricas-y-maquina-electrica-que-comprende-dicho-sistema-de-refrigeracion","status":"publish","type":"product","link":"https:\/\/www.upm.es\/recursosidi\/offers-resources\/patentes\/metodo-y-sistema-de-refrigeracion-de-anillos-rozantes-y-escobillas-de-maquinas-electricas-y-maquina-electrica-que-comprende-dicho-sistema-de-refrigeracion\/","title":{"rendered":"M\u00e9todo y sistema de refrigeraci\u00f3n de anillos rozantes, y escobillas de m\u00e1quinas el\u00e9ctricas y m\u00e1quina el\u00e9ctrica que comprende dicho sistema de refrigeraci\u00f3n"},"content":{"rendered":"<h4><strong>Descripci\u00f3n de la patente <\/strong><\/h4>\n<p>M&eacute;todo y sistema de refrigeraci&oacute;n de portaescobillas<br \/>(1), de anillos rozantes (2) y de escobillas basado en<br \/>un flujo de aire axial que circula a trav&eacute;s del eje (3) de<br \/>la m&aacute;quina, que tiene un orificio axial (4), y que sale<br \/>por unos oricios radiales (5) en el eje de forma radial.<br \/>Para que este flujo refrigere las escobillas se utilizan<br \/>unos anillos deflectores (6) conc&eacute;ntricos al eje y que<br \/>no giran para dirigir el flujo a los portaescobillas (1) a<br \/>trav&eacute;s de unos orificios radiales (7).<\/p>\n<h4><strong>Situaci\u00f3n<\/strong><\/h4>\n<p>Presentada<\/p>\n<h4><strong>N\u00famero de solicitud<\/h5>\n<p>P202530229<\/p>\n<h5>N\u00famero de publicaci\u00f3n<\/h5>\n<p>ES3033004<\/p>\n<h5>Fecha de presentaci\u00f3n <\/h5>\n<p>18\/03\/2025<\/p>\n<h5>Fecha de publicaci\u00f3n <\/h5>\n<p>29\/07\/2025<\/p>\n<div class=\"pdfprnt-buttons pdfprnt-buttons-product pdfprnt-bottom-left\"><a href=\"https:\/\/www.upm.es\/recursosidi\/wp-json\/wp\/v2\/product\/12402?print=pdf\" class=\"pdfprnt-button pdfprnt-button-pdf\" target=\"_blank\"><span class=\"pdfprnt-button-title pdfprnt-button-pdf-title\">Descargar ficha<\/span><\/a><\/div>","protected":false},"excerpt":{"rendered":"<p>Descripci\u00f3n de la patente M&eacute;todo y sistema de refrigeraci&oacute;n de portaescobillas(1), de anillos rozantes (2) y de escobillas basado enun flujo de aire axial que&hellip;<\/p>\n","protected":false},"featured_media":0,"template":"","meta":{"_acf_changed":false},"product_cat":[3946],"product_tag":[],"comunidades-upm":[],"quien":[],"mapa":[{"term_id":2405,"name":"Ciencia para la ingenier\u00eda y la arquitectura","slug":"ciencia-para-ingenieria-y-arquitectura","term_group":0,"term_taxonomy_id":2405,"taxonomy":"mapa","description":"","parent":0,"count":127,"filter":"raw","term_order":"7"},{"term_id":133,"name":"Clima, Energ\u00eda y Movilidad","slug":"clima-energia-movilidad","term_group":0,"term_taxonomy_id":133,"taxonomy":"mapa","description":"","parent":0,"count":129,"filter":"raw","term_order":"9"}],"disponibilidad":[],"donde":[{"term_id":374,"name":"Generaci\u00f3n el\u00e9ctrica con energ\u00eda e\u00f3lica","slug":"generacion-electrica-con-energia-eolica","term_group":0,"term_taxonomy_id":374,"taxonomy":"donde","description":"","parent":0,"count":70,"filter":"raw","term_order":"0"}],"infraestructura":[],"ods":[],"origen":[{"term_id":180,"name":"Patente","slug":"patente","term_group":0,"term_taxonomy_id":180,"taxonomy":"origen","description":"","parent":0,"count":614,"filter":"raw","term_order":"0"}],"familia_tax":false,"quien_tax":false,"donde_tax":false,"year":"","contacto":"<strong>Principales: <\/strong><ul><li>David Talavera Miguel <blockquote><strong>david.talavera@upm.es<\/strong><\/blockquote><\/li><li>Carlos Antonio Platero Gaona <blockquote><strong>carlosantonio.platero@upm.es<\/strong><\/blockquote><\/li><\/ul><strong>Otros inventores: <\/strong><ul><li> Jos\u00e9 ManuelGuerrero Granados, Universidad del Pais Vasco - Euskal Herriko Unibertsitatea (EHU)<\/li> <\/ul>","telefono":"","pagina_web":"","email":"","id_ficha_portal":"2080","video":"","adjuntos":false,"adjuntos_portal":"","inf":false,"departamento":"","acf":[],"lang":"es","translation":{"es":12402},"_links":{"self":[{"href":"https:\/\/www.upm.es\/recursosidi\/wp-json\/wp\/v2\/product\/12402"}],"collection":[{"href":"https:\/\/www.upm.es\/recursosidi\/wp-json\/wp\/v2\/product"}],"about":[{"href":"https:\/\/www.upm.es\/recursosidi\/wp-json\/wp\/v2\/types\/product"}],"wp:attachment":[{"href":"https:\/\/www.upm.es\/recursosidi\/wp-json\/wp\/v2\/media?parent=12402"}],"wp:term":[{"taxonomy":"product_cat","embeddable":true,"href":"https:\/\/www.upm.es\/recursosidi\/wp-json\/wp\/v2\/product_cat?post=12402"},{"taxonomy":"product_tag","embeddable":true,"href":"https:\/\/www.upm.es\/recursosidi\/wp-json\/wp\/v2\/product_tag?post=12402"},{"taxonomy":"comunidad_upm","embeddable":true,"href":"https:\/\/www.upm.es\/recursosidi\/wp-json\/wp\/v2\/comunidades-upm?post=12402"},{"taxonomy":"quien","embeddable":true,"href":"https:\/\/www.upm.es\/recursosidi\/wp-json\/wp\/v2\/quien?post=12402"},{"taxonomy":"mapa","embeddable":true,"href":"https:\/\/www.upm.es\/recursosidi\/wp-json\/wp\/v2\/mapa?post=12402"},{"taxonomy":"disponibilidad","embeddable":true,"href":"https:\/\/www.upm.es\/recursosidi\/wp-json\/wp\/v2\/disponibilidad?post=12402"},{"taxonomy":"donde","embeddable":true,"href":"https:\/\/www.upm.es\/recursosidi\/wp-json\/wp\/v2\/donde?post=12402"},{"taxonomy":"infraestructura","embeddable":true,"href":"https:\/\/www.upm.es\/recursosidi\/wp-json\/wp\/v2\/infraestructura?post=12402"},{"taxonomy":"ods","embeddable":true,"href":"https:\/\/www.upm.es\/recursosidi\/wp-json\/wp\/v2\/ods?post=12402"},{"taxonomy":"origen","embeddable":true,"href":"https:\/\/www.upm.es\/recursosidi\/wp-json\/wp\/v2\/origen?post=12402"}],"curies":[{"name":"wp","href":"https:\/\/api.w.org\/{rel}","templated":true}]}}