{"id":12428,"date":"2026-01-26T10:44:24","date_gmt":"2026-01-26T09:44:24","guid":{"rendered":"https:\/\/www.upm.es\/recursosidi\/offers-resources\/sin%20categor\u00eda\/leha-upm-antenna-testing-laboratory\/"},"modified":"2026-02-10T10:14:47","modified_gmt":"2026-02-10T09:14:47","slug":"leha-upm-antenna-testing-laboratory","status":"publish","type":"product","link":"https:\/\/www.upm.es\/recursosidi\/en\/offers-resources\/technological-scientific-services\/services-technological-scientific-services\/leha-upm-antenna-testing-laboratory\/","title":{"rendered":"LEHA-UPM (Antenna Testing Laboratory)"},"content":{"rendered":"<h2>LEHA-UPM (Antenna Testing Laboratory)<\/h2>\n<div>\n<p>LEHA-UPM (Antenna Testing Laboratory) has been working on Antenna Measurements for industrial activities, research and educational purposes since 1980, and is part of the Radiation Group (RG) at the SSR Department at the UPM.<\/p>\n<\/div>\n<div>LEHA-UPM quality director is Professor Manuel Sierra Casta\u00f1er and the technical director is Professor Bel\u00e9n Galocha Irag\u00fcen. LEHA-UPM&#8217;s staff consists of the engineer, Pablo Caballero, the engineer, Xiaoliang Sun, and the technician, Cristian Mart\u00ednez. A variable number of students doing their masters thesis also collaborate at ATAL.<\/div>\n<div><\/div>\n<div>LEHA-UPM is recognised with ISO 17025 accreditation for antenna measurement.<\/div>\n<div><\/div>\n<div>LEHA-UPMis included on the network: RLA in the Madri+d initiative (Community of Madrid).<\/div>\n<div><\/div>\n<hr \/>\n<h4>Description of the services offered <!-- y tarifas --><\/h4>\n<p>Measurements of antenna from 660 MHz up to 110 GHz with ISO17025 accreditation up to 40 GHz. <!-- Recuerda que estas tarifas ser\u00e1n las oficiales aprobadas en Consejo de Direcci\u00f3n y Consejo Social. --><\/p>\n<hr \/>\n<h4>Sector or area of application<\/h4>\n<p>Defence and Security, 5G Communications, Satellite Communications.<\/p>\n<hr \/>\n<h4>Previous references for provision of services<\/h4>\n<div>Satellite antenna measurement for CASA-EADS, SENER, TTI:<\/div>\n<div>Hispasat Satellites, Astra Satellites, Hispasat Amazon, ASAR panels for Envisat, JUICE, BepiColombo, antennas for Intelsat, Eutelsat, Venus and Mars Express, etc.<\/div>\n<div><\/div>\n<ul>\n<li>Mobile phone systems: Antenna and radome measurements for MOYANO, SIEMENS, Telef\u00f3nica and Vodaphone, etc.<\/li>\n<li>RCS measurement of some materials for ship builders.<\/li>\n<li>Ship antenna measurement and design.<\/li>\n<li>Antenna measurement systems design and consultancy: Airbus, INDRA systems, Universities (Alcal\u00e1, Oviedo, Valencia, Seville, etc.), DGTEL, etc.<\/li>\n<\/ul>\n<div><\/div>\n<hr \/>\n<h4>Request for service<\/h4>\n<p>Request the service by sending an e-mail to <span rel=\"7d313830ae310b31ab312931a53119316d313931ba311c31bf313631a2310c31ca313531be312030a8311e31\" class=\"cryptex \" style=\"\"><span class=\"CryptexImg ctxWIthdnfcMsvTLIQ40mc3zOmUv25vMGWrbjHhyw92uRI\"><\/span><\/span> or a <span rel=\"7d313830a3310f31a9311931ae311330a63138317f312a31c03136316f314131c53132317f311731b631\" class=\"cryptex \" style=\"\"><span class=\"CryptexImg ctx-DzRjPCBwfEmYln0XLrNWq8Yenl7pjEeUuMutLc-AU0\"><\/span><\/span> .<\/p>\n<div class=\"pdfprnt-buttons pdfprnt-buttons-product pdfprnt-bottom-left\"><a href=\"https:\/\/www.upm.es\/recursosidi\/wp-json\/wp\/v2\/product\/12428?print=pdf\" class=\"pdfprnt-button pdfprnt-button-pdf\" target=\"_blank\"><span class=\"pdfprnt-button-title pdfprnt-button-pdf-title\">Descargar ficha<\/span><\/a><\/div>","protected":false},"excerpt":{"rendered":"<p>LEHA-UPM (Antenna Testing Laboratory) has been working on Antenna Measurements for industrial activities, research and educational purposes since 1980.<\/p>\n","protected":false},"featured_media":12424,"template":"","meta":{"_acf_changed":false},"product_cat":[2403],"product_tag":[7676,7688,7674,7684,7686,7690,7680,7678,7682],"comunidades-upm":[11766],"quien":[],"mapa":[{"term_id":37,"name":"Digital Technologies, Artificial Intelligence, Cybersecurity, 5G, Robotics","slug":"digital_technologies-ai-cybersecurity-5g-robotics","term_group":0,"term_taxonomy_id":37,"taxonomy":"mapa","description":"","parent":0,"count":83,"filter":"raw","term_order":"24"},{"term_id":2407,"name":"Science For Engineering and Architecture","slug":"science-for-engineering-and-architecture","term_group":0,"term_taxonomy_id":2407,"taxonomy":"mapa","description":"","parent":0,"count":34,"filter":"raw","term_order":"8"},{"term_id":40,"name":"Space and Earth Observation","slug":"space_earth_observation","term_group":0,"term_taxonomy_id":40,"taxonomy":"mapa","description":"","parent":0,"count":10,"filter":"raw","term_order":"11"}],"disponibilidad":[{"term_id":221,"name":"Available","slug":"available","term_group":0,"term_taxonomy_id":221,"taxonomy":"disponibilidad","description":"","parent":0,"count":4,"filter":"raw","term_order":"0"}],"donde":[{"term_id":1864,"name":"Information Processing and Telecommunications Center","slug":"en_information-processing-and-telecommunications-center","term_group":0,"term_taxonomy_id":1864,"taxonomy":"donde","description":"","parent":0,"count":32,"filter":"raw","term_order":"0"},{"term_id":1684,"name":"Radiation Group","slug":"en_radiation-group","term_group":0,"term_taxonomy_id":1684,"taxonomy":"donde","description":"Nuestro grupo tiene una amplia experiencia en I+D+i en los siguientes temas:\n\n<strong>Dise&ntilde;o, construcci&oacute;n y medida de antenas<\/strong> para todo tipo de aplicaciones (Comunicaciones terrestres, comunicaciones por sat&eacute;lite, radar, etc.)\n<strong>An&aacute;lisis y Evaluaci&oacute;n de Compatibilidad Electromagn&eacute;tica de sistemas complejos<\/strong> (compatibilidad en buques, EMI, etc.)\n<strong>Dise&ntilde;o, construcci&oacute;n y Medida de Sistemas de Radiofrecuencia<\/strong> (Amplificadores de Bajo Nivel de Ruido, Mezcladores, Osciladores, componentes pasivos&hellip;) desde UHF hasta Terahercios.\n<strong>An&aacute;lisis y Dise&ntilde;o mediante Simulaci&oacute;n de Sistemas y Redes de Radiocomunicaciones<\/strong> (Sistemas v&iacute;a Sat&eacute;lite, Sistemas de Comunicaciones M&oacute;viles, Redes de Difusi&oacute;n de TV Digital)\n\n&nbsp;\nNuestro grupo trabaja en las siguientes <strong>l&iacute;neas de investigaci&oacute;n<\/strong>:\n\nDise&ntilde;o y prototipado de antenas reflectoras.\nDise&ntilde;o y prototipado de arrays de antenas.\nMedida de antenas y circuitos de radiofrecuencia.\nAntenas inteligentes y sistemas MIMO para Estaciones Base y Terminales.\nCircuitos de Radiofrecuencia.\nSimulaci&oacute;n y Emulaci&oacute;n de Sistemas de Comunicaciones.\n","parent":0,"count":1,"filter":"raw","term_order":"0"}],"infraestructura":[{"term_id":7323,"name":"Antenna Testing and Approval Laboratory (LEHA)","slug":"antenna-testing-and-approval-laboratory-leha","term_group":0,"term_taxonomy_id":7323,"taxonomy":"infraestructura","description":"","parent":0,"count":1,"filter":"raw","term_order":"0"}],"ods":[{"term_id":2265,"name":"Gender Equality","slug":"gender-equality","term_group":0,"term_taxonomy_id":2265,"taxonomy":"ods","description":"","parent":0,"count":1,"filter":"raw","term_order":"0"},{"term_id":2269,"name":"Quality Education","slug":"quality-education","term_group":0,"term_taxonomy_id":2269,"taxonomy":"ods","description":"","parent":0,"count":13,"filter":"raw","term_order":"0"},{"term_id":2245,"name":"Reduced Inequalities","slug":"reduced-inequalities","term_group":0,"term_taxonomy_id":2245,"taxonomy":"ods","description":"","parent":0,"count":17,"filter":"raw","term_order":"0"},{"term_id":2237,"name":"Responsible Consumption and Production","slug":"responsible-consumption-and-production","term_group":0,"term_taxonomy_id":2237,"taxonomy":"ods","description":"","parent":0,"count":15,"filter":"raw","term_order":"0"},{"term_id":2241,"name":"Sustainable Cities and Communities","slug":"sustainable-cities-and-communities","term_group":0,"term_taxonomy_id":2241,"taxonomy":"ods","description":"","parent":0,"count":38,"filter":"raw","term_order":"0"}],"origen":[{"term_id":198,"name":"Infrastructure, Installation, Equipment","slug":"infrastructure-installation-equipment","term_group":0,"term_taxonomy_id":198,"taxonomy":"origen","description":"","parent":0,"count":8,"filter":"raw","term_order":"0"}],"familia_tax":false,"quien_tax":false,"donde_tax":false,"year":"2010-01-01","contacto":"Despacho B031, Avenida Complutense N\u00ba30, E.T.S.I.Telecomunicaci\u00f3n, 28040 Madrid","telefono":"910672372","pagina_web":"https:\/\/www.gr.ssr.upm.es\/index.php\/es\/leha\/sobre-nosotros","email":"manuel.sierra@upm.es","id_ficha_portal":"355","video":"","adjuntos":false,"adjuntos_portal":"","inf":false,"departamento":"","acf":[],"lang":"en","translation":{"en":12428,"es":12423},"_links":{"self":[{"href":"https:\/\/www.upm.es\/recursosidi\/wp-json\/wp\/v2\/product\/12428"}],"collection":[{"href":"https:\/\/www.upm.es\/recursosidi\/wp-json\/wp\/v2\/product"}],"about":[{"href":"https:\/\/www.upm.es\/recursosidi\/wp-json\/wp\/v2\/types\/product"}],"wp:featuredmedia":[{"embeddable":true,"href":"https:\/\/www.upm.es\/recursosidi\/wp-json\/wp\/v2\/media\/12424"}],"wp:attachment":[{"href":"https:\/\/www.upm.es\/recursosidi\/wp-json\/wp\/v2\/media?parent=12428"}],"wp:term":[{"taxonomy":"product_cat","embeddable":true,"href":"https:\/\/www.upm.es\/recursosidi\/wp-json\/wp\/v2\/product_cat?post=12428"},{"taxonomy":"product_tag","embeddable":true,"href":"https:\/\/www.upm.es\/recursosidi\/wp-json\/wp\/v2\/product_tag?post=12428"},{"taxonomy":"comunidad_upm","embeddable":true,"href":"https:\/\/www.upm.es\/recursosidi\/wp-json\/wp\/v2\/comunidades-upm?post=12428"},{"taxonomy":"quien","embeddable":true,"href":"https:\/\/www.upm.es\/recursosidi\/wp-json\/wp\/v2\/quien?post=12428"},{"taxonomy":"mapa","embeddable":true,"href":"https:\/\/www.upm.es\/recursosidi\/wp-json\/wp\/v2\/mapa?post=12428"},{"taxonomy":"disponibilidad","embeddable":true,"href":"https:\/\/www.upm.es\/recursosidi\/wp-json\/wp\/v2\/disponibilidad?post=12428"},{"taxonomy":"donde","embeddable":true,"href":"https:\/\/www.upm.es\/recursosidi\/wp-json\/wp\/v2\/donde?post=12428"},{"taxonomy":"infraestructura","embeddable":true,"href":"https:\/\/www.upm.es\/recursosidi\/wp-json\/wp\/v2\/infraestructura?post=12428"},{"taxonomy":"ods","embeddable":true,"href":"https:\/\/www.upm.es\/recursosidi\/wp-json\/wp\/v2\/ods?post=12428"},{"taxonomy":"origen","embeddable":true,"href":"https:\/\/www.upm.es\/recursosidi\/wp-json\/wp\/v2\/origen?post=12428"}],"curies":[{"name":"wp","href":"https:\/\/api.w.org\/{rel}","templated":true}]}}