{"id":12509,"date":"2026-03-24T08:13:12","date_gmt":"2026-03-24T07:13:12","guid":{"rendered":"https:\/\/www.upm.es\/recursosidi\/offers-resources\/sin categor\u00eda\/computacion-en-la-nube-en-red-cuantica\/"},"modified":"2026-03-24T08:13:29","modified_gmt":"2026-03-24T07:13:29","slug":"computacion-en-la-nube-en-red-cuantica","status":"publish","type":"product","link":"https:\/\/www.upm.es\/recursosidi\/offers-resources\/servicios-cientifico-tecnologico\/servicios-servicios-cientifico-tecnologico\/computacion-en-la-nube-en-red-cuantica\/","title":{"rendered":"Computaci\u00f3n en la nube en red cu\u00e1ntica"},"content":{"rendered":"<h4 class=\"\">Necesidades demandadas y aplicaciones<\/h4>\n<p>Las tecnolog&iacute;as de red cu&aacute;ntica para la comunicaci&oacute;n cu&aacute;ntica son un &aacute;rea emergente compleja pero imprescindible para ciertas aplicaciones de gran valor a&ntilde;adido. Destaca la criptograf&iacute;a cu&aacute;ntica, como la distribuci&oacute;n cu&aacute;ntica de clave (QKD), as&iacute; como la generaci&oacute;n cu&aacute;ntica de n&uacute;meros aleatorios con sistemas tipo QRNG. Sin embargo, estas soluciones son caras, tanto por el coste de los sistemas cu&aacute;nticos como de su infraestructura de red &oacute;ptica, lo que impide hacer evaluadores, demostradores u otros ensayos para la investigaci&oacute;n, la innovaci&oacute;n, la formaci&oacute;n o pruebas antes de invertir. Este servicio provee m&aacute;quinas virtuales en hasta tres nodos de la red cu&aacute;ntica de Madrid en la UPM, conectadas mediante sistemas QKD y con acceso a QRNG, as&iacute; como varios servicios habilitados mediante esos sistemas, como conectividad tunelizada y protegida mediante la cu&aacute;ntica.&nbsp;<\/p>\n<hr \/>\n<h4 class=\"\">Sector o &aacute;rea de aplicaci&oacute;n<\/h4>\n<p>Este servicio puede ser fundamental en demostradores o ensayos para aplicaciones donde la seguridad de la informaci&oacute;n sea cr&iacute;tica. Habilitan un enfoque de protecci&oacute;n en el largo plazo que incluye la gesti&oacute;n adecuada de la amenaza de la inform&aacute;tica cu&aacute;ntica a t&eacute;cnicas criptogr&aacute;ficas. Por ello, puede ser cr&iacute;tico en cualquier aplicaci&oacute;n que se fundamente en esa protecci&oacute;n: interconexi&oacute;n segura de centros de datos, protecci&oacute;n de infraestructuras cr&iacute;ticas, redes de telecomunicaciones seguras o aplicaciones de prop&oacute;sito espec&iacute;fico. Los n&uacute;meros aleatorios generados con QRNG pueden ser tambi&eacute;n especialmente &uacute;tiles en otras &aacute;reas, como la optimizaci&oacute;n tipo Montecarlo.<\/p>\n<hr \/>\n<h4 class=\"\">Competencias diferenciales<\/h4>\n<p>El grupo GIICC posee una amplia experiencia en este campo. Ha adquirido, desplegado y evalyuado gran parte de la infraestructura de comunicaciones cu&aacute;nticas de Madrid (ecosistema MadQCI), as&iacute; como colaborado en su interconexi&oacute;n con otras QCI. Asimismo, estas infraestructuras han habilitado distintas prestaciones de servicio a modo experimental que incluyen la comunicaci&oacute;n segura de todo tipo de informaci&oacute;n. MadQCI est&aacute; dividida en escenarios de aplicaci&oacute;n, lo que supone adem&aacute;s una especializaci&oacute;n en sistemas de red cu&aacute;ntica para distintas aplicaciones; son ejemplos las redes troncales de telecomunicaciones, centros de datos y <em>cloud<\/em>, alta seguridad y la sincronizaci&oacute;n ultraprecisa.<\/p>\n<hr \/>\n<h4 class=\"\">Descripci&oacute;n del servicio<\/h4>\n<p>El servicio se prestar&aacute; conforme a lo acordado y en funci&oacute;n de las necesidades que se tengan. Esto puede incluir una o varias m&aacute;quinas virtuales en uno o varios nodos de la red cu&aacute;ntica, as&iacute; como otras caracter&iacute;sticas propias de cada servicio. M&aacute;s all&aacute; de la prestaci&oacute;n del servicio tecnol&oacute;gico, el servicio puede incluir adem&aacute;s consultor&iacute;a, formaci&oacute;n, pruebas tipo <em>test-before-invest<\/em>, apoyo a la redacci&oacute;n de peticiones de ofertas, apoyo a la instalaci&oacute;n y puesta en marcha o evaluaci&oacute;n de entornos cloud con tecnolog&iacute;as cu&aacute;nticas, etc.<\/p>\n<hr \/>\n<h4 class=\"\">Solicitud del servicio<\/h4>\n<p>Se deber&aacute; contactar con <a href=\"mailto:<span rel=\"89312c30b7311d31a1311d31a331263196312c30a2312731b6311e31a531373184311d31c231223188311131cb31\" class=\"cryptex \" style=\"\"><span class=\"CryptexImg ctxUmS_AE9OEY4ve_CZlyJiSSMryAc2drdxmxr4JPLab14\"><\/span><\/span>\"><span rel=\"89312c30b7311d31a1311d31a331263196312c30a2312731b6311e31a531373184311d31c231223188311131cb31\" class=\"cryptex \" style=\"\"><span class=\"CryptexImg ctxUmS_AE9OEY4ve_CZlyJiSSMryAc2drdxmxr4JPLab14\"><\/span><\/span><\/a>, con copia a <a href=\"mailto:<span rel=\"89312c30a2311e316c312b319a31143192311931a9312f31a53118317c313e31b431153180311a31cd31\" class=\"cryptex \" style=\"\"><span class=\"CryptexImg ctxbky72IoN3kgckJV-tRrUlnoan50zPRl3rWtDdhQhoUw\"><\/span><\/span>\"><span rel=\"89312c30a2311e316c312b319a31143192311931a9312f31a53118317c313e31b431153180311a31cd31\" class=\"cryptex \" style=\"\"><span class=\"CryptexImg ctxbky72IoN3kgckJV-tRrUlnoan50zPRl3rWtDdhQhoUw\"><\/span><\/span><\/a>, quienes ofrecer&aacute;n m&aacute;s informaci&oacute;n completamente confidencial y sin ning&uacute;n compromiso previo.<\/p>\n<div class=\"pdfprnt-buttons pdfprnt-buttons-product pdfprnt-bottom-left\"><a href=\"https:\/\/www.upm.es\/recursosidi\/wp-json\/wp\/v2\/product\/12509?print=pdf\" class=\"pdfprnt-button pdfprnt-button-pdf\" target=\"_blank\"><span class=\"pdfprnt-button-title pdfprnt-button-pdf-title\">Descargar ficha<\/span><\/a><\/div>","protected":false},"excerpt":{"rendered":"<p>Servicio de computaci\u00f3n en la nube conectado en red cu\u00e1ntica con sistemas de comunicaciones cu\u00e1nticas tipo QKD y QRNG y servicios tipo quantum-como-servicio.<\/p>\n","protected":false},"featured_media":12508,"template":"","meta":{"_acf_changed":false},"product_cat":[2395],"product_tag":[2690,11877,11811,11879,11815,11813],"comunidades-upm":[],"quien":[],"mapa":[{"term_id":130,"name":"Seguridad, defensa y resiliencia","slug":"seguridad-defensa-resiliencia","term_group":0,"term_taxonomy_id":130,"taxonomy":"mapa","description":"","parent":0,"count":26,"filter":"raw","term_order":"20"},{"term_id":126,"name":"Tecnolog\u00edas digitales, Inteligencia Artificial, ciberseguridad, 5G, rob\u00f3tica","slug":"tecnologias_digitales-ai-ciberseguridad-5g-robotica","term_group":0,"term_taxonomy_id":126,"taxonomy":"mapa","description":"","parent":0,"count":194,"filter":"raw","term_order":"23"}],"disponibilidad":[{"term_id":205,"name":"Consultar disponibilidad","slug":"consultar","term_group":0,"term_taxonomy_id":205,"taxonomy":"disponibilidad","description":"","parent":0,"count":290,"filter":"raw","term_order":"0"}],"donde":[{"term_id":618,"name":"Centro de Investigaci\u00f3n en Simulaci\u00f3n Computacional (CCS)","slug":"centro-de-investigacion-en-simulacion-computacional-ccs","term_group":0,"term_taxonomy_id":618,"taxonomy":"donde","description":"","parent":0,"count":27,"filter":"raw","term_order":"0"},{"term_id":516,"name":"Grupo de investigaci\u00f3n en Informaci\u00f3n y Computaci\u00f3n Cu\u00e1ntica (GIICC)","slug":"grupo-de-investigacion-en-informacion-y-computacion-cuantica-giicc","term_group":0,"term_taxonomy_id":516,"taxonomy":"donde","description":"El grupo es experto en la distribuci&oacute;n cu&aacute;ntica de claves (QKD). En particular, en la integraci&oacute;n de sistemas QKD en redes &oacute;pticas comerciales, as&iacute; como en el post-procesado o destilaci&oacute;n de clave secreta en QKD. Y participa en el proceso de estandarizaci&oacute;n de la QKD llevado a cabo por el Instituto Europeo de Est&aacute;ndares de Telecomunicaci&oacute;n (ETSI).\n&nbsp;\nEl grupo tambi&eacute;n es experto en t&eacute;cnicas de computaci&oacute;n de alto rendimiento, en especial aquellas aplicadas a procesos f&iacute;sicos y su an&aacute;lisis a trav&eacute;s de t&eacute;cnicas de visualizaci&oacute;n.\n&nbsp;\nLlevamos a cabo nuestro trabajo en base a las siguientes l&iacute;neas de investigaci&oacute;n:\n\nSimulaci&oacute;n de Sistemas Cu&aacute;nticos Mesosc&oacute;picos\nInformaci&oacute;n y Computaci&oacute;n Cu&aacute;nticas\nComputaci&oacute;n de alto rendimiento\n","parent":0,"count":9,"filter":"raw","term_order":"0"}],"infraestructura":[],"ods":[{"term_id":2247,"name":"Industria, Innovaci\u00f3n e Infraestructura","slug":"industria-innovacion-e-infraestructura","term_group":0,"term_taxonomy_id":2247,"taxonomy":"ods","description":"","parent":0,"count":171,"filter":"raw","term_order":"0"}],"origen":[{"term_id":196,"name":"Infraestructuras, Instalaci\u00f3n, Equipo","slug":"infraestructuras","term_group":0,"term_taxonomy_id":196,"taxonomy":"origen","description":"","parent":0,"count":180,"filter":"raw","term_order":"0"}],"familia_tax":false,"quien_tax":false,"donde_tax":false,"year":"2026-01-01","contacto":"Laboratorio Cu\u00e1ntica, GIICC, S02 Edificio Cedint, Campus de Montegancedo, UPM 28223 Pozuelo de Alarc\u00f3n, Madrid","telefono":"910673130","pagina_web":"","email":"vicente.martin@upm.es","id_ficha_portal":"563","video":"","adjuntos":false,"adjuntos_portal":"","inf":false,"departamento":"","acf":[],"lang":"es","translation":{"es":12509,"en":12511},"_links":{"self":[{"href":"https:\/\/www.upm.es\/recursosidi\/wp-json\/wp\/v2\/product\/12509"}],"collection":[{"href":"https:\/\/www.upm.es\/recursosidi\/wp-json\/wp\/v2\/product"}],"about":[{"href":"https:\/\/www.upm.es\/recursosidi\/wp-json\/wp\/v2\/types\/product"}],"wp:featuredmedia":[{"embeddable":true,"href":"https:\/\/www.upm.es\/recursosidi\/wp-json\/wp\/v2\/media\/12508"}],"wp:attachment":[{"href":"https:\/\/www.upm.es\/recursosidi\/wp-json\/wp\/v2\/media?parent=12509"}],"wp:term":[{"taxonomy":"product_cat","embeddable":true,"href":"https:\/\/www.upm.es\/recursosidi\/wp-json\/wp\/v2\/product_cat?post=12509"},{"taxonomy":"product_tag","embeddable":true,"href":"https:\/\/www.upm.es\/recursosidi\/wp-json\/wp\/v2\/product_tag?post=12509"},{"taxonomy":"comunidad_upm","embeddable":true,"href":"https:\/\/www.upm.es\/recursosidi\/wp-json\/wp\/v2\/comunidades-upm?post=12509"},{"taxonomy":"quien","embeddable":true,"href":"https:\/\/www.upm.es\/recursosidi\/wp-json\/wp\/v2\/quien?post=12509"},{"taxonomy":"mapa","embeddable":true,"href":"https:\/\/www.upm.es\/recursosidi\/wp-json\/wp\/v2\/mapa?post=12509"},{"taxonomy":"disponibilidad","embeddable":true,"href":"https:\/\/www.upm.es\/recursosidi\/wp-json\/wp\/v2\/disponibilidad?post=12509"},{"taxonomy":"donde","embeddable":true,"href":"https:\/\/www.upm.es\/recursosidi\/wp-json\/wp\/v2\/donde?post=12509"},{"taxonomy":"infraestructura","embeddable":true,"href":"https:\/\/www.upm.es\/recursosidi\/wp-json\/wp\/v2\/infraestructura?post=12509"},{"taxonomy":"ods","embeddable":true,"href":"https:\/\/www.upm.es\/recursosidi\/wp-json\/wp\/v2\/ods?post=12509"},{"taxonomy":"origen","embeddable":true,"href":"https:\/\/www.upm.es\/recursosidi\/wp-json\/wp\/v2\/origen?post=12509"}],"curies":[{"name":"wp","href":"https:\/\/api.w.org\/{rel}","templated":true}]}}