{"id":6686,"date":"2021-04-05T13:25:18","date_gmt":"2021-04-05T11:25:18","guid":{"rendered":"https:\/\/www.upm.es\/recursosidi\/offers-resources\/sin categor\u00eda\/conduccion-autonoma-conectada-y-o-teleguiada\/"},"modified":"2021-04-05T13:25:18","modified_gmt":"2021-04-05T11:25:18","slug":"conduccion-autonoma-conectada-y-o-teleguiada","status":"publish","type":"product","link":"https:\/\/www.upm.es\/recursosidi\/offers-resources\/servicios-cientifico-tecnologico\/servicios-servicios-cientifico-tecnologico\/conduccion-autonoma-conectada-y-o-teleguiada\/","title":{"rendered":"Conducci\u00f3n aut\u00f3noma, conectada y\/o teleguiada"},"content":{"rendered":"<h4>Descripci&oacute;n de los servicios que se ofrecen<\/h4>\n<p>Se dispone de soluciones para cubrir todas las capas necesarias para la circulaci&oacute;n aut&oacute;noma de veh&iacute;culos, incluyendo el posicionamiento de veh&iacute;culos, la percepci&oacute;n del entorno mediante sensores LiDAR y visi&oacute;n artificial, algoritmos de toda de decisiones basados en diferentes herramientas incluyendo Inteligencia Artificial, y dispositivos no intrusivos para la automatizaci&oacute;n de los mandos. Esta automatizaci&oacute;n es aplicable a todo tipo de veh&iacute;culos de carretera (autom&oacute;viles, camiones, autobuses) o todoterreno. De igual forma, se pueden orientar a aplicaciones de transporte o espec&iacute;ficas de &aacute;mbitos como el militar, obras p&uacute;blicas, etc.<\/p>\n<p>Se ofrecen desarrollos a medida para la automatizaci&oacute;n de veh&iacute;culos en cualquiera de las capas de percepci&oacute;n, decisi&oacute;n o actuaci&oacute;n, con posibilidad de aportar una soluci&oacute;n integral o bien parcial con interfaces con el resto de capas en el formato m&aacute;s conveniente en cada caso.<\/p>\n<p>En el caso de sistemas de percepci&oacute;n, se analiza la configuraci&oacute;n m&aacute;s id&oacute;nea para la detecci&oacute;n de los elementos u obst&aacute;culos de inter&eacute;s de forma robusta y obtener una representaci&oacute;n completa del entorno.<\/p>\n<p>En cuanto a la capa de toma de decisiones, se pueden plantear diferentes soluciones de funcionamiento desde seguimiento de rutas, repetici&oacute;n de operaciones, seguimiento de elementos de referencia, evitaci&oacute;n de obst&aacute;culos, teleguiado o guiado mixto, etc.<\/p>\n<p>Se dispone de soluciones para la actuaci&oacute;n sobre mandos no intrusivas que permiten la transici&oacute;n autom&aacute;tico &ndash; manual de forma remota en cualquier instante y que no dificultan que sea operado de forma manual el veh&iacute;culo por un conductor. Estas soluciones se adaptan a cada veh&iacute;culo concreto.<\/p>\n<p>Se cuenta con la capacidad de desarrollar o integrar puestos de telecomando para accionar los mandos del veh&iacute;culo de forma remota y proporcionar al operador la informaci&oacute;n que se estime oportuna.<\/p>\n<p>Por &uacute;ltimo, la tecnolog&iacute;a propia de comunicaciones V2X permite la integraci&oacute;n de aplicaciones de veh&iacute;culo conectado con otros veh&iacute;culos y\/o la infraestructura para lograr mayores niveles de automatizaci&oacute;n.<\/p>\n<hr \/>\n<h4>Necesidades demandadas y aplicaciones<\/h4>\n<p>Adaptaci&oacute;n de veh&iacute;culos para su circulaci&oacute;n de forma aut&oacute;noma o teleguiada desde un puesto de control u otro veh&iacute;culo para operaciones concretas de manera segura. Las aplicaciones recogen el transporte por carretera de viajeros y mercanc&iacute;as, labores de veh&iacute;culos de obras p&uacute;blicas o misiones militares de vigilancia o supervisi&oacute;n e incursi&oacute;n en &aacute;reas de riesgo.<\/p>\n<hr \/>\n<h4>Sector o &aacute;rea de aplicaci&oacute;n<\/h4>\n<ul>\n<li>\n<p>Transporte por carretera (viajeros y mercanc&iacute;as).<\/p>\n<\/li>\n<li>\n<p>Obras p&uacute;blicas<\/p>\n<\/li>\n<li>\n<p>Sector militar<\/p>\n<\/li>\n<li>\n<p>Agricultura<\/p>\n<\/li>\n<\/ul>\n<hr \/>\n<h4>Competencias diferenciales<\/h4>\n<p>Se ofrecen proyectos completos de automatizaci&oacute;n hasta el nivel requerido por el cliente y con interfaces abiertas para comunicaci&oacute;n con otras capas que queden al margen de la solicitud y con las que deben interactuar. De igual forma, se adaptan los dise&ntilde;os a cada veh&iacute;culo y aplicaci&oacute;n concreta para lograr la mayor efectividad en la tarea a realizar. Al cubrir todas las capas del proceso de automatizaci&oacute;n (percepci&oacute;n, decisi&oacute;n y actuaci&oacute;n), se pueden buscar las soluciones &oacute;ptimas. Tambi&eacute;n se ofrece la posibilidad de incluir conectividad en el veh&iacute;culo para aumentar sus capacidades aut&oacute;nomas. Por &uacute;ltimo, la versatilidad de las soluciones disponibles permite abordar desarrollos para muy diferentes &aacute;mbitos y sectores, extendi&eacute;ndose a entornos de carretera o todoterreno.<\/p>\n<hr \/>\n<h4>Referencias previas de prestaci&oacute;n<\/h4>\n<p>Automatizaci&oacute;n de un turismo<\/p>\n<ul>\n<li>\n<p>Proyecto: &ldquo;Guiado y control visual de turismo prototipo: Veh&iacute;culo Instrumentado para Conducci&oacute;n Aut&oacute;noma&rdquo;<\/p>\n<\/li>\n<li>\n<p>Empresas involucradas: Siemens<\/p>\n<\/li>\n<\/ul>\n<p>Automatizaci&oacute;n de cami&oacute;n<\/p>\n<ul>\n<li>\n<p>Proyecto: &ldquo;Veh&iacute;culo industrial instrumentado para conducci&oacute;n aut&oacute;noma&rdquo;<\/p>\n<\/li>\n<li>\n<p>Empresas involucradas: Siemens<\/p>\n<\/li>\n<\/ul>\n<p>Automatizaci&oacute;n de un turismo<\/p>\n<ul>\n<li>\n<p>Proyecto: &ldquo;Automatizaci&oacute;n de direcci&oacute;n y velocidad de veh&iacute;culo autom&oacute;vil Mitsubishi iMiev e implementaci&oacute;n de capa de control de bajo nivel&rdquo;<\/p>\n<\/li>\n<li>\n<p>Empresas involucradas: XESOL I+D+i, S.L.<\/p>\n<\/li>\n<\/ul>\n<p>Automatizaci&oacute;n de un turismo<\/p>\n<ul>\n<li>\n<p>Proyecto: &ldquo;Automatizaci&oacute;n de direcci&oacute;n y velocidad de veh&iacute;culo autom&oacute;vil Citroen C3 Pluriel e implementaci&oacute;n de capa de control de bajo nivel&rdquo;<\/p>\n<\/li>\n<li>\n<p>Empresas involucradas: XESOL I+D+i, S.L.<\/p>\n<\/li>\n<\/ul>\n<p>Automatizaci&oacute;n de veh&iacute;culo militar<\/p>\n<ul>\n<li>\n<p>Proyecto: &ldquo;Drive-By-Wire para el teleguiado de veh&iacute;culos convencionales en misi&oacute;n de prospecci&oacute;n anticipada del terreno y conducci&oacute;n preprogramada a trav&eacute;s de waypoints. REMOTE-DRIVE&rdquo;<\/p>\n<\/li>\n<li>\n<p>Financiaci&oacute;n: Ministerio de Defensa (2015\/SP03390102\/00000035-10032\/15\/0029\/00)<\/p>\n<\/li>\n<\/ul>\n<p>Automatizaci&oacute;n de autob&uacute;s urbano<\/p>\n<ul>\n<li>\n<p>Proyecto: &ldquo;Guiado Automatizado para Sistema de transporte dual. AUTOMOST&rdquo;<\/p>\n<\/li>\n<li>\n<p>Financiaci&oacute;n: CDTI<\/p>\n<\/li>\n<li>\n<p>Empresas involucradas: Corporaci&oacute;n Espa&ntilde;ola de Transporte, Grupo AVANZA, IRIZAR<\/p>\n<\/li>\n<\/ul>\n<p>Automatizaci&oacute;n de cami&oacute;n de obras p&uacute;blicas para el trabajo de desescombro de material en excavaci&oacute;n de t&uacute;neles.<\/p>\n<ul>\n<li>\n<p>Proyecto: &ldquo;Tunnel Autonomous Driving. TUNNELAD&rdquo;<\/p>\n<\/li>\n<li>\n<p>Financiaci&oacute;n: Ministerio de Ciencia, Innovaci&oacute;n y Universidades. Retos Colaboraci&oacute;n (RTC-2017-6382-4)<\/p>\n<\/li>\n<li>\n<p>Empresas involucradas: SACYR Construcci&oacute;n, CAVOSA<\/p>\n<\/li>\n<\/ul>\n<p>Automatizaci&oacute;n de veh&iacute;culos de manipulaci&oacute;n de carga en puertos<\/p>\n<ul>\n<li>\n<p>Proyecto: &ldquo;Desarrollo de tecnolog&iacute;as i4.0 para la digitalizaci&oacute;n de los puertos espa&ntilde;oles por medio de la log&iacute;stica altamente automatizada (Smart Digital Ports). ESTIBA+2022&rdquo;<\/p>\n<\/li>\n<li>\n<p>Financiaci&oacute;n: CDTI<\/p>\n<\/li>\n<li>\n<p>Empresas involucradas: Berg&eacute; Mar&iacute;tima, Celsa<\/p>\n<\/li>\n<\/ul>\n<p>Automatizaci&oacute;n de minibuses urbanos<\/p>\n<ul>\n<li>\n<p>Proyecto: &ldquo;AUTO-BUS: Operaci&oacute;n Aut&oacute;noma de Autobuses Urbanos dentro de un dep&oacute;sito para Repostaje, Lavado, Taller y Parking.<\/p>\n<\/li>\n<li>\n<p>Financiaci&oacute;n: CDTI<\/p>\n<\/li>\n<li>\n<p>Empresas involucradas: Empresa Municipal de Transportes de Madrid<\/p>\n<\/li>\n<\/ul>\n<hr \/>\n<h4>Descripci&oacute;n del equipamiento<\/h4>\n<p>El equipamiento empleado en las automatizaciones var&iacute;a en funci&oacute;n de la aplicaci&oacute;n concreta pero se suele componer de los siguientes:<\/p>\n<ul>\n<li>\n<p>Actuadores el&eacute;ctricos para el control de mandos del veh&iacute;culo<\/p>\n<\/li>\n<li>\n<p>Desarrollos electr&oacute;nicos a medida para control de actuadores (capacidad de dise&ntilde;o y desarrollo de placas electr&oacute;nicas)<\/p>\n<\/li>\n<li>\n<p>Desarrollos mec&aacute;nicos para conformar utillajes y actuadores para la automatizaci&oacute;n (capacidad de dise&ntilde;o y desarrollo de conjuntos mec&aacute;nicos)<\/p>\n<\/li>\n<li>\n<p>Sensores de percepci&oacute;n (principalmente LiDAR) y desarrollo de algoritmos de detecci&oacute;n de obst&aacute;culos y reconstrucci&oacute;n del entorno<\/p>\n<\/li>\n<li>\n<p>Programaci&oacute;n del sistema de control en arquitecturas abiertas y modulares (ROS, ROS-2)<\/p>\n<\/li>\n<li>\n<p>M&oacute;dulos de comunicaciones V2X, configurables como RSU (Roadside Unit) u OBU (On-board Unit), empleando tecnolog&iacute;a propia compatibles con ETSI ITS-G5<\/p>\n<\/li>\n<\/ul>\n<div class=\"pdfprnt-buttons pdfprnt-buttons-product pdfprnt-bottom-left\"><a href=\"https:\/\/www.upm.es\/recursosidi\/wp-json\/wp\/v2\/product\/6686?print=pdf\" class=\"pdfprnt-button pdfprnt-button-pdf\" target=\"_blank\"><span class=\"pdfprnt-button-title pdfprnt-button-pdf-title\">Descargar ficha<\/span><\/a><\/div>","protected":false},"excerpt":{"rendered":"<p>I+D en automatizaci\u00f3n de veh\u00edculos de carretera o todoterreno, incluyendo capas de control de mandos, percepci\u00f3n del entorno y toma de decisiones.<\/p>\n","protected":false},"featured_media":6683,"template":"","meta":{"_acf_changed":false},"product_cat":[2395],"product_tag":[2605,3316,3320,3321,3318,3319,2601,3314,3312,3315,3317,3313],"comunidades-upm":[],"quien":[],"mapa":[{"term_id":133,"name":"Clima, Energ\u00eda y Movilidad","slug":"clima-energia-movilidad","term_group":0,"term_taxonomy_id":133,"taxonomy":"mapa","description":"","parent":0,"count":129,"filter":"raw","term_order":"9"}],"disponibilidad":[{"term_id":204,"name":"Disponible","slug":"disponible","term_group":0,"term_taxonomy_id":204,"taxonomy":"disponibilidad","description":"","parent":0,"count":110,"filter":"raw","term_order":"0"}],"donde":[{"term_id":376,"name":"Grupo de Inv. en Seguridad e Impacto Medioambiental de Veh\u00edculos y Transportes (GIVET)","slug":"grupo-de-inv-en-seguridad-e-impacto-medioambiental-de-vehiculos-y-transportes-givet","term_group":0,"term_taxonomy_id":376,"taxonomy":"donde","description":"Podemos resumir nuestras <strong>l\u00edneas de investigaci\u00f3n<\/strong> en:\r\n\r\nSeguridad en el transporte colectivo de personas y en el transporte de mercanc\u00edas.\r\nInvestigaci\u00f3n de accidentes de tr\u00e1fico.\r\nBiomec\u00e1nica del impacto aplicada a la mejora de la seguridad pasiva de los veh\u00edculos\r\nSistemas de asistencia al conductor (ADAS).\r\nEvaluaci\u00f3n y predicci\u00f3n de los impactos del transporte por carretera en la seguridad y medio ambiente. Desarrollo y aplicaci\u00f3n de modelos\r\nSistemas alternativos de propulsi\u00f3n e impacto medioambiental de los veh\u00edculos autom\u00f3viles\r\nMec\u00e1nica computacional aplicada al estudio del comportamiento din\u00e1mico de los veh\u00edculos","parent":0,"count":14,"filter":"raw","term_order":"0"},{"term_id":240,"name":"Instituto Universitario de Investigaci\u00f3n del Autom\u00f3vil (INSIA)","slug":"instituto-universitario-de-investigacion-del-automovil-insia","term_group":0,"term_taxonomy_id":240,"taxonomy":"donde","description":"","parent":0,"count":18,"filter":"raw","term_order":"0"},{"term_id":1464,"name":"University Automotive Research Institute (INSIA)","slug":"en_university-automotive-research-institute-insia","term_group":0,"term_taxonomy_id":1464,"taxonomy":"donde","description":"","parent":0,"count":10,"filter":"raw","term_order":"0"},{"term_id":1600,"name":"Vehicle and Transport Safety and Environmental Impact Research Group (GIVET)","slug":"en_vehicle-and-transport-safety-and-environmental-impact-research-group-givet","term_group":0,"term_taxonomy_id":1600,"taxonomy":"donde","description":"Podemos resumir nuestras <strong>l\u00edneas de investigaci\u00f3n<\/strong> en:\r\n\r\nSeguridad en el transporte colectivo de personas y en el transporte de mercanc\u00edas.\r\nInvestigaci\u00f3n de accidentes de tr\u00e1fico.\r\nBiomec\u00e1nica del impacto aplicada a la mejora de la seguridad pasiva de los veh\u00edculos\r\nSistemas de asistencia al conductor (ADAS).\r\nEvaluaci\u00f3n y predicci\u00f3n de los impactos del transporte por carretera en la seguridad y medio ambiente. Desarrollo y aplicaci\u00f3n de modelos\r\nSistemas alternativos de propulsi\u00f3n e impacto medioambiental de los veh\u00edculos autom\u00f3viles\r\nMec\u00e1nica computacional aplicada al estudio del comportamiento din\u00e1mico de los veh\u00edculos","parent":0,"count":8,"filter":"raw","term_order":"0"}],"infraestructura":[],"ods":[{"term_id":2239,"name":"Ciudades y Comunidades Sostenibles","slug":"ciudades-y-comunidades-sostenibles","term_group":0,"term_taxonomy_id":2239,"taxonomy":"ods","description":"","parent":0,"count":43,"filter":"raw","term_order":"0"}],"origen":[{"term_id":196,"name":"Infraestructuras, Instalaci\u00f3n, Equipo","slug":"infraestructuras","term_group":0,"term_taxonomy_id":196,"taxonomy":"origen","description":"","parent":0,"count":180,"filter":"raw","term_order":"0"}],"familia_tax":false,"quien_tax":false,"donde_tax":false,"year":"2010-01-01","contacto":"INSIA. CAMPUS SUR UPM. CARRETERA DE VALENCIA KM 7","telefono":"676250326","pagina_web":"http:\/\/insia-upm.es\/","email":"felipe.jimenez@upm.es","id_ficha_portal":"251","video":"","adjuntos":false,"adjuntos_portal":"","inf":false,"departamento":"","acf":[],"lang":"es","translation":{"es":6686,"en":6690},"_links":{"self":[{"href":"https:\/\/www.upm.es\/recursosidi\/wp-json\/wp\/v2\/product\/6686"}],"collection":[{"href":"https:\/\/www.upm.es\/recursosidi\/wp-json\/wp\/v2\/product"}],"about":[{"href":"https:\/\/www.upm.es\/recursosidi\/wp-json\/wp\/v2\/types\/product"}],"wp:featuredmedia":[{"embeddable":true,"href":"https:\/\/www.upm.es\/recursosidi\/wp-json\/wp\/v2\/media\/6683"}],"wp:attachment":[{"href":"https:\/\/www.upm.es\/recursosidi\/wp-json\/wp\/v2\/media?parent=6686"}],"wp:term":[{"taxonomy":"product_cat","embeddable":true,"href":"https:\/\/www.upm.es\/recursosidi\/wp-json\/wp\/v2\/product_cat?post=6686"},{"taxonomy":"product_tag","embeddable":true,"href":"https:\/\/www.upm.es\/recursosidi\/wp-json\/wp\/v2\/product_tag?post=6686"},{"taxonomy":"comunidad_upm","embeddable":true,"href":"https:\/\/www.upm.es\/recursosidi\/wp-json\/wp\/v2\/comunidades-upm?post=6686"},{"taxonomy":"quien","embeddable":true,"href":"https:\/\/www.upm.es\/recursosidi\/wp-json\/wp\/v2\/quien?post=6686"},{"taxonomy":"mapa","embeddable":true,"href":"https:\/\/www.upm.es\/recursosidi\/wp-json\/wp\/v2\/mapa?post=6686"},{"taxonomy":"disponibilidad","embeddable":true,"href":"https:\/\/www.upm.es\/recursosidi\/wp-json\/wp\/v2\/disponibilidad?post=6686"},{"taxonomy":"donde","embeddable":true,"href":"https:\/\/www.upm.es\/recursosidi\/wp-json\/wp\/v2\/donde?post=6686"},{"taxonomy":"infraestructura","embeddable":true,"href":"https:\/\/www.upm.es\/recursosidi\/wp-json\/wp\/v2\/infraestructura?post=6686"},{"taxonomy":"ods","embeddable":true,"href":"https:\/\/www.upm.es\/recursosidi\/wp-json\/wp\/v2\/ods?post=6686"},{"taxonomy":"origen","embeddable":true,"href":"https:\/\/www.upm.es\/recursosidi\/wp-json\/wp\/v2\/origen?post=6686"}],"curies":[{"name":"wp","href":"https:\/\/api.w.org\/{rel}","templated":true}]}}