{"id":8201,"date":"2021-11-19T10:16:25","date_gmt":"2021-11-19T09:16:25","guid":{"rendered":"https:\/\/www.upm.es\/recursosidi\/offers-resources\/sin categor\u00eda\/ecreport-ecreport\/"},"modified":"2023-11-28T02:31:11","modified_gmt":"2023-11-28T01:31:11","slug":"ecreport-ecreport","status":"publish","type":"product","link":"https:\/\/www.upm.es\/recursosidi\/offers-resources\/software\/ecreport-ecreport\/","title":{"rendered":"(ecReport) &#8211; ecReport"},"content":{"rendered":"<h4><strong>Descripci\u00f3n del software <\/strong><\/h4>\n<p>1. Descripci\u00f3n:<br \/>\necReport es una aplicaci\u00f3n Web para la generaci\u00f3n y la monitorizaci\u00f3n de los informes de progreso de un proyecto europeo de investigaci\u00f3n.<br \/>\necReport tiene las siguientes funcionalidades:<br \/>\n\u00bf Introducci\u00f3n de los informes de progreso. Estos informes cubren:<br \/>\no Informe de progreso de los paquetes de trabajo.<br \/>\no Informe de los gastos de esfuerzos en cada paquete para cada socio.<br \/>\no Informe de los elementos de diseminaci\u00f3n.<br \/>\n\u00bf Monitorizaci\u00f3n de los informes de progreso.<br \/>\n\u00bf Env\u00edo de mensajes a los socios del inicio del periodo de reporte y notificaci\u00f3n de retrasos.<br \/>\n\u00bf Generaci\u00f3n de los informes en formato legible para MSWord.<\/p>\n<p>2. Lenguaje de programaci\u00f3n:<br \/>\nEl software est\u00e1 desarrollado \u00edntegramente en lenguaje java, en concreto utilizando la versi\u00f3n 5.0 de la plataforma J2SE y la versi\u00f3n 5.0 de la plataforma J2EE.<\/p>\n<p>3. Entorno operativo:<br \/>\nAl estar desarrollado en Java, podr\u00e1 ejecutarse en cualquier sistema que cuente con la m\u00e1quina virtual java en su versi\u00f3n 5.0 o posteriores, aunque solamente ha sido probado sobre los sistemas operativos Windows XP.<br \/>\necReport v1 se ejecuta soportado por varios software:<br \/>\n\u00bf\tPlataforma de Desarrollo de Aplicaciones Web basadas en Ontolog\u00edas. ecReport es una aplicaci\u00f3n construida sobre la plataforma de desarrollo ODESeW v3 desarrollada dentro del mismo grupo de investigaci\u00f3n, OEG de la Universidad Polit\u00e9cnica de Madrid. Se incluye en la distribuci\u00f3n las librer\u00edas de esta plataforma.<br \/>\n\u00bf\tServidor Web. El servidor web en el que ecReport se puede ejecutar es sobre cualquiera que de soporte a la especificaci\u00f3n Servlet 2.4 y JSP 2.1. Se ha utilizado el servidor web Resin 3.1.9. Se incluye en la distribuci\u00f3n este servidor Web. La licencia se incluye en la secci\u00f3n 5.5.<br \/>\n\u00bf\tServicio de Mensajeria JMS 1.1. ecReport utiliza OpenJMS 0.7.6.1 como servicio de mensajer\u00eda JMS 1.1. La licencia se incluye en la secci\u00f3n 5.20.<\/p>\n<h4><strong>Referencia<\/strong><\/h4>\n<p>M-008803\/2009<\/p>\n<div class=\"pdfprnt-buttons pdfprnt-buttons-product pdfprnt-bottom-left\"><a href=\"https:\/\/www.upm.es\/recursosidi\/wp-json\/wp\/v2\/product\/8201?print=pdf\" class=\"pdfprnt-button pdfprnt-button-pdf\" target=\"_blank\"><span class=\"pdfprnt-button-title pdfprnt-button-pdf-title\">Descargar ficha<\/span><\/a><\/div>","protected":false},"excerpt":{"rendered":"<p>Descripci\u00f3n del software 1. Descripci\u00f3n: ecReport es una aplicaci\u00f3n Web para la generaci\u00f3n y la monitorizaci\u00f3n de los informes de progreso de un proyecto europeo&hellip;<\/p>\n","protected":false},"featured_media":0,"template":"","meta":{"_acf_changed":false},"product_cat":[3948],"product_tag":[],"comunidades-upm":[],"quien":[],"mapa":[{"term_id":126,"name":"Tecnolog\u00edas digitales, Inteligencia Artificial, ciberseguridad, 5G, rob\u00f3tica","slug":"tecnologias_digitales-ai-ciberseguridad-5g-robotica","term_group":0,"term_taxonomy_id":126,"taxonomy":"mapa","description":"","parent":0,"count":194,"filter":"raw","term_order":"23"}],"disponibilidad":[],"donde":[{"term_id":664,"name":"Centro de I+D+i en Inteligencia Artificial (AI.nnovation Space)","slug":"centro-de-idi-en-inteligencia-artificial-ai-nnovation-space","term_group":0,"term_taxonomy_id":664,"taxonomy":"donde","description":"","parent":0,"count":44,"filter":"raw","term_order":"0"},{"term_id":526,"name":"Ontology Engineering Group","slug":"ontology-engineering-group","term_group":0,"term_taxonomy_id":526,"taxonomy":"donde","description":"Trabajamos en las siguientes l&iacute;neas:\n&nbsp;\n\n<strong>Ingenier&iacute;a Ontol&oacute;gica.<\/strong> Construimos ontolog&iacute;as en dominios muy diversos, as&iacute; como m&eacute;todos y herramientas para facilitar esta tarea.\n<strong>Web Sem&aacute;ntica y Linked Data<\/strong>. Hemos creado Linked Data para organizaciones como la Biblioteca Nacional de Espa&ntilde;a, Instituto Geogr&aacute;fico Nacional, Ayuntamiento de Zaragoza, etc. Tambi&eacute;n hemos creado un gran n&uacute;mero de aplicaciones basadas en estos datos.\n<strong>Ingenier&iacute;a Ling&uuml;&iacute;stica.<\/strong> Aplicamos t&eacute;cnicas de procesamiento de lenguaje natural para la construcci&oacute;n de ontolog&iacute;as y la anotaci&oacute;n de textos, as&iacute; como el tratamiento de la multilingualidad.\n<strong>Integraci&oacute;n de datos.<\/strong> Creamos herramientas para integrar datos de bases de datos relacionales, hojas de c&aacute;lculo, streams de datos,, etc.\n<strong>e-Ciencia Sem&aacute;ntica.<\/strong> Facilitamos la labor de investigadores de varias disciplinas mediante el uso de tecnolog&iacute;as sem&aacute;nticas.\n","parent":0,"count":45,"filter":"raw","term_order":"0"}],"infraestructura":[],"ods":[],"origen":[{"term_id":184,"name":"Software","slug":"software","term_group":0,"term_taxonomy_id":184,"taxonomy":"origen","description":"","parent":0,"count":133,"filter":"raw","term_order":"0"}],"familia_tax":false,"quien_tax":false,"donde_tax":false,"year":"","contacto":"<strong>Investigadores principales: <\/strong><ul><li>OSCAR CORCHO GARCIA <blockquote><strong>oscar.corcho@upm.es<\/strong><\/blockquote><\/li><li>\u00c1NGEL L\u00d3PEZ CIMA <blockquote><strong><\/strong><\/blockquote><\/li><li>BORIS MARCELO VILLAZ\u00d3N TERRAZAS <blockquote><strong>boris.villazon@upm.es<\/strong><\/blockquote><\/li><li>ASUNCION DE MARIA GOMEZ PEREZ <blockquote><strong>asunciondemaria.gomez@upm.es<\/strong><\/blockquote><\/li><li>ADRIAN SILES RODRIGUEZ <blockquote><strong><\/strong><\/blockquote><\/li><\/ul>","telefono":"","pagina_web":"","email":"","id_ficha_portal":"488","video":"","adjuntos":false,"adjuntos_portal":"","inf":false,"departamento":"","acf":[],"lang":"es","translation":{"es":8201,"en":10773},"_links":{"self":[{"href":"https:\/\/www.upm.es\/recursosidi\/wp-json\/wp\/v2\/product\/8201"}],"collection":[{"href":"https:\/\/www.upm.es\/recursosidi\/wp-json\/wp\/v2\/product"}],"about":[{"href":"https:\/\/www.upm.es\/recursosidi\/wp-json\/wp\/v2\/types\/product"}],"wp:attachment":[{"href":"https:\/\/www.upm.es\/recursosidi\/wp-json\/wp\/v2\/media?parent=8201"}],"wp:term":[{"taxonomy":"product_cat","embeddable":true,"href":"https:\/\/www.upm.es\/recursosidi\/wp-json\/wp\/v2\/product_cat?post=8201"},{"taxonomy":"product_tag","embeddable":true,"href":"https:\/\/www.upm.es\/recursosidi\/wp-json\/wp\/v2\/product_tag?post=8201"},{"taxonomy":"comunidad_upm","embeddable":true,"href":"https:\/\/www.upm.es\/recursosidi\/wp-json\/wp\/v2\/comunidades-upm?post=8201"},{"taxonomy":"quien","embeddable":true,"href":"https:\/\/www.upm.es\/recursosidi\/wp-json\/wp\/v2\/quien?post=8201"},{"taxonomy":"mapa","embeddable":true,"href":"https:\/\/www.upm.es\/recursosidi\/wp-json\/wp\/v2\/mapa?post=8201"},{"taxonomy":"disponibilidad","embeddable":true,"href":"https:\/\/www.upm.es\/recursosidi\/wp-json\/wp\/v2\/disponibilidad?post=8201"},{"taxonomy":"donde","embeddable":true,"href":"https:\/\/www.upm.es\/recursosidi\/wp-json\/wp\/v2\/donde?post=8201"},{"taxonomy":"infraestructura","embeddable":true,"href":"https:\/\/www.upm.es\/recursosidi\/wp-json\/wp\/v2\/infraestructura?post=8201"},{"taxonomy":"ods","embeddable":true,"href":"https:\/\/www.upm.es\/recursosidi\/wp-json\/wp\/v2\/ods?post=8201"},{"taxonomy":"origen","embeddable":true,"href":"https:\/\/www.upm.es\/recursosidi\/wp-json\/wp\/v2\/origen?post=8201"}],"curies":[{"name":"wp","href":"https:\/\/api.w.org\/{rel}","templated":true}]}}