{"id":8206,"date":"2021-11-19T10:16:31","date_gmt":"2021-11-19T09:16:31","guid":{"rendered":"https:\/\/www.upm.es\/recursosidi\/offers-resources\/sin%20categor\u00eda\/iahris-iahris-indices-de-alteracion-hidrologica-en-rios\/"},"modified":"2023-11-28T02:31:14","modified_gmt":"2023-11-28T01:31:14","slug":"iahris-iahris-indices-de-alteracion-hidrologica-en-rios","status":"publish","type":"product","link":"https:\/\/www.upm.es\/recursosidi\/offers-resources\/software\/iahris-iahris-indices-de-alteracion-hidrologica-en-rios\/","title":{"rendered":"(IAHRIS) &#8211; IAHRIS (\u00cdndices de Alteraci\u00f3n Hidrol\u00f3gica en R\u00edos)"},"content":{"rendered":"<h4><strong>Descripci\u00f3n del software <\/strong><\/h4>\n<p>El software realiza un estudio sobre aprovechamientos de los recursos h\u00eddricos en un tramo de una cuenca, teniendo como objetivo la creaci\u00f3n de unos informes que incluir\u00e1n un conjunto de \u00edndices de alteraci\u00f3n hidrol\u00f3gica (IAH), a partir de los datos suministrados por un usuario, que nos indicaran la valoraci\u00f3n del estatus hidrol\u00f3gico y el diagn\u00f3stico ambiental del tramo de la cuenca que se encuentra en estudio.<\/p>\n<h4><strong>Referencia<\/strong><\/h4>\n<p>M-009313\/2010<\/p>\n<div class=\"pdfprnt-buttons pdfprnt-buttons-product pdfprnt-bottom-left\"><a href=\"https:\/\/www.upm.es\/recursosidi\/wp-json\/wp\/v2\/product\/8206?print=pdf\" class=\"pdfprnt-button pdfprnt-button-pdf\" target=\"_blank\"><span class=\"pdfprnt-button-title pdfprnt-button-pdf-title\">Descargar ficha<\/span><\/a><\/div>","protected":false},"excerpt":{"rendered":"<p>Descripci\u00f3n del software El software realiza un estudio sobre aprovechamientos de los recursos h\u00eddricos en un tramo de una cuenca, teniendo como objetivo la creaci\u00f3n&hellip;<\/p>\n","protected":false},"featured_media":0,"template":"","meta":{"_acf_changed":false},"product_cat":[3948],"product_tag":[],"comunidades-upm":[],"quien":[],"mapa":[{"term_id":139,"name":"Agricultura, silvicultura, recursos naturales, usos de la tierra y crecimiento azul","slug":"agricultura-silvicultura-recursos_naturales-usos_tierra-crecimiento_azul","term_group":0,"term_taxonomy_id":139,"taxonomy":"mapa","description":"","parent":0,"count":43,"filter":"raw","term_order":"2"}],"disponibilidad":[],"donde":[{"term_id":496,"name":"Ecolog\u00eda y Gesti\u00f3n Forestal Sostenible","slug":"ecologia-y-gestion-forestal-sostenible","term_group":0,"term_taxonomy_id":496,"taxonomy":"donde","description":"Las l&iacute;neas de investigaci&oacute;n del grupo abarcan un amplio conjunto de disciplinas relacionadas con la ecolog&iacute;a y la gesti&oacute;n forestal sostenible:\n&nbsp;\n\nAdaptaci&oacute;n al cambio global de tallares y dehesas de <em>Quercus<\/em> mediterr&aacute;neos\nConectividad ecol&oacute;gica: an&aacute;lisis y gesti&oacute;n\nControl y restauraci&oacute;n de suelos degradados por procesos h&iacute;dricos\nDin&aacute;mica y gesti&oacute;n de pinares mediterr&aacute;neos\nEcolog&iacute;a del paisaje forestal\nEvaluaci&oacute;n de la biodiversidad para la gesti&oacute;n forestal\nProducci&oacute;n de planta para repoblaci&oacute;n forestal\nRestauraci&oacute;n de ecosistemas fluviales\nSeguimiento y evaluaci&oacute;n de la din&aacute;mica de sistemas ecol&oacute;gicos\n","parent":0,"count":1,"filter":"raw","term_order":"0"}],"infraestructura":[],"ods":[],"origen":[{"term_id":184,"name":"Software","slug":"software","term_group":0,"term_taxonomy_id":184,"taxonomy":"origen","description":"","parent":0,"count":133,"filter":"raw","term_order":"0"}],"familia_tax":false,"quien_tax":false,"donde_tax":false,"year":"","contacto":"<strong>Investigadores principales: <\/strong><ul><li>CAROLINA MARTINEZ SANTA-MARIA <blockquote><strong>carolina.martinez@upm.es<\/strong><\/blockquote><\/li><li>JOSE ANASTASIO FERNANDEZ YUSTE <blockquote><strong>tasio.fyuste@upm.es<\/strong><\/blockquote><\/li><\/ul>","telefono":"","pagina_web":"","email":"","id_ficha_portal":"559","video":"","adjuntos":false,"adjuntos_portal":"","inf":false,"departamento":"","acf":[],"lang":"es","translation":{"es":8206,"en":10775},"_links":{"self":[{"href":"https:\/\/www.upm.es\/recursosidi\/wp-json\/wp\/v2\/product\/8206"}],"collection":[{"href":"https:\/\/www.upm.es\/recursosidi\/wp-json\/wp\/v2\/product"}],"about":[{"href":"https:\/\/www.upm.es\/recursosidi\/wp-json\/wp\/v2\/types\/product"}],"wp:attachment":[{"href":"https:\/\/www.upm.es\/recursosidi\/wp-json\/wp\/v2\/media?parent=8206"}],"wp:term":[{"taxonomy":"product_cat","embeddable":true,"href":"https:\/\/www.upm.es\/recursosidi\/wp-json\/wp\/v2\/product_cat?post=8206"},{"taxonomy":"product_tag","embeddable":true,"href":"https:\/\/www.upm.es\/recursosidi\/wp-json\/wp\/v2\/product_tag?post=8206"},{"taxonomy":"comunidad_upm","embeddable":true,"href":"https:\/\/www.upm.es\/recursosidi\/wp-json\/wp\/v2\/comunidades-upm?post=8206"},{"taxonomy":"quien","embeddable":true,"href":"https:\/\/www.upm.es\/recursosidi\/wp-json\/wp\/v2\/quien?post=8206"},{"taxonomy":"mapa","embeddable":true,"href":"https:\/\/www.upm.es\/recursosidi\/wp-json\/wp\/v2\/mapa?post=8206"},{"taxonomy":"disponibilidad","embeddable":true,"href":"https:\/\/www.upm.es\/recursosidi\/wp-json\/wp\/v2\/disponibilidad?post=8206"},{"taxonomy":"donde","embeddable":true,"href":"https:\/\/www.upm.es\/recursosidi\/wp-json\/wp\/v2\/donde?post=8206"},{"taxonomy":"infraestructura","embeddable":true,"href":"https:\/\/www.upm.es\/recursosidi\/wp-json\/wp\/v2\/infraestructura?post=8206"},{"taxonomy":"ods","embeddable":true,"href":"https:\/\/www.upm.es\/recursosidi\/wp-json\/wp\/v2\/ods?post=8206"},{"taxonomy":"origen","embeddable":true,"href":"https:\/\/www.upm.es\/recursosidi\/wp-json\/wp\/v2\/origen?post=8206"}],"curies":[{"name":"wp","href":"https:\/\/api.w.org\/{rel}","templated":true}]}}